{"id":207,"date":"2019-01-14T14:31:22","date_gmt":"2019-01-14T14:31:22","guid":{"rendered":"https:\/\/theissue.fuelthemes.net\/issue-18\/?page_id=207"},"modified":"2024-03-28T00:06:52","modified_gmt":"2024-03-28T00:06:52","slug":"about","status":"publish","type":"page","link":"https:\/\/dailyai.com\/sv\/about\/","title":{"rendered":"Om"},"content":{"rendered":"<div class=\"dai_pgConfer\">\n<center><\/p>\n<h5>V\u00e4lkommen till <span style=\"color: #f75454;\">DagligaAI<\/span>. Vi \u00e4r h\u00e4r f\u00f6r att f\u00f6renkla v\u00e4rlden av artificiell intelligens och ge insikter som \u00e4r tydliga och engagerande, oavsett om du \u00e4r ny inom AI eller en etablerad expert.<\/h5>\n<p>V\u00e5rt breda inneh\u00e5ll ger en helhetsbild av AI-branschen. Det omfattar nyheter, aktuella fr\u00e5gor, intervjuer, \u00e5sikter, produktrecensioner, snabbbibliotek och mycket mer.<\/p>\n<p>Vi lanserades 2023 och \u00e4r ett initiativ av Intelliquence, ett fram\u00e5tblickande digitalt medief\u00f6retag baserat i London.<\/p>\n<p>V\u00e5rt m\u00e5l? Att f\u00f6rst\u00e5 AI inte \u00e4r en utmaning utan en m\u00f6jlighet f\u00f6r alla.<\/p>\n<p>Vi tror p\u00e5 att avkoda AI:s komplexitet och presentera den p\u00e5 ett l\u00e4ttillg\u00e4ngligt och relaterbart s\u00e4tt f\u00f6r alla.<\/p>\n<p><strong>F\u00f6lj med oss n\u00e4r vi avsl\u00f6jar den dynamiska och st\u00e4ndigt f\u00f6r\u00e4nderliga AI-v\u00e4rlden.<\/strong><br \/>\n<\/center>\n<\/div>","protected":false},"excerpt":{"rendered":"<p>V\u00e4lkommen till DailyAI. Vi \u00e4r h\u00e4r f\u00f6r att f\u00f6renkla v\u00e4rlden av artificiell intelligens och ge insikter som \u00e4r tydliga och engagerande, oavsett om du \u00e4r ny inom AI eller en etablerad expert. V\u00e5rt breda inneh\u00e5ll ger en helhetssyn p\u00e5 AI-branschen. Det omfattar nyheter, aktuella fr\u00e5gor, intervjuer, \u00e5sikter, produktrecensioner, snabbbibliotek och mycket mer. Vi lanserades 2023 och \u00e4r ett initiativ av Intelliquence, ett fram\u00e5tblickande digitalt medief\u00f6retag baserat i London. V\u00e5rt m\u00e5l? Att g\u00f6ra f\u00f6rst\u00e5elsen av AI inte till en utmaning, utan en m\u00f6jlighet f\u00f6r alla. Vi tror p\u00e5 att avkoda komplexiteten i AI och presentera den p\u00e5 ett tillg\u00e4ngligt och relaterbart s\u00e4tt f\u00f6r<\/p>","protected":false},"author":1,"featured_media":0,"parent":0,"menu_order":0,"comment_status":"closed","ping_status":"closed","template":"","meta":{"footnotes":""},"class_list":["post-207","page","type-page","status-publish","hentry"],"yoast_head":"<!-- This site is optimized with the Yoast SEO plugin v27.3 - https:\/\/yoast.com\/product\/yoast-seo-wordpress\/ -->\n<title>About | DailyAI<\/title>\n<meta name=\"robots\" content=\"index, follow, max-snippet:-1, max-image-preview:large, max-video-preview:-1\" \/>\n<link rel=\"canonical\" href=\"https:\/\/dailyai.com\/sv\/about\/\" \/>\n<meta property=\"og:locale\" content=\"sv_SE\" \/>\n<meta property=\"og:type\" content=\"article\" \/>\n<meta property=\"og:title\" content=\"About | DailyAI\" \/>\n<meta property=\"og:description\" content=\"Welcome to DailyAI. We&#8217;re here to simplify the world of Artificial Intelligence, providing insights that are clear and engaging, whether you&#8217;re new to AI or an established expert. Our wide-ranging content provides a holistic view of the AI industry. Spanning news, current affairs, interviews, opinions, product reviews, prompt libraries and much more. Launched in 2023, we&#8217;re an initiative by Intelliquence, a forward-thinking digital media company based in London. Our goal? To make understanding AI not a challenge, but an opportunity for all. We believe in decoding the complexities of AI and presenting it in an accessible and relatable manner for\" \/>\n<meta property=\"og:url\" content=\"https:\/\/dailyai.com\/sv\/about\/\" \/>\n<meta property=\"og:site_name\" content=\"DailyAI\" \/>\n<meta property=\"article:modified_time\" content=\"2024-03-28T00:06:52+00:00\" \/>\n<meta name=\"twitter:card\" content=\"summary_large_image\" \/>\n<meta name=\"twitter:site\" content=\"@DailyAIOfficial\" \/>\n<meta name=\"twitter:label1\" content=\"Ber\u00e4knad l\u00e4stid\" \/>\n\t<meta name=\"twitter:data1\" content=\"1 minut\" \/>\n<script type=\"application\/ld+json\" class=\"yoast-schema-graph\">{\"@context\":\"https:\\\/\\\/schema.org\",\"@graph\":[{\"@type\":[\"WebPage\",\"AboutPage\"],\"@id\":\"https:\\\/\\\/dailyai.com\\\/about\\\/\",\"url\":\"https:\\\/\\\/dailyai.com\\\/about\\\/\",\"name\":\"About | DailyAI\",\"isPartOf\":{\"@id\":\"https:\\\/\\\/dailyai.com\\\/#website\"},\"datePublished\":\"2019-01-14T14:31:22+00:00\",\"dateModified\":\"2024-03-28T00:06:52+00:00\",\"breadcrumb\":{\"@id\":\"https:\\\/\\\/dailyai.com\\\/about\\\/#breadcrumb\"},\"inLanguage\":\"sv-SE\",\"potentialAction\":[{\"@type\":\"ReadAction\",\"target\":[\"https:\\\/\\\/dailyai.com\\\/about\\\/\"]}]},{\"@type\":\"BreadcrumbList\",\"@id\":\"https:\\\/\\\/dailyai.com\\\/about\\\/#breadcrumb\",\"itemListElement\":[{\"@type\":\"ListItem\",\"position\":1,\"name\":\"Home\",\"item\":\"https:\\\/\\\/dailyai.com\\\/\"},{\"@type\":\"ListItem\",\"position\":2,\"name\":\"About\"}]},{\"@type\":\"WebSite\",\"@id\":\"https:\\\/\\\/dailyai.com\\\/#website\",\"url\":\"https:\\\/\\\/dailyai.com\\\/\",\"name\":\"DailyAI\",\"description\":\"Your Daily Dose of AI News\",\"publisher\":{\"@id\":\"https:\\\/\\\/dailyai.com\\\/#organization\"},\"potentialAction\":[{\"@type\":\"SearchAction\",\"target\":{\"@type\":\"EntryPoint\",\"urlTemplate\":\"https:\\\/\\\/dailyai.com\\\/?s={search_term_string}\"},\"query-input\":{\"@type\":\"PropertyValueSpecification\",\"valueRequired\":true,\"valueName\":\"search_term_string\"}}],\"inLanguage\":\"sv-SE\"},{\"@type\":\"Organization\",\"@id\":\"https:\\\/\\\/dailyai.com\\\/#organization\",\"name\":\"DailyAI\",\"url\":\"https:\\\/\\\/dailyai.com\\\/\",\"logo\":{\"@type\":\"ImageObject\",\"inLanguage\":\"sv-SE\",\"@id\":\"https:\\\/\\\/dailyai.com\\\/#\\\/schema\\\/logo\\\/image\\\/\",\"url\":\"https:\\\/\\\/dailyai.com\\\/wp-content\\\/uploads\\\/2023\\\/06\\\/Daily-Ai_TL_colour.png\",\"contentUrl\":\"https:\\\/\\\/dailyai.com\\\/wp-content\\\/uploads\\\/2023\\\/06\\\/Daily-Ai_TL_colour.png\",\"width\":4501,\"height\":934,\"caption\":\"DailyAI\"},\"image\":{\"@id\":\"https:\\\/\\\/dailyai.com\\\/#\\\/schema\\\/logo\\\/image\\\/\"},\"sameAs\":[\"https:\\\/\\\/x.com\\\/DailyAIOfficial\",\"https:\\\/\\\/www.linkedin.com\\\/company\\\/dailyaiofficial\\\/\",\"https:\\\/\\\/www.youtube.com\\\/@DailyAIOfficial\"]}]}<\/script>\n<!-- \/ Yoast SEO plugin. -->","yoast_head_json":{"title":"Om DailyAI","robots":{"index":"index","follow":"follow","max-snippet":"max-snippet:-1","max-image-preview":"max-image-preview:large","max-video-preview":"max-video-preview:-1"},"canonical":"https:\/\/dailyai.com\/sv\/about\/","og_locale":"sv_SE","og_type":"article","og_title":"About | DailyAI","og_description":"Welcome to DailyAI. We&#8217;re here to simplify the world of Artificial Intelligence, providing insights that are clear and engaging, whether you&#8217;re new to AI or an established expert. Our wide-ranging content provides a holistic view of the AI industry. Spanning news, current affairs, interviews, opinions, product reviews, prompt libraries and much more. Launched in 2023, we&#8217;re an initiative by Intelliquence, a forward-thinking digital media company based in London. Our goal? To make understanding AI not a challenge, but an opportunity for all. We believe in decoding the complexities of AI and presenting it in an accessible and relatable manner for","og_url":"https:\/\/dailyai.com\/sv\/about\/","og_site_name":"DailyAI","article_modified_time":"2024-03-28T00:06:52+00:00","twitter_card":"summary_large_image","twitter_site":"@DailyAIOfficial","twitter_misc":{"Ber\u00e4knad l\u00e4stid":"1 minut"},"schema":{"@context":"https:\/\/schema.org","@graph":[{"@type":["WebPage","AboutPage"],"@id":"https:\/\/dailyai.com\/about\/","url":"https:\/\/dailyai.com\/about\/","name":"Om DailyAI","isPartOf":{"@id":"https:\/\/dailyai.com\/#website"},"datePublished":"2019-01-14T14:31:22+00:00","dateModified":"2024-03-28T00:06:52+00:00","breadcrumb":{"@id":"https:\/\/dailyai.com\/about\/#breadcrumb"},"inLanguage":"sv-SE","potentialAction":[{"@type":"ReadAction","target":["https:\/\/dailyai.com\/about\/"]}]},{"@type":"BreadcrumbList","@id":"https:\/\/dailyai.com\/about\/#breadcrumb","itemListElement":[{"@type":"ListItem","position":1,"name":"Home","item":"https:\/\/dailyai.com\/"},{"@type":"ListItem","position":2,"name":"About"}]},{"@type":"WebSite","@id":"https:\/\/dailyai.com\/#website","url":"https:\/\/dailyai.com\/","name":"DagligaAI","description":"Din dagliga dos av AI-nyheter","publisher":{"@id":"https:\/\/dailyai.com\/#organization"},"potentialAction":[{"@type":"SearchAction","target":{"@type":"EntryPoint","urlTemplate":"https:\/\/dailyai.com\/?s={search_term_string}"},"query-input":{"@type":"PropertyValueSpecification","valueRequired":true,"valueName":"search_term_string"}}],"inLanguage":"sv-SE"},{"@type":"Organization","@id":"https:\/\/dailyai.com\/#organization","name":"DagligaAI","url":"https:\/\/dailyai.com\/","logo":{"@type":"ImageObject","inLanguage":"sv-SE","@id":"https:\/\/dailyai.com\/#\/schema\/logo\/image\/","url":"https:\/\/dailyai.com\/wp-content\/uploads\/2023\/06\/Daily-Ai_TL_colour.png","contentUrl":"https:\/\/dailyai.com\/wp-content\/uploads\/2023\/06\/Daily-Ai_TL_colour.png","width":4501,"height":934,"caption":"DailyAI"},"image":{"@id":"https:\/\/dailyai.com\/#\/schema\/logo\/image\/"},"sameAs":["https:\/\/x.com\/DailyAIOfficial","https:\/\/www.linkedin.com\/company\/dailyaiofficial\/","https:\/\/www.youtube.com\/@DailyAIOfficial"]}]}},"_links":{"self":[{"href":"https:\/\/dailyai.com\/sv\/wp-json\/wp\/v2\/pages\/207","targetHints":{"allow":["GET"]}}],"collection":[{"href":"https:\/\/dailyai.com\/sv\/wp-json\/wp\/v2\/pages"}],"about":[{"href":"https:\/\/dailyai.com\/sv\/wp-json\/wp\/v2\/types\/page"}],"author":[{"embeddable":true,"href":"https:\/\/dailyai.com\/sv\/wp-json\/wp\/v2\/users\/1"}],"replies":[{"embeddable":true,"href":"https:\/\/dailyai.com\/sv\/wp-json\/wp\/v2\/comments?post=207"}],"version-history":[{"count":16,"href":"https:\/\/dailyai.com\/sv\/wp-json\/wp\/v2\/pages\/207\/revisions"}],"predecessor-version":[{"id":11055,"href":"https:\/\/dailyai.com\/sv\/wp-json\/wp\/v2\/pages\/207\/revisions\/11055"}],"wp:attachment":[{"href":"https:\/\/dailyai.com\/sv\/wp-json\/wp\/v2\/media?parent=207"}],"curies":[{"name":"wp","href":"https:\/\/api.w.org\/{rel}","templated":true}]}}