{"id":12600,"date":"2024-05-27T21:18:23","date_gmt":"2024-05-27T21:18:23","guid":{"rendered":"https:\/\/dailyai.com\/?page_id=12600"},"modified":"2024-05-27T21:18:23","modified_gmt":"2024-05-27T21:18:23","slug":"careers","status":"publish","type":"page","link":"https:\/\/dailyai.com\/sv\/about\/careers\/","title":{"rendered":"Karri\u00e4r"},"content":{"rendered":"<h2>Karri\u00e4r p\u00e5 DailyAI<\/h2>\n<h3>Bli en del av v\u00e5rt uppdrag att f\u00f6renkla AI<\/h3>\n<p>V\u00e4lkommen till DailyAI, d\u00e4r vi f\u00f6renklar den komplexa v\u00e4rlden av artificiell intelligens. V\u00e5rt uppdrag \u00e4r att ge tydliga och engagerande insikter till alla, fr\u00e5n AI-nyb\u00f6rjare till etablerade experter. Om du brinner f\u00f6r AI och vill g\u00f6ra en verklig skillnad, inbjuder vi dig att utforska v\u00e5ra karri\u00e4rm\u00f6jligheter.<\/p>\n<h3>Varf\u00f6r jobba p\u00e5 DailyAI?<\/h3>\n<p>P\u00e5 DailyAI erbjuder vi en unik plattform f\u00f6r att bidra till den snabbt utvecklande AI-industrin. V\u00e5rt inneh\u00e5ll sp\u00e4nner \u00f6ver nyheter, aktuella fr\u00e5gor, intervjuer, \u00e5sikter, produktrecensioner och snabbbibliotek, vilket ger v\u00e5rt team en helhetsbild av AI-landskapet. H\u00e4r \u00e4r varf\u00f6r du b\u00f6r \u00f6verv\u00e4ga att g\u00e5 med i oss:<\/p>\n<ul>\n<li><strong>Innovativ milj\u00f6<\/strong>: Som ett initiativ av Intelliquence, ett fram\u00e5tblickande digitalt medief\u00f6retag baserat i London, fr\u00e4mjar vi en kultur av innovation och kontinuerligt l\u00e4rande.<\/li>\n<li><strong>Expertteam<\/strong>: Arbeta tillsammans med branschexperter som \u00e4r dedikerade till att avkoda och avmystifiera AI.<\/li>\n<li><strong>Dynamiskt inneh\u00e5ll<\/strong>: Vara en del av ett team som skapar varierat och engagerande inneh\u00e5ll som g\u00f6r AI tillg\u00e4ngligt f\u00f6r alla.<\/li>\n<li><strong>Flexibelt arbete<\/strong>: Vi f\u00f6rst\u00e5r vikten av balans mellan arbete och fritid och erbjuder flexibla arbetsformer f\u00f6r att st\u00f6dja v\u00e5ra medarbetares olika behov och livsstilar.<\/li>\n<\/ul>\n<h3>V\u00e5ra v\u00e4rderingar<\/h3>\n<p>P\u00e5 DailyAI v\u00e4gleder v\u00e5ra v\u00e4rderingar oss i att uppn\u00e5 detta uppdrag och formar v\u00e5r arbetsplatskultur. H\u00e4r \u00e4r n\u00e5gra av v\u00e5ra k\u00e4rnv\u00e4rden:<\/p>\n<ul>\n<li><strong>Integritet:<\/strong> Vi prioriterar sanningsenlighet och noggrannhet i allt v\u00e5rt arbete, vilket s\u00e4kerst\u00e4ller tillf\u00f6rlitligt och trov\u00e4rdigt inneh\u00e5ll. Vi tror p\u00e5 att alltid g\u00f6ra det r\u00e4tta.<\/li>\n<li><strong>R\u00e4ttvisa och opartiskhet:<\/strong> Vi str\u00e4var efter balanserad rapportering, att presentera olika perspektiv och att eliminera f\u00f6rdomar f\u00f6r att uppr\u00e4tth\u00e5lla en objektiv h\u00e5llning.<\/li>\n<li><strong>\u00d6ppenhet och insyn:<\/strong> \u00d6ppenhet och \u00e4rlighet \u00e4r k\u00e4rnan i v\u00e5r verksamhet. Vi anger tydligt v\u00e5ra k\u00e4llor och uppr\u00e4tth\u00e5ller det redaktionella oberoendet.<\/li>\n<li><strong>Ansvarsskyldighet:<\/strong> Vi tar ansvar f\u00f6r v\u00e5rt inneh\u00e5ll och v\u00e5ra handlingar och s\u00f6ker aktivt feedback f\u00f6r att f\u00f6rb\u00e4ttra v\u00e5ra metoder och uppr\u00e4tth\u00e5lla en h\u00f6g standard.<\/li>\n<li><strong>Respekt:<\/strong> Vi fr\u00e4mjar en respektfull och inkluderande arbetsplats d\u00e4r olika synpunkter uppmuntras och varje medarbetare v\u00e4rdes\u00e4tts.<\/li>\n<li><strong>Inkludering och m\u00e5ngfald:<\/strong> Vi hyllar m\u00e5ngfald och str\u00e4var efter lika m\u00f6jligheter f\u00f6r alla, vilket s\u00e4kerst\u00e4ller en v\u00e4lkomnande och st\u00f6djande milj\u00f6.<\/li>\n<\/ul>\n<p>Genom att g\u00e5 med i DailyAI blir du en del av ett team som v\u00e4rdes\u00e4tter integritet, respekt och innovation. Tillsammans g\u00f6r vi f\u00f6rst\u00e5elsen av AI tillg\u00e4nglig f\u00f6r alla.<\/p>\n<p>F\u00f6r mer detaljerad information, v\u00e4nligen se v\u00e5r <a href=\"https:\/\/chatgpt.com\/#\" target=\"_new\" rel=\"noreferrer noopener\">Etisk kod<\/a>.<\/p>\n<h3>Aktuella m\u00f6jligheter<\/h3>\n<p>Vi letar alltid efter beg\u00e5vade personer som delar v\u00e5r passion f\u00f6r AI. V\u00e5ra nuvarande \u00f6ppningar inkluderar:<\/p>\n<ul>\n<li><strong>AI inneh\u00e5llsskribent<\/strong>: Skapa engagerande artiklar, intervjuer och debattinl\u00e4gg om det senaste inom AI.<\/li>\n<\/ul>\n<h3>Hur du ans\u00f6ker<\/h3>\n<p>Om du \u00e4r entusiastisk \u00f6ver m\u00f6jligheten att arbeta med oss, vill vi g\u00e4rna h\u00f6ra fr\u00e5n dig. Skicka ditt CV och ett personligt brev d\u00e4r du beskriver din erfarenhet och varf\u00f6r du vill b\u00f6rja p\u00e5 DailyAI till <a href=\"mailto:contact@dailyai.com\">contact@dailyai.com<\/a>.<\/p>","protected":false},"excerpt":{"rendered":"<p>Karri\u00e4r p\u00e5 DailyAI Bli en del av v\u00e5rt uppdrag att f\u00f6renkla AI V\u00e4lkommen till DailyAI, d\u00e4r vi f\u00f6renklar den komplexa v\u00e4rlden av artificiell intelligens. V\u00e5rt uppdrag \u00e4r att ge tydliga och engagerande insikter till alla, fr\u00e5n AI-nyb\u00f6rjare till etablerade experter. Om du \u00e4r passionerad f\u00f6r AI och vill g\u00f6ra en verklig skillnad, inbjuder vi dig att utforska v\u00e5ra karri\u00e4rm\u00f6jligheter. Varf\u00f6r jobba p\u00e5 DailyAI? P\u00e5 DailyAI erbjuder vi en unik plattform f\u00f6r att bidra till den snabbt utvecklande AI-industrin. V\u00e5rt inneh\u00e5ll sp\u00e4nner \u00f6ver nyheter, aktuella fr\u00e5gor, intervjuer, \u00e5sikter, produktrecensioner och snabbbibliotek, vilket ger v\u00e5rt team en helhetssyn p\u00e5 AI-landskapet. H\u00e4r \u00e4r varf\u00f6r<\/p>","protected":false},"author":1,"featured_media":0,"parent":207,"menu_order":0,"comment_status":"closed","ping_status":"closed","template":"","meta":{"footnotes":""},"class_list":["post-12600","page","type-page","status-publish","hentry"],"yoast_head":"<!-- This site is optimized with the Yoast SEO plugin v27.3 - https:\/\/yoast.com\/product\/yoast-seo-wordpress\/ -->\n<title>Careers | DailyAI<\/title>\n<meta name=\"robots\" content=\"index, follow, max-snippet:-1, max-image-preview:large, max-video-preview:-1\" \/>\n<link rel=\"canonical\" href=\"https:\/\/dailyai.com\/sv\/about\/careers\/\" \/>\n<meta property=\"og:locale\" content=\"sv_SE\" \/>\n<meta property=\"og:type\" content=\"article\" \/>\n<meta property=\"og:title\" content=\"Careers | DailyAI\" \/>\n<meta property=\"og:description\" content=\"Careers at DailyAI Join Our Mission to Simplify AI Welcome to DailyAI, where we simplify the complex world of Artificial Intelligence. Our mission is to provide clear, engaging insights to everyone, from AI novices to established experts. If you&#8217;re passionate about AI and want to make a real impact, we invite you to explore our career opportunities. Why Work at DailyAI? At DailyAI, we offer a unique platform to contribute to the rapidly evolving AI industry. Our content spans news, current affairs, interviews, opinions, product reviews, and prompt libraries, giving our team a holistic view of AI&#8217;s landscape. Here\u2019s why\" \/>\n<meta property=\"og:url\" content=\"https:\/\/dailyai.com\/sv\/about\/careers\/\" \/>\n<meta property=\"og:site_name\" content=\"DailyAI\" \/>\n<meta name=\"twitter:card\" content=\"summary_large_image\" \/>\n<meta name=\"twitter:site\" content=\"@DailyAIOfficial\" \/>\n<meta name=\"twitter:label1\" content=\"Ber\u00e4knad l\u00e4stid\" \/>\n\t<meta name=\"twitter:data1\" content=\"2 minuter\" \/>\n<script type=\"application\/ld+json\" class=\"yoast-schema-graph\">{\"@context\":\"https:\\\/\\\/schema.org\",\"@graph\":[{\"@type\":\"Article\",\"@id\":\"https:\\\/\\\/dailyai.com\\\/about\\\/careers\\\/#article\",\"isPartOf\":{\"@id\":\"https:\\\/\\\/dailyai.com\\\/about\\\/careers\\\/\"},\"author\":{\"name\":\"DailyAI\",\"@id\":\"https:\\\/\\\/dailyai.com\\\/#\\\/schema\\\/person\\\/5238bb16667080993f51f7fba82ad6c6\"},\"headline\":\"Careers\",\"datePublished\":\"2024-05-27T21:18:23+00:00\",\"mainEntityOfPage\":{\"@id\":\"https:\\\/\\\/dailyai.com\\\/about\\\/careers\\\/\"},\"wordCount\":442,\"publisher\":{\"@id\":\"https:\\\/\\\/dailyai.com\\\/#organization\"},\"inLanguage\":\"sv-SE\"},{\"@type\":\"WebPage\",\"@id\":\"https:\\\/\\\/dailyai.com\\\/about\\\/careers\\\/\",\"url\":\"https:\\\/\\\/dailyai.com\\\/about\\\/careers\\\/\",\"name\":\"Careers | DailyAI\",\"isPartOf\":{\"@id\":\"https:\\\/\\\/dailyai.com\\\/#website\"},\"datePublished\":\"2024-05-27T21:18:23+00:00\",\"breadcrumb\":{\"@id\":\"https:\\\/\\\/dailyai.com\\\/about\\\/careers\\\/#breadcrumb\"},\"inLanguage\":\"sv-SE\",\"potentialAction\":[{\"@type\":\"ReadAction\",\"target\":[\"https:\\\/\\\/dailyai.com\\\/about\\\/careers\\\/\"]}]},{\"@type\":\"BreadcrumbList\",\"@id\":\"https:\\\/\\\/dailyai.com\\\/about\\\/careers\\\/#breadcrumb\",\"itemListElement\":[{\"@type\":\"ListItem\",\"position\":1,\"name\":\"Home\",\"item\":\"https:\\\/\\\/dailyai.com\\\/\"},{\"@type\":\"ListItem\",\"position\":2,\"name\":\"About\",\"item\":\"https:\\\/\\\/dailyai.com\\\/about\\\/\"},{\"@type\":\"ListItem\",\"position\":3,\"name\":\"Careers\"}]},{\"@type\":\"WebSite\",\"@id\":\"https:\\\/\\\/dailyai.com\\\/#website\",\"url\":\"https:\\\/\\\/dailyai.com\\\/\",\"name\":\"DailyAI\",\"description\":\"Your Daily Dose of AI News\",\"publisher\":{\"@id\":\"https:\\\/\\\/dailyai.com\\\/#organization\"},\"potentialAction\":[{\"@type\":\"SearchAction\",\"target\":{\"@type\":\"EntryPoint\",\"urlTemplate\":\"https:\\\/\\\/dailyai.com\\\/?s={search_term_string}\"},\"query-input\":{\"@type\":\"PropertyValueSpecification\",\"valueRequired\":true,\"valueName\":\"search_term_string\"}}],\"inLanguage\":\"sv-SE\"},{\"@type\":\"Organization\",\"@id\":\"https:\\\/\\\/dailyai.com\\\/#organization\",\"name\":\"DailyAI\",\"url\":\"https:\\\/\\\/dailyai.com\\\/\",\"logo\":{\"@type\":\"ImageObject\",\"inLanguage\":\"sv-SE\",\"@id\":\"https:\\\/\\\/dailyai.com\\\/#\\\/schema\\\/logo\\\/image\\\/\",\"url\":\"https:\\\/\\\/dailyai.com\\\/wp-content\\\/uploads\\\/2023\\\/06\\\/Daily-Ai_TL_colour.png\",\"contentUrl\":\"https:\\\/\\\/dailyai.com\\\/wp-content\\\/uploads\\\/2023\\\/06\\\/Daily-Ai_TL_colour.png\",\"width\":4501,\"height\":934,\"caption\":\"DailyAI\"},\"image\":{\"@id\":\"https:\\\/\\\/dailyai.com\\\/#\\\/schema\\\/logo\\\/image\\\/\"},\"sameAs\":[\"https:\\\/\\\/x.com\\\/DailyAIOfficial\",\"https:\\\/\\\/www.linkedin.com\\\/company\\\/dailyaiofficial\\\/\",\"https:\\\/\\\/www.youtube.com\\\/@DailyAIOfficial\"]},{\"@type\":\"Person\",\"@id\":\"https:\\\/\\\/dailyai.com\\\/#\\\/schema\\\/person\\\/5238bb16667080993f51f7fba82ad6c6\",\"name\":\"DailyAI\",\"image\":{\"@type\":\"ImageObject\",\"inLanguage\":\"sv-SE\",\"@id\":\"https:\\\/\\\/secure.gravatar.com\\\/avatar\\\/c6af4019f5ca26871821f9d810a73765e1e0ff69f4f973af5fe81683959b2a2c?s=96&d=robohash&r=g\",\"url\":\"https:\\\/\\\/secure.gravatar.com\\\/avatar\\\/c6af4019f5ca26871821f9d810a73765e1e0ff69f4f973af5fe81683959b2a2c?s=96&d=robohash&r=g\",\"contentUrl\":\"https:\\\/\\\/secure.gravatar.com\\\/avatar\\\/c6af4019f5ca26871821f9d810a73765e1e0ff69f4f973af5fe81683959b2a2c?s=96&d=robohash&r=g\",\"caption\":\"DailyAI\"},\"description\":\"Your go-to destination for all things AI. We are dedicated to providing easy to understand and accessible news, updates, reviews, and features on the ever-evolving AI industry. Stay informed as we unravel the latest advancements, breakthroughs, and trends shaping the world of AI.\",\"sameAs\":[\"https:\\\/\\\/dailyai.com\"],\"url\":\"https:\\\/\\\/dailyai.com\\\/sv\\\/author\\\/atech\\\/\"}]}<\/script>\n<!-- \/ Yoast SEO plugin. -->","yoast_head_json":{"title":"Karri\u00e4r | DailyAI","robots":{"index":"index","follow":"follow","max-snippet":"max-snippet:-1","max-image-preview":"max-image-preview:large","max-video-preview":"max-video-preview:-1"},"canonical":"https:\/\/dailyai.com\/sv\/about\/careers\/","og_locale":"sv_SE","og_type":"article","og_title":"Careers | DailyAI","og_description":"Careers at DailyAI Join Our Mission to Simplify AI Welcome to DailyAI, where we simplify the complex world of Artificial Intelligence. Our mission is to provide clear, engaging insights to everyone, from AI novices to established experts. If you&#8217;re passionate about AI and want to make a real impact, we invite you to explore our career opportunities. Why Work at DailyAI? At DailyAI, we offer a unique platform to contribute to the rapidly evolving AI industry. Our content spans news, current affairs, interviews, opinions, product reviews, and prompt libraries, giving our team a holistic view of AI&#8217;s landscape. Here\u2019s why","og_url":"https:\/\/dailyai.com\/sv\/about\/careers\/","og_site_name":"DailyAI","twitter_card":"summary_large_image","twitter_site":"@DailyAIOfficial","twitter_misc":{"Ber\u00e4knad l\u00e4stid":"2 minuter"},"schema":{"@context":"https:\/\/schema.org","@graph":[{"@type":"Article","@id":"https:\/\/dailyai.com\/about\/careers\/#article","isPartOf":{"@id":"https:\/\/dailyai.com\/about\/careers\/"},"author":{"name":"DailyAI","@id":"https:\/\/dailyai.com\/#\/schema\/person\/5238bb16667080993f51f7fba82ad6c6"},"headline":"Careers","datePublished":"2024-05-27T21:18:23+00:00","mainEntityOfPage":{"@id":"https:\/\/dailyai.com\/about\/careers\/"},"wordCount":442,"publisher":{"@id":"https:\/\/dailyai.com\/#organization"},"inLanguage":"sv-SE"},{"@type":"WebPage","@id":"https:\/\/dailyai.com\/about\/careers\/","url":"https:\/\/dailyai.com\/about\/careers\/","name":"Karri\u00e4r | DailyAI","isPartOf":{"@id":"https:\/\/dailyai.com\/#website"},"datePublished":"2024-05-27T21:18:23+00:00","breadcrumb":{"@id":"https:\/\/dailyai.com\/about\/careers\/#breadcrumb"},"inLanguage":"sv-SE","potentialAction":[{"@type":"ReadAction","target":["https:\/\/dailyai.com\/about\/careers\/"]}]},{"@type":"BreadcrumbList","@id":"https:\/\/dailyai.com\/about\/careers\/#breadcrumb","itemListElement":[{"@type":"ListItem","position":1,"name":"Home","item":"https:\/\/dailyai.com\/"},{"@type":"ListItem","position":2,"name":"About","item":"https:\/\/dailyai.com\/about\/"},{"@type":"ListItem","position":3,"name":"Careers"}]},{"@type":"WebSite","@id":"https:\/\/dailyai.com\/#website","url":"https:\/\/dailyai.com\/","name":"DagligaAI","description":"Din dagliga dos av AI-nyheter","publisher":{"@id":"https:\/\/dailyai.com\/#organization"},"potentialAction":[{"@type":"SearchAction","target":{"@type":"EntryPoint","urlTemplate":"https:\/\/dailyai.com\/?s={search_term_string}"},"query-input":{"@type":"PropertyValueSpecification","valueRequired":true,"valueName":"search_term_string"}}],"inLanguage":"sv-SE"},{"@type":"Organization","@id":"https:\/\/dailyai.com\/#organization","name":"DagligaAI","url":"https:\/\/dailyai.com\/","logo":{"@type":"ImageObject","inLanguage":"sv-SE","@id":"https:\/\/dailyai.com\/#\/schema\/logo\/image\/","url":"https:\/\/dailyai.com\/wp-content\/uploads\/2023\/06\/Daily-Ai_TL_colour.png","contentUrl":"https:\/\/dailyai.com\/wp-content\/uploads\/2023\/06\/Daily-Ai_TL_colour.png","width":4501,"height":934,"caption":"DailyAI"},"image":{"@id":"https:\/\/dailyai.com\/#\/schema\/logo\/image\/"},"sameAs":["https:\/\/x.com\/DailyAIOfficial","https:\/\/www.linkedin.com\/company\/dailyaiofficial\/","https:\/\/www.youtube.com\/@DailyAIOfficial"]},{"@type":"Person","@id":"https:\/\/dailyai.com\/#\/schema\/person\/5238bb16667080993f51f7fba82ad6c6","name":"DagligaAI","image":{"@type":"ImageObject","inLanguage":"sv-SE","@id":"https:\/\/secure.gravatar.com\/avatar\/c6af4019f5ca26871821f9d810a73765e1e0ff69f4f973af5fe81683959b2a2c?s=96&d=robohash&r=g","url":"https:\/\/secure.gravatar.com\/avatar\/c6af4019f5ca26871821f9d810a73765e1e0ff69f4f973af5fe81683959b2a2c?s=96&d=robohash&r=g","contentUrl":"https:\/\/secure.gravatar.com\/avatar\/c6af4019f5ca26871821f9d810a73765e1e0ff69f4f973af5fe81683959b2a2c?s=96&d=robohash&r=g","caption":"DailyAI"},"description":"Din destination f\u00f6r allt som har med AI att g\u00f6ra. Vi \u00e4r dedikerade till att tillhandah\u00e5lla l\u00e4ttf\u00f6rst\u00e5eliga och tillg\u00e4ngliga nyheter, uppdateringar, recensioner och funktioner om den st\u00e4ndigt utvecklande AI-industrin. H\u00e5ll dig informerad n\u00e4r vi avsl\u00f6jar de senaste framstegen, genombrotten och trenderna som formar AI-v\u00e4rlden.","sameAs":["https:\/\/dailyai.com"],"url":"https:\/\/dailyai.com\/sv\/author\/atech\/"}]}},"_links":{"self":[{"href":"https:\/\/dailyai.com\/sv\/wp-json\/wp\/v2\/pages\/12600","targetHints":{"allow":["GET"]}}],"collection":[{"href":"https:\/\/dailyai.com\/sv\/wp-json\/wp\/v2\/pages"}],"about":[{"href":"https:\/\/dailyai.com\/sv\/wp-json\/wp\/v2\/types\/page"}],"author":[{"embeddable":true,"href":"https:\/\/dailyai.com\/sv\/wp-json\/wp\/v2\/users\/1"}],"replies":[{"embeddable":true,"href":"https:\/\/dailyai.com\/sv\/wp-json\/wp\/v2\/comments?post=12600"}],"version-history":[{"count":1,"href":"https:\/\/dailyai.com\/sv\/wp-json\/wp\/v2\/pages\/12600\/revisions"}],"predecessor-version":[{"id":12601,"href":"https:\/\/dailyai.com\/sv\/wp-json\/wp\/v2\/pages\/12600\/revisions\/12601"}],"up":[{"embeddable":true,"href":"https:\/\/dailyai.com\/sv\/wp-json\/wp\/v2\/pages\/207"}],"wp:attachment":[{"href":"https:\/\/dailyai.com\/sv\/wp-json\/wp\/v2\/media?parent=12600"}],"curies":[{"name":"wp","href":"https:\/\/api.w.org\/{rel}","templated":true}]}}