{"id":12597,"date":"2024-05-27T21:18:42","date_gmt":"2024-05-27T21:18:42","guid":{"rendered":"https:\/\/dailyai.com\/?page_id=12597"},"modified":"2024-05-27T21:18:42","modified_gmt":"2024-05-27T21:18:42","slug":"code-of-ethics","status":"publish","type":"page","link":"https:\/\/dailyai.com\/sv\/about\/code-of-ethics\/","title":{"rendered":"Etisk kod"},"content":{"rendered":"<p style=\"text-align: left;\"><em><span style=\"font-weight: 400;\">Senast uppdaterad: 27\/05\/2024<\/span><\/em><\/p>\n<p>P\u00e5 DailyAI \u00e4r v\u00e5rt uppdrag att f\u00f6renkla v\u00e4rlden av artificiell intelligens (AI) genom att tillhandah\u00e5lla tydliga och engagerande insikter. Som en nyhetssajt om AI \u00e4r vi fast beslutna att uppr\u00e4tth\u00e5lla de h\u00f6gsta standarderna f\u00f6r integritet, noggrannhet och ansvar. Denna etiska kod beskriver de principer och riktlinjer som styr v\u00e5rt inneh\u00e5llsskapande, redaktionella processer och interaktioner med v\u00e5r publik.<\/p>\n<h3>Grundl\u00e4ggande principer<\/h3>\n<h4>1. <strong>Korrekthet och sanningsenlighet<\/strong><\/h4>\n<ul>\n<li><strong>Faktakontroll:<\/strong> Vi prioriterar noggrannhet i allt v\u00e5rt inneh\u00e5ll. Varje artikel, intervju och recension genomg\u00e5r en rigor\u00f6s faktakontroll f\u00f6r att s\u00e4kerst\u00e4lla att informationen \u00e4r tillf\u00f6rlitlig och sanningsenlig.<\/li>\n<li><strong>R\u00e4ttelser:<\/strong> Om felaktigheter uppt\u00e4cks korrigerar vi dem omedelbart och ger transparenta f\u00f6rklaringar till korrigeringarna.<\/li>\n<\/ul>\n<h4>2. <strong>Opartiskhet och r\u00e4ttvisa<\/strong><\/h4>\n<ul>\n<li><strong>Balanserad rapportering:<\/strong> Vi str\u00e4var efter att ge en balanserad bild av AI-utvecklingen och se till att olika perspektiv representeras p\u00e5 ett r\u00e4ttvist s\u00e4tt.<\/li>\n<li><strong>Undvika partiskhet:<\/strong> Vi arbetar aktivt f\u00f6r att eliminera eventuella f\u00f6rdomar i v\u00e5r rapportering och fokuserar enbart p\u00e5 saklig och opartisk information.<\/li>\n<\/ul>\n<h4>3. <strong>\u00d6ppenhet<\/strong><\/h4>\n<ul>\n<li><strong>K\u00e4llor och referenser:<\/strong> Vi anger tydligt alla k\u00e4llor och referenser som anv\u00e4nds i v\u00e5rt inneh\u00e5ll, vilket ger l\u00e4sarna tillg\u00e5ng till originalinformation.<\/li>\n<li><strong>Redaktionellt oberoende:<\/strong> Vi uppr\u00e4tth\u00e5ller ett redaktionellt oberoende fr\u00e5n v\u00e5rt moderbolag Intelliquence och alla externa influenser, vilket s\u00e4kerst\u00e4ller att v\u00e5rt inneh\u00e5ll f\u00f6rblir objektivt och opartiskt.<\/li>\n<\/ul>\n<h4>4. <strong>Integritet och ansvarighet<\/strong><\/h4>\n<ul>\n<li><strong>Intressekonflikt:<\/strong> Vi redovisar alla potentiella intressekonflikter och s\u00e4kerst\u00e4ller att v\u00e5r rapportering inte p\u00e5verkas av personliga eller ekonomiska \u00f6verv\u00e4ganden.<\/li>\n<li><strong>Ansvarsskyldighet:<\/strong> Vi h\u00e5ller oss sj\u00e4lva ansvariga f\u00f6r v\u00e5rt inneh\u00e5ll och v\u00e5ra handlingar, och vi v\u00e4lkomnar feedback fr\u00e5n v\u00e5ra l\u00e4sare f\u00f6r att f\u00f6rb\u00e4ttra v\u00e5ra metoder.<\/li>\n<\/ul>\n<h4>5. <strong>Respekt och lyh\u00f6rdhet<\/strong><\/h4>\n<ul>\n<li><strong>Respektfull dialog:<\/strong> Vi uppmuntrar till respektfull dialog och olika synpunkter, och skapar en gemenskap d\u00e4r alla r\u00f6ster kan h\u00f6ras.<\/li>\n<li><strong>K\u00e4nslighet f\u00f6r p\u00e5verkan:<\/strong> Vi \u00e4r medvetna om den p\u00e5verkan v\u00e5rt inneh\u00e5ll kan ha p\u00e5 individer, organisationer och samh\u00e4llet, och vi str\u00e4var efter att undvika skada.<\/li>\n<\/ul>\n<h4>6. <strong>Integritet och s\u00e4kerhet<\/strong><\/h4>\n<ul>\n<li><strong>Dataskydd:<\/strong> Vi respekterar v\u00e5ra l\u00e4sares och k\u00e4llors integritet och f\u00f6ljer en strikt dataskyddspolicy f\u00f6r att skydda personuppgifter. F\u00f6r mer information, v\u00e4nligen se v\u00e5r <a href=\"https:\/\/dailyai.com\/privacy-policy\/\">Integritetspolicy<\/a>.<\/li>\n<\/ul>\n<h3>Riktlinjer f\u00f6r inneh\u00e5ll<\/h3>\n<h4>1. <strong>Nyheter och aktuella fr\u00e5gor<\/strong><\/h4>\n<ul>\n<li><strong>Aktuella och relevanta:<\/strong> V\u00e5r nyhetsbevakning \u00e4r aktuell, relevant och baserad p\u00e5 verifierbara fakta.<\/li>\n<li><strong>Helt\u00e4ckande t\u00e4ckning:<\/strong> Vi t\u00e4cker ett brett spektrum av \u00e4mnen inom AI-industrin och ger omfattande insikter i aktuella trender och utveckling.<\/li>\n<\/ul>\n<h4>2. <strong>Intervjuer och \u00e5sikter<\/strong><\/h4>\n<ul>\n<li><strong>Olika perspektiv:<\/strong> Vi har intervjuer med en rad olika experter och intressenter som presenterar ett brett spektrum av \u00e5sikter.<\/li>\n<li><strong>Tydlig distinktion:<\/strong> Vi skiljer tydligt mellan opinionsartiklar och faktarapportering, s\u00e5 att l\u00e4sarna l\u00e4tt kan skilja mellan de tv\u00e5.<\/li>\n<\/ul>\n<h4>3. <strong>Produktrecensioner<\/strong><\/h4>\n<ul>\n<li><strong>Objektiva utv\u00e4rderingar:<\/strong> V\u00e5ra produktrecensioner baseras p\u00e5 grundliga utv\u00e4rderingar och opartiska bed\u00f6mningar.<\/li>\n<li><strong>Avsl\u00f6jande:<\/strong> Vi avsl\u00f6jar eventuella anknytningar eller sponsring i samband med de produkter vi granskar.<\/li>\n<\/ul>\n<h4>4. <strong>Prompt-bibliotek och utbildningsinneh\u00e5ll<\/strong><\/h4>\n<ul>\n<li><strong>Pedagogiskt v\u00e4rde:<\/strong> V\u00e5ra snabbbibliotek och v\u00e5rt utbildningsinneh\u00e5ll \u00e4r utformade f\u00f6r att vara informativa och anv\u00e4ndbara och hj\u00e4lpa l\u00e4sarna att f\u00f6rst\u00e5 och anv\u00e4nda AI-verktyg p\u00e5 ett effektivt s\u00e4tt.<\/li>\n<li><strong>Noggrannhet:<\/strong> Vi s\u00e4kerst\u00e4ller att allt utbildningsmaterial \u00e4r korrekt, uppdaterat och baserat p\u00e5 trov\u00e4rdiga k\u00e4llor.<\/li>\n<\/ul>\n<h3>Samh\u00e4llsengagemang<\/h3>\n<h4>1. <strong>Feedback och interaktion<\/strong><\/h4>\n<ul>\n<li><strong>\u00d6ppna kanaler:<\/strong> Vi har \u00f6ppna kanaler f\u00f6r feedback och uppmuntrar v\u00e5ra l\u00e4sare att dela med sig av sina tankar, funderingar och f\u00f6rslag p\u00e5 olika s\u00e4tt, t.ex. via e-post, sociala medier och kontaktformul\u00e4r.<\/li>\n<li><strong>Responsivt engagemang:<\/strong> Vi svarar p\u00e5 feedback och f\u00f6rfr\u00e5gningar i r\u00e4tt tid och p\u00e5 ett respektfullt s\u00e4tt och fr\u00e4mjar en positiv och interaktiv gemenskap p\u00e5 alla plattformar.<\/li>\n<\/ul>\n<h4>2. <strong>Gemenskapens normer<\/strong><\/h4>\n<ul>\n<li><strong>Respektfull interaktion:<\/strong> Vi till\u00e4mpar samh\u00e4llsstandarder som fr\u00e4mjar respektfull interaktion och f\u00f6rbjuder trakasserier, hatpropaganda och andra skadliga beteenden i alla former av kommunikation, inklusive sociala medier och e-post.<\/li>\n<li><strong>Moderering:<\/strong> Vi modererar aktivt kommentarer, diskussioner och andra interaktiva element f\u00f6r att s\u00e4kerst\u00e4lla en s\u00e4ker och v\u00e4lkomnande milj\u00f6 f\u00f6r alla l\u00e4sare.<\/li>\n<\/ul>\n<h3>Ytterligare \u00e5taganden<\/h3>\n<h4>1. <strong>Inkludering och m\u00e5ngfald<\/strong><\/h4>\n<ul>\n<li><strong>Engagemang f\u00f6r m\u00e5ngfald:<\/strong> Vi \u00e4r fast beslutna att fr\u00e4mja m\u00e5ngfald i v\u00e5rt inneh\u00e5ll och p\u00e5 v\u00e5r arbetsplats. Vi str\u00e4var aktivt efter att representera en m\u00e4ngd olika r\u00f6ster och perspektiv i AI-communityn.<\/li>\n<li><strong>Lika m\u00f6jligheter:<\/strong> Vi s\u00e4kerst\u00e4ller lika m\u00f6jligheter f\u00f6r alla medarbetare och anst\u00e4llda, oavsett k\u00f6n, ras, etnicitet, sexuell l\u00e4ggning eller funktionsneds\u00e4ttning.<\/li>\n<\/ul>\n<h4>2. <strong>Tillg\u00e4nglighet<\/strong><\/h4>\n<ul>\n<li><strong>Tillg\u00e4ngligt inneh\u00e5ll:<\/strong> Vi str\u00e4var efter att g\u00f6ra v\u00e5r webbplats och v\u00e5rt inneh\u00e5ll tillg\u00e4ngligt f\u00f6r alla anv\u00e4ndare, inklusive personer med funktionsneds\u00e4ttning. Detta inneb\u00e4r att vi f\u00f6ljer standarder f\u00f6r webbtillg\u00e4nglighet och tillhandah\u00e5ller alternativa format d\u00e4r s\u00e5 \u00e4r m\u00f6jligt.<\/li>\n<li><strong>Anv\u00e4ndarv\u00e4nlig design:<\/strong> Vi f\u00f6rb\u00e4ttrar kontinuerligt v\u00e5r webbdesign f\u00f6r att s\u00e4kerst\u00e4lla att den \u00e4r anv\u00e4ndarv\u00e4nlig och l\u00e4ttnavigerad f\u00f6r alla.<\/li>\n<\/ul>\n<h4>3. <strong>Regelbunden \u00f6versyn och uppdateringar<\/strong><\/h4>\n<ul>\n<li><strong>Kontinuerlig f\u00f6rb\u00e4ttring:<\/strong> Vi ser regelbundet \u00f6ver och uppdaterar v\u00e5r etiska kod f\u00f6r att \u00e5terspegla nya standarder och b\u00e4sta praxis. Feedback fr\u00e5n v\u00e5ra l\u00e4sare och intressenter \u00e4r en viktig del av denna process.<\/li>\n<li><strong>\u00d6ppenhet i f\u00f6r\u00e4ndringar:<\/strong> Alla v\u00e4sentliga f\u00f6r\u00e4ndringar av den etiska koden kommer att kommuniceras \u00f6ppet till v\u00e5ra l\u00e4sare och bidragsgivare.<\/li>\n<\/ul>\n<h3>Slutsats<\/h3>\n<p>P\u00e5 DailyAI \u00e4r vi fast beslutna att uppr\u00e4tth\u00e5lla dessa etiska standarder i alla v\u00e5ra str\u00e4vanden. Genom att f\u00f6lja denna etiska kod str\u00e4var vi efter att bygga upp och uppr\u00e4tth\u00e5lla v\u00e5ra l\u00e4sares f\u00f6rtroende och ge dem v\u00e4rdefulla och tillf\u00f6rlitliga insikter i AI-v\u00e4rlden. Tillsammans kan vi g\u00f6ra f\u00f6rst\u00e5elsen av AI till en m\u00f6jlighet f\u00f6r alla.<\/p>\n<p>Om du har n\u00e5gra fr\u00e5gor eller funderingar kring denna etiska kod, v\u00e4nligen kontakta oss p\u00e5 <a href=\"mailto:contact@dailyai.com\">contact@dailyai.com<\/a>.<\/p>","protected":false},"excerpt":{"rendered":"<p>Senast uppdaterad: 27\/05\/2024 P\u00e5 DailyAI \u00e4r v\u00e5rt uppdrag att f\u00f6renkla v\u00e4rlden av artificiell intelligens (AI) genom att tillhandah\u00e5lla tydliga och engagerande insikter. Som en nyhetssajt om AI \u00e4r vi fast beslutna att uppr\u00e4tth\u00e5lla de h\u00f6gsta standarderna f\u00f6r integritet, noggrannhet och ansvar. Denna etiska kod beskriver de principer och riktlinjer som styr v\u00e5rt inneh\u00e5llsskapande, redaktionella processer och interaktioner med v\u00e5r publik. Grundl\u00e4ggande principer 1. Korrekthet och sanningsenlighet Faktakontroll: Vi prioriterar noggrannhet i allt v\u00e5rt inneh\u00e5ll. Varje artikel, intervju och granskning genomg\u00e5r rigor\u00f6s faktakontroll f\u00f6r att s\u00e4kerst\u00e4lla att informationen \u00e4r tillf\u00f6rlitlig och sanningsenlig. R\u00e4ttelser: Om fel identifieras korrigerar vi dem omedelbart<\/p>","protected":false},"author":1,"featured_media":0,"parent":207,"menu_order":0,"comment_status":"closed","ping_status":"closed","template":"","meta":{"footnotes":""},"class_list":["post-12597","page","type-page","status-publish","hentry"],"yoast_head":"<!-- This site is optimized with the Yoast SEO plugin v27.3 - https:\/\/yoast.com\/product\/yoast-seo-wordpress\/ -->\n<title>Code of Ethics | DailyAI<\/title>\n<meta name=\"robots\" content=\"index, follow, max-snippet:-1, max-image-preview:large, max-video-preview:-1\" \/>\n<link rel=\"canonical\" href=\"https:\/\/dailyai.com\/sv\/about\/code-of-ethics\/\" \/>\n<meta property=\"og:locale\" content=\"sv_SE\" \/>\n<meta property=\"og:type\" content=\"article\" \/>\n<meta property=\"og:title\" content=\"Code of Ethics | DailyAI\" \/>\n<meta property=\"og:description\" content=\"Last updated: 27\/05\/2024 At DailyAI, our mission is to simplify the world of Artificial Intelligence (AI) by providing clear and engaging insights. As an AI news site, we are committed to maintaining the highest standards of integrity, accuracy, and responsibility. This Code of Ethics outlines the principles and guidelines that govern our content creation, editorial processes, and interactions with our audience. Core Principles 1. Accuracy and Truthfulness Fact-Checking: We prioritize accuracy in all our content. Every article, interview, and review undergoes rigorous fact-checking to ensure the information is reliable and truthful. Corrections: If errors are identified, we promptly correct them\" \/>\n<meta property=\"og:url\" content=\"https:\/\/dailyai.com\/sv\/about\/code-of-ethics\/\" \/>\n<meta property=\"og:site_name\" content=\"DailyAI\" \/>\n<meta name=\"twitter:card\" content=\"summary_large_image\" \/>\n<meta name=\"twitter:site\" content=\"@DailyAIOfficial\" \/>\n<meta name=\"twitter:label1\" content=\"Ber\u00e4knad l\u00e4stid\" \/>\n\t<meta name=\"twitter:data1\" content=\"4 minuter\" \/>\n<script type=\"application\/ld+json\" class=\"yoast-schema-graph\">{\"@context\":\"https:\\\/\\\/schema.org\",\"@graph\":[{\"@type\":\"Article\",\"@id\":\"https:\\\/\\\/dailyai.com\\\/about\\\/code-of-ethics\\\/#article\",\"isPartOf\":{\"@id\":\"https:\\\/\\\/dailyai.com\\\/about\\\/code-of-ethics\\\/\"},\"author\":{\"name\":\"DailyAI\",\"@id\":\"https:\\\/\\\/dailyai.com\\\/#\\\/schema\\\/person\\\/5238bb16667080993f51f7fba82ad6c6\"},\"headline\":\"Code of Ethics\",\"datePublished\":\"2024-05-27T21:18:42+00:00\",\"mainEntityOfPage\":{\"@id\":\"https:\\\/\\\/dailyai.com\\\/about\\\/code-of-ethics\\\/\"},\"wordCount\":810,\"publisher\":{\"@id\":\"https:\\\/\\\/dailyai.com\\\/#organization\"},\"inLanguage\":\"sv-SE\"},{\"@type\":\"WebPage\",\"@id\":\"https:\\\/\\\/dailyai.com\\\/about\\\/code-of-ethics\\\/\",\"url\":\"https:\\\/\\\/dailyai.com\\\/about\\\/code-of-ethics\\\/\",\"name\":\"Code of Ethics | DailyAI\",\"isPartOf\":{\"@id\":\"https:\\\/\\\/dailyai.com\\\/#website\"},\"datePublished\":\"2024-05-27T21:18:42+00:00\",\"breadcrumb\":{\"@id\":\"https:\\\/\\\/dailyai.com\\\/about\\\/code-of-ethics\\\/#breadcrumb\"},\"inLanguage\":\"sv-SE\",\"potentialAction\":[{\"@type\":\"ReadAction\",\"target\":[\"https:\\\/\\\/dailyai.com\\\/about\\\/code-of-ethics\\\/\"]}]},{\"@type\":\"BreadcrumbList\",\"@id\":\"https:\\\/\\\/dailyai.com\\\/about\\\/code-of-ethics\\\/#breadcrumb\",\"itemListElement\":[{\"@type\":\"ListItem\",\"position\":1,\"name\":\"Home\",\"item\":\"https:\\\/\\\/dailyai.com\\\/\"},{\"@type\":\"ListItem\",\"position\":2,\"name\":\"About\",\"item\":\"https:\\\/\\\/dailyai.com\\\/about\\\/\"},{\"@type\":\"ListItem\",\"position\":3,\"name\":\"Code of Ethics\"}]},{\"@type\":\"WebSite\",\"@id\":\"https:\\\/\\\/dailyai.com\\\/#website\",\"url\":\"https:\\\/\\\/dailyai.com\\\/\",\"name\":\"DailyAI\",\"description\":\"Your Daily Dose of AI News\",\"publisher\":{\"@id\":\"https:\\\/\\\/dailyai.com\\\/#organization\"},\"potentialAction\":[{\"@type\":\"SearchAction\",\"target\":{\"@type\":\"EntryPoint\",\"urlTemplate\":\"https:\\\/\\\/dailyai.com\\\/?s={search_term_string}\"},\"query-input\":{\"@type\":\"PropertyValueSpecification\",\"valueRequired\":true,\"valueName\":\"search_term_string\"}}],\"inLanguage\":\"sv-SE\"},{\"@type\":\"Organization\",\"@id\":\"https:\\\/\\\/dailyai.com\\\/#organization\",\"name\":\"DailyAI\",\"url\":\"https:\\\/\\\/dailyai.com\\\/\",\"logo\":{\"@type\":\"ImageObject\",\"inLanguage\":\"sv-SE\",\"@id\":\"https:\\\/\\\/dailyai.com\\\/#\\\/schema\\\/logo\\\/image\\\/\",\"url\":\"https:\\\/\\\/dailyai.com\\\/wp-content\\\/uploads\\\/2023\\\/06\\\/Daily-Ai_TL_colour.png\",\"contentUrl\":\"https:\\\/\\\/dailyai.com\\\/wp-content\\\/uploads\\\/2023\\\/06\\\/Daily-Ai_TL_colour.png\",\"width\":4501,\"height\":934,\"caption\":\"DailyAI\"},\"image\":{\"@id\":\"https:\\\/\\\/dailyai.com\\\/#\\\/schema\\\/logo\\\/image\\\/\"},\"sameAs\":[\"https:\\\/\\\/x.com\\\/DailyAIOfficial\",\"https:\\\/\\\/www.linkedin.com\\\/company\\\/dailyaiofficial\\\/\",\"https:\\\/\\\/www.youtube.com\\\/@DailyAIOfficial\"]},{\"@type\":\"Person\",\"@id\":\"https:\\\/\\\/dailyai.com\\\/#\\\/schema\\\/person\\\/5238bb16667080993f51f7fba82ad6c6\",\"name\":\"DailyAI\",\"image\":{\"@type\":\"ImageObject\",\"inLanguage\":\"sv-SE\",\"@id\":\"https:\\\/\\\/secure.gravatar.com\\\/avatar\\\/c6af4019f5ca26871821f9d810a73765e1e0ff69f4f973af5fe81683959b2a2c?s=96&d=robohash&r=g\",\"url\":\"https:\\\/\\\/secure.gravatar.com\\\/avatar\\\/c6af4019f5ca26871821f9d810a73765e1e0ff69f4f973af5fe81683959b2a2c?s=96&d=robohash&r=g\",\"contentUrl\":\"https:\\\/\\\/secure.gravatar.com\\\/avatar\\\/c6af4019f5ca26871821f9d810a73765e1e0ff69f4f973af5fe81683959b2a2c?s=96&d=robohash&r=g\",\"caption\":\"DailyAI\"},\"description\":\"Your go-to destination for all things AI. We are dedicated to providing easy to understand and accessible news, updates, reviews, and features on the ever-evolving AI industry. Stay informed as we unravel the latest advancements, breakthroughs, and trends shaping the world of AI.\",\"sameAs\":[\"https:\\\/\\\/dailyai.com\"],\"url\":\"https:\\\/\\\/dailyai.com\\\/sv\\\/author\\\/atech\\\/\"}]}<\/script>\n<!-- \/ Yoast SEO plugin. -->","yoast_head_json":{"title":"Etisk kod | DailyAI","robots":{"index":"index","follow":"follow","max-snippet":"max-snippet:-1","max-image-preview":"max-image-preview:large","max-video-preview":"max-video-preview:-1"},"canonical":"https:\/\/dailyai.com\/sv\/about\/code-of-ethics\/","og_locale":"sv_SE","og_type":"article","og_title":"Code of Ethics | DailyAI","og_description":"Last updated: 27\/05\/2024 At DailyAI, our mission is to simplify the world of Artificial Intelligence (AI) by providing clear and engaging insights. As an AI news site, we are committed to maintaining the highest standards of integrity, accuracy, and responsibility. This Code of Ethics outlines the principles and guidelines that govern our content creation, editorial processes, and interactions with our audience. Core Principles 1. Accuracy and Truthfulness Fact-Checking: We prioritize accuracy in all our content. Every article, interview, and review undergoes rigorous fact-checking to ensure the information is reliable and truthful. Corrections: If errors are identified, we promptly correct them","og_url":"https:\/\/dailyai.com\/sv\/about\/code-of-ethics\/","og_site_name":"DailyAI","twitter_card":"summary_large_image","twitter_site":"@DailyAIOfficial","twitter_misc":{"Ber\u00e4knad l\u00e4stid":"4 minuter"},"schema":{"@context":"https:\/\/schema.org","@graph":[{"@type":"Article","@id":"https:\/\/dailyai.com\/about\/code-of-ethics\/#article","isPartOf":{"@id":"https:\/\/dailyai.com\/about\/code-of-ethics\/"},"author":{"name":"DailyAI","@id":"https:\/\/dailyai.com\/#\/schema\/person\/5238bb16667080993f51f7fba82ad6c6"},"headline":"Code of Ethics","datePublished":"2024-05-27T21:18:42+00:00","mainEntityOfPage":{"@id":"https:\/\/dailyai.com\/about\/code-of-ethics\/"},"wordCount":810,"publisher":{"@id":"https:\/\/dailyai.com\/#organization"},"inLanguage":"sv-SE"},{"@type":"WebPage","@id":"https:\/\/dailyai.com\/about\/code-of-ethics\/","url":"https:\/\/dailyai.com\/about\/code-of-ethics\/","name":"Etisk kod | DailyAI","isPartOf":{"@id":"https:\/\/dailyai.com\/#website"},"datePublished":"2024-05-27T21:18:42+00:00","breadcrumb":{"@id":"https:\/\/dailyai.com\/about\/code-of-ethics\/#breadcrumb"},"inLanguage":"sv-SE","potentialAction":[{"@type":"ReadAction","target":["https:\/\/dailyai.com\/about\/code-of-ethics\/"]}]},{"@type":"BreadcrumbList","@id":"https:\/\/dailyai.com\/about\/code-of-ethics\/#breadcrumb","itemListElement":[{"@type":"ListItem","position":1,"name":"Home","item":"https:\/\/dailyai.com\/"},{"@type":"ListItem","position":2,"name":"About","item":"https:\/\/dailyai.com\/about\/"},{"@type":"ListItem","position":3,"name":"Code of Ethics"}]},{"@type":"WebSite","@id":"https:\/\/dailyai.com\/#website","url":"https:\/\/dailyai.com\/","name":"DagligaAI","description":"Din dagliga dos av AI-nyheter","publisher":{"@id":"https:\/\/dailyai.com\/#organization"},"potentialAction":[{"@type":"SearchAction","target":{"@type":"EntryPoint","urlTemplate":"https:\/\/dailyai.com\/?s={search_term_string}"},"query-input":{"@type":"PropertyValueSpecification","valueRequired":true,"valueName":"search_term_string"}}],"inLanguage":"sv-SE"},{"@type":"Organization","@id":"https:\/\/dailyai.com\/#organization","name":"DagligaAI","url":"https:\/\/dailyai.com\/","logo":{"@type":"ImageObject","inLanguage":"sv-SE","@id":"https:\/\/dailyai.com\/#\/schema\/logo\/image\/","url":"https:\/\/dailyai.com\/wp-content\/uploads\/2023\/06\/Daily-Ai_TL_colour.png","contentUrl":"https:\/\/dailyai.com\/wp-content\/uploads\/2023\/06\/Daily-Ai_TL_colour.png","width":4501,"height":934,"caption":"DailyAI"},"image":{"@id":"https:\/\/dailyai.com\/#\/schema\/logo\/image\/"},"sameAs":["https:\/\/x.com\/DailyAIOfficial","https:\/\/www.linkedin.com\/company\/dailyaiofficial\/","https:\/\/www.youtube.com\/@DailyAIOfficial"]},{"@type":"Person","@id":"https:\/\/dailyai.com\/#\/schema\/person\/5238bb16667080993f51f7fba82ad6c6","name":"DagligaAI","image":{"@type":"ImageObject","inLanguage":"sv-SE","@id":"https:\/\/secure.gravatar.com\/avatar\/c6af4019f5ca26871821f9d810a73765e1e0ff69f4f973af5fe81683959b2a2c?s=96&d=robohash&r=g","url":"https:\/\/secure.gravatar.com\/avatar\/c6af4019f5ca26871821f9d810a73765e1e0ff69f4f973af5fe81683959b2a2c?s=96&d=robohash&r=g","contentUrl":"https:\/\/secure.gravatar.com\/avatar\/c6af4019f5ca26871821f9d810a73765e1e0ff69f4f973af5fe81683959b2a2c?s=96&d=robohash&r=g","caption":"DailyAI"},"description":"Din destination f\u00f6r allt som har med AI att g\u00f6ra. Vi \u00e4r dedikerade till att tillhandah\u00e5lla l\u00e4ttf\u00f6rst\u00e5eliga och tillg\u00e4ngliga nyheter, uppdateringar, recensioner och funktioner om den st\u00e4ndigt utvecklande AI-industrin. H\u00e5ll dig informerad n\u00e4r vi avsl\u00f6jar de senaste framstegen, genombrotten och trenderna som formar AI-v\u00e4rlden.","sameAs":["https:\/\/dailyai.com"],"url":"https:\/\/dailyai.com\/sv\/author\/atech\/"}]}},"_links":{"self":[{"href":"https:\/\/dailyai.com\/sv\/wp-json\/wp\/v2\/pages\/12597","targetHints":{"allow":["GET"]}}],"collection":[{"href":"https:\/\/dailyai.com\/sv\/wp-json\/wp\/v2\/pages"}],"about":[{"href":"https:\/\/dailyai.com\/sv\/wp-json\/wp\/v2\/types\/page"}],"author":[{"embeddable":true,"href":"https:\/\/dailyai.com\/sv\/wp-json\/wp\/v2\/users\/1"}],"replies":[{"embeddable":true,"href":"https:\/\/dailyai.com\/sv\/wp-json\/wp\/v2\/comments?post=12597"}],"version-history":[{"count":2,"href":"https:\/\/dailyai.com\/sv\/wp-json\/wp\/v2\/pages\/12597\/revisions"}],"predecessor-version":[{"id":12599,"href":"https:\/\/dailyai.com\/sv\/wp-json\/wp\/v2\/pages\/12597\/revisions\/12599"}],"up":[{"embeddable":true,"href":"https:\/\/dailyai.com\/sv\/wp-json\/wp\/v2\/pages\/207"}],"wp:attachment":[{"href":"https:\/\/dailyai.com\/sv\/wp-json\/wp\/v2\/media?parent=12597"}],"curies":[{"name":"wp","href":"https:\/\/api.w.org\/{rel}","templated":true}]}}