{"id":12465,"date":"2024-05-27T21:18:26","date_gmt":"2024-05-27T21:18:26","guid":{"rendered":"https:\/\/dailyai.com\/?page_id=12465"},"modified":"2024-05-27T21:18:26","modified_gmt":"2024-05-27T21:18:26","slug":"editorial-policy","status":"publish","type":"page","link":"https:\/\/dailyai.com\/sv\/about\/editorial-policy\/","title":{"rendered":"Redaktionell policy"},"content":{"rendered":"<p>Senast uppdaterad: 21\/05\/2024<\/p>\n<p>&nbsp;<\/p>\n<h3 style=\"font-size: 1em;\">DailyAI:s redaktionella policy g\u00e4ller f\u00f6r allt v\u00e5rt inneh\u00e5ll.<\/h2>\n<ol>\n<li style=\"font-weight: 400;\" aria-level=\"1\"><span style=\"font-weight: 400;\">Objektiv rapportering: V\u00e5r nyhetswebbplats har \u00e5tagit sig att tillhandah\u00e5lla objektiv, korrekt och opartisk rapportering om teknik f\u00f6r artificiell intelligens (AI) och dess effekter. Vi str\u00e4var efter att presentera information p\u00e5 ett r\u00e4ttvist och balanserat s\u00e4tt och undvika sensationalism eller partiskhet.<\/span><\/li>\n<li style=\"font-weight: 400;\" aria-level=\"1\"><span style=\"font-weight: 400;\">\u00d6ppenhet och transparens: Vi prioriterar transparens i v\u00e5r rapporteringsprocess. Vi avsl\u00f6jar informationsk\u00e4llor, ger sammanhang f\u00f6r komplexa \u00e4mnen och skiljer tydligt mellan faktarapportering och opinionsartiklar. R\u00e4ttelser och uppdateringar g\u00f6rs omg\u00e5ende n\u00e4r felaktigheter uppt\u00e4cks.<\/span><\/li>\n<li style=\"font-weight: 400;\" aria-level=\"1\"><span style=\"font-weight: 400;\">Etiska \u00f6verv\u00e4ganden: Vi \u00e4r medvetna om de etiska konsekvenserna av AI-teknik och dess potentiella samh\u00e4llseffekter. I v\u00e5r rapportering tar vi h\u00e4nsyn till fr\u00e5gor som dataintegritet, algoritmisk partiskhet, automatisering av jobb och etisk AI-utveckling. Vi str\u00e4var efter att fr\u00e4mja informerade diskussioner om dessa \u00e4mnen samtidigt som vi uppr\u00e4tth\u00e5ller etiska standarder i v\u00e5r egen verksamhet.<\/span><\/li>\n<li style=\"font-weight: 400;\" aria-level=\"1\"><span style=\"font-weight: 400;\">Expertanalys: Vi r\u00e5dg\u00f6r med experter inom artificiell intelligens, inklusive forskare, akademiker, branschfolk och etiker, f\u00f6r att ge informerad analys och insikter i AI-relaterad utveckling. Vi str\u00e4var efter att presentera olika perspektiv och \u00e5sikter f\u00f6r att berika v\u00e5r bevakning.<\/span><\/li>\n<li style=\"font-weight: 400;\" aria-level=\"1\"><span style=\"font-weight: 400;\">Utbildningsinneh\u00e5ll: F\u00f6rutom nyhetsrapportering erbjuder vi utbildningsinneh\u00e5ll f\u00f6r att hj\u00e4lpa v\u00e5r publik att f\u00f6rst\u00e5 AI-koncept, terminologi och applikationer. Detta inkluderar f\u00f6rklarande artiklar, guider och intervjuer med experter f\u00f6r att avmystifiera komplexa \u00e4mnen och fr\u00e4mja digital kompetens.<\/span><\/li>\n<li style=\"font-weight: 400;\" aria-level=\"1\"><span style=\"font-weight: 400;\">Innovation och p\u00e5verkan: Vi lyfter fram innovationer inom forskning, utveckling och implementering av AI inom olika sektorer, bland annat h\u00e4lso- och sjukv\u00e5rd, finans, transport och utbildning. V\u00e5r rapportering fokuserar p\u00e5 de potentiella positiva effekterna av AI-teknik samtidigt som vi erk\u00e4nner och kritiskt granskar potentiella risker och utmaningar.<\/span><\/li>\n<li style=\"font-weight: 400;\" aria-level=\"1\"><span style=\"font-weight: 400;\">Globalt perspektiv: Vi bevakar AI-relaterade nyheter och utvecklingar ur ett globalt perspektiv och tar h\u00e4nsyn till de olika till\u00e4mpningar och konsekvenser som AI-teknik har i olika regioner och kulturer. Vi str\u00e4var efter att undvika kulturella f\u00f6rdomar och se till att v\u00e5r rapportering \u00e4r relevant och tillg\u00e4nglig f\u00f6r en v\u00e4rldsomsp\u00e4nnande publik.<\/span><\/li>\n<li style=\"font-weight: 400;\" aria-level=\"1\"><span style=\"font-weight: 400;\">Samh\u00e4llsengagemang: Vi uppmuntrar till samh\u00e4llsengagemang och dialog om AI-relaterade \u00e4mnen genom kommentarsf\u00e4lt, sociala mediekanaler och interaktiva funktioner. Vi v\u00e4rdes\u00e4tter feedback fr\u00e5n v\u00e5r publik och f\u00f6rs\u00f6ker aktivt inf\u00f6rliva deras perspektiv och farh\u00e5gor i v\u00e5r rapportering.<\/span><\/li>\n<li style=\"font-weight: 400;\" aria-level=\"1\"><span style=\"font-weight: 400;\">Redaktionellt oberoende: V\u00e5r redaktion arbetar sj\u00e4lvst\u00e4ndigt och oberoende, utan otillb\u00f6rlig p\u00e5verkan eller partiskhet fr\u00e5n annons\u00f6rer, sponsorer eller externa intressenter. Vi uppr\u00e4tth\u00e5ller redaktionell kontroll \u00f6ver inneh\u00e5llsbeslut f\u00f6r att s\u00e4kerst\u00e4lla integriteten och trov\u00e4rdigheten i v\u00e5r rapportering.<\/span><\/li>\n<li style=\"font-weight: 400;\" aria-level=\"1\"><span style=\"font-weight: 400;\">Kontinuerlig f\u00f6rb\u00e4ttring: Vi str\u00e4var efter att kontinuerligt f\u00f6rb\u00e4ttra v\u00e5ra redaktionella metoder och standarder. Vi granskar och utv\u00e4rderar regelbundet v\u00e5r t\u00e4ckning, policyer och f\u00f6rfaranden f\u00f6r att uppr\u00e4tth\u00e5lla de h\u00f6gsta standarderna f\u00f6r journalistisk integritet och professionalism i v\u00e5r rapportering om artificiell intelligens.<\/span><\/li>\n<\/ol>\n<p><span style=\"font-weight: 400;\">Genom att f\u00f6lja dessa redaktionella policyer str\u00e4var vi efter att f\u00f6rse v\u00e5r publik med tillf\u00f6rlitlig, insiktsfull och tankev\u00e4ckande t\u00e4ckning av artificiell intelligens som informerar, utbildar och ger individer m\u00f6jlighet att navigera i komplexiteten i detta snabbt utvecklande omr\u00e5de.<\/span><\/p>\n<p><b>Hur kan jag kontakta redaktionen?<\/b><\/p>\n<p><span style=\"font-weight: 400;\">Om du har ytterligare fr\u00e5gor om v\u00e5r redaktionella process, eller om du har n\u00e5gon annan fr\u00e5ga till teamet, v\u00e4nligen kontakta <\/span><a href=\"\/sv\/contact\/\"><span style=\"font-weight: 400;\">Kontakta oss<\/span><\/a><span style=\"font-weight: 400;\"> s\u00e5 \u00e5terkommer vi till dig s\u00e5 snart som m\u00f6jligt.<\/span><\/p>\n<p>&nbsp;<\/p>","protected":false},"excerpt":{"rendered":"<p>Senast uppdaterad: 21\/05\/2024 DailyAI:s redaktionella policy g\u00e4ller f\u00f6r allt v\u00e5rt inneh\u00e5ll. Objektiv rapportering: V\u00e5r nyhetswebbplats har \u00e5tagit sig att tillhandah\u00e5lla objektiv, korrekt och opartisk rapportering om teknik f\u00f6r artificiell intelligens (AI) och dess effekter. Vi str\u00e4var efter att presentera information p\u00e5 ett r\u00e4ttvist och balanserat s\u00e4tt och undvika sensationalism eller partiskhet. \u00d6ppenhet: Vi prioriterar transparens i v\u00e5r rapporteringsprocess. Vi redovisar informationsk\u00e4llor, ger sammanhang f\u00f6r komplexa \u00e4mnen och g\u00f6r tydlig skillnad mellan faktarapportering och opinionsartiklar. R\u00e4ttelser och uppdateringar g\u00f6rs omg\u00e5ende n\u00e4r felaktigheter uppt\u00e4cks. Etiska \u00f6verv\u00e4ganden: Vi \u00e4r medvetna om de etiska konsekvenserna av AI-teknik och<\/p>","protected":false},"author":1,"featured_media":0,"parent":207,"menu_order":0,"comment_status":"closed","ping_status":"closed","template":"","meta":{"footnotes":""},"class_list":["post-12465","page","type-page","status-publish","hentry"],"yoast_head":"<!-- This site is optimized with the Yoast SEO plugin v27.3 - https:\/\/yoast.com\/product\/yoast-seo-wordpress\/ -->\n<title>Editorial Policy | DailyAI<\/title>\n<meta name=\"robots\" content=\"index, follow, max-snippet:-1, max-image-preview:large, max-video-preview:-1\" \/>\n<link rel=\"canonical\" href=\"https:\/\/dailyai.com\/sv\/about\/editorial-policy\/\" \/>\n<meta property=\"og:locale\" content=\"sv_SE\" \/>\n<meta property=\"og:type\" content=\"article\" \/>\n<meta property=\"og:title\" content=\"Editorial Policy | DailyAI\" \/>\n<meta property=\"og:description\" content=\"Last updated: 21\/05\/2024 &nbsp; The Editorial Policy of DailyAI applies to all of our content. Objective Reporting: Our news website is committed to providing objective, accurate, and impartial reporting on artificial intelligence (AI) technologies and their impacts. We strive to present information in a fair and balanced manner, avoiding sensationalism or bias. Transparency: We prioritize transparency in our reporting process. We disclose sources of information, provide context for complex topics, and clearly differentiate between factual reporting and opinion pieces. Corrections and updates are promptly issued when errors are identified. Ethical Considerations: We recognize the ethical implications of AI technologies and\" \/>\n<meta property=\"og:url\" content=\"https:\/\/dailyai.com\/sv\/about\/editorial-policy\/\" \/>\n<meta property=\"og:site_name\" content=\"DailyAI\" \/>\n<meta name=\"twitter:card\" content=\"summary_large_image\" \/>\n<meta name=\"twitter:site\" content=\"@DailyAIOfficial\" \/>\n<meta name=\"twitter:label1\" content=\"Ber\u00e4knad l\u00e4stid\" \/>\n\t<meta name=\"twitter:data1\" content=\"3 minuter\" \/>\n<script type=\"application\/ld+json\" class=\"yoast-schema-graph\">{\"@context\":\"https:\\\/\\\/schema.org\",\"@graph\":[{\"@type\":\"Article\",\"@id\":\"https:\\\/\\\/dailyai.com\\\/about\\\/editorial-policy\\\/#article\",\"isPartOf\":{\"@id\":\"https:\\\/\\\/dailyai.com\\\/about\\\/editorial-policy\\\/\"},\"author\":{\"name\":\"DailyAI\",\"@id\":\"https:\\\/\\\/dailyai.com\\\/#\\\/schema\\\/person\\\/5238bb16667080993f51f7fba82ad6c6\"},\"headline\":\"Editorial Policy\",\"datePublished\":\"2024-05-27T21:18:26+00:00\",\"mainEntityOfPage\":{\"@id\":\"https:\\\/\\\/dailyai.com\\\/about\\\/editorial-policy\\\/\"},\"wordCount\":497,\"publisher\":{\"@id\":\"https:\\\/\\\/dailyai.com\\\/#organization\"},\"inLanguage\":\"sv-SE\"},{\"@type\":\"WebPage\",\"@id\":\"https:\\\/\\\/dailyai.com\\\/about\\\/editorial-policy\\\/\",\"url\":\"https:\\\/\\\/dailyai.com\\\/about\\\/editorial-policy\\\/\",\"name\":\"Editorial Policy | DailyAI\",\"isPartOf\":{\"@id\":\"https:\\\/\\\/dailyai.com\\\/#website\"},\"datePublished\":\"2024-05-27T21:18:26+00:00\",\"breadcrumb\":{\"@id\":\"https:\\\/\\\/dailyai.com\\\/about\\\/editorial-policy\\\/#breadcrumb\"},\"inLanguage\":\"sv-SE\",\"potentialAction\":[{\"@type\":\"ReadAction\",\"target\":[\"https:\\\/\\\/dailyai.com\\\/about\\\/editorial-policy\\\/\"]}]},{\"@type\":\"BreadcrumbList\",\"@id\":\"https:\\\/\\\/dailyai.com\\\/about\\\/editorial-policy\\\/#breadcrumb\",\"itemListElement\":[{\"@type\":\"ListItem\",\"position\":1,\"name\":\"Home\",\"item\":\"https:\\\/\\\/dailyai.com\\\/\"},{\"@type\":\"ListItem\",\"position\":2,\"name\":\"About\",\"item\":\"https:\\\/\\\/dailyai.com\\\/about\\\/\"},{\"@type\":\"ListItem\",\"position\":3,\"name\":\"Editorial Policy\"}]},{\"@type\":\"WebSite\",\"@id\":\"https:\\\/\\\/dailyai.com\\\/#website\",\"url\":\"https:\\\/\\\/dailyai.com\\\/\",\"name\":\"DailyAI\",\"description\":\"Your Daily Dose of AI News\",\"publisher\":{\"@id\":\"https:\\\/\\\/dailyai.com\\\/#organization\"},\"potentialAction\":[{\"@type\":\"SearchAction\",\"target\":{\"@type\":\"EntryPoint\",\"urlTemplate\":\"https:\\\/\\\/dailyai.com\\\/?s={search_term_string}\"},\"query-input\":{\"@type\":\"PropertyValueSpecification\",\"valueRequired\":true,\"valueName\":\"search_term_string\"}}],\"inLanguage\":\"sv-SE\"},{\"@type\":\"Organization\",\"@id\":\"https:\\\/\\\/dailyai.com\\\/#organization\",\"name\":\"DailyAI\",\"url\":\"https:\\\/\\\/dailyai.com\\\/\",\"logo\":{\"@type\":\"ImageObject\",\"inLanguage\":\"sv-SE\",\"@id\":\"https:\\\/\\\/dailyai.com\\\/#\\\/schema\\\/logo\\\/image\\\/\",\"url\":\"https:\\\/\\\/dailyai.com\\\/wp-content\\\/uploads\\\/2023\\\/06\\\/Daily-Ai_TL_colour.png\",\"contentUrl\":\"https:\\\/\\\/dailyai.com\\\/wp-content\\\/uploads\\\/2023\\\/06\\\/Daily-Ai_TL_colour.png\",\"width\":4501,\"height\":934,\"caption\":\"DailyAI\"},\"image\":{\"@id\":\"https:\\\/\\\/dailyai.com\\\/#\\\/schema\\\/logo\\\/image\\\/\"},\"sameAs\":[\"https:\\\/\\\/x.com\\\/DailyAIOfficial\",\"https:\\\/\\\/www.linkedin.com\\\/company\\\/dailyaiofficial\\\/\",\"https:\\\/\\\/www.youtube.com\\\/@DailyAIOfficial\"]},{\"@type\":\"Person\",\"@id\":\"https:\\\/\\\/dailyai.com\\\/#\\\/schema\\\/person\\\/5238bb16667080993f51f7fba82ad6c6\",\"name\":\"DailyAI\",\"image\":{\"@type\":\"ImageObject\",\"inLanguage\":\"sv-SE\",\"@id\":\"https:\\\/\\\/secure.gravatar.com\\\/avatar\\\/c6af4019f5ca26871821f9d810a73765e1e0ff69f4f973af5fe81683959b2a2c?s=96&d=robohash&r=g\",\"url\":\"https:\\\/\\\/secure.gravatar.com\\\/avatar\\\/c6af4019f5ca26871821f9d810a73765e1e0ff69f4f973af5fe81683959b2a2c?s=96&d=robohash&r=g\",\"contentUrl\":\"https:\\\/\\\/secure.gravatar.com\\\/avatar\\\/c6af4019f5ca26871821f9d810a73765e1e0ff69f4f973af5fe81683959b2a2c?s=96&d=robohash&r=g\",\"caption\":\"DailyAI\"},\"description\":\"Your go-to destination for all things AI. We are dedicated to providing easy to understand and accessible news, updates, reviews, and features on the ever-evolving AI industry. Stay informed as we unravel the latest advancements, breakthroughs, and trends shaping the world of AI.\",\"sameAs\":[\"https:\\\/\\\/dailyai.com\"],\"url\":\"https:\\\/\\\/dailyai.com\\\/sv\\\/author\\\/atech\\\/\"}]}<\/script>\n<!-- \/ Yoast SEO plugin. -->","yoast_head_json":{"title":"Redaktionell policy | DailyAI","robots":{"index":"index","follow":"follow","max-snippet":"max-snippet:-1","max-image-preview":"max-image-preview:large","max-video-preview":"max-video-preview:-1"},"canonical":"https:\/\/dailyai.com\/sv\/about\/editorial-policy\/","og_locale":"sv_SE","og_type":"article","og_title":"Editorial Policy | DailyAI","og_description":"Last updated: 21\/05\/2024 &nbsp; The Editorial Policy of DailyAI applies to all of our content. Objective Reporting: Our news website is committed to providing objective, accurate, and impartial reporting on artificial intelligence (AI) technologies and their impacts. We strive to present information in a fair and balanced manner, avoiding sensationalism or bias. Transparency: We prioritize transparency in our reporting process. We disclose sources of information, provide context for complex topics, and clearly differentiate between factual reporting and opinion pieces. Corrections and updates are promptly issued when errors are identified. Ethical Considerations: We recognize the ethical implications of AI technologies and","og_url":"https:\/\/dailyai.com\/sv\/about\/editorial-policy\/","og_site_name":"DailyAI","twitter_card":"summary_large_image","twitter_site":"@DailyAIOfficial","twitter_misc":{"Ber\u00e4knad l\u00e4stid":"3 minuter"},"schema":{"@context":"https:\/\/schema.org","@graph":[{"@type":"Article","@id":"https:\/\/dailyai.com\/about\/editorial-policy\/#article","isPartOf":{"@id":"https:\/\/dailyai.com\/about\/editorial-policy\/"},"author":{"name":"DailyAI","@id":"https:\/\/dailyai.com\/#\/schema\/person\/5238bb16667080993f51f7fba82ad6c6"},"headline":"Editorial Policy","datePublished":"2024-05-27T21:18:26+00:00","mainEntityOfPage":{"@id":"https:\/\/dailyai.com\/about\/editorial-policy\/"},"wordCount":497,"publisher":{"@id":"https:\/\/dailyai.com\/#organization"},"inLanguage":"sv-SE"},{"@type":"WebPage","@id":"https:\/\/dailyai.com\/about\/editorial-policy\/","url":"https:\/\/dailyai.com\/about\/editorial-policy\/","name":"Redaktionell policy | DailyAI","isPartOf":{"@id":"https:\/\/dailyai.com\/#website"},"datePublished":"2024-05-27T21:18:26+00:00","breadcrumb":{"@id":"https:\/\/dailyai.com\/about\/editorial-policy\/#breadcrumb"},"inLanguage":"sv-SE","potentialAction":[{"@type":"ReadAction","target":["https:\/\/dailyai.com\/about\/editorial-policy\/"]}]},{"@type":"BreadcrumbList","@id":"https:\/\/dailyai.com\/about\/editorial-policy\/#breadcrumb","itemListElement":[{"@type":"ListItem","position":1,"name":"Home","item":"https:\/\/dailyai.com\/"},{"@type":"ListItem","position":2,"name":"About","item":"https:\/\/dailyai.com\/about\/"},{"@type":"ListItem","position":3,"name":"Editorial Policy"}]},{"@type":"WebSite","@id":"https:\/\/dailyai.com\/#website","url":"https:\/\/dailyai.com\/","name":"DagligaAI","description":"Din dagliga dos av AI-nyheter","publisher":{"@id":"https:\/\/dailyai.com\/#organization"},"potentialAction":[{"@type":"SearchAction","target":{"@type":"EntryPoint","urlTemplate":"https:\/\/dailyai.com\/?s={search_term_string}"},"query-input":{"@type":"PropertyValueSpecification","valueRequired":true,"valueName":"search_term_string"}}],"inLanguage":"sv-SE"},{"@type":"Organization","@id":"https:\/\/dailyai.com\/#organization","name":"DagligaAI","url":"https:\/\/dailyai.com\/","logo":{"@type":"ImageObject","inLanguage":"sv-SE","@id":"https:\/\/dailyai.com\/#\/schema\/logo\/image\/","url":"https:\/\/dailyai.com\/wp-content\/uploads\/2023\/06\/Daily-Ai_TL_colour.png","contentUrl":"https:\/\/dailyai.com\/wp-content\/uploads\/2023\/06\/Daily-Ai_TL_colour.png","width":4501,"height":934,"caption":"DailyAI"},"image":{"@id":"https:\/\/dailyai.com\/#\/schema\/logo\/image\/"},"sameAs":["https:\/\/x.com\/DailyAIOfficial","https:\/\/www.linkedin.com\/company\/dailyaiofficial\/","https:\/\/www.youtube.com\/@DailyAIOfficial"]},{"@type":"Person","@id":"https:\/\/dailyai.com\/#\/schema\/person\/5238bb16667080993f51f7fba82ad6c6","name":"DagligaAI","image":{"@type":"ImageObject","inLanguage":"sv-SE","@id":"https:\/\/secure.gravatar.com\/avatar\/c6af4019f5ca26871821f9d810a73765e1e0ff69f4f973af5fe81683959b2a2c?s=96&d=robohash&r=g","url":"https:\/\/secure.gravatar.com\/avatar\/c6af4019f5ca26871821f9d810a73765e1e0ff69f4f973af5fe81683959b2a2c?s=96&d=robohash&r=g","contentUrl":"https:\/\/secure.gravatar.com\/avatar\/c6af4019f5ca26871821f9d810a73765e1e0ff69f4f973af5fe81683959b2a2c?s=96&d=robohash&r=g","caption":"DailyAI"},"description":"Din destination f\u00f6r allt som har med AI att g\u00f6ra. Vi \u00e4r dedikerade till att tillhandah\u00e5lla l\u00e4ttf\u00f6rst\u00e5eliga och tillg\u00e4ngliga nyheter, uppdateringar, recensioner och funktioner om den st\u00e4ndigt utvecklande AI-industrin. H\u00e5ll dig informerad n\u00e4r vi avsl\u00f6jar de senaste framstegen, genombrotten och trenderna som formar AI-v\u00e4rlden.","sameAs":["https:\/\/dailyai.com"],"url":"https:\/\/dailyai.com\/sv\/author\/atech\/"}]}},"_links":{"self":[{"href":"https:\/\/dailyai.com\/sv\/wp-json\/wp\/v2\/pages\/12465","targetHints":{"allow":["GET"]}}],"collection":[{"href":"https:\/\/dailyai.com\/sv\/wp-json\/wp\/v2\/pages"}],"about":[{"href":"https:\/\/dailyai.com\/sv\/wp-json\/wp\/v2\/types\/page"}],"author":[{"embeddable":true,"href":"https:\/\/dailyai.com\/sv\/wp-json\/wp\/v2\/users\/1"}],"replies":[{"embeddable":true,"href":"https:\/\/dailyai.com\/sv\/wp-json\/wp\/v2\/comments?post=12465"}],"version-history":[{"count":3,"href":"https:\/\/dailyai.com\/sv\/wp-json\/wp\/v2\/pages\/12465\/revisions"}],"predecessor-version":[{"id":12468,"href":"https:\/\/dailyai.com\/sv\/wp-json\/wp\/v2\/pages\/12465\/revisions\/12468"}],"up":[{"embeddable":true,"href":"https:\/\/dailyai.com\/sv\/wp-json\/wp\/v2\/pages\/207"}],"wp:attachment":[{"href":"https:\/\/dailyai.com\/sv\/wp-json\/wp\/v2\/media?parent=12465"}],"curies":[{"name":"wp","href":"https:\/\/api.w.org\/{rel}","templated":true}]}}