{"id":207,"date":"2019-01-14T14:31:22","date_gmt":"2019-01-14T14:31:22","guid":{"rendered":"https:\/\/theissue.fuelthemes.net\/issue-18\/?page_id=207"},"modified":"2024-03-28T00:06:52","modified_gmt":"2024-03-28T00:06:52","slug":"about","status":"publish","type":"page","link":"https:\/\/dailyai.com\/pt\/about\/","title":{"rendered":"Sobre"},"content":{"rendered":"<div class=\"dai_pgConfer\">\n<center><\/p>\n<h5>Bem-vindo ao <span style=\"color: #f75454;\">DailyAI<\/span>. Estamos aqui para simplificar o mundo da Intelig\u00eancia Artificial, fornecendo conhecimentos claros e cativantes, quer seja um novato em IA ou um perito j\u00e1 estabelecido.<\/h5>\n<p>Os nossos conte\u00fados abrangentes proporcionam uma vis\u00e3o hol\u00edstica do sector da IA. Abrangendo not\u00edcias, assuntos actuais, entrevistas, opini\u00f5es, an\u00e1lises de produtos, bibliotecas de sugest\u00f5es e muito mais.<\/p>\n<p>Lan\u00e7ada em 2023, somos uma iniciativa da Intelliquence, uma empresa de meios de comunica\u00e7\u00e3o digitais com vis\u00e3o de futuro sediada em Londres.<\/p>\n<p>O nosso objetivo? Tornar a compreens\u00e3o da IA n\u00e3o um desafio, mas uma oportunidade para todos.<\/p>\n<p>Acreditamos na descodifica\u00e7\u00e3o das complexidades da IA e na sua apresenta\u00e7\u00e3o de uma forma acess\u00edvel e compreens\u00edvel para todos.<\/p>\n<p><strong>Junte-se a n\u00f3s para descobrirmos o mundo din\u00e2mico e em constante evolu\u00e7\u00e3o da IA.<\/strong><br \/>\n<\/center>\n<\/div>","protected":false},"excerpt":{"rendered":"<p>Bem-vindo ao DailyAI. Estamos aqui para simplificar o mundo da Intelig\u00eancia Artificial, fornecendo informa\u00e7\u00f5es claras e cativantes, quer seja um novato em IA ou um especialista estabelecido. Os nossos conte\u00fados abrangentes proporcionam uma vis\u00e3o hol\u00edstica do sector da IA. Abrangendo not\u00edcias, assuntos actuais, entrevistas, opini\u00f5es, an\u00e1lises de produtos, bibliotecas de sugest\u00f5es e muito mais. Lan\u00e7ada em 2023, somos uma iniciativa da Intelliquence, uma empresa de media digital com vis\u00e3o de futuro sediada em Londres. O nosso objetivo? Tornar a compreens\u00e3o da IA n\u00e3o um desafio, mas uma oportunidade para todos. Acreditamos na descodifica\u00e7\u00e3o das complexidades da IA e na sua apresenta\u00e7\u00e3o de uma forma acess\u00edvel e relacion\u00e1vel para<\/p>","protected":false},"author":1,"featured_media":0,"parent":0,"menu_order":0,"comment_status":"closed","ping_status":"closed","template":"","meta":{"footnotes":""},"class_list":["post-207","page","type-page","status-publish","hentry"],"yoast_head":"<!-- This site is optimized with the Yoast SEO plugin v27.3 - https:\/\/yoast.com\/product\/yoast-seo-wordpress\/ -->\n<title>About | DailyAI<\/title>\n<meta name=\"robots\" content=\"index, follow, max-snippet:-1, max-image-preview:large, max-video-preview:-1\" \/>\n<link rel=\"canonical\" href=\"https:\/\/dailyai.com\/pt\/about\/\" \/>\n<meta property=\"og:locale\" content=\"pt_PT\" \/>\n<meta property=\"og:type\" content=\"article\" \/>\n<meta property=\"og:title\" content=\"About | DailyAI\" \/>\n<meta property=\"og:description\" content=\"Welcome to DailyAI. We&#8217;re here to simplify the world of Artificial Intelligence, providing insights that are clear and engaging, whether you&#8217;re new to AI or an established expert. Our wide-ranging content provides a holistic view of the AI industry. Spanning news, current affairs, interviews, opinions, product reviews, prompt libraries and much more. Launched in 2023, we&#8217;re an initiative by Intelliquence, a forward-thinking digital media company based in London. Our goal? To make understanding AI not a challenge, but an opportunity for all. We believe in decoding the complexities of AI and presenting it in an accessible and relatable manner for\" \/>\n<meta property=\"og:url\" content=\"https:\/\/dailyai.com\/pt\/about\/\" \/>\n<meta property=\"og:site_name\" content=\"DailyAI\" \/>\n<meta property=\"article:modified_time\" content=\"2024-03-28T00:06:52+00:00\" \/>\n<meta name=\"twitter:card\" content=\"summary_large_image\" \/>\n<meta name=\"twitter:site\" content=\"@DailyAIOfficial\" \/>\n<meta name=\"twitter:label1\" content=\"Tempo estimado de leitura\" \/>\n\t<meta name=\"twitter:data1\" content=\"1 minuto\" \/>\n<script type=\"application\/ld+json\" class=\"yoast-schema-graph\">{\"@context\":\"https:\\\/\\\/schema.org\",\"@graph\":[{\"@type\":[\"WebPage\",\"AboutPage\"],\"@id\":\"https:\\\/\\\/dailyai.com\\\/about\\\/\",\"url\":\"https:\\\/\\\/dailyai.com\\\/about\\\/\",\"name\":\"About | DailyAI\",\"isPartOf\":{\"@id\":\"https:\\\/\\\/dailyai.com\\\/#website\"},\"datePublished\":\"2019-01-14T14:31:22+00:00\",\"dateModified\":\"2024-03-28T00:06:52+00:00\",\"breadcrumb\":{\"@id\":\"https:\\\/\\\/dailyai.com\\\/about\\\/#breadcrumb\"},\"inLanguage\":\"pt-PT\",\"potentialAction\":[{\"@type\":\"ReadAction\",\"target\":[\"https:\\\/\\\/dailyai.com\\\/about\\\/\"]}]},{\"@type\":\"BreadcrumbList\",\"@id\":\"https:\\\/\\\/dailyai.com\\\/about\\\/#breadcrumb\",\"itemListElement\":[{\"@type\":\"ListItem\",\"position\":1,\"name\":\"Home\",\"item\":\"https:\\\/\\\/dailyai.com\\\/\"},{\"@type\":\"ListItem\",\"position\":2,\"name\":\"About\"}]},{\"@type\":\"WebSite\",\"@id\":\"https:\\\/\\\/dailyai.com\\\/#website\",\"url\":\"https:\\\/\\\/dailyai.com\\\/\",\"name\":\"DailyAI\",\"description\":\"Your Daily Dose of AI News\",\"publisher\":{\"@id\":\"https:\\\/\\\/dailyai.com\\\/#organization\"},\"potentialAction\":[{\"@type\":\"SearchAction\",\"target\":{\"@type\":\"EntryPoint\",\"urlTemplate\":\"https:\\\/\\\/dailyai.com\\\/?s={search_term_string}\"},\"query-input\":{\"@type\":\"PropertyValueSpecification\",\"valueRequired\":true,\"valueName\":\"search_term_string\"}}],\"inLanguage\":\"pt-PT\"},{\"@type\":\"Organization\",\"@id\":\"https:\\\/\\\/dailyai.com\\\/#organization\",\"name\":\"DailyAI\",\"url\":\"https:\\\/\\\/dailyai.com\\\/\",\"logo\":{\"@type\":\"ImageObject\",\"inLanguage\":\"pt-PT\",\"@id\":\"https:\\\/\\\/dailyai.com\\\/#\\\/schema\\\/logo\\\/image\\\/\",\"url\":\"https:\\\/\\\/dailyai.com\\\/wp-content\\\/uploads\\\/2023\\\/06\\\/Daily-Ai_TL_colour.png\",\"contentUrl\":\"https:\\\/\\\/dailyai.com\\\/wp-content\\\/uploads\\\/2023\\\/06\\\/Daily-Ai_TL_colour.png\",\"width\":4501,\"height\":934,\"caption\":\"DailyAI\"},\"image\":{\"@id\":\"https:\\\/\\\/dailyai.com\\\/#\\\/schema\\\/logo\\\/image\\\/\"},\"sameAs\":[\"https:\\\/\\\/x.com\\\/DailyAIOfficial\",\"https:\\\/\\\/www.linkedin.com\\\/company\\\/dailyaiofficial\\\/\",\"https:\\\/\\\/www.youtube.com\\\/@DailyAIOfficial\"]}]}<\/script>\n<!-- \/ Yoast SEO plugin. -->","yoast_head_json":{"title":"Acerca de | DailyAI","robots":{"index":"index","follow":"follow","max-snippet":"max-snippet:-1","max-image-preview":"max-image-preview:large","max-video-preview":"max-video-preview:-1"},"canonical":"https:\/\/dailyai.com\/pt\/about\/","og_locale":"pt_PT","og_type":"article","og_title":"About | DailyAI","og_description":"Welcome to DailyAI. We&#8217;re here to simplify the world of Artificial Intelligence, providing insights that are clear and engaging, whether you&#8217;re new to AI or an established expert. Our wide-ranging content provides a holistic view of the AI industry. Spanning news, current affairs, interviews, opinions, product reviews, prompt libraries and much more. Launched in 2023, we&#8217;re an initiative by Intelliquence, a forward-thinking digital media company based in London. Our goal? To make understanding AI not a challenge, but an opportunity for all. We believe in decoding the complexities of AI and presenting it in an accessible and relatable manner for","og_url":"https:\/\/dailyai.com\/pt\/about\/","og_site_name":"DailyAI","article_modified_time":"2024-03-28T00:06:52+00:00","twitter_card":"summary_large_image","twitter_site":"@DailyAIOfficial","twitter_misc":{"Tempo estimado de leitura":"1 minuto"},"schema":{"@context":"https:\/\/schema.org","@graph":[{"@type":["WebPage","AboutPage"],"@id":"https:\/\/dailyai.com\/about\/","url":"https:\/\/dailyai.com\/about\/","name":"Acerca de | DailyAI","isPartOf":{"@id":"https:\/\/dailyai.com\/#website"},"datePublished":"2019-01-14T14:31:22+00:00","dateModified":"2024-03-28T00:06:52+00:00","breadcrumb":{"@id":"https:\/\/dailyai.com\/about\/#breadcrumb"},"inLanguage":"pt-PT","potentialAction":[{"@type":"ReadAction","target":["https:\/\/dailyai.com\/about\/"]}]},{"@type":"BreadcrumbList","@id":"https:\/\/dailyai.com\/about\/#breadcrumb","itemListElement":[{"@type":"ListItem","position":1,"name":"Home","item":"https:\/\/dailyai.com\/"},{"@type":"ListItem","position":2,"name":"About"}]},{"@type":"WebSite","@id":"https:\/\/dailyai.com\/#website","url":"https:\/\/dailyai.com\/","name":"DailyAI","description":"A sua dose di\u00e1ria de not\u00edcias sobre IA","publisher":{"@id":"https:\/\/dailyai.com\/#organization"},"potentialAction":[{"@type":"SearchAction","target":{"@type":"EntryPoint","urlTemplate":"https:\/\/dailyai.com\/?s={search_term_string}"},"query-input":{"@type":"PropertyValueSpecification","valueRequired":true,"valueName":"search_term_string"}}],"inLanguage":"pt-PT"},{"@type":"Organization","@id":"https:\/\/dailyai.com\/#organization","name":"DailyAI","url":"https:\/\/dailyai.com\/","logo":{"@type":"ImageObject","inLanguage":"pt-PT","@id":"https:\/\/dailyai.com\/#\/schema\/logo\/image\/","url":"https:\/\/dailyai.com\/wp-content\/uploads\/2023\/06\/Daily-Ai_TL_colour.png","contentUrl":"https:\/\/dailyai.com\/wp-content\/uploads\/2023\/06\/Daily-Ai_TL_colour.png","width":4501,"height":934,"caption":"DailyAI"},"image":{"@id":"https:\/\/dailyai.com\/#\/schema\/logo\/image\/"},"sameAs":["https:\/\/x.com\/DailyAIOfficial","https:\/\/www.linkedin.com\/company\/dailyaiofficial\/","https:\/\/www.youtube.com\/@DailyAIOfficial"]}]}},"_links":{"self":[{"href":"https:\/\/dailyai.com\/pt\/wp-json\/wp\/v2\/pages\/207","targetHints":{"allow":["GET"]}}],"collection":[{"href":"https:\/\/dailyai.com\/pt\/wp-json\/wp\/v2\/pages"}],"about":[{"href":"https:\/\/dailyai.com\/pt\/wp-json\/wp\/v2\/types\/page"}],"author":[{"embeddable":true,"href":"https:\/\/dailyai.com\/pt\/wp-json\/wp\/v2\/users\/1"}],"replies":[{"embeddable":true,"href":"https:\/\/dailyai.com\/pt\/wp-json\/wp\/v2\/comments?post=207"}],"version-history":[{"count":16,"href":"https:\/\/dailyai.com\/pt\/wp-json\/wp\/v2\/pages\/207\/revisions"}],"predecessor-version":[{"id":11055,"href":"https:\/\/dailyai.com\/pt\/wp-json\/wp\/v2\/pages\/207\/revisions\/11055"}],"wp:attachment":[{"href":"https:\/\/dailyai.com\/pt\/wp-json\/wp\/v2\/media?parent=207"}],"curies":[{"name":"wp","href":"https:\/\/api.w.org\/{rel}","templated":true}]}}