{"id":12600,"date":"2024-05-27T21:18:23","date_gmt":"2024-05-27T21:18:23","guid":{"rendered":"https:\/\/dailyai.com\/?page_id=12600"},"modified":"2024-05-27T21:18:23","modified_gmt":"2024-05-27T21:18:23","slug":"careers","status":"publish","type":"page","link":"https:\/\/dailyai.com\/pt\/about\/careers\/","title":{"rendered":"Carreiras"},"content":{"rendered":"<h2>Carreiras no DailyAI<\/h2>\n<h3>Junte-se \u00e0 nossa miss\u00e3o de simplificar a IA<\/h3>\n<p>Bem-vindo ao DailyAI, onde simplificamos o complexo mundo da Intelig\u00eancia Artificial. A nossa miss\u00e3o \u00e9 fornecer informa\u00e7\u00f5es claras e interessantes a toda a gente, desde os principiantes em IA at\u00e9 aos especialistas estabelecidos. Se \u00e9 apaixonado pela IA e quer ter um impacto real, convidamo-lo a explorar as nossas oportunidades de carreira.<\/p>\n<h3>Porqu\u00ea trabalhar no DailyAI?<\/h3>\n<p>No DailyAI, oferecemos uma plataforma \u00fanica para contribuir para o sector da IA em r\u00e1pida evolu\u00e7\u00e3o. Os nossos conte\u00fados abrangem not\u00edcias, assuntos actuais, entrevistas, opini\u00f5es, an\u00e1lises de produtos e bibliotecas de sugest\u00f5es, dando \u00e0 nossa equipa uma vis\u00e3o hol\u00edstica do panorama da IA. Eis por que raz\u00e3o deve considerar juntar-se a n\u00f3s:<\/p>\n<ul>\n<li><strong>Ambiente inovador<\/strong>: Como uma iniciativa da Intelliquence, uma empresa de media digital com vis\u00e3o de futuro sediada em Londres, promovemos uma cultura de inova\u00e7\u00e3o e aprendizagem cont\u00ednua.<\/li>\n<li><strong>Equipa de especialistas<\/strong>: Trabalhe com especialistas do sector dedicados a descodificar e desmistificar a IA.<\/li>\n<li><strong>Conte\u00fado din\u00e2mico<\/strong>: Fa\u00e7a parte de uma equipa que cria conte\u00fados diversificados e interessantes, tornando a IA acess\u00edvel a todos.<\/li>\n<li><strong>Trabalho flex\u00edvel<\/strong>: Compreendemos a import\u00e2ncia do equil\u00edbrio entre a vida profissional e pessoal e oferecemos regimes de trabalho flex\u00edveis para apoiar as diversas necessidades e estilos de vida dos nossos funcion\u00e1rios.<\/li>\n<\/ul>\n<h3>Os nossos valores<\/h3>\n<p>No DailyAI, os nossos valores guiam-nos na realiza\u00e7\u00e3o desta miss\u00e3o e moldam a cultura do nosso local de trabalho. Aqui est\u00e3o alguns dos nossos valores fundamentais:<\/p>\n<ul>\n<li><strong>Integridade:<\/strong> Damos prioridade \u00e0 veracidade e \u00e0 exatid\u00e3o em todo o nosso trabalho, garantindo conte\u00fados fi\u00e1veis e de confian\u00e7a. Acreditamos em fazer a coisa certa, sempre.<\/li>\n<li><strong>Equidade e imparcialidade:<\/strong> Estamos empenhados em fazer uma reportagem equilibrada, apresentando perspectivas diversas e eliminando preconceitos para manter uma posi\u00e7\u00e3o objetiva.<\/li>\n<li><strong>Transpar\u00eancia:<\/strong> A abertura e a honestidade est\u00e3o no centro das nossas actividades. Atribu\u00edmos claramente as nossas fontes e mantemos a independ\u00eancia editorial.<\/li>\n<li><strong>Responsabilidade:<\/strong> Assumimos a responsabilidade pelo nosso conte\u00fado e pelas nossas ac\u00e7\u00f5es, procurando ativamente obter feedback para melhorar as nossas pr\u00e1ticas e manter padr\u00f5es elevados.<\/li>\n<li><strong>Respeito:<\/strong> Promovemos um local de trabalho respeitoso e inclusivo, onde os diversos pontos de vista s\u00e3o encorajados e todos os membros da equipa s\u00e3o valorizados.<\/li>\n<li><strong>Inclus\u00e3o e diversidade:<\/strong> Celebramos a diversidade e estamos empenhados na igualdade de oportunidades para todos, assegurando um ambiente acolhedor e de apoio.<\/li>\n<\/ul>\n<p>Ao juntar-se ao DailyAI, far\u00e1 parte de uma equipa que valoriza a integridade, o respeito e a inova\u00e7\u00e3o. Juntos, tornamos a compreens\u00e3o da IA acess\u00edvel a todos.<\/p>\n<p>Para obter informa\u00e7\u00f5es mais pormenorizadas, consulte a nossa <a href=\"https:\/\/chatgpt.com\/#\" target=\"_new\" rel=\"noreferrer noopener\">C\u00f3digo de \u00c9tica<\/a>.<\/p>\n<h3>Oportunidades actuais<\/h3>\n<p>Estamos sempre \u00e0 procura de pessoas talentosas que partilhem a nossa paix\u00e3o pela IA. As nossas vagas actuais incluem:<\/p>\n<ul>\n<li><strong>Escritor de conte\u00fados de IA<\/strong>: Criar artigos, entrevistas e artigos de opini\u00e3o interessantes sobre as \u00faltimas novidades em mat\u00e9ria de IA.<\/li>\n<\/ul>\n<h3>Como candidatar-se<\/h3>\n<p>Se est\u00e1 entusiasmado com a oportunidade de trabalhar connosco, gostar\u00edamos de o ouvir. Envie o seu curr\u00edculo e uma carta de apresenta\u00e7\u00e3o com detalhes sobre a sua experi\u00eancia e as raz\u00f5es pelas quais pretende juntar-se ao DailyAI para <a href=\"mailto:contact@dailyai.com\">contact@dailyai.com<\/a>.<\/p>","protected":false},"excerpt":{"rendered":"<p>Carreiras no DailyAI Junte-se \u00e0 nossa miss\u00e3o de simplificar a IA Bem-vindo ao DailyAI, onde simplificamos o complexo mundo da Intelig\u00eancia Artificial. A nossa miss\u00e3o \u00e9 fornecer informa\u00e7\u00f5es claras e envolventes a todos, desde os novatos em IA at\u00e9 aos especialistas estabelecidos. Se \u00e9 apaixonado por IA e quer ter um impacto real, convidamo-lo a explorar as nossas oportunidades de carreira. Porqu\u00ea trabalhar no DailyAI? No DailyAI, oferecemos uma plataforma \u00fanica para contribuir para o sector da IA em r\u00e1pida evolu\u00e7\u00e3o. Os nossos conte\u00fados abrangem not\u00edcias, assuntos actuais, entrevistas, opini\u00f5es, an\u00e1lises de produtos e bibliotecas de sugest\u00f5es, dando \u00e0 nossa equipa uma vis\u00e3o hol\u00edstica do panorama da IA. Eis porqu\u00ea<\/p>","protected":false},"author":1,"featured_media":0,"parent":207,"menu_order":0,"comment_status":"closed","ping_status":"closed","template":"","meta":{"footnotes":""},"class_list":["post-12600","page","type-page","status-publish","hentry"],"yoast_head":"<!-- This site is optimized with the Yoast SEO plugin v27.3 - https:\/\/yoast.com\/product\/yoast-seo-wordpress\/ -->\n<title>Careers | DailyAI<\/title>\n<meta name=\"robots\" content=\"index, follow, max-snippet:-1, max-image-preview:large, max-video-preview:-1\" \/>\n<link rel=\"canonical\" href=\"https:\/\/dailyai.com\/pt\/about\/careers\/\" \/>\n<meta property=\"og:locale\" content=\"pt_PT\" \/>\n<meta property=\"og:type\" content=\"article\" \/>\n<meta property=\"og:title\" content=\"Careers | DailyAI\" \/>\n<meta property=\"og:description\" content=\"Careers at DailyAI Join Our Mission to Simplify AI Welcome to DailyAI, where we simplify the complex world of Artificial Intelligence. Our mission is to provide clear, engaging insights to everyone, from AI novices to established experts. If you&#8217;re passionate about AI and want to make a real impact, we invite you to explore our career opportunities. Why Work at DailyAI? At DailyAI, we offer a unique platform to contribute to the rapidly evolving AI industry. Our content spans news, current affairs, interviews, opinions, product reviews, and prompt libraries, giving our team a holistic view of AI&#8217;s landscape. Here\u2019s why\" \/>\n<meta property=\"og:url\" content=\"https:\/\/dailyai.com\/pt\/about\/careers\/\" \/>\n<meta property=\"og:site_name\" content=\"DailyAI\" \/>\n<meta name=\"twitter:card\" content=\"summary_large_image\" \/>\n<meta name=\"twitter:site\" content=\"@DailyAIOfficial\" \/>\n<meta name=\"twitter:label1\" content=\"Tempo estimado de leitura\" \/>\n\t<meta name=\"twitter:data1\" content=\"2 minutos\" \/>\n<script type=\"application\/ld+json\" class=\"yoast-schema-graph\">{\"@context\":\"https:\\\/\\\/schema.org\",\"@graph\":[{\"@type\":\"Article\",\"@id\":\"https:\\\/\\\/dailyai.com\\\/about\\\/careers\\\/#article\",\"isPartOf\":{\"@id\":\"https:\\\/\\\/dailyai.com\\\/about\\\/careers\\\/\"},\"author\":{\"name\":\"DailyAI\",\"@id\":\"https:\\\/\\\/dailyai.com\\\/#\\\/schema\\\/person\\\/5238bb16667080993f51f7fba82ad6c6\"},\"headline\":\"Careers\",\"datePublished\":\"2024-05-27T21:18:23+00:00\",\"mainEntityOfPage\":{\"@id\":\"https:\\\/\\\/dailyai.com\\\/about\\\/careers\\\/\"},\"wordCount\":442,\"publisher\":{\"@id\":\"https:\\\/\\\/dailyai.com\\\/#organization\"},\"inLanguage\":\"pt-PT\"},{\"@type\":\"WebPage\",\"@id\":\"https:\\\/\\\/dailyai.com\\\/about\\\/careers\\\/\",\"url\":\"https:\\\/\\\/dailyai.com\\\/about\\\/careers\\\/\",\"name\":\"Careers | DailyAI\",\"isPartOf\":{\"@id\":\"https:\\\/\\\/dailyai.com\\\/#website\"},\"datePublished\":\"2024-05-27T21:18:23+00:00\",\"breadcrumb\":{\"@id\":\"https:\\\/\\\/dailyai.com\\\/about\\\/careers\\\/#breadcrumb\"},\"inLanguage\":\"pt-PT\",\"potentialAction\":[{\"@type\":\"ReadAction\",\"target\":[\"https:\\\/\\\/dailyai.com\\\/about\\\/careers\\\/\"]}]},{\"@type\":\"BreadcrumbList\",\"@id\":\"https:\\\/\\\/dailyai.com\\\/about\\\/careers\\\/#breadcrumb\",\"itemListElement\":[{\"@type\":\"ListItem\",\"position\":1,\"name\":\"Home\",\"item\":\"https:\\\/\\\/dailyai.com\\\/\"},{\"@type\":\"ListItem\",\"position\":2,\"name\":\"About\",\"item\":\"https:\\\/\\\/dailyai.com\\\/about\\\/\"},{\"@type\":\"ListItem\",\"position\":3,\"name\":\"Careers\"}]},{\"@type\":\"WebSite\",\"@id\":\"https:\\\/\\\/dailyai.com\\\/#website\",\"url\":\"https:\\\/\\\/dailyai.com\\\/\",\"name\":\"DailyAI\",\"description\":\"Your Daily Dose of AI News\",\"publisher\":{\"@id\":\"https:\\\/\\\/dailyai.com\\\/#organization\"},\"potentialAction\":[{\"@type\":\"SearchAction\",\"target\":{\"@type\":\"EntryPoint\",\"urlTemplate\":\"https:\\\/\\\/dailyai.com\\\/?s={search_term_string}\"},\"query-input\":{\"@type\":\"PropertyValueSpecification\",\"valueRequired\":true,\"valueName\":\"search_term_string\"}}],\"inLanguage\":\"pt-PT\"},{\"@type\":\"Organization\",\"@id\":\"https:\\\/\\\/dailyai.com\\\/#organization\",\"name\":\"DailyAI\",\"url\":\"https:\\\/\\\/dailyai.com\\\/\",\"logo\":{\"@type\":\"ImageObject\",\"inLanguage\":\"pt-PT\",\"@id\":\"https:\\\/\\\/dailyai.com\\\/#\\\/schema\\\/logo\\\/image\\\/\",\"url\":\"https:\\\/\\\/dailyai.com\\\/wp-content\\\/uploads\\\/2023\\\/06\\\/Daily-Ai_TL_colour.png\",\"contentUrl\":\"https:\\\/\\\/dailyai.com\\\/wp-content\\\/uploads\\\/2023\\\/06\\\/Daily-Ai_TL_colour.png\",\"width\":4501,\"height\":934,\"caption\":\"DailyAI\"},\"image\":{\"@id\":\"https:\\\/\\\/dailyai.com\\\/#\\\/schema\\\/logo\\\/image\\\/\"},\"sameAs\":[\"https:\\\/\\\/x.com\\\/DailyAIOfficial\",\"https:\\\/\\\/www.linkedin.com\\\/company\\\/dailyaiofficial\\\/\",\"https:\\\/\\\/www.youtube.com\\\/@DailyAIOfficial\"]},{\"@type\":\"Person\",\"@id\":\"https:\\\/\\\/dailyai.com\\\/#\\\/schema\\\/person\\\/5238bb16667080993f51f7fba82ad6c6\",\"name\":\"DailyAI\",\"image\":{\"@type\":\"ImageObject\",\"inLanguage\":\"pt-PT\",\"@id\":\"https:\\\/\\\/secure.gravatar.com\\\/avatar\\\/c6af4019f5ca26871821f9d810a73765e1e0ff69f4f973af5fe81683959b2a2c?s=96&d=robohash&r=g\",\"url\":\"https:\\\/\\\/secure.gravatar.com\\\/avatar\\\/c6af4019f5ca26871821f9d810a73765e1e0ff69f4f973af5fe81683959b2a2c?s=96&d=robohash&r=g\",\"contentUrl\":\"https:\\\/\\\/secure.gravatar.com\\\/avatar\\\/c6af4019f5ca26871821f9d810a73765e1e0ff69f4f973af5fe81683959b2a2c?s=96&d=robohash&r=g\",\"caption\":\"DailyAI\"},\"description\":\"Your go-to destination for all things AI. We are dedicated to providing easy to understand and accessible news, updates, reviews, and features on the ever-evolving AI industry. Stay informed as we unravel the latest advancements, breakthroughs, and trends shaping the world of AI.\",\"sameAs\":[\"https:\\\/\\\/dailyai.com\"],\"url\":\"https:\\\/\\\/dailyai.com\\\/pt\\\/author\\\/atech\\\/\"}]}<\/script>\n<!-- \/ Yoast SEO plugin. -->","yoast_head_json":{"title":"Carreiras | DailyAI","robots":{"index":"index","follow":"follow","max-snippet":"max-snippet:-1","max-image-preview":"max-image-preview:large","max-video-preview":"max-video-preview:-1"},"canonical":"https:\/\/dailyai.com\/pt\/about\/careers\/","og_locale":"pt_PT","og_type":"article","og_title":"Careers | DailyAI","og_description":"Careers at DailyAI Join Our Mission to Simplify AI Welcome to DailyAI, where we simplify the complex world of Artificial Intelligence. Our mission is to provide clear, engaging insights to everyone, from AI novices to established experts. If you&#8217;re passionate about AI and want to make a real impact, we invite you to explore our career opportunities. Why Work at DailyAI? At DailyAI, we offer a unique platform to contribute to the rapidly evolving AI industry. Our content spans news, current affairs, interviews, opinions, product reviews, and prompt libraries, giving our team a holistic view of AI&#8217;s landscape. Here\u2019s why","og_url":"https:\/\/dailyai.com\/pt\/about\/careers\/","og_site_name":"DailyAI","twitter_card":"summary_large_image","twitter_site":"@DailyAIOfficial","twitter_misc":{"Tempo estimado de leitura":"2 minutos"},"schema":{"@context":"https:\/\/schema.org","@graph":[{"@type":"Article","@id":"https:\/\/dailyai.com\/about\/careers\/#article","isPartOf":{"@id":"https:\/\/dailyai.com\/about\/careers\/"},"author":{"name":"DailyAI","@id":"https:\/\/dailyai.com\/#\/schema\/person\/5238bb16667080993f51f7fba82ad6c6"},"headline":"Careers","datePublished":"2024-05-27T21:18:23+00:00","mainEntityOfPage":{"@id":"https:\/\/dailyai.com\/about\/careers\/"},"wordCount":442,"publisher":{"@id":"https:\/\/dailyai.com\/#organization"},"inLanguage":"pt-PT"},{"@type":"WebPage","@id":"https:\/\/dailyai.com\/about\/careers\/","url":"https:\/\/dailyai.com\/about\/careers\/","name":"Carreiras | DailyAI","isPartOf":{"@id":"https:\/\/dailyai.com\/#website"},"datePublished":"2024-05-27T21:18:23+00:00","breadcrumb":{"@id":"https:\/\/dailyai.com\/about\/careers\/#breadcrumb"},"inLanguage":"pt-PT","potentialAction":[{"@type":"ReadAction","target":["https:\/\/dailyai.com\/about\/careers\/"]}]},{"@type":"BreadcrumbList","@id":"https:\/\/dailyai.com\/about\/careers\/#breadcrumb","itemListElement":[{"@type":"ListItem","position":1,"name":"Home","item":"https:\/\/dailyai.com\/"},{"@type":"ListItem","position":2,"name":"About","item":"https:\/\/dailyai.com\/about\/"},{"@type":"ListItem","position":3,"name":"Careers"}]},{"@type":"WebSite","@id":"https:\/\/dailyai.com\/#website","url":"https:\/\/dailyai.com\/","name":"DailyAI","description":"A sua dose di\u00e1ria de not\u00edcias sobre IA","publisher":{"@id":"https:\/\/dailyai.com\/#organization"},"potentialAction":[{"@type":"SearchAction","target":{"@type":"EntryPoint","urlTemplate":"https:\/\/dailyai.com\/?s={search_term_string}"},"query-input":{"@type":"PropertyValueSpecification","valueRequired":true,"valueName":"search_term_string"}}],"inLanguage":"pt-PT"},{"@type":"Organization","@id":"https:\/\/dailyai.com\/#organization","name":"DailyAI","url":"https:\/\/dailyai.com\/","logo":{"@type":"ImageObject","inLanguage":"pt-PT","@id":"https:\/\/dailyai.com\/#\/schema\/logo\/image\/","url":"https:\/\/dailyai.com\/wp-content\/uploads\/2023\/06\/Daily-Ai_TL_colour.png","contentUrl":"https:\/\/dailyai.com\/wp-content\/uploads\/2023\/06\/Daily-Ai_TL_colour.png","width":4501,"height":934,"caption":"DailyAI"},"image":{"@id":"https:\/\/dailyai.com\/#\/schema\/logo\/image\/"},"sameAs":["https:\/\/x.com\/DailyAIOfficial","https:\/\/www.linkedin.com\/company\/dailyaiofficial\/","https:\/\/www.youtube.com\/@DailyAIOfficial"]},{"@type":"Person","@id":"https:\/\/dailyai.com\/#\/schema\/person\/5238bb16667080993f51f7fba82ad6c6","name":"DailyAI","image":{"@type":"ImageObject","inLanguage":"pt-PT","@id":"https:\/\/secure.gravatar.com\/avatar\/c6af4019f5ca26871821f9d810a73765e1e0ff69f4f973af5fe81683959b2a2c?s=96&d=robohash&r=g","url":"https:\/\/secure.gravatar.com\/avatar\/c6af4019f5ca26871821f9d810a73765e1e0ff69f4f973af5fe81683959b2a2c?s=96&d=robohash&r=g","contentUrl":"https:\/\/secure.gravatar.com\/avatar\/c6af4019f5ca26871821f9d810a73765e1e0ff69f4f973af5fe81683959b2a2c?s=96&d=robohash&r=g","caption":"DailyAI"},"description":"O seu destino para tudo o que diz respeito \u00e0 IA. Dedicamo-nos a fornecer not\u00edcias, actualiza\u00e7\u00f5es, an\u00e1lises e caracter\u00edsticas f\u00e1ceis de compreender e acess\u00edveis sobre a ind\u00fastria de IA em constante evolu\u00e7\u00e3o. Mantenha-se informado \u00e0 medida que desvendamos os \u00faltimos avan\u00e7os, descobertas e tend\u00eancias que moldam o mundo da IA.","sameAs":["https:\/\/dailyai.com"],"url":"https:\/\/dailyai.com\/pt\/author\/atech\/"}]}},"_links":{"self":[{"href":"https:\/\/dailyai.com\/pt\/wp-json\/wp\/v2\/pages\/12600","targetHints":{"allow":["GET"]}}],"collection":[{"href":"https:\/\/dailyai.com\/pt\/wp-json\/wp\/v2\/pages"}],"about":[{"href":"https:\/\/dailyai.com\/pt\/wp-json\/wp\/v2\/types\/page"}],"author":[{"embeddable":true,"href":"https:\/\/dailyai.com\/pt\/wp-json\/wp\/v2\/users\/1"}],"replies":[{"embeddable":true,"href":"https:\/\/dailyai.com\/pt\/wp-json\/wp\/v2\/comments?post=12600"}],"version-history":[{"count":1,"href":"https:\/\/dailyai.com\/pt\/wp-json\/wp\/v2\/pages\/12600\/revisions"}],"predecessor-version":[{"id":12601,"href":"https:\/\/dailyai.com\/pt\/wp-json\/wp\/v2\/pages\/12600\/revisions\/12601"}],"up":[{"embeddable":true,"href":"https:\/\/dailyai.com\/pt\/wp-json\/wp\/v2\/pages\/207"}],"wp:attachment":[{"href":"https:\/\/dailyai.com\/pt\/wp-json\/wp\/v2\/media?parent=12600"}],"curies":[{"name":"wp","href":"https:\/\/api.w.org\/{rel}","templated":true}]}}