{"id":12597,"date":"2024-05-27T21:18:42","date_gmt":"2024-05-27T21:18:42","guid":{"rendered":"https:\/\/dailyai.com\/?page_id=12597"},"modified":"2024-05-27T21:18:42","modified_gmt":"2024-05-27T21:18:42","slug":"code-of-ethics","status":"publish","type":"page","link":"https:\/\/dailyai.com\/pt\/about\/code-of-ethics\/","title":{"rendered":"C\u00f3digo de \u00c9tica"},"content":{"rendered":"<p style=\"text-align: left;\"><em><span style=\"font-weight: 400;\">\u00daltima atualiza\u00e7\u00e3o: 27\/05\/2024<\/span><\/em><\/p>\n<p>No DailyAI, a nossa miss\u00e3o \u00e9 simplificar o mundo da Intelig\u00eancia Artificial (IA), fornecendo informa\u00e7\u00f5es claras e cativantes. Como um site de not\u00edcias sobre IA, estamos empenhados em manter os mais elevados padr\u00f5es de integridade, exatid\u00e3o e responsabilidade. Este C\u00f3digo de \u00c9tica descreve os princ\u00edpios e directrizes que regem a cria\u00e7\u00e3o de conte\u00fados, os processos editoriais e as interac\u00e7\u00f5es com o nosso p\u00fablico.<\/p>\n<h3>Princ\u00edpios fundamentais<\/h3>\n<h4>1. <strong>Exatid\u00e3o e veracidade<\/strong><\/h4>\n<ul>\n<li><strong>Verifica\u00e7\u00e3o de factos:<\/strong> Damos prioridade \u00e0 exatid\u00e3o em todos os nossos conte\u00fados. Todos os artigos, entrevistas e an\u00e1lises s\u00e3o submetidos a uma rigorosa verifica\u00e7\u00e3o dos factos para garantir que as informa\u00e7\u00f5es s\u00e3o fi\u00e1veis e verdadeiras.<\/li>\n<li><strong>Correc\u00e7\u00f5es:<\/strong> Se forem identificados erros, corrigimo-los prontamente e fornecemos explica\u00e7\u00f5es transparentes para as correc\u00e7\u00f5es.<\/li>\n<\/ul>\n<h4>2. <strong>Imparcialidade e equidade<\/strong><\/h4>\n<ul>\n<li><strong>Relat\u00f3rios equilibrados:<\/strong> Esfor\u00e7amo-nos por apresentar uma vis\u00e3o equilibrada dos desenvolvimentos da IA, assegurando que as diversas perspectivas s\u00e3o representadas de forma justa.<\/li>\n<li><strong>Evitar preconceitos:<\/strong> Trabalhamos ativamente para eliminar quaisquer preconceitos nas nossas reportagens, concentrando-nos apenas em informa\u00e7\u00f5es factuais e imparciais.<\/li>\n<\/ul>\n<h4>3. <strong>Transpar\u00eancia<\/strong><\/h4>\n<ul>\n<li><strong>Fontes e refer\u00eancias:<\/strong> Atribu\u00edmos claramente todas as fontes e refer\u00eancias utilizadas nos nossos conte\u00fados, proporcionando aos leitores o acesso a informa\u00e7\u00f5es originais.<\/li>\n<li><strong>Independ\u00eancia editorial:<\/strong> Mantemos a independ\u00eancia editorial da nossa empresa-m\u00e3e, a Intelliquence, e de quaisquer influ\u00eancias externas, assegurando que o nosso conte\u00fado permanece objetivo e imparcial.<\/li>\n<\/ul>\n<h4>4. <strong>Integridade e responsabilidade<\/strong><\/h4>\n<ul>\n<li><strong>Conflito de interesses:<\/strong> Revelamos quaisquer potenciais conflitos de interesses e asseguramos que a nossa informa\u00e7\u00e3o n\u00e3o \u00e9 influenciada por considera\u00e7\u00f5es pessoais ou financeiras.<\/li>\n<li><strong>Responsabilidade:<\/strong> Somos respons\u00e1veis pelo nosso conte\u00fado e pelas nossas ac\u00e7\u00f5es e agradecemos o feedback dos nossos leitores para melhorar as nossas pr\u00e1ticas.<\/li>\n<\/ul>\n<h4>5. <strong>Respeito e sensibilidade<\/strong><\/h4>\n<ul>\n<li><strong>Di\u00e1logo respeitoso:<\/strong> Incentivamos o di\u00e1logo respeitoso e a diversidade de pontos de vista, promovendo uma comunidade onde todas as vozes podem ser ouvidas.<\/li>\n<li><strong>Sensibilidade ao impacto:<\/strong> Estamos conscientes do impacto que o nosso conte\u00fado pode ter nos indiv\u00edduos, nas organiza\u00e7\u00f5es e na sociedade, e esfor\u00e7amo-nos por evitar danos.<\/li>\n<\/ul>\n<h4>6. <strong>Privacidade e seguran\u00e7a<\/strong><\/h4>\n<ul>\n<li><strong>Prote\u00e7\u00e3o de dados:<\/strong> Respeitamos a privacidade dos nossos leitores e fontes, aderindo a pol\u00edticas rigorosas de prote\u00e7\u00e3o de dados para salvaguardar as informa\u00e7\u00f5es pessoais. Para mais pormenores, consulte a nossa <a href=\"https:\/\/dailyai.com\/privacy-policy\/\">Pol\u00edtica de privacidade<\/a>.<\/li>\n<\/ul>\n<h3>Directrizes de conte\u00fado<\/h3>\n<h4>1. <strong>Not\u00edcias e actualidades<\/strong><\/h4>\n<ul>\n<li><strong>Oportuno e relevante:<\/strong> A nossa cobertura noticiosa \u00e9 oportuna, relevante e baseada em factos verific\u00e1veis.<\/li>\n<li><strong>Cobertura abrangente:<\/strong> Abrangemos uma vasta gama de t\u00f3picos no \u00e2mbito da ind\u00fastria da IA, fornecendo uma vis\u00e3o abrangente das tend\u00eancias e desenvolvimentos actuais.<\/li>\n<\/ul>\n<h4>2. <strong>Entrevistas e opini\u00f5es<\/strong><\/h4>\n<ul>\n<li><strong>Perspectivas diversas:<\/strong> Realizamos entrevistas com um conjunto diversificado de peritos e partes interessadas, apresentando um amplo espetro de opini\u00f5es.<\/li>\n<li><strong>Distin\u00e7\u00e3o clara:<\/strong> Distinguimos claramente entre artigos de opini\u00e3o e reportagens factuais, garantindo que os leitores possam facilmente distinguir entre os dois.<\/li>\n<\/ul>\n<h4>3. <strong>An\u00e1lises de produtos<\/strong><\/h4>\n<ul>\n<li><strong>Avalia\u00e7\u00f5es objectivas:<\/strong> As nossas an\u00e1lises de produtos baseiam-se em avalia\u00e7\u00f5es exaustivas e imparciais.<\/li>\n<li><strong>Divulga\u00e7\u00e3o:<\/strong> Divulgamos quaisquer afilia\u00e7\u00f5es ou patroc\u00ednios relacionados com os produtos que analisamos.<\/li>\n<\/ul>\n<h4>4. <strong>Bibliotecas de prompt e conte\u00fado educacional<\/strong><\/h4>\n<ul>\n<li><strong>Valor educativo:<\/strong> As nossas bibliotecas de sugest\u00f5es e conte\u00fados educativos foram concebidos para serem informativos e \u00fateis, ajudando os leitores a compreender e a utilizar eficazmente as ferramentas de IA.<\/li>\n<li><strong>Exatid\u00e3o:<\/strong> Garantimos que todos os materiais educativos s\u00e3o exactos, actualizados e baseados em fontes cred\u00edveis.<\/li>\n<\/ul>\n<h3>Envolvimento da comunidade<\/h3>\n<h4>1. <strong>Feedback e intera\u00e7\u00e3o<\/strong><\/h4>\n<ul>\n<li><strong>Canais abertos:<\/strong> Mantemos canais abertos para feedback, encorajando os nossos leitores a partilharem as suas ideias, preocupa\u00e7\u00f5es e sugest\u00f5es atrav\u00e9s de v\u00e1rios meios, como o correio eletr\u00f3nico, as redes sociais e os formul\u00e1rios de contacto.<\/li>\n<li><strong>Envolvimento reativo:<\/strong> Respondemos a coment\u00e1rios e perguntas de forma atempada e respeitosa, promovendo uma comunidade positiva e interactiva em todas as plataformas.<\/li>\n<\/ul>\n<h4>2. <strong>Normas comunit\u00e1rias<\/strong><\/h4>\n<ul>\n<li><strong>Intera\u00e7\u00e3o respeitosa:<\/strong> Aplicamos normas comunit\u00e1rias que promovem uma intera\u00e7\u00e3o respeitosa e pro\u00edbem o ass\u00e9dio, o discurso de \u00f3dio e outros comportamentos prejudiciais em todas as formas de comunica\u00e7\u00e3o, incluindo as redes sociais e o correio eletr\u00f3nico.<\/li>\n<li><strong>Modera\u00e7\u00e3o:<\/strong> Moderamos ativamente os coment\u00e1rios, as discuss\u00f5es e outros elementos interactivos para garantir um ambiente seguro e acolhedor para todos os leitores.<\/li>\n<\/ul>\n<h3>Autoriza\u00e7\u00f5es adicionais<\/h3>\n<h4>1. <strong>Inclus\u00e3o e diversidade<\/strong><\/h4>\n<ul>\n<li><strong>Compromisso com a diversidade:<\/strong> Estamos empenhados em promover a diversidade nos nossos conte\u00fados e no nosso local de trabalho. Procuramos ativamente representar uma variedade de vozes e perspectivas na comunidade de IA.<\/li>\n<li><strong>Igualdade de oportunidades:<\/strong> Garantimos a igualdade de oportunidades para todos os colaboradores e funcion\u00e1rios, independentemente do g\u00e9nero, ra\u00e7a, etnia, orienta\u00e7\u00e3o sexual ou defici\u00eancia.<\/li>\n<\/ul>\n<h4>2. <strong>Acessibilidade<\/strong><\/h4>\n<ul>\n<li><strong>Conte\u00fado acess\u00edvel:<\/strong> Esfor\u00e7amo-nos por tornar o nosso s\u00edtio Web e os conte\u00fados acess\u00edveis a todos os utilizadores, incluindo os portadores de defici\u00eancia. Isto inclui o cumprimento das normas de acessibilidade da Web e a disponibiliza\u00e7\u00e3o de formatos alternativos sempre que poss\u00edvel.<\/li>\n<li><strong>Design de f\u00e1cil utiliza\u00e7\u00e3o:<\/strong> Melhoramos continuamente a conce\u00e7\u00e3o do nosso s\u00edtio Web para garantir que \u00e9 de f\u00e1cil utiliza\u00e7\u00e3o e navega\u00e7\u00e3o para todos.<\/li>\n<\/ul>\n<h4>3. <strong>Revis\u00f5es e actualiza\u00e7\u00f5es regulares<\/strong><\/h4>\n<ul>\n<li><strong>Melhoria cont\u00ednua:<\/strong> Revemos e actualizamos regularmente o nosso C\u00f3digo de \u00c9tica para refletir a evolu\u00e7\u00e3o das normas e das melhores pr\u00e1ticas. O feedback dos nossos leitores e partes interessadas \u00e9 uma parte crucial deste processo.<\/li>\n<li><strong>Transpar\u00eancia nas altera\u00e7\u00f5es:<\/strong> Quaisquer altera\u00e7\u00f5es significativas ao C\u00f3digo de \u00c9tica ser\u00e3o comunicadas de forma transparente aos nossos leitores e colaboradores.<\/li>\n<\/ul>\n<h3>Conclus\u00e3o<\/h3>\n<p>No DailyAI, dedicamo-nos a manter estes padr\u00f5es \u00e9ticos em todos os nossos empreendimentos. Ao aderir a este C\u00f3digo de \u00c9tica, pretendemos construir e manter a confian\u00e7a dos nossos leitores, fornecendo-lhes informa\u00e7\u00f5es valiosas e fi\u00e1veis sobre o mundo da IA. Juntos, podemos fazer da compreens\u00e3o da IA uma oportunidade para todos.<\/p>\n<p>Para quaisquer quest\u00f5es ou preocupa\u00e7\u00f5es relativas ao presente C\u00f3digo de \u00c9tica, contacte-nos atrav\u00e9s de <a href=\"mailto:contact@dailyai.com\">contact@dailyai.com<\/a>.<\/p>","protected":false},"excerpt":{"rendered":"<p>\u00daltima atualiza\u00e7\u00e3o: 27\/05\/2024 No DailyAI, nossa miss\u00e3o \u00e9 simplificar o mundo da Intelig\u00eancia Artificial (IA), fornecendo insights claros e envolventes. Enquanto s\u00edtio de not\u00edcias sobre IA, estamos empenhados em manter os mais elevados padr\u00f5es de integridade, exatid\u00e3o e responsabilidade. Este C\u00f3digo de \u00c9tica descreve os princ\u00edpios e directrizes que regem a nossa cria\u00e7\u00e3o de conte\u00fados, processos editoriais e interac\u00e7\u00f5es com o nosso p\u00fablico. Princ\u00edpios fundamentais 1. Exatid\u00e3o e veracidade Verifica\u00e7\u00e3o de factos: Damos prioridade \u00e0 exatid\u00e3o em todos os nossos conte\u00fados. Todos os artigos, entrevistas e an\u00e1lises s\u00e3o submetidos a uma rigorosa verifica\u00e7\u00e3o dos factos para garantir que as informa\u00e7\u00f5es s\u00e3o fi\u00e1veis e verdadeiras. Correc\u00e7\u00f5es: Se forem identificados erros, estes ser\u00e3o imediatamente corrigidos<\/p>","protected":false},"author":1,"featured_media":0,"parent":207,"menu_order":0,"comment_status":"closed","ping_status":"closed","template":"","meta":{"footnotes":""},"class_list":["post-12597","page","type-page","status-publish","hentry"],"yoast_head":"<!-- This site is optimized with the Yoast SEO plugin v27.3 - https:\/\/yoast.com\/product\/yoast-seo-wordpress\/ -->\n<title>Code of Ethics | DailyAI<\/title>\n<meta name=\"robots\" content=\"index, follow, max-snippet:-1, max-image-preview:large, max-video-preview:-1\" \/>\n<link rel=\"canonical\" href=\"https:\/\/dailyai.com\/pt\/about\/code-of-ethics\/\" \/>\n<meta property=\"og:locale\" content=\"pt_PT\" \/>\n<meta property=\"og:type\" content=\"article\" \/>\n<meta property=\"og:title\" content=\"Code of Ethics | DailyAI\" \/>\n<meta property=\"og:description\" content=\"Last updated: 27\/05\/2024 At DailyAI, our mission is to simplify the world of Artificial Intelligence (AI) by providing clear and engaging insights. As an AI news site, we are committed to maintaining the highest standards of integrity, accuracy, and responsibility. This Code of Ethics outlines the principles and guidelines that govern our content creation, editorial processes, and interactions with our audience. Core Principles 1. Accuracy and Truthfulness Fact-Checking: We prioritize accuracy in all our content. Every article, interview, and review undergoes rigorous fact-checking to ensure the information is reliable and truthful. Corrections: If errors are identified, we promptly correct them\" \/>\n<meta property=\"og:url\" content=\"https:\/\/dailyai.com\/pt\/about\/code-of-ethics\/\" \/>\n<meta property=\"og:site_name\" content=\"DailyAI\" \/>\n<meta name=\"twitter:card\" content=\"summary_large_image\" \/>\n<meta name=\"twitter:site\" content=\"@DailyAIOfficial\" \/>\n<meta name=\"twitter:label1\" content=\"Tempo estimado de leitura\" \/>\n\t<meta name=\"twitter:data1\" content=\"4 minutos\" \/>\n<script type=\"application\/ld+json\" class=\"yoast-schema-graph\">{\"@context\":\"https:\\\/\\\/schema.org\",\"@graph\":[{\"@type\":\"Article\",\"@id\":\"https:\\\/\\\/dailyai.com\\\/about\\\/code-of-ethics\\\/#article\",\"isPartOf\":{\"@id\":\"https:\\\/\\\/dailyai.com\\\/about\\\/code-of-ethics\\\/\"},\"author\":{\"name\":\"DailyAI\",\"@id\":\"https:\\\/\\\/dailyai.com\\\/#\\\/schema\\\/person\\\/5238bb16667080993f51f7fba82ad6c6\"},\"headline\":\"Code of Ethics\",\"datePublished\":\"2024-05-27T21:18:42+00:00\",\"mainEntityOfPage\":{\"@id\":\"https:\\\/\\\/dailyai.com\\\/about\\\/code-of-ethics\\\/\"},\"wordCount\":810,\"publisher\":{\"@id\":\"https:\\\/\\\/dailyai.com\\\/#organization\"},\"inLanguage\":\"pt-PT\"},{\"@type\":\"WebPage\",\"@id\":\"https:\\\/\\\/dailyai.com\\\/about\\\/code-of-ethics\\\/\",\"url\":\"https:\\\/\\\/dailyai.com\\\/about\\\/code-of-ethics\\\/\",\"name\":\"Code of Ethics | DailyAI\",\"isPartOf\":{\"@id\":\"https:\\\/\\\/dailyai.com\\\/#website\"},\"datePublished\":\"2024-05-27T21:18:42+00:00\",\"breadcrumb\":{\"@id\":\"https:\\\/\\\/dailyai.com\\\/about\\\/code-of-ethics\\\/#breadcrumb\"},\"inLanguage\":\"pt-PT\",\"potentialAction\":[{\"@type\":\"ReadAction\",\"target\":[\"https:\\\/\\\/dailyai.com\\\/about\\\/code-of-ethics\\\/\"]}]},{\"@type\":\"BreadcrumbList\",\"@id\":\"https:\\\/\\\/dailyai.com\\\/about\\\/code-of-ethics\\\/#breadcrumb\",\"itemListElement\":[{\"@type\":\"ListItem\",\"position\":1,\"name\":\"Home\",\"item\":\"https:\\\/\\\/dailyai.com\\\/\"},{\"@type\":\"ListItem\",\"position\":2,\"name\":\"About\",\"item\":\"https:\\\/\\\/dailyai.com\\\/about\\\/\"},{\"@type\":\"ListItem\",\"position\":3,\"name\":\"Code of Ethics\"}]},{\"@type\":\"WebSite\",\"@id\":\"https:\\\/\\\/dailyai.com\\\/#website\",\"url\":\"https:\\\/\\\/dailyai.com\\\/\",\"name\":\"DailyAI\",\"description\":\"Your Daily Dose of AI News\",\"publisher\":{\"@id\":\"https:\\\/\\\/dailyai.com\\\/#organization\"},\"potentialAction\":[{\"@type\":\"SearchAction\",\"target\":{\"@type\":\"EntryPoint\",\"urlTemplate\":\"https:\\\/\\\/dailyai.com\\\/?s={search_term_string}\"},\"query-input\":{\"@type\":\"PropertyValueSpecification\",\"valueRequired\":true,\"valueName\":\"search_term_string\"}}],\"inLanguage\":\"pt-PT\"},{\"@type\":\"Organization\",\"@id\":\"https:\\\/\\\/dailyai.com\\\/#organization\",\"name\":\"DailyAI\",\"url\":\"https:\\\/\\\/dailyai.com\\\/\",\"logo\":{\"@type\":\"ImageObject\",\"inLanguage\":\"pt-PT\",\"@id\":\"https:\\\/\\\/dailyai.com\\\/#\\\/schema\\\/logo\\\/image\\\/\",\"url\":\"https:\\\/\\\/dailyai.com\\\/wp-content\\\/uploads\\\/2023\\\/06\\\/Daily-Ai_TL_colour.png\",\"contentUrl\":\"https:\\\/\\\/dailyai.com\\\/wp-content\\\/uploads\\\/2023\\\/06\\\/Daily-Ai_TL_colour.png\",\"width\":4501,\"height\":934,\"caption\":\"DailyAI\"},\"image\":{\"@id\":\"https:\\\/\\\/dailyai.com\\\/#\\\/schema\\\/logo\\\/image\\\/\"},\"sameAs\":[\"https:\\\/\\\/x.com\\\/DailyAIOfficial\",\"https:\\\/\\\/www.linkedin.com\\\/company\\\/dailyaiofficial\\\/\",\"https:\\\/\\\/www.youtube.com\\\/@DailyAIOfficial\"]},{\"@type\":\"Person\",\"@id\":\"https:\\\/\\\/dailyai.com\\\/#\\\/schema\\\/person\\\/5238bb16667080993f51f7fba82ad6c6\",\"name\":\"DailyAI\",\"image\":{\"@type\":\"ImageObject\",\"inLanguage\":\"pt-PT\",\"@id\":\"https:\\\/\\\/secure.gravatar.com\\\/avatar\\\/c6af4019f5ca26871821f9d810a73765e1e0ff69f4f973af5fe81683959b2a2c?s=96&d=robohash&r=g\",\"url\":\"https:\\\/\\\/secure.gravatar.com\\\/avatar\\\/c6af4019f5ca26871821f9d810a73765e1e0ff69f4f973af5fe81683959b2a2c?s=96&d=robohash&r=g\",\"contentUrl\":\"https:\\\/\\\/secure.gravatar.com\\\/avatar\\\/c6af4019f5ca26871821f9d810a73765e1e0ff69f4f973af5fe81683959b2a2c?s=96&d=robohash&r=g\",\"caption\":\"DailyAI\"},\"description\":\"Your go-to destination for all things AI. We are dedicated to providing easy to understand and accessible news, updates, reviews, and features on the ever-evolving AI industry. Stay informed as we unravel the latest advancements, breakthroughs, and trends shaping the world of AI.\",\"sameAs\":[\"https:\\\/\\\/dailyai.com\"],\"url\":\"https:\\\/\\\/dailyai.com\\\/pt\\\/author\\\/atech\\\/\"}]}<\/script>\n<!-- \/ Yoast SEO plugin. -->","yoast_head_json":{"title":"C\u00f3digo de \u00c9tica | DailyAI","robots":{"index":"index","follow":"follow","max-snippet":"max-snippet:-1","max-image-preview":"max-image-preview:large","max-video-preview":"max-video-preview:-1"},"canonical":"https:\/\/dailyai.com\/pt\/about\/code-of-ethics\/","og_locale":"pt_PT","og_type":"article","og_title":"Code of Ethics | DailyAI","og_description":"Last updated: 27\/05\/2024 At DailyAI, our mission is to simplify the world of Artificial Intelligence (AI) by providing clear and engaging insights. As an AI news site, we are committed to maintaining the highest standards of integrity, accuracy, and responsibility. This Code of Ethics outlines the principles and guidelines that govern our content creation, editorial processes, and interactions with our audience. Core Principles 1. Accuracy and Truthfulness Fact-Checking: We prioritize accuracy in all our content. Every article, interview, and review undergoes rigorous fact-checking to ensure the information is reliable and truthful. Corrections: If errors are identified, we promptly correct them","og_url":"https:\/\/dailyai.com\/pt\/about\/code-of-ethics\/","og_site_name":"DailyAI","twitter_card":"summary_large_image","twitter_site":"@DailyAIOfficial","twitter_misc":{"Tempo estimado de leitura":"4 minutos"},"schema":{"@context":"https:\/\/schema.org","@graph":[{"@type":"Article","@id":"https:\/\/dailyai.com\/about\/code-of-ethics\/#article","isPartOf":{"@id":"https:\/\/dailyai.com\/about\/code-of-ethics\/"},"author":{"name":"DailyAI","@id":"https:\/\/dailyai.com\/#\/schema\/person\/5238bb16667080993f51f7fba82ad6c6"},"headline":"Code of Ethics","datePublished":"2024-05-27T21:18:42+00:00","mainEntityOfPage":{"@id":"https:\/\/dailyai.com\/about\/code-of-ethics\/"},"wordCount":810,"publisher":{"@id":"https:\/\/dailyai.com\/#organization"},"inLanguage":"pt-PT"},{"@type":"WebPage","@id":"https:\/\/dailyai.com\/about\/code-of-ethics\/","url":"https:\/\/dailyai.com\/about\/code-of-ethics\/","name":"C\u00f3digo de \u00c9tica | DailyAI","isPartOf":{"@id":"https:\/\/dailyai.com\/#website"},"datePublished":"2024-05-27T21:18:42+00:00","breadcrumb":{"@id":"https:\/\/dailyai.com\/about\/code-of-ethics\/#breadcrumb"},"inLanguage":"pt-PT","potentialAction":[{"@type":"ReadAction","target":["https:\/\/dailyai.com\/about\/code-of-ethics\/"]}]},{"@type":"BreadcrumbList","@id":"https:\/\/dailyai.com\/about\/code-of-ethics\/#breadcrumb","itemListElement":[{"@type":"ListItem","position":1,"name":"Home","item":"https:\/\/dailyai.com\/"},{"@type":"ListItem","position":2,"name":"About","item":"https:\/\/dailyai.com\/about\/"},{"@type":"ListItem","position":3,"name":"Code of Ethics"}]},{"@type":"WebSite","@id":"https:\/\/dailyai.com\/#website","url":"https:\/\/dailyai.com\/","name":"DailyAI","description":"A sua dose di\u00e1ria de not\u00edcias sobre IA","publisher":{"@id":"https:\/\/dailyai.com\/#organization"},"potentialAction":[{"@type":"SearchAction","target":{"@type":"EntryPoint","urlTemplate":"https:\/\/dailyai.com\/?s={search_term_string}"},"query-input":{"@type":"PropertyValueSpecification","valueRequired":true,"valueName":"search_term_string"}}],"inLanguage":"pt-PT"},{"@type":"Organization","@id":"https:\/\/dailyai.com\/#organization","name":"DailyAI","url":"https:\/\/dailyai.com\/","logo":{"@type":"ImageObject","inLanguage":"pt-PT","@id":"https:\/\/dailyai.com\/#\/schema\/logo\/image\/","url":"https:\/\/dailyai.com\/wp-content\/uploads\/2023\/06\/Daily-Ai_TL_colour.png","contentUrl":"https:\/\/dailyai.com\/wp-content\/uploads\/2023\/06\/Daily-Ai_TL_colour.png","width":4501,"height":934,"caption":"DailyAI"},"image":{"@id":"https:\/\/dailyai.com\/#\/schema\/logo\/image\/"},"sameAs":["https:\/\/x.com\/DailyAIOfficial","https:\/\/www.linkedin.com\/company\/dailyaiofficial\/","https:\/\/www.youtube.com\/@DailyAIOfficial"]},{"@type":"Person","@id":"https:\/\/dailyai.com\/#\/schema\/person\/5238bb16667080993f51f7fba82ad6c6","name":"DailyAI","image":{"@type":"ImageObject","inLanguage":"pt-PT","@id":"https:\/\/secure.gravatar.com\/avatar\/c6af4019f5ca26871821f9d810a73765e1e0ff69f4f973af5fe81683959b2a2c?s=96&d=robohash&r=g","url":"https:\/\/secure.gravatar.com\/avatar\/c6af4019f5ca26871821f9d810a73765e1e0ff69f4f973af5fe81683959b2a2c?s=96&d=robohash&r=g","contentUrl":"https:\/\/secure.gravatar.com\/avatar\/c6af4019f5ca26871821f9d810a73765e1e0ff69f4f973af5fe81683959b2a2c?s=96&d=robohash&r=g","caption":"DailyAI"},"description":"O seu destino para tudo o que diz respeito \u00e0 IA. Dedicamo-nos a fornecer not\u00edcias, actualiza\u00e7\u00f5es, an\u00e1lises e caracter\u00edsticas f\u00e1ceis de compreender e acess\u00edveis sobre a ind\u00fastria de IA em constante evolu\u00e7\u00e3o. Mantenha-se informado \u00e0 medida que desvendamos os \u00faltimos avan\u00e7os, descobertas e tend\u00eancias que moldam o mundo da IA.","sameAs":["https:\/\/dailyai.com"],"url":"https:\/\/dailyai.com\/pt\/author\/atech\/"}]}},"_links":{"self":[{"href":"https:\/\/dailyai.com\/pt\/wp-json\/wp\/v2\/pages\/12597","targetHints":{"allow":["GET"]}}],"collection":[{"href":"https:\/\/dailyai.com\/pt\/wp-json\/wp\/v2\/pages"}],"about":[{"href":"https:\/\/dailyai.com\/pt\/wp-json\/wp\/v2\/types\/page"}],"author":[{"embeddable":true,"href":"https:\/\/dailyai.com\/pt\/wp-json\/wp\/v2\/users\/1"}],"replies":[{"embeddable":true,"href":"https:\/\/dailyai.com\/pt\/wp-json\/wp\/v2\/comments?post=12597"}],"version-history":[{"count":2,"href":"https:\/\/dailyai.com\/pt\/wp-json\/wp\/v2\/pages\/12597\/revisions"}],"predecessor-version":[{"id":12599,"href":"https:\/\/dailyai.com\/pt\/wp-json\/wp\/v2\/pages\/12597\/revisions\/12599"}],"up":[{"embeddable":true,"href":"https:\/\/dailyai.com\/pt\/wp-json\/wp\/v2\/pages\/207"}],"wp:attachment":[{"href":"https:\/\/dailyai.com\/pt\/wp-json\/wp\/v2\/media?parent=12597"}],"curies":[{"name":"wp","href":"https:\/\/api.w.org\/{rel}","templated":true}]}}