{"id":12465,"date":"2024-05-27T21:18:26","date_gmt":"2024-05-27T21:18:26","guid":{"rendered":"https:\/\/dailyai.com\/?page_id=12465"},"modified":"2024-05-27T21:18:26","modified_gmt":"2024-05-27T21:18:26","slug":"editorial-policy","status":"publish","type":"page","link":"https:\/\/dailyai.com\/pt\/about\/editorial-policy\/","title":{"rendered":"Pol\u00edtica editorial"},"content":{"rendered":"<p>\u00daltima atualiza\u00e7\u00e3o: 21\/05\/2024<\/p>\n<p>&nbsp;<\/p>\n<h3 style=\"font-size: 1em;\">A Pol\u00edtica Editorial do DailyAI aplica-se a todo o nosso conte\u00fado.<\/h2>\n<ol>\n<li style=\"font-weight: 400;\" aria-level=\"1\"><span style=\"font-weight: 400;\">Reportagem objetiva: O nosso s\u00edtio Web de not\u00edcias est\u00e1 empenhado em fornecer relat\u00f3rios objectivos, precisos e imparciais sobre as tecnologias de intelig\u00eancia artificial (IA) e os seus impactos. Esfor\u00e7amo-nos por apresentar a informa\u00e7\u00e3o de uma forma justa e equilibrada, evitando o sensacionalismo ou a parcialidade.<\/span><\/li>\n<li style=\"font-weight: 400;\" aria-level=\"1\"><span style=\"font-weight: 400;\">Transpar\u00eancia: Damos prioridade \u00e0 transpar\u00eancia no nosso processo de informa\u00e7\u00e3o. Divulgamos as fontes de informa\u00e7\u00e3o, fornecemos contexto para t\u00f3picos complexos e diferenciamos claramente entre reportagens factuais e artigos de opini\u00e3o. As correc\u00e7\u00f5es e actualiza\u00e7\u00f5es s\u00e3o prontamente emitidas quando s\u00e3o identificados erros.<\/span><\/li>\n<li style=\"font-weight: 400;\" aria-level=\"1\"><span style=\"font-weight: 400;\">Considera\u00e7\u00f5es \u00e9ticas: Reconhecemos as implica\u00e7\u00f5es \u00e9ticas das tecnologias de IA e os seus potenciais impactos sociais. Os nossos relat\u00f3rios t\u00eam em conta quest\u00f5es como a privacidade dos dados, o enviesamento algor\u00edtmico, a automatiza\u00e7\u00e3o de empregos e o desenvolvimento \u00e9tico da IA. O nosso objetivo \u00e9 promover discuss\u00f5es informadas sobre estes t\u00f3picos, ao mesmo tempo que defendemos padr\u00f5es \u00e9ticos nas nossas pr\u00f3prias pr\u00e1ticas.<\/span><\/li>\n<li style=\"font-weight: 400;\" aria-level=\"1\"><span style=\"font-weight: 400;\">An\u00e1lise de especialistas: Consultamos especialistas na \u00e1rea da intelig\u00eancia artificial, incluindo investigadores, acad\u00e9micos, profissionais da ind\u00fastria e especialistas em \u00e9tica, para fornecer an\u00e1lises informadas e perspectivas sobre os desenvolvimentos relacionados com a IA. Esfor\u00e7amo-nos por apresentar perspectivas e opini\u00f5es diversas para enriquecer a nossa cobertura.<\/span><\/li>\n<li style=\"font-weight: 400;\" aria-level=\"1\"><span style=\"font-weight: 400;\">Conte\u00fado educativo: Para al\u00e9m das not\u00edcias, oferecemos conte\u00fados educativos para ajudar o nosso p\u00fablico a compreender os conceitos, a terminologia e as aplica\u00e7\u00f5es da IA. Isto inclui artigos explicativos, guias e entrevistas com especialistas para desmistificar t\u00f3picos complexos e promover a literacia digital.<\/span><\/li>\n<li style=\"font-weight: 400;\" aria-level=\"1\"><span style=\"font-weight: 400;\">Inova\u00e7\u00e3o e impacto: Destacamos as inova\u00e7\u00f5es na investiga\u00e7\u00e3o, desenvolvimento e implementa\u00e7\u00e3o da IA em v\u00e1rios sectores, incluindo cuidados de sa\u00fade, finan\u00e7as, transportes e educa\u00e7\u00e3o. Os nossos relat\u00f3rios centram-se nos potenciais impactos positivos das tecnologias de IA, reconhecendo e examinando criticamente os potenciais riscos e desafios.<\/span><\/li>\n<li style=\"font-weight: 400;\" aria-level=\"1\"><span style=\"font-weight: 400;\">Perspetiva global: Fazemos a cobertura de not\u00edcias e desenvolvimentos relacionados com a IA numa perspetiva global, reconhecendo as diversas aplica\u00e7\u00f5es e implica\u00e7\u00f5es das tecnologias de IA em diferentes regi\u00f5es e culturas. Esfor\u00e7amo-nos por evitar preconceitos culturais e garantir que as nossas reportagens s\u00e3o relevantes e acess\u00edveis a um p\u00fablico mundial.<\/span><\/li>\n<li style=\"font-weight: 400;\" aria-level=\"1\"><span style=\"font-weight: 400;\">Envolvimento da comunidade: Incentivamos o envolvimento da comunidade e o di\u00e1logo sobre t\u00f3picos relacionados com a IA atrav\u00e9s de sec\u00e7\u00f5es de coment\u00e1rios, canais de redes sociais e funcionalidades interactivas. Valorizamos o feedback do nosso p\u00fablico e procuramos ativamente incorporar as suas perspectivas e preocupa\u00e7\u00f5es nos nossos relat\u00f3rios.<\/span><\/li>\n<li style=\"font-weight: 400;\" aria-level=\"1\"><span style=\"font-weight: 400;\">Independ\u00eancia editorial: A nossa equipa editorial trabalha com independ\u00eancia e autonomia, livre de influ\u00eancias ou preconceitos indevidos de anunciantes, patrocinadores ou partes interessadas externas. Mantemos o controlo editorial sobre as decis\u00f5es de conte\u00fado para garantir a integridade e a credibilidade das nossas reportagens.<\/span><\/li>\n<li style=\"font-weight: 400;\" aria-level=\"1\"><span style=\"font-weight: 400;\">Melhoria cont\u00ednua: Estamos empenhados na melhoria cont\u00ednua das nossas pr\u00e1ticas e normas editoriais. Revemos e avaliamos regularmente a nossa cobertura, pol\u00edticas e procedimentos para manter os mais elevados padr\u00f5es de integridade jornal\u00edstica e profissionalismo nas nossas reportagens sobre intelig\u00eancia artificial.<\/span><\/li>\n<\/ol>\n<p><span style=\"font-weight: 400;\">Ao aderir a estas pol\u00edticas editoriais, o nosso objetivo \u00e9 fornecer ao nosso p\u00fablico uma cobertura fi\u00e1vel, perspicaz e estimulante da intelig\u00eancia artificial, que informe, eduque e capacite as pessoas a navegar pelas complexidades deste campo em r\u00e1pida evolu\u00e7\u00e3o.<\/span><\/p>\n<p><b>Como posso contactar a equipa editorial?<\/b><\/p>\n<p><span style=\"font-weight: 400;\">Se tiver mais perguntas sobre o nosso processo editorial ou qualquer outra quest\u00e3o para a equipa, por favor <\/span><a href=\"\/pt\/contact\/\"><span style=\"font-weight: 400;\">contactar-nos<\/span><\/a><span style=\"font-weight: 400;\"> e entraremos em contacto consigo o mais rapidamente poss\u00edvel.<\/span><\/p>\n<p>&nbsp;<\/p>","protected":false},"excerpt":{"rendered":"<p>\u00daltima atualiza\u00e7\u00e3o: 21\/05\/2024 A Pol\u00edtica Editorial do DailyAI aplica-se a todo o nosso conte\u00fado. Reportagem objetiva: O nosso s\u00edtio Web de not\u00edcias est\u00e1 empenhado em fornecer relat\u00f3rios objectivos, precisos e imparciais sobre as tecnologias de intelig\u00eancia artificial (IA) e os seus impactos. Esfor\u00e7amo-nos por apresentar a informa\u00e7\u00e3o de uma forma justa e equilibrada, evitando o sensacionalismo ou a parcialidade. Transpar\u00eancia: Damos prioridade \u00e0 transpar\u00eancia no nosso processo de comunica\u00e7\u00e3o. Divulgamos as fontes de informa\u00e7\u00e3o, fornecemos contexto para t\u00f3picos complexos e diferenciamos claramente entre relat\u00f3rios factuais e artigos de opini\u00e3o. As correc\u00e7\u00f5es e actualiza\u00e7\u00f5es s\u00e3o prontamente emitidas quando s\u00e3o identificados erros. Considera\u00e7\u00f5es \u00e9ticas: Reconhecemos as implica\u00e7\u00f5es \u00e9ticas das tecnologias de IA e<\/p>","protected":false},"author":1,"featured_media":0,"parent":207,"menu_order":0,"comment_status":"closed","ping_status":"closed","template":"","meta":{"footnotes":""},"class_list":["post-12465","page","type-page","status-publish","hentry"],"yoast_head":"<!-- This site is optimized with the Yoast SEO plugin v27.3 - https:\/\/yoast.com\/product\/yoast-seo-wordpress\/ -->\n<title>Editorial Policy | DailyAI<\/title>\n<meta name=\"robots\" content=\"index, follow, max-snippet:-1, max-image-preview:large, max-video-preview:-1\" \/>\n<link rel=\"canonical\" href=\"https:\/\/dailyai.com\/pt\/about\/editorial-policy\/\" \/>\n<meta property=\"og:locale\" content=\"pt_PT\" \/>\n<meta property=\"og:type\" content=\"article\" \/>\n<meta property=\"og:title\" content=\"Editorial Policy | DailyAI\" \/>\n<meta property=\"og:description\" content=\"Last updated: 21\/05\/2024 &nbsp; The Editorial Policy of DailyAI applies to all of our content. Objective Reporting: Our news website is committed to providing objective, accurate, and impartial reporting on artificial intelligence (AI) technologies and their impacts. We strive to present information in a fair and balanced manner, avoiding sensationalism or bias. Transparency: We prioritize transparency in our reporting process. We disclose sources of information, provide context for complex topics, and clearly differentiate between factual reporting and opinion pieces. Corrections and updates are promptly issued when errors are identified. Ethical Considerations: We recognize the ethical implications of AI technologies and\" \/>\n<meta property=\"og:url\" content=\"https:\/\/dailyai.com\/pt\/about\/editorial-policy\/\" \/>\n<meta property=\"og:site_name\" content=\"DailyAI\" \/>\n<meta name=\"twitter:card\" content=\"summary_large_image\" \/>\n<meta name=\"twitter:site\" content=\"@DailyAIOfficial\" \/>\n<meta name=\"twitter:label1\" content=\"Tempo estimado de leitura\" \/>\n\t<meta name=\"twitter:data1\" content=\"3 minutos\" \/>\n<script type=\"application\/ld+json\" class=\"yoast-schema-graph\">{\"@context\":\"https:\\\/\\\/schema.org\",\"@graph\":[{\"@type\":\"Article\",\"@id\":\"https:\\\/\\\/dailyai.com\\\/about\\\/editorial-policy\\\/#article\",\"isPartOf\":{\"@id\":\"https:\\\/\\\/dailyai.com\\\/about\\\/editorial-policy\\\/\"},\"author\":{\"name\":\"DailyAI\",\"@id\":\"https:\\\/\\\/dailyai.com\\\/#\\\/schema\\\/person\\\/5238bb16667080993f51f7fba82ad6c6\"},\"headline\":\"Editorial Policy\",\"datePublished\":\"2024-05-27T21:18:26+00:00\",\"mainEntityOfPage\":{\"@id\":\"https:\\\/\\\/dailyai.com\\\/about\\\/editorial-policy\\\/\"},\"wordCount\":497,\"publisher\":{\"@id\":\"https:\\\/\\\/dailyai.com\\\/#organization\"},\"inLanguage\":\"pt-PT\"},{\"@type\":\"WebPage\",\"@id\":\"https:\\\/\\\/dailyai.com\\\/about\\\/editorial-policy\\\/\",\"url\":\"https:\\\/\\\/dailyai.com\\\/about\\\/editorial-policy\\\/\",\"name\":\"Editorial Policy | DailyAI\",\"isPartOf\":{\"@id\":\"https:\\\/\\\/dailyai.com\\\/#website\"},\"datePublished\":\"2024-05-27T21:18:26+00:00\",\"breadcrumb\":{\"@id\":\"https:\\\/\\\/dailyai.com\\\/about\\\/editorial-policy\\\/#breadcrumb\"},\"inLanguage\":\"pt-PT\",\"potentialAction\":[{\"@type\":\"ReadAction\",\"target\":[\"https:\\\/\\\/dailyai.com\\\/about\\\/editorial-policy\\\/\"]}]},{\"@type\":\"BreadcrumbList\",\"@id\":\"https:\\\/\\\/dailyai.com\\\/about\\\/editorial-policy\\\/#breadcrumb\",\"itemListElement\":[{\"@type\":\"ListItem\",\"position\":1,\"name\":\"Home\",\"item\":\"https:\\\/\\\/dailyai.com\\\/\"},{\"@type\":\"ListItem\",\"position\":2,\"name\":\"About\",\"item\":\"https:\\\/\\\/dailyai.com\\\/about\\\/\"},{\"@type\":\"ListItem\",\"position\":3,\"name\":\"Editorial Policy\"}]},{\"@type\":\"WebSite\",\"@id\":\"https:\\\/\\\/dailyai.com\\\/#website\",\"url\":\"https:\\\/\\\/dailyai.com\\\/\",\"name\":\"DailyAI\",\"description\":\"Your Daily Dose of AI News\",\"publisher\":{\"@id\":\"https:\\\/\\\/dailyai.com\\\/#organization\"},\"potentialAction\":[{\"@type\":\"SearchAction\",\"target\":{\"@type\":\"EntryPoint\",\"urlTemplate\":\"https:\\\/\\\/dailyai.com\\\/?s={search_term_string}\"},\"query-input\":{\"@type\":\"PropertyValueSpecification\",\"valueRequired\":true,\"valueName\":\"search_term_string\"}}],\"inLanguage\":\"pt-PT\"},{\"@type\":\"Organization\",\"@id\":\"https:\\\/\\\/dailyai.com\\\/#organization\",\"name\":\"DailyAI\",\"url\":\"https:\\\/\\\/dailyai.com\\\/\",\"logo\":{\"@type\":\"ImageObject\",\"inLanguage\":\"pt-PT\",\"@id\":\"https:\\\/\\\/dailyai.com\\\/#\\\/schema\\\/logo\\\/image\\\/\",\"url\":\"https:\\\/\\\/dailyai.com\\\/wp-content\\\/uploads\\\/2023\\\/06\\\/Daily-Ai_TL_colour.png\",\"contentUrl\":\"https:\\\/\\\/dailyai.com\\\/wp-content\\\/uploads\\\/2023\\\/06\\\/Daily-Ai_TL_colour.png\",\"width\":4501,\"height\":934,\"caption\":\"DailyAI\"},\"image\":{\"@id\":\"https:\\\/\\\/dailyai.com\\\/#\\\/schema\\\/logo\\\/image\\\/\"},\"sameAs\":[\"https:\\\/\\\/x.com\\\/DailyAIOfficial\",\"https:\\\/\\\/www.linkedin.com\\\/company\\\/dailyaiofficial\\\/\",\"https:\\\/\\\/www.youtube.com\\\/@DailyAIOfficial\"]},{\"@type\":\"Person\",\"@id\":\"https:\\\/\\\/dailyai.com\\\/#\\\/schema\\\/person\\\/5238bb16667080993f51f7fba82ad6c6\",\"name\":\"DailyAI\",\"image\":{\"@type\":\"ImageObject\",\"inLanguage\":\"pt-PT\",\"@id\":\"https:\\\/\\\/secure.gravatar.com\\\/avatar\\\/c6af4019f5ca26871821f9d810a73765e1e0ff69f4f973af5fe81683959b2a2c?s=96&d=robohash&r=g\",\"url\":\"https:\\\/\\\/secure.gravatar.com\\\/avatar\\\/c6af4019f5ca26871821f9d810a73765e1e0ff69f4f973af5fe81683959b2a2c?s=96&d=robohash&r=g\",\"contentUrl\":\"https:\\\/\\\/secure.gravatar.com\\\/avatar\\\/c6af4019f5ca26871821f9d810a73765e1e0ff69f4f973af5fe81683959b2a2c?s=96&d=robohash&r=g\",\"caption\":\"DailyAI\"},\"description\":\"Your go-to destination for all things AI. We are dedicated to providing easy to understand and accessible news, updates, reviews, and features on the ever-evolving AI industry. Stay informed as we unravel the latest advancements, breakthroughs, and trends shaping the world of AI.\",\"sameAs\":[\"https:\\\/\\\/dailyai.com\"],\"url\":\"https:\\\/\\\/dailyai.com\\\/pt\\\/author\\\/atech\\\/\"}]}<\/script>\n<!-- \/ Yoast SEO plugin. -->","yoast_head_json":{"title":"Pol\u00edtica editorial | DailyAI","robots":{"index":"index","follow":"follow","max-snippet":"max-snippet:-1","max-image-preview":"max-image-preview:large","max-video-preview":"max-video-preview:-1"},"canonical":"https:\/\/dailyai.com\/pt\/about\/editorial-policy\/","og_locale":"pt_PT","og_type":"article","og_title":"Editorial Policy | DailyAI","og_description":"Last updated: 21\/05\/2024 &nbsp; The Editorial Policy of DailyAI applies to all of our content. Objective Reporting: Our news website is committed to providing objective, accurate, and impartial reporting on artificial intelligence (AI) technologies and their impacts. We strive to present information in a fair and balanced manner, avoiding sensationalism or bias. Transparency: We prioritize transparency in our reporting process. We disclose sources of information, provide context for complex topics, and clearly differentiate between factual reporting and opinion pieces. Corrections and updates are promptly issued when errors are identified. Ethical Considerations: We recognize the ethical implications of AI technologies and","og_url":"https:\/\/dailyai.com\/pt\/about\/editorial-policy\/","og_site_name":"DailyAI","twitter_card":"summary_large_image","twitter_site":"@DailyAIOfficial","twitter_misc":{"Tempo estimado de leitura":"3 minutos"},"schema":{"@context":"https:\/\/schema.org","@graph":[{"@type":"Article","@id":"https:\/\/dailyai.com\/about\/editorial-policy\/#article","isPartOf":{"@id":"https:\/\/dailyai.com\/about\/editorial-policy\/"},"author":{"name":"DailyAI","@id":"https:\/\/dailyai.com\/#\/schema\/person\/5238bb16667080993f51f7fba82ad6c6"},"headline":"Editorial Policy","datePublished":"2024-05-27T21:18:26+00:00","mainEntityOfPage":{"@id":"https:\/\/dailyai.com\/about\/editorial-policy\/"},"wordCount":497,"publisher":{"@id":"https:\/\/dailyai.com\/#organization"},"inLanguage":"pt-PT"},{"@type":"WebPage","@id":"https:\/\/dailyai.com\/about\/editorial-policy\/","url":"https:\/\/dailyai.com\/about\/editorial-policy\/","name":"Pol\u00edtica editorial | DailyAI","isPartOf":{"@id":"https:\/\/dailyai.com\/#website"},"datePublished":"2024-05-27T21:18:26+00:00","breadcrumb":{"@id":"https:\/\/dailyai.com\/about\/editorial-policy\/#breadcrumb"},"inLanguage":"pt-PT","potentialAction":[{"@type":"ReadAction","target":["https:\/\/dailyai.com\/about\/editorial-policy\/"]}]},{"@type":"BreadcrumbList","@id":"https:\/\/dailyai.com\/about\/editorial-policy\/#breadcrumb","itemListElement":[{"@type":"ListItem","position":1,"name":"Home","item":"https:\/\/dailyai.com\/"},{"@type":"ListItem","position":2,"name":"About","item":"https:\/\/dailyai.com\/about\/"},{"@type":"ListItem","position":3,"name":"Editorial Policy"}]},{"@type":"WebSite","@id":"https:\/\/dailyai.com\/#website","url":"https:\/\/dailyai.com\/","name":"DailyAI","description":"A sua dose di\u00e1ria de not\u00edcias sobre IA","publisher":{"@id":"https:\/\/dailyai.com\/#organization"},"potentialAction":[{"@type":"SearchAction","target":{"@type":"EntryPoint","urlTemplate":"https:\/\/dailyai.com\/?s={search_term_string}"},"query-input":{"@type":"PropertyValueSpecification","valueRequired":true,"valueName":"search_term_string"}}],"inLanguage":"pt-PT"},{"@type":"Organization","@id":"https:\/\/dailyai.com\/#organization","name":"DailyAI","url":"https:\/\/dailyai.com\/","logo":{"@type":"ImageObject","inLanguage":"pt-PT","@id":"https:\/\/dailyai.com\/#\/schema\/logo\/image\/","url":"https:\/\/dailyai.com\/wp-content\/uploads\/2023\/06\/Daily-Ai_TL_colour.png","contentUrl":"https:\/\/dailyai.com\/wp-content\/uploads\/2023\/06\/Daily-Ai_TL_colour.png","width":4501,"height":934,"caption":"DailyAI"},"image":{"@id":"https:\/\/dailyai.com\/#\/schema\/logo\/image\/"},"sameAs":["https:\/\/x.com\/DailyAIOfficial","https:\/\/www.linkedin.com\/company\/dailyaiofficial\/","https:\/\/www.youtube.com\/@DailyAIOfficial"]},{"@type":"Person","@id":"https:\/\/dailyai.com\/#\/schema\/person\/5238bb16667080993f51f7fba82ad6c6","name":"DailyAI","image":{"@type":"ImageObject","inLanguage":"pt-PT","@id":"https:\/\/secure.gravatar.com\/avatar\/c6af4019f5ca26871821f9d810a73765e1e0ff69f4f973af5fe81683959b2a2c?s=96&d=robohash&r=g","url":"https:\/\/secure.gravatar.com\/avatar\/c6af4019f5ca26871821f9d810a73765e1e0ff69f4f973af5fe81683959b2a2c?s=96&d=robohash&r=g","contentUrl":"https:\/\/secure.gravatar.com\/avatar\/c6af4019f5ca26871821f9d810a73765e1e0ff69f4f973af5fe81683959b2a2c?s=96&d=robohash&r=g","caption":"DailyAI"},"description":"O seu destino para tudo o que diz respeito \u00e0 IA. Dedicamo-nos a fornecer not\u00edcias, actualiza\u00e7\u00f5es, an\u00e1lises e caracter\u00edsticas f\u00e1ceis de compreender e acess\u00edveis sobre a ind\u00fastria de IA em constante evolu\u00e7\u00e3o. Mantenha-se informado \u00e0 medida que desvendamos os \u00faltimos avan\u00e7os, descobertas e tend\u00eancias que moldam o mundo da IA.","sameAs":["https:\/\/dailyai.com"],"url":"https:\/\/dailyai.com\/pt\/author\/atech\/"}]}},"_links":{"self":[{"href":"https:\/\/dailyai.com\/pt\/wp-json\/wp\/v2\/pages\/12465","targetHints":{"allow":["GET"]}}],"collection":[{"href":"https:\/\/dailyai.com\/pt\/wp-json\/wp\/v2\/pages"}],"about":[{"href":"https:\/\/dailyai.com\/pt\/wp-json\/wp\/v2\/types\/page"}],"author":[{"embeddable":true,"href":"https:\/\/dailyai.com\/pt\/wp-json\/wp\/v2\/users\/1"}],"replies":[{"embeddable":true,"href":"https:\/\/dailyai.com\/pt\/wp-json\/wp\/v2\/comments?post=12465"}],"version-history":[{"count":3,"href":"https:\/\/dailyai.com\/pt\/wp-json\/wp\/v2\/pages\/12465\/revisions"}],"predecessor-version":[{"id":12468,"href":"https:\/\/dailyai.com\/pt\/wp-json\/wp\/v2\/pages\/12465\/revisions\/12468"}],"up":[{"embeddable":true,"href":"https:\/\/dailyai.com\/pt\/wp-json\/wp\/v2\/pages\/207"}],"wp:attachment":[{"href":"https:\/\/dailyai.com\/pt\/wp-json\/wp\/v2\/media?parent=12465"}],"curies":[{"name":"wp","href":"https:\/\/api.w.org\/{rel}","templated":true}]}}