{"id":12600,"date":"2024-05-27T21:18:23","date_gmt":"2024-05-27T21:18:23","guid":{"rendered":"https:\/\/dailyai.com\/?page_id=12600"},"modified":"2024-05-27T21:18:23","modified_gmt":"2024-05-27T21:18:23","slug":"careers","status":"publish","type":"page","link":"https:\/\/dailyai.com\/nb\/about\/careers\/","title":{"rendered":"Karriere"},"content":{"rendered":"<h2>Karriere hos DailyAI<\/h2>\n<h3>Bli med p\u00e5 v\u00e5rt oppdrag for \u00e5 forenkle AI<\/h3>\n<p>Velkommen til DailyAI, hvor vi forenkler den komplekse verdenen av kunstig intelligens. V\u00e5rt m\u00e5l er \u00e5 gi klar og engasjerende innsikt til alle, fra AI-nybegynnere til etablerte eksperter. Hvis du brenner for kunstig intelligens og \u00f8nsker \u00e5 gj\u00f8re en reell forskjell, inviterer vi deg til \u00e5 utforske karrieremulighetene v\u00e5re.<\/p>\n<h3>Hvorfor jobbe hos DailyAI?<\/h3>\n<p>DailyAI tilbyr en unik plattform for \u00e5 bidra til den raskt utviklende AI-bransjen. Innholdet v\u00e5rt spenner over nyheter, aktualiteter, intervjuer, meninger, produktanmeldelser og hurtigbiblioteker, noe som gir teamet v\u00e5rt et helhetlig syn p\u00e5 AI-landskapet. Her er hvorfor du b\u00f8r vurdere \u00e5 bli en del av oss:<\/p>\n<ul>\n<li><strong>Innovativt milj\u00f8<\/strong>: Som et initiativ fra Intelliquence, et fremtidsrettet digitalt medieselskap med base i London, fremmer vi en kultur preget av innovasjon og kontinuerlig l\u00e6ring.<\/li>\n<li><strong>Ekspertteam<\/strong>: Jobb sammen med bransjeeksperter som er dedikert til \u00e5 avkode og avmystifisere AI.<\/li>\n<li><strong>Dynamisk innhold<\/strong>: Bli en del av et team som skaper variert og engasjerende innhold, og gj\u00f8r AI tilgjengelig for alle.<\/li>\n<li><strong>Fleksibelt arbeid<\/strong>: Vi forst\u00e5r viktigheten av balanse mellom arbeid og fritid og tilbyr fleksible arbeidsordninger for \u00e5 st\u00f8tte de ansattes ulike behov og livsstiler.<\/li>\n<\/ul>\n<h3>V\u00e5re verdier<\/h3>\n<p>Hos DailyAI er det verdiene v\u00e5re som veileder oss i arbeidet med \u00e5 n\u00e5 dette m\u00e5let, og som former kulturen p\u00e5 arbeidsplassen v\u00e5r. Her er noen av kjerneverdiene v\u00e5re:<\/p>\n<ul>\n<li><strong>Integritet:<\/strong> Vi prioriterer sannferdighet og n\u00f8yaktighet i alt arbeidet v\u00e5rt, noe som sikrer p\u00e5litelig og troverdig innhold. Vi tror p\u00e5 \u00e5 gj\u00f8re det rette, alltid.<\/li>\n<li><strong>Rettferdighet og upartiskhet:<\/strong> Vi er opptatt av \u00e5 rapportere balansert, presentere ulike perspektiver og eliminere fordommer for \u00e5 opprettholde en objektiv holdning.<\/li>\n<li><strong>\u00c5penhet:<\/strong> \u00c5penhet og \u00e6rlighet er kjernen i v\u00e5r virksomhet. Vi oppgir tydelig kildehenvisning og opprettholder v\u00e5r redaksjonelle uavhengighet.<\/li>\n<li><strong>Ansvarlighet:<\/strong> Vi tar ansvar for v\u00e5rt innhold og v\u00e5re handlinger, og vi s\u00f8ker aktivt tilbakemeldinger for \u00e5 forbedre v\u00e5r praksis og opprettholde en h\u00f8y standard.<\/li>\n<li><strong>Respekt:<\/strong> Vi skaper en respektfull og inkluderende arbeidsplass der vi oppmuntrer til ulike synspunkter, og der alle teammedlemmer blir verdsatt.<\/li>\n<li><strong>Inkludering og mangfold:<\/strong> Vi hyller mangfoldet og er opptatt av like muligheter for alle, noe som sikrer et innbydende og st\u00f8ttende milj\u00f8.<\/li>\n<\/ul>\n<p>N\u00e5r du blir en del av DailyAI, blir du en del av et team som verdsetter integritet, respekt og innovasjon. Sammen gj\u00f8r vi forst\u00e5elsen av AI tilgjengelig for alle.<\/p>\n<p>For mer detaljert informasjon, vennligst se v\u00e5r <a href=\"https:\/\/chatgpt.com\/#\" target=\"_new\" rel=\"noreferrer noopener\">Etiske retningslinjer<\/a>.<\/p>\n<h3>Aktuelle muligheter<\/h3>\n<p>Vi er alltid p\u00e5 utkikk etter talentfulle personer som deler v\u00e5r lidenskap for AI. V\u00e5re n\u00e5v\u00e6rende ledige stillinger inkluderer:<\/p>\n<ul>\n<li><strong>AI-innholdsforfatter<\/strong>: Lag engasjerende artikler, intervjuer og debattinnlegg om det siste innen AI.<\/li>\n<\/ul>\n<h3>Hvordan s\u00f8ke<\/h3>\n<p>Hvis du er spent p\u00e5 muligheten til \u00e5 jobbe med oss, vil vi gjerne h\u00f8re fra deg. Send CV-en din og et f\u00f8lgebrev der du beskriver din erfaring og hvorfor du \u00f8nsker \u00e5 bli en del av DailyAI til <a href=\"mailto:contact@dailyai.com\">contact@dailyai.com<\/a>.<\/p>","protected":false},"excerpt":{"rendered":"<p>Karriere hos DailyAI Bli med p\u00e5 v\u00e5rt oppdrag om \u00e5 forenkle AI Velkommen til DailyAI, hvor vi forenkler den komplekse verdenen av kunstig intelligens. V\u00e5rt oppdrag er \u00e5 gi klar og engasjerende innsikt til alle, fra AI-nybegynnere til etablerte eksperter. Hvis du brenner for kunstig intelligens og \u00f8nsker \u00e5 gj\u00f8re en reell forskjell, inviterer vi deg til \u00e5 utforske karrieremulighetene v\u00e5re. Hvorfor jobbe hos DailyAI? DailyAI tilbyr en unik plattform for \u00e5 bidra til den raskt utviklende AI-bransjen. Innholdet v\u00e5rt spenner over nyheter, aktualiteter, intervjuer, meninger, produktanmeldelser og hurtigbiblioteker, noe som gir teamet v\u00e5rt et helhetlig syn p\u00e5 AI-landskapet. Her er hvorfor<\/p>","protected":false},"author":1,"featured_media":0,"parent":207,"menu_order":0,"comment_status":"closed","ping_status":"closed","template":"","meta":{"footnotes":""},"class_list":["post-12600","page","type-page","status-publish","hentry"],"yoast_head":"<!-- This site is optimized with the Yoast SEO plugin v27.4 - https:\/\/yoast.com\/product\/yoast-seo-wordpress\/ -->\n<title>Careers | DailyAI<\/title>\n<meta name=\"robots\" content=\"index, follow, max-snippet:-1, max-image-preview:large, max-video-preview:-1\" \/>\n<link rel=\"canonical\" href=\"https:\/\/dailyai.com\/nb\/about\/careers\/\" \/>\n<meta property=\"og:locale\" content=\"nb_NO\" \/>\n<meta property=\"og:type\" content=\"article\" \/>\n<meta property=\"og:title\" content=\"Careers | DailyAI\" \/>\n<meta property=\"og:description\" content=\"Careers at DailyAI Join Our Mission to Simplify AI Welcome to DailyAI, where we simplify the complex world of Artificial Intelligence. Our mission is to provide clear, engaging insights to everyone, from AI novices to established experts. If you&#8217;re passionate about AI and want to make a real impact, we invite you to explore our career opportunities. Why Work at DailyAI? At DailyAI, we offer a unique platform to contribute to the rapidly evolving AI industry. Our content spans news, current affairs, interviews, opinions, product reviews, and prompt libraries, giving our team a holistic view of AI&#8217;s landscape. Here\u2019s why\" \/>\n<meta property=\"og:url\" content=\"https:\/\/dailyai.com\/nb\/about\/careers\/\" \/>\n<meta property=\"og:site_name\" content=\"DailyAI\" \/>\n<meta name=\"twitter:card\" content=\"summary_large_image\" \/>\n<meta name=\"twitter:site\" content=\"@DailyAIOfficial\" \/>\n<meta name=\"twitter:label1\" content=\"Ansl. lesetid\" \/>\n\t<meta name=\"twitter:data1\" content=\"2 minutter\" \/>\n<script type=\"application\/ld+json\" class=\"yoast-schema-graph\">{\"@context\":\"https:\\\/\\\/schema.org\",\"@graph\":[{\"@type\":\"Article\",\"@id\":\"https:\\\/\\\/dailyai.com\\\/about\\\/careers\\\/#article\",\"isPartOf\":{\"@id\":\"https:\\\/\\\/dailyai.com\\\/about\\\/careers\\\/\"},\"author\":{\"name\":\"DailyAI\",\"@id\":\"https:\\\/\\\/dailyai.com\\\/#\\\/schema\\\/person\\\/5238bb16667080993f51f7fba82ad6c6\"},\"headline\":\"Careers\",\"datePublished\":\"2024-05-27T21:18:23+00:00\",\"mainEntityOfPage\":{\"@id\":\"https:\\\/\\\/dailyai.com\\\/about\\\/careers\\\/\"},\"wordCount\":442,\"publisher\":{\"@id\":\"https:\\\/\\\/dailyai.com\\\/#organization\"},\"inLanguage\":\"nb-NO\"},{\"@type\":\"WebPage\",\"@id\":\"https:\\\/\\\/dailyai.com\\\/about\\\/careers\\\/\",\"url\":\"https:\\\/\\\/dailyai.com\\\/about\\\/careers\\\/\",\"name\":\"Careers | DailyAI\",\"isPartOf\":{\"@id\":\"https:\\\/\\\/dailyai.com\\\/#website\"},\"datePublished\":\"2024-05-27T21:18:23+00:00\",\"breadcrumb\":{\"@id\":\"https:\\\/\\\/dailyai.com\\\/about\\\/careers\\\/#breadcrumb\"},\"inLanguage\":\"nb-NO\",\"potentialAction\":[{\"@type\":\"ReadAction\",\"target\":[\"https:\\\/\\\/dailyai.com\\\/about\\\/careers\\\/\"]}]},{\"@type\":\"BreadcrumbList\",\"@id\":\"https:\\\/\\\/dailyai.com\\\/about\\\/careers\\\/#breadcrumb\",\"itemListElement\":[{\"@type\":\"ListItem\",\"position\":1,\"name\":\"Home\",\"item\":\"https:\\\/\\\/dailyai.com\\\/\"},{\"@type\":\"ListItem\",\"position\":2,\"name\":\"About\",\"item\":\"https:\\\/\\\/dailyai.com\\\/about\\\/\"},{\"@type\":\"ListItem\",\"position\":3,\"name\":\"Careers\"}]},{\"@type\":\"WebSite\",\"@id\":\"https:\\\/\\\/dailyai.com\\\/#website\",\"url\":\"https:\\\/\\\/dailyai.com\\\/\",\"name\":\"DailyAI\",\"description\":\"Your Daily Dose of AI News\",\"publisher\":{\"@id\":\"https:\\\/\\\/dailyai.com\\\/#organization\"},\"potentialAction\":[{\"@type\":\"SearchAction\",\"target\":{\"@type\":\"EntryPoint\",\"urlTemplate\":\"https:\\\/\\\/dailyai.com\\\/?s={search_term_string}\"},\"query-input\":{\"@type\":\"PropertyValueSpecification\",\"valueRequired\":true,\"valueName\":\"search_term_string\"}}],\"inLanguage\":\"nb-NO\"},{\"@type\":\"Organization\",\"@id\":\"https:\\\/\\\/dailyai.com\\\/#organization\",\"name\":\"DailyAI\",\"url\":\"https:\\\/\\\/dailyai.com\\\/\",\"logo\":{\"@type\":\"ImageObject\",\"inLanguage\":\"nb-NO\",\"@id\":\"https:\\\/\\\/dailyai.com\\\/#\\\/schema\\\/logo\\\/image\\\/\",\"url\":\"https:\\\/\\\/dailyai.com\\\/wp-content\\\/uploads\\\/2023\\\/06\\\/Daily-Ai_TL_colour.png\",\"contentUrl\":\"https:\\\/\\\/dailyai.com\\\/wp-content\\\/uploads\\\/2023\\\/06\\\/Daily-Ai_TL_colour.png\",\"width\":4501,\"height\":934,\"caption\":\"DailyAI\"},\"image\":{\"@id\":\"https:\\\/\\\/dailyai.com\\\/#\\\/schema\\\/logo\\\/image\\\/\"},\"sameAs\":[\"https:\\\/\\\/x.com\\\/DailyAIOfficial\",\"https:\\\/\\\/www.linkedin.com\\\/company\\\/dailyaiofficial\\\/\",\"https:\\\/\\\/www.youtube.com\\\/@DailyAIOfficial\"]},{\"@type\":\"Person\",\"@id\":\"https:\\\/\\\/dailyai.com\\\/#\\\/schema\\\/person\\\/5238bb16667080993f51f7fba82ad6c6\",\"name\":\"DailyAI\",\"image\":{\"@type\":\"ImageObject\",\"inLanguage\":\"nb-NO\",\"@id\":\"https:\\\/\\\/secure.gravatar.com\\\/avatar\\\/c6af4019f5ca26871821f9d810a73765e1e0ff69f4f973af5fe81683959b2a2c?s=96&d=robohash&r=g\",\"url\":\"https:\\\/\\\/secure.gravatar.com\\\/avatar\\\/c6af4019f5ca26871821f9d810a73765e1e0ff69f4f973af5fe81683959b2a2c?s=96&d=robohash&r=g\",\"contentUrl\":\"https:\\\/\\\/secure.gravatar.com\\\/avatar\\\/c6af4019f5ca26871821f9d810a73765e1e0ff69f4f973af5fe81683959b2a2c?s=96&d=robohash&r=g\",\"caption\":\"DailyAI\"},\"description\":\"Your go-to destination for all things AI. We are dedicated to providing easy to understand and accessible news, updates, reviews, and features on the ever-evolving AI industry. Stay informed as we unravel the latest advancements, breakthroughs, and trends shaping the world of AI.\",\"sameAs\":[\"https:\\\/\\\/dailyai.com\"],\"url\":\"https:\\\/\\\/dailyai.com\\\/nb\\\/author\\\/atech\\\/\"}]}<\/script>\n<!-- \/ Yoast SEO plugin. -->","yoast_head_json":{"title":"Karriere | DailyAI","robots":{"index":"index","follow":"follow","max-snippet":"max-snippet:-1","max-image-preview":"max-image-preview:large","max-video-preview":"max-video-preview:-1"},"canonical":"https:\/\/dailyai.com\/nb\/about\/careers\/","og_locale":"nb_NO","og_type":"article","og_title":"Careers | DailyAI","og_description":"Careers at DailyAI Join Our Mission to Simplify AI Welcome to DailyAI, where we simplify the complex world of Artificial Intelligence. Our mission is to provide clear, engaging insights to everyone, from AI novices to established experts. If you&#8217;re passionate about AI and want to make a real impact, we invite you to explore our career opportunities. Why Work at DailyAI? At DailyAI, we offer a unique platform to contribute to the rapidly evolving AI industry. Our content spans news, current affairs, interviews, opinions, product reviews, and prompt libraries, giving our team a holistic view of AI&#8217;s landscape. Here\u2019s why","og_url":"https:\/\/dailyai.com\/nb\/about\/careers\/","og_site_name":"DailyAI","twitter_card":"summary_large_image","twitter_site":"@DailyAIOfficial","twitter_misc":{"Ansl. lesetid":"2 minutter"},"schema":{"@context":"https:\/\/schema.org","@graph":[{"@type":"Article","@id":"https:\/\/dailyai.com\/about\/careers\/#article","isPartOf":{"@id":"https:\/\/dailyai.com\/about\/careers\/"},"author":{"name":"DailyAI","@id":"https:\/\/dailyai.com\/#\/schema\/person\/5238bb16667080993f51f7fba82ad6c6"},"headline":"Careers","datePublished":"2024-05-27T21:18:23+00:00","mainEntityOfPage":{"@id":"https:\/\/dailyai.com\/about\/careers\/"},"wordCount":442,"publisher":{"@id":"https:\/\/dailyai.com\/#organization"},"inLanguage":"nb-NO"},{"@type":"WebPage","@id":"https:\/\/dailyai.com\/about\/careers\/","url":"https:\/\/dailyai.com\/about\/careers\/","name":"Karriere | DailyAI","isPartOf":{"@id":"https:\/\/dailyai.com\/#website"},"datePublished":"2024-05-27T21:18:23+00:00","breadcrumb":{"@id":"https:\/\/dailyai.com\/about\/careers\/#breadcrumb"},"inLanguage":"nb-NO","potentialAction":[{"@type":"ReadAction","target":["https:\/\/dailyai.com\/about\/careers\/"]}]},{"@type":"BreadcrumbList","@id":"https:\/\/dailyai.com\/about\/careers\/#breadcrumb","itemListElement":[{"@type":"ListItem","position":1,"name":"Home","item":"https:\/\/dailyai.com\/"},{"@type":"ListItem","position":2,"name":"About","item":"https:\/\/dailyai.com\/about\/"},{"@type":"ListItem","position":3,"name":"Careers"}]},{"@type":"WebSite","@id":"https:\/\/dailyai.com\/#website","url":"https:\/\/dailyai.com\/","name":"DagligAI","description":"Din daglige dose med AI-nyheter","publisher":{"@id":"https:\/\/dailyai.com\/#organization"},"potentialAction":[{"@type":"SearchAction","target":{"@type":"EntryPoint","urlTemplate":"https:\/\/dailyai.com\/?s={search_term_string}"},"query-input":{"@type":"PropertyValueSpecification","valueRequired":true,"valueName":"search_term_string"}}],"inLanguage":"nb-NO"},{"@type":"Organization","@id":"https:\/\/dailyai.com\/#organization","name":"DagligAI","url":"https:\/\/dailyai.com\/","logo":{"@type":"ImageObject","inLanguage":"nb-NO","@id":"https:\/\/dailyai.com\/#\/schema\/logo\/image\/","url":"https:\/\/dailyai.com\/wp-content\/uploads\/2023\/06\/Daily-Ai_TL_colour.png","contentUrl":"https:\/\/dailyai.com\/wp-content\/uploads\/2023\/06\/Daily-Ai_TL_colour.png","width":4501,"height":934,"caption":"DailyAI"},"image":{"@id":"https:\/\/dailyai.com\/#\/schema\/logo\/image\/"},"sameAs":["https:\/\/x.com\/DailyAIOfficial","https:\/\/www.linkedin.com\/company\/dailyaiofficial\/","https:\/\/www.youtube.com\/@DailyAIOfficial"]},{"@type":"Person","@id":"https:\/\/dailyai.com\/#\/schema\/person\/5238bb16667080993f51f7fba82ad6c6","name":"DagligAI","image":{"@type":"ImageObject","inLanguage":"nb-NO","@id":"https:\/\/secure.gravatar.com\/avatar\/c6af4019f5ca26871821f9d810a73765e1e0ff69f4f973af5fe81683959b2a2c?s=96&d=robohash&r=g","url":"https:\/\/secure.gravatar.com\/avatar\/c6af4019f5ca26871821f9d810a73765e1e0ff69f4f973af5fe81683959b2a2c?s=96&d=robohash&r=g","contentUrl":"https:\/\/secure.gravatar.com\/avatar\/c6af4019f5ca26871821f9d810a73765e1e0ff69f4f973af5fe81683959b2a2c?s=96&d=robohash&r=g","caption":"DailyAI"},"description":"Din destinasjon for alt som har med AI \u00e5 gj\u00f8re. Vi er dedikert til \u00e5 levere lettfattelige og tilgjengelige nyheter, oppdateringer, anmeldelser og reportasjer om den stadig utviklende AI-bransjen. Hold deg informert om de siste fremskrittene, gjennombruddene og trendene som former AI-verdenen.","sameAs":["https:\/\/dailyai.com"],"url":"https:\/\/dailyai.com\/nb\/author\/atech\/"}]}},"_links":{"self":[{"href":"https:\/\/dailyai.com\/nb\/wp-json\/wp\/v2\/pages\/12600","targetHints":{"allow":["GET"]}}],"collection":[{"href":"https:\/\/dailyai.com\/nb\/wp-json\/wp\/v2\/pages"}],"about":[{"href":"https:\/\/dailyai.com\/nb\/wp-json\/wp\/v2\/types\/page"}],"author":[{"embeddable":true,"href":"https:\/\/dailyai.com\/nb\/wp-json\/wp\/v2\/users\/1"}],"replies":[{"embeddable":true,"href":"https:\/\/dailyai.com\/nb\/wp-json\/wp\/v2\/comments?post=12600"}],"version-history":[{"count":1,"href":"https:\/\/dailyai.com\/nb\/wp-json\/wp\/v2\/pages\/12600\/revisions"}],"predecessor-version":[{"id":12601,"href":"https:\/\/dailyai.com\/nb\/wp-json\/wp\/v2\/pages\/12600\/revisions\/12601"}],"up":[{"embeddable":true,"href":"https:\/\/dailyai.com\/nb\/wp-json\/wp\/v2\/pages\/207"}],"wp:attachment":[{"href":"https:\/\/dailyai.com\/nb\/wp-json\/wp\/v2\/media?parent=12600"}],"curies":[{"name":"wp","href":"https:\/\/api.w.org\/{rel}","templated":true}]}}