{"id":12465,"date":"2024-05-27T21:18:26","date_gmt":"2024-05-27T21:18:26","guid":{"rendered":"https:\/\/dailyai.com\/?page_id=12465"},"modified":"2024-05-27T21:18:26","modified_gmt":"2024-05-27T21:18:26","slug":"editorial-policy","status":"publish","type":"page","link":"https:\/\/dailyai.com\/it\/about\/editorial-policy\/","title":{"rendered":"Politica editoriale"},"content":{"rendered":"<p>Ultimo aggiornamento: 21\/05\/2024<\/p>\n<p>&nbsp;<\/p>\n<h3 style=\"font-size: 1em;\">La politica editoriale di DailyAI si applica a tutti i nostri contenuti.<\/h2>\n<ol>\n<li style=\"font-weight: 400;\" aria-level=\"1\"><span style=\"font-weight: 400;\">Relazioni obiettive: Il nostro sito di notizie si impegna a fornire informazioni obiettive, accurate e imparziali sulle tecnologie di intelligenza artificiale (AI) e sul loro impatto. Ci sforziamo di presentare le informazioni in modo equo ed equilibrato, evitando sensazionalismi o pregiudizi.<\/span><\/li>\n<li style=\"font-weight: 400;\" aria-level=\"1\"><span style=\"font-weight: 400;\">Trasparenza: Diamo priorit\u00e0 alla trasparenza nel nostro processo di informazione. Divulghiamo le fonti delle informazioni, forniamo un contesto per gli argomenti complessi e distinguiamo chiaramente tra i resoconti fattuali e le opinioni. Quando vengono individuati degli errori, vengono prontamente pubblicate correzioni e aggiornamenti.<\/span><\/li>\n<li style=\"font-weight: 400;\" aria-level=\"1\"><span style=\"font-weight: 400;\">Considerazioni etiche: Riconosciamo le implicazioni etiche delle tecnologie AI e il loro potenziale impatto sulla societ\u00e0. Le nostre relazioni tengono conto di questioni quali la privacy dei dati, le distorsioni algoritmiche, l'automazione dei posti di lavoro e lo sviluppo etico dell'IA. Il nostro obiettivo \u00e8 quello di promuovere discussioni informate su questi temi, rispettando al contempo gli standard etici nelle nostre pratiche.<\/span><\/li>\n<li style=\"font-weight: 400;\" aria-level=\"1\"><span style=\"font-weight: 400;\">Analisi di esperti: Consultiamo esperti nel campo dell'intelligenza artificiale, tra cui ricercatori, accademici, professionisti del settore ed etici, per fornire analisi e approfondimenti informati sugli sviluppi legati all'IA. Ci sforziamo di presentare prospettive e opinioni diverse per arricchire la nostra copertura.<\/span><\/li>\n<li style=\"font-weight: 400;\" aria-level=\"1\"><span style=\"font-weight: 400;\">Contenuti educativi: Oltre alle notizie, offriamo contenuti educativi per aiutare il nostro pubblico a comprendere i concetti, la terminologia e le applicazioni dell'IA. Ci\u00f2 include articoli esplicativi, guide e interviste con esperti per demistificare argomenti complessi e promuovere l'alfabetizzazione digitale.<\/span><\/li>\n<li style=\"font-weight: 400;\" aria-level=\"1\"><span style=\"font-weight: 400;\">Innovazione e impatto: Evidenziamo le innovazioni nella ricerca, nello sviluppo e nell'implementazione dell'IA in vari settori, tra cui sanit\u00e0, finanza, trasporti e istruzione. I nostri reportage si concentrano sui potenziali impatti positivi delle tecnologie di IA, riconoscendo ed esaminando criticamente i potenziali rischi e le sfide.<\/span><\/li>\n<li style=\"font-weight: 400;\" aria-level=\"1\"><span style=\"font-weight: 400;\">Prospettiva globale: Forniamo una copertura delle notizie e degli sviluppi relativi all'IA da una prospettiva globale, riconoscendo le diverse applicazioni e implicazioni delle tecnologie dell'IA in regioni e culture diverse. Ci sforziamo di evitare pregiudizi culturali e di garantire che le nostre notizie siano pertinenti e accessibili a un pubblico mondiale.<\/span><\/li>\n<li style=\"font-weight: 400;\" aria-level=\"1\"><span style=\"font-weight: 400;\">Coinvolgimento della comunit\u00e0: Incoraggiamo il coinvolgimento della comunit\u00e0 e il dialogo su argomenti relativi all'IA attraverso sezioni di commenti, canali di social media e funzioni interattive. Apprezziamo il feedback del nostro pubblico e cerchiamo attivamente di incorporare i loro punti di vista e le loro preoccupazioni nelle nostre relazioni.<\/span><\/li>\n<li style=\"font-weight: 400;\" aria-level=\"1\"><span style=\"font-weight: 400;\">Indipendenza editoriale: Il nostro team editoriale opera con indipendenza e autonomia, senza influenze indebite o pregiudizi da parte di inserzionisti, sponsor o stakeholder esterni. Manteniamo il controllo editoriale sulle decisioni relative ai contenuti per garantire l'integrit\u00e0 e la credibilit\u00e0 dei nostri servizi.<\/span><\/li>\n<li style=\"font-weight: 400;\" aria-level=\"1\"><span style=\"font-weight: 400;\">Miglioramento continuo: Ci impegniamo a migliorare continuamente le nostre pratiche e i nostri standard editoriali. Rivediamo e valutiamo regolarmente la nostra copertura, le nostre politiche e le nostre procedure per sostenere i pi\u00f9 alti standard di integrit\u00e0 giornalistica e professionalit\u00e0 nei nostri servizi sull'intelligenza artificiale.<\/span><\/li>\n<\/ol>\n<p><span style=\"font-weight: 400;\">Aderendo a queste politiche editoriali, ci proponiamo di fornire al nostro pubblico una copertura affidabile, perspicace e stimolante dell'intelligenza artificiale che informi, educhi e metta in grado gli individui di navigare nelle complessit\u00e0 di questo campo in rapida evoluzione.<\/span><\/p>\n<p><b>Come posso contattare la redazione?<\/b><\/p>\n<p><span style=\"font-weight: 400;\">Se avete ulteriori domande sul nostro processo editoriale, o qualsiasi altra richiesta per il team, vi invitiamo a <\/span><a href=\"\/it\/contact\/\"><span style=\"font-weight: 400;\">contattateci<\/span><\/a><span style=\"font-weight: 400;\"> e vi risponderemo al pi\u00f9 presto.<\/span><\/p>\n<p>&nbsp;<\/p>","protected":false},"excerpt":{"rendered":"<p>Ultimo aggiornamento: 21\/05\/2024 La politica editoriale di DailyAI si applica a tutti i nostri contenuti. Relazioni obiettive: Il nostro sito di notizie si impegna a fornire informazioni obiettive, accurate e imparziali sulle tecnologie di intelligenza artificiale (AI) e sul loro impatto. Ci sforziamo di presentare le informazioni in modo equo ed equilibrato, evitando sensazionalismi o pregiudizi. Trasparenza: Diamo priorit\u00e0 alla trasparenza nel nostro processo di reporting. Riveliamo le fonti delle informazioni, forniamo un contesto per gli argomenti complessi e distinguiamo chiaramente tra i resoconti fattuali e i pezzi d'opinione. Quando vengono individuati degli errori, vengono prontamente apportate correzioni e aggiornamenti. Considerazioni etiche: Riconosciamo le implicazioni etiche delle tecnologie dell'intelligenza artificiale e delle<\/p>","protected":false},"author":1,"featured_media":0,"parent":207,"menu_order":0,"comment_status":"closed","ping_status":"closed","template":"","meta":{"footnotes":""},"class_list":["post-12465","page","type-page","status-publish","hentry"],"yoast_head":"<!-- This site is optimized with the Yoast SEO plugin v27.4 - https:\/\/yoast.com\/product\/yoast-seo-wordpress\/ -->\n<title>Editorial Policy | DailyAI<\/title>\n<meta name=\"robots\" content=\"index, follow, max-snippet:-1, max-image-preview:large, max-video-preview:-1\" \/>\n<link rel=\"canonical\" href=\"https:\/\/dailyai.com\/it\/about\/editorial-policy\/\" \/>\n<meta property=\"og:locale\" content=\"it_IT\" \/>\n<meta property=\"og:type\" content=\"article\" \/>\n<meta property=\"og:title\" content=\"Editorial Policy | DailyAI\" \/>\n<meta property=\"og:description\" content=\"Last updated: 21\/05\/2024 &nbsp; The Editorial Policy of DailyAI applies to all of our content. Objective Reporting: Our news website is committed to providing objective, accurate, and impartial reporting on artificial intelligence (AI) technologies and their impacts. We strive to present information in a fair and balanced manner, avoiding sensationalism or bias. Transparency: We prioritize transparency in our reporting process. We disclose sources of information, provide context for complex topics, and clearly differentiate between factual reporting and opinion pieces. Corrections and updates are promptly issued when errors are identified. Ethical Considerations: We recognize the ethical implications of AI technologies and\" \/>\n<meta property=\"og:url\" content=\"https:\/\/dailyai.com\/it\/about\/editorial-policy\/\" \/>\n<meta property=\"og:site_name\" content=\"DailyAI\" \/>\n<meta name=\"twitter:card\" content=\"summary_large_image\" \/>\n<meta name=\"twitter:site\" content=\"@DailyAIOfficial\" \/>\n<meta name=\"twitter:label1\" content=\"Tempo di lettura stimato\" \/>\n\t<meta name=\"twitter:data1\" content=\"3 minuti\" \/>\n<script type=\"application\/ld+json\" class=\"yoast-schema-graph\">{\"@context\":\"https:\\\/\\\/schema.org\",\"@graph\":[{\"@type\":\"Article\",\"@id\":\"https:\\\/\\\/dailyai.com\\\/about\\\/editorial-policy\\\/#article\",\"isPartOf\":{\"@id\":\"https:\\\/\\\/dailyai.com\\\/about\\\/editorial-policy\\\/\"},\"author\":{\"name\":\"DailyAI\",\"@id\":\"https:\\\/\\\/dailyai.com\\\/#\\\/schema\\\/person\\\/5238bb16667080993f51f7fba82ad6c6\"},\"headline\":\"Editorial Policy\",\"datePublished\":\"2024-05-27T21:18:26+00:00\",\"mainEntityOfPage\":{\"@id\":\"https:\\\/\\\/dailyai.com\\\/about\\\/editorial-policy\\\/\"},\"wordCount\":497,\"publisher\":{\"@id\":\"https:\\\/\\\/dailyai.com\\\/#organization\"},\"inLanguage\":\"it-IT\"},{\"@type\":\"WebPage\",\"@id\":\"https:\\\/\\\/dailyai.com\\\/about\\\/editorial-policy\\\/\",\"url\":\"https:\\\/\\\/dailyai.com\\\/about\\\/editorial-policy\\\/\",\"name\":\"Editorial Policy | DailyAI\",\"isPartOf\":{\"@id\":\"https:\\\/\\\/dailyai.com\\\/#website\"},\"datePublished\":\"2024-05-27T21:18:26+00:00\",\"breadcrumb\":{\"@id\":\"https:\\\/\\\/dailyai.com\\\/about\\\/editorial-policy\\\/#breadcrumb\"},\"inLanguage\":\"it-IT\",\"potentialAction\":[{\"@type\":\"ReadAction\",\"target\":[\"https:\\\/\\\/dailyai.com\\\/about\\\/editorial-policy\\\/\"]}]},{\"@type\":\"BreadcrumbList\",\"@id\":\"https:\\\/\\\/dailyai.com\\\/about\\\/editorial-policy\\\/#breadcrumb\",\"itemListElement\":[{\"@type\":\"ListItem\",\"position\":1,\"name\":\"Home\",\"item\":\"https:\\\/\\\/dailyai.com\\\/\"},{\"@type\":\"ListItem\",\"position\":2,\"name\":\"About\",\"item\":\"https:\\\/\\\/dailyai.com\\\/about\\\/\"},{\"@type\":\"ListItem\",\"position\":3,\"name\":\"Editorial Policy\"}]},{\"@type\":\"WebSite\",\"@id\":\"https:\\\/\\\/dailyai.com\\\/#website\",\"url\":\"https:\\\/\\\/dailyai.com\\\/\",\"name\":\"DailyAI\",\"description\":\"Your Daily Dose of AI News\",\"publisher\":{\"@id\":\"https:\\\/\\\/dailyai.com\\\/#organization\"},\"potentialAction\":[{\"@type\":\"SearchAction\",\"target\":{\"@type\":\"EntryPoint\",\"urlTemplate\":\"https:\\\/\\\/dailyai.com\\\/?s={search_term_string}\"},\"query-input\":{\"@type\":\"PropertyValueSpecification\",\"valueRequired\":true,\"valueName\":\"search_term_string\"}}],\"inLanguage\":\"it-IT\"},{\"@type\":\"Organization\",\"@id\":\"https:\\\/\\\/dailyai.com\\\/#organization\",\"name\":\"DailyAI\",\"url\":\"https:\\\/\\\/dailyai.com\\\/\",\"logo\":{\"@type\":\"ImageObject\",\"inLanguage\":\"it-IT\",\"@id\":\"https:\\\/\\\/dailyai.com\\\/#\\\/schema\\\/logo\\\/image\\\/\",\"url\":\"https:\\\/\\\/dailyai.com\\\/wp-content\\\/uploads\\\/2023\\\/06\\\/Daily-Ai_TL_colour.png\",\"contentUrl\":\"https:\\\/\\\/dailyai.com\\\/wp-content\\\/uploads\\\/2023\\\/06\\\/Daily-Ai_TL_colour.png\",\"width\":4501,\"height\":934,\"caption\":\"DailyAI\"},\"image\":{\"@id\":\"https:\\\/\\\/dailyai.com\\\/#\\\/schema\\\/logo\\\/image\\\/\"},\"sameAs\":[\"https:\\\/\\\/x.com\\\/DailyAIOfficial\",\"https:\\\/\\\/www.linkedin.com\\\/company\\\/dailyaiofficial\\\/\",\"https:\\\/\\\/www.youtube.com\\\/@DailyAIOfficial\"]},{\"@type\":\"Person\",\"@id\":\"https:\\\/\\\/dailyai.com\\\/#\\\/schema\\\/person\\\/5238bb16667080993f51f7fba82ad6c6\",\"name\":\"DailyAI\",\"image\":{\"@type\":\"ImageObject\",\"inLanguage\":\"it-IT\",\"@id\":\"https:\\\/\\\/secure.gravatar.com\\\/avatar\\\/c6af4019f5ca26871821f9d810a73765e1e0ff69f4f973af5fe81683959b2a2c?s=96&d=robohash&r=g\",\"url\":\"https:\\\/\\\/secure.gravatar.com\\\/avatar\\\/c6af4019f5ca26871821f9d810a73765e1e0ff69f4f973af5fe81683959b2a2c?s=96&d=robohash&r=g\",\"contentUrl\":\"https:\\\/\\\/secure.gravatar.com\\\/avatar\\\/c6af4019f5ca26871821f9d810a73765e1e0ff69f4f973af5fe81683959b2a2c?s=96&d=robohash&r=g\",\"caption\":\"DailyAI\"},\"description\":\"Your go-to destination for all things AI. We are dedicated to providing easy to understand and accessible news, updates, reviews, and features on the ever-evolving AI industry. Stay informed as we unravel the latest advancements, breakthroughs, and trends shaping the world of AI.\",\"sameAs\":[\"https:\\\/\\\/dailyai.com\"],\"url\":\"https:\\\/\\\/dailyai.com\\\/it\\\/author\\\/atech\\\/\"}]}<\/script>\n<!-- \/ Yoast SEO plugin. -->","yoast_head_json":{"title":"Politica editoriale | DailyAI","robots":{"index":"index","follow":"follow","max-snippet":"max-snippet:-1","max-image-preview":"max-image-preview:large","max-video-preview":"max-video-preview:-1"},"canonical":"https:\/\/dailyai.com\/it\/about\/editorial-policy\/","og_locale":"it_IT","og_type":"article","og_title":"Editorial Policy | DailyAI","og_description":"Last updated: 21\/05\/2024 &nbsp; The Editorial Policy of DailyAI applies to all of our content. Objective Reporting: Our news website is committed to providing objective, accurate, and impartial reporting on artificial intelligence (AI) technologies and their impacts. We strive to present information in a fair and balanced manner, avoiding sensationalism or bias. Transparency: We prioritize transparency in our reporting process. We disclose sources of information, provide context for complex topics, and clearly differentiate between factual reporting and opinion pieces. Corrections and updates are promptly issued when errors are identified. Ethical Considerations: We recognize the ethical implications of AI technologies and","og_url":"https:\/\/dailyai.com\/it\/about\/editorial-policy\/","og_site_name":"DailyAI","twitter_card":"summary_large_image","twitter_site":"@DailyAIOfficial","twitter_misc":{"Tempo di lettura stimato":"3 minuti"},"schema":{"@context":"https:\/\/schema.org","@graph":[{"@type":"Article","@id":"https:\/\/dailyai.com\/about\/editorial-policy\/#article","isPartOf":{"@id":"https:\/\/dailyai.com\/about\/editorial-policy\/"},"author":{"name":"DailyAI","@id":"https:\/\/dailyai.com\/#\/schema\/person\/5238bb16667080993f51f7fba82ad6c6"},"headline":"Editorial Policy","datePublished":"2024-05-27T21:18:26+00:00","mainEntityOfPage":{"@id":"https:\/\/dailyai.com\/about\/editorial-policy\/"},"wordCount":497,"publisher":{"@id":"https:\/\/dailyai.com\/#organization"},"inLanguage":"it-IT"},{"@type":"WebPage","@id":"https:\/\/dailyai.com\/about\/editorial-policy\/","url":"https:\/\/dailyai.com\/about\/editorial-policy\/","name":"Politica editoriale | DailyAI","isPartOf":{"@id":"https:\/\/dailyai.com\/#website"},"datePublished":"2024-05-27T21:18:26+00:00","breadcrumb":{"@id":"https:\/\/dailyai.com\/about\/editorial-policy\/#breadcrumb"},"inLanguage":"it-IT","potentialAction":[{"@type":"ReadAction","target":["https:\/\/dailyai.com\/about\/editorial-policy\/"]}]},{"@type":"BreadcrumbList","@id":"https:\/\/dailyai.com\/about\/editorial-policy\/#breadcrumb","itemListElement":[{"@type":"ListItem","position":1,"name":"Home","item":"https:\/\/dailyai.com\/"},{"@type":"ListItem","position":2,"name":"About","item":"https:\/\/dailyai.com\/about\/"},{"@type":"ListItem","position":3,"name":"Editorial Policy"}]},{"@type":"WebSite","@id":"https:\/\/dailyai.com\/#website","url":"https:\/\/dailyai.com\/","name":"DailyAI","description":"La vostra dose quotidiana di notizie sull'intelligenza artificiale","publisher":{"@id":"https:\/\/dailyai.com\/#organization"},"potentialAction":[{"@type":"SearchAction","target":{"@type":"EntryPoint","urlTemplate":"https:\/\/dailyai.com\/?s={search_term_string}"},"query-input":{"@type":"PropertyValueSpecification","valueRequired":true,"valueName":"search_term_string"}}],"inLanguage":"it-IT"},{"@type":"Organization","@id":"https:\/\/dailyai.com\/#organization","name":"DailyAI","url":"https:\/\/dailyai.com\/","logo":{"@type":"ImageObject","inLanguage":"it-IT","@id":"https:\/\/dailyai.com\/#\/schema\/logo\/image\/","url":"https:\/\/dailyai.com\/wp-content\/uploads\/2023\/06\/Daily-Ai_TL_colour.png","contentUrl":"https:\/\/dailyai.com\/wp-content\/uploads\/2023\/06\/Daily-Ai_TL_colour.png","width":4501,"height":934,"caption":"DailyAI"},"image":{"@id":"https:\/\/dailyai.com\/#\/schema\/logo\/image\/"},"sameAs":["https:\/\/x.com\/DailyAIOfficial","https:\/\/www.linkedin.com\/company\/dailyaiofficial\/","https:\/\/www.youtube.com\/@DailyAIOfficial"]},{"@type":"Person","@id":"https:\/\/dailyai.com\/#\/schema\/person\/5238bb16667080993f51f7fba82ad6c6","name":"DailyAI","image":{"@type":"ImageObject","inLanguage":"it-IT","@id":"https:\/\/secure.gravatar.com\/avatar\/c6af4019f5ca26871821f9d810a73765e1e0ff69f4f973af5fe81683959b2a2c?s=96&d=robohash&r=g","url":"https:\/\/secure.gravatar.com\/avatar\/c6af4019f5ca26871821f9d810a73765e1e0ff69f4f973af5fe81683959b2a2c?s=96&d=robohash&r=g","contentUrl":"https:\/\/secure.gravatar.com\/avatar\/c6af4019f5ca26871821f9d810a73765e1e0ff69f4f973af5fe81683959b2a2c?s=96&d=robohash&r=g","caption":"DailyAI"},"description":"Il vostro punto di riferimento per tutto ci\u00f2 che riguarda l'IA. Ci dedichiamo a fornire notizie, aggiornamenti, recensioni e caratteristiche di facile comprensione e accessibilit\u00e0 sul settore dell'IA in continua evoluzione. Rimanete informati mentre vi sveliamo gli ultimi progressi, le scoperte e le tendenze che caratterizzano il mondo dell'IA.","sameAs":["https:\/\/dailyai.com"],"url":"https:\/\/dailyai.com\/it\/author\/atech\/"}]}},"_links":{"self":[{"href":"https:\/\/dailyai.com\/it\/wp-json\/wp\/v2\/pages\/12465","targetHints":{"allow":["GET"]}}],"collection":[{"href":"https:\/\/dailyai.com\/it\/wp-json\/wp\/v2\/pages"}],"about":[{"href":"https:\/\/dailyai.com\/it\/wp-json\/wp\/v2\/types\/page"}],"author":[{"embeddable":true,"href":"https:\/\/dailyai.com\/it\/wp-json\/wp\/v2\/users\/1"}],"replies":[{"embeddable":true,"href":"https:\/\/dailyai.com\/it\/wp-json\/wp\/v2\/comments?post=12465"}],"version-history":[{"count":3,"href":"https:\/\/dailyai.com\/it\/wp-json\/wp\/v2\/pages\/12465\/revisions"}],"predecessor-version":[{"id":12468,"href":"https:\/\/dailyai.com\/it\/wp-json\/wp\/v2\/pages\/12465\/revisions\/12468"}],"up":[{"embeddable":true,"href":"https:\/\/dailyai.com\/it\/wp-json\/wp\/v2\/pages\/207"}],"wp:attachment":[{"href":"https:\/\/dailyai.com\/it\/wp-json\/wp\/v2\/media?parent=12465"}],"curies":[{"name":"wp","href":"https:\/\/api.w.org\/{rel}","templated":true}]}}