{"id":2990,"date":"2023-07-24T08:54:18","date_gmt":"2023-07-24T08:54:18","guid":{"rendered":"https:\/\/dailyai.com\/?page_id=2990"},"modified":"2024-03-28T02:58:51","modified_gmt":"2024-03-28T02:58:51","slug":"prompts","status":"publish","type":"page","link":"https:\/\/dailyai.com\/fr\/prompts\/","title":{"rendered":"Guide de AI"},"content":{"rendered":"","protected":false},"excerpt":{"rendered":"","protected":false},"author":1,"featured_media":0,"parent":0,"menu_order":0,"comment_status":"closed","ping_status":"closed","template":"","meta":{"footnotes":""},"class_list":["post-2990","page","type-page","status-publish","hentry"],"yoast_head":"<!-- This site is optimized with the Yoast SEO plugin v27.4 - https:\/\/yoast.com\/product\/yoast-seo-wordpress\/ -->\n<title>Prompt Guides | DailyAI<\/title>\n<meta name=\"robots\" content=\"noindex, nofollow\" \/>\n<meta property=\"og:locale\" content=\"fr_FR\" \/>\n<meta property=\"og:type\" content=\"article\" \/>\n<meta property=\"og:title\" content=\"Prompt Guides | DailyAI\" \/>\n<meta property=\"og:url\" content=\"https:\/\/dailyai.com\/fr\/prompts\/\" \/>\n<meta property=\"og:site_name\" content=\"DailyAI\" \/>\n<meta property=\"article:modified_time\" content=\"2024-03-28T02:58:51+00:00\" \/>\n<meta name=\"twitter:card\" content=\"summary_large_image\" \/>\n<meta name=\"twitter:site\" content=\"@DailyAIOfficial\" \/>\n<meta name=\"twitter:label1\" content=\"Dur\u00e9e de lecture estim\u00e9e\" \/>\n\t<meta name=\"twitter:data1\" content=\"1 minute\" \/>\n<script type=\"application\/ld+json\" class=\"yoast-schema-graph\">{\"@context\":\"https:\\\/\\\/schema.org\",\"@graph\":[{\"@type\":\"Article\",\"@id\":\"https:\\\/\\\/dailyai.com\\\/prompts\\\/#article\",\"isPartOf\":{\"@id\":\"https:\\\/\\\/dailyai.com\\\/prompts\\\/\"},\"author\":{\"name\":\"DailyAI\",\"@id\":\"https:\\\/\\\/dailyai.com\\\/#\\\/schema\\\/person\\\/5238bb16667080993f51f7fba82ad6c6\"},\"headline\":\"Prompt Guides\",\"datePublished\":\"2023-07-24T08:54:18+00:00\",\"dateModified\":\"2024-03-28T02:58:51+00:00\",\"mainEntityOfPage\":{\"@id\":\"https:\\\/\\\/dailyai.com\\\/prompts\\\/\"},\"wordCount\":2,\"publisher\":{\"@id\":\"https:\\\/\\\/dailyai.com\\\/#organization\"},\"inLanguage\":\"fr-FR\"},{\"@type\":\"WebPage\",\"@id\":\"https:\\\/\\\/dailyai.com\\\/prompts\\\/\",\"url\":\"https:\\\/\\\/dailyai.com\\\/prompts\\\/\",\"name\":\"Prompt Guides | DailyAI\",\"isPartOf\":{\"@id\":\"https:\\\/\\\/dailyai.com\\\/#website\"},\"datePublished\":\"2023-07-24T08:54:18+00:00\",\"dateModified\":\"2024-03-28T02:58:51+00:00\",\"breadcrumb\":{\"@id\":\"https:\\\/\\\/dailyai.com\\\/prompts\\\/#breadcrumb\"},\"inLanguage\":\"fr-FR\",\"potentialAction\":[{\"@type\":\"ReadAction\",\"target\":[\"https:\\\/\\\/dailyai.com\\\/prompts\\\/\"]}]},{\"@type\":\"BreadcrumbList\",\"@id\":\"https:\\\/\\\/dailyai.com\\\/prompts\\\/#breadcrumb\",\"itemListElement\":[{\"@type\":\"ListItem\",\"position\":1,\"name\":\"Home\",\"item\":\"https:\\\/\\\/dailyai.com\\\/\"},{\"@type\":\"ListItem\",\"position\":2,\"name\":\"Prompt Guides\"}]},{\"@type\":\"WebSite\",\"@id\":\"https:\\\/\\\/dailyai.com\\\/#website\",\"url\":\"https:\\\/\\\/dailyai.com\\\/\",\"name\":\"DailyAI\",\"description\":\"Your Daily Dose of AI News\",\"publisher\":{\"@id\":\"https:\\\/\\\/dailyai.com\\\/#organization\"},\"potentialAction\":[{\"@type\":\"SearchAction\",\"target\":{\"@type\":\"EntryPoint\",\"urlTemplate\":\"https:\\\/\\\/dailyai.com\\\/?s={search_term_string}\"},\"query-input\":{\"@type\":\"PropertyValueSpecification\",\"valueRequired\":true,\"valueName\":\"search_term_string\"}}],\"inLanguage\":\"fr-FR\"},{\"@type\":\"Organization\",\"@id\":\"https:\\\/\\\/dailyai.com\\\/#organization\",\"name\":\"DailyAI\",\"url\":\"https:\\\/\\\/dailyai.com\\\/\",\"logo\":{\"@type\":\"ImageObject\",\"inLanguage\":\"fr-FR\",\"@id\":\"https:\\\/\\\/dailyai.com\\\/#\\\/schema\\\/logo\\\/image\\\/\",\"url\":\"https:\\\/\\\/dailyai.com\\\/wp-content\\\/uploads\\\/2023\\\/06\\\/Daily-Ai_TL_colour.png\",\"contentUrl\":\"https:\\\/\\\/dailyai.com\\\/wp-content\\\/uploads\\\/2023\\\/06\\\/Daily-Ai_TL_colour.png\",\"width\":4501,\"height\":934,\"caption\":\"DailyAI\"},\"image\":{\"@id\":\"https:\\\/\\\/dailyai.com\\\/#\\\/schema\\\/logo\\\/image\\\/\"},\"sameAs\":[\"https:\\\/\\\/x.com\\\/DailyAIOfficial\",\"https:\\\/\\\/www.linkedin.com\\\/company\\\/dailyaiofficial\\\/\",\"https:\\\/\\\/www.youtube.com\\\/@DailyAIOfficial\"]},{\"@type\":\"Person\",\"@id\":\"https:\\\/\\\/dailyai.com\\\/#\\\/schema\\\/person\\\/5238bb16667080993f51f7fba82ad6c6\",\"name\":\"DailyAI\",\"image\":{\"@type\":\"ImageObject\",\"inLanguage\":\"fr-FR\",\"@id\":\"https:\\\/\\\/secure.gravatar.com\\\/avatar\\\/c6af4019f5ca26871821f9d810a73765e1e0ff69f4f973af5fe81683959b2a2c?s=96&d=robohash&r=g\",\"url\":\"https:\\\/\\\/secure.gravatar.com\\\/avatar\\\/c6af4019f5ca26871821f9d810a73765e1e0ff69f4f973af5fe81683959b2a2c?s=96&d=robohash&r=g\",\"contentUrl\":\"https:\\\/\\\/secure.gravatar.com\\\/avatar\\\/c6af4019f5ca26871821f9d810a73765e1e0ff69f4f973af5fe81683959b2a2c?s=96&d=robohash&r=g\",\"caption\":\"DailyAI\"},\"description\":\"Your go-to destination for all things AI. We are dedicated to providing easy to understand and accessible news, updates, reviews, and features on the ever-evolving AI industry. Stay informed as we unravel the latest advancements, breakthroughs, and trends shaping the world of AI.\",\"sameAs\":[\"https:\\\/\\\/dailyai.com\"],\"url\":\"https:\\\/\\\/dailyai.com\\\/fr\\\/author\\\/atech\\\/\"}]}<\/script>\n<!-- \/ Yoast SEO plugin. -->","yoast_head_json":{"title":"Guide des suggestions | DailyAI","robots":{"index":"noindex","follow":"nofollow"},"og_locale":"fr_FR","og_type":"article","og_title":"Prompt Guides | DailyAI","og_url":"https:\/\/dailyai.com\/fr\/prompts\/","og_site_name":"DailyAI","article_modified_time":"2024-03-28T02:58:51+00:00","twitter_card":"summary_large_image","twitter_site":"@DailyAIOfficial","twitter_misc":{"Dur\u00e9e de lecture estim\u00e9e":"1 minute"},"schema":{"@context":"https:\/\/schema.org","@graph":[{"@type":"Article","@id":"https:\/\/dailyai.com\/prompts\/#article","isPartOf":{"@id":"https:\/\/dailyai.com\/prompts\/"},"author":{"name":"DailyAI","@id":"https:\/\/dailyai.com\/#\/schema\/person\/5238bb16667080993f51f7fba82ad6c6"},"headline":"Prompt Guides","datePublished":"2023-07-24T08:54:18+00:00","dateModified":"2024-03-28T02:58:51+00:00","mainEntityOfPage":{"@id":"https:\/\/dailyai.com\/prompts\/"},"wordCount":2,"publisher":{"@id":"https:\/\/dailyai.com\/#organization"},"inLanguage":"fr-FR"},{"@type":"WebPage","@id":"https:\/\/dailyai.com\/prompts\/","url":"https:\/\/dailyai.com\/prompts\/","name":"Guide des suggestions | DailyAI","isPartOf":{"@id":"https:\/\/dailyai.com\/#website"},"datePublished":"2023-07-24T08:54:18+00:00","dateModified":"2024-03-28T02:58:51+00:00","breadcrumb":{"@id":"https:\/\/dailyai.com\/prompts\/#breadcrumb"},"inLanguage":"fr-FR","potentialAction":[{"@type":"ReadAction","target":["https:\/\/dailyai.com\/prompts\/"]}]},{"@type":"BreadcrumbList","@id":"https:\/\/dailyai.com\/prompts\/#breadcrumb","itemListElement":[{"@type":"ListItem","position":1,"name":"Home","item":"https:\/\/dailyai.com\/"},{"@type":"ListItem","position":2,"name":"Prompt Guides"}]},{"@type":"WebSite","@id":"https:\/\/dailyai.com\/#website","url":"https:\/\/dailyai.com\/","name":"DailyAI","description":"Votre dose quotidienne de nouvelles sur l'IA","publisher":{"@id":"https:\/\/dailyai.com\/#organization"},"potentialAction":[{"@type":"SearchAction","target":{"@type":"EntryPoint","urlTemplate":"https:\/\/dailyai.com\/?s={search_term_string}"},"query-input":{"@type":"PropertyValueSpecification","valueRequired":true,"valueName":"search_term_string"}}],"inLanguage":"fr-FR"},{"@type":"Organization","@id":"https:\/\/dailyai.com\/#organization","name":"DailyAI","url":"https:\/\/dailyai.com\/","logo":{"@type":"ImageObject","inLanguage":"fr-FR","@id":"https:\/\/dailyai.com\/#\/schema\/logo\/image\/","url":"https:\/\/dailyai.com\/wp-content\/uploads\/2023\/06\/Daily-Ai_TL_colour.png","contentUrl":"https:\/\/dailyai.com\/wp-content\/uploads\/2023\/06\/Daily-Ai_TL_colour.png","width":4501,"height":934,"caption":"DailyAI"},"image":{"@id":"https:\/\/dailyai.com\/#\/schema\/logo\/image\/"},"sameAs":["https:\/\/x.com\/DailyAIOfficial","https:\/\/www.linkedin.com\/company\/dailyaiofficial\/","https:\/\/www.youtube.com\/@DailyAIOfficial"]},{"@type":"Person","@id":"https:\/\/dailyai.com\/#\/schema\/person\/5238bb16667080993f51f7fba82ad6c6","name":"DailyAI","image":{"@type":"ImageObject","inLanguage":"fr-FR","@id":"https:\/\/secure.gravatar.com\/avatar\/c6af4019f5ca26871821f9d810a73765e1e0ff69f4f973af5fe81683959b2a2c?s=96&d=robohash&r=g","url":"https:\/\/secure.gravatar.com\/avatar\/c6af4019f5ca26871821f9d810a73765e1e0ff69f4f973af5fe81683959b2a2c?s=96&d=robohash&r=g","contentUrl":"https:\/\/secure.gravatar.com\/avatar\/c6af4019f5ca26871821f9d810a73765e1e0ff69f4f973af5fe81683959b2a2c?s=96&d=robohash&r=g","caption":"DailyAI"},"description":"Votre destination privil\u00e9gi\u00e9e pour tout ce qui concerne l'IA. Nous nous engageons \u00e0 fournir des informations, des mises \u00e0 jour, des analyses et des reportages faciles \u00e0 comprendre et accessibles sur l'industrie de l'IA en constante \u00e9volution. Restez inform\u00e9 en d\u00e9couvrant les derni\u00e8res avanc\u00e9es, perc\u00e9es et tendances qui fa\u00e7onnent le monde de l'IA.","sameAs":["https:\/\/dailyai.com"],"url":"https:\/\/dailyai.com\/fr\/author\/atech\/"}]}},"_links":{"self":[{"href":"https:\/\/dailyai.com\/fr\/wp-json\/wp\/v2\/pages\/2990","targetHints":{"allow":["GET"]}}],"collection":[{"href":"https:\/\/dailyai.com\/fr\/wp-json\/wp\/v2\/pages"}],"about":[{"href":"https:\/\/dailyai.com\/fr\/wp-json\/wp\/v2\/types\/page"}],"author":[{"embeddable":true,"href":"https:\/\/dailyai.com\/fr\/wp-json\/wp\/v2\/users\/1"}],"replies":[{"embeddable":true,"href":"https:\/\/dailyai.com\/fr\/wp-json\/wp\/v2\/comments?post=2990"}],"version-history":[{"count":23,"href":"https:\/\/dailyai.com\/fr\/wp-json\/wp\/v2\/pages\/2990\/revisions"}],"predecessor-version":[{"id":11076,"href":"https:\/\/dailyai.com\/fr\/wp-json\/wp\/v2\/pages\/2990\/revisions\/11076"}],"wp:attachment":[{"href":"https:\/\/dailyai.com\/fr\/wp-json\/wp\/v2\/media?parent=2990"}],"curies":[{"name":"wp","href":"https:\/\/api.w.org\/{rel}","templated":true}]}}