{"id":208,"date":"2019-01-14T14:31:38","date_gmt":"2019-01-14T14:31:38","guid":{"rendered":"https:\/\/theissue.fuelthemes.net\/issue-18\/?page_id=208"},"modified":"2024-05-30T00:33:08","modified_gmt":"2024-05-30T00:33:08","slug":"contact","status":"publish","type":"page","link":"https:\/\/dailyai.com\/fr\/contact\/","title":{"rendered":"Contact"},"content":{"rendered":"<div class=\"dai_pgConfer\">\n<p class=\"dai_contact\"><b>DailyAI<\/b> est g\u00e9r\u00e9 par <b>Intelliquence Ltd.<\/p>\n<p><\/b> <\/p>\n<p class=\"dai_contact\"><a href=\"https:\/\/www.google.com\/maps\/place\/34-37+Liverpool+St,+London+EC2M+7PP\/data=!4m2!3m1!1s0x48761cb28363855d:0xc200cc4856a95a7f?sa=X&#038;ved=1t:242&#038;ictx=111\">Notre adresse est 34-37 Liverpool Street, Londres, EC2M 7PP.<\/a><\/p>\n<p class=\"dai_contact\">Pour toute question d'ordre g\u00e9n\u00e9ral, veuillez nous envoyer un courriel \u00e0 l'adresse suivante <a href=\"mailto:contact@dailyai.com\" style=\"font-weight: bold;\">contact@dailyai.com<\/a>.<br \/>\nPour les demandes de dossiers de presse et les possibilit\u00e9s de partenariat, envoyez-nous un courriel \u00e0 l'adresse suivante <a href=\"mailto:partnerships@dailyai.com\" style=\"font-weight: bold;\">partnerships@dailyai.com<\/a>.<br \/>\nSi vous vous \u00eates inscrit \u00e0 notre lettre d'information et que vous ne la recevez pas, veuillez v\u00e9rifier votre filtre anti-spam et votre liste blanche. <a href=\"mailto:newsletter@dailyai.com\" style=\"font-weight: bold;\">newsletter@dailyai.com<\/a> pour que nos mises \u00e0 jour parviennent \u00e0 votre bo\u00eete de r\u00e9ception.<\/p>\n<p class=\"dai_contact\"><b>\u00c9crivez-nous :<\/b><br \/>\n<b>DailyAI<\/b> est fi\u00e8rement exploit\u00e9 par <b>Intelliquence Ltd.<\/b><br \/>\nNotre bureau est situ\u00e9 \u00e0 l'adresse suivante<br \/>\n<a href=\"https:\/\/www.google.com\/maps\/place\/34-37+Liverpool+St,+London+EC2M+7PP\/data=!4m2!3m1!1s0x48761cb28363855d:0xc200cc4856a95a7f?sa=X&#038;ved=1t:242&#038;ictx=111\">34-37 Liverpool Street,<br \/>\nLondres, EC2M 7PP.<\/a><br \/>\nRestez connect\u00e9 avec DailyAI pour conna\u00eetre les derni\u00e8res mises \u00e0 jour en mati\u00e8re d'intelligence artificielle.\n<\/p>\n\n<div class=\"wpcf7 no-js\" id=\"wpcf7-f11704-o1\" lang=\"en-US\" dir=\"ltr\" data-wpcf7-id=\"11704\">\n<div class=\"screen-reader-response\"><p role=\"status\" aria-live=\"polite\" aria-atomic=\"true\"><\/p> <ul><\/ul><\/div>\n<form action=\"\/fr\/wp-json\/wp\/v2\/pages\/208#wpcf7-f11704-o1\" method=\"post\" class=\"wpcf7-form init\" aria-label=\"Formulaire de contact\" novalidate=\"novalidate\" data-status=\"init\" data-trp-original-action=\"\/fr\/wp-json\/wp\/v2\/pages\/208#wpcf7-f11704-o1\">\n<fieldset class=\"hidden-fields-container\"><input type=\"hidden\" name=\"_wpcf7\" value=\"11704\" \/><input type=\"hidden\" name=\"_wpcf7_version\" value=\"6.1.5\" \/><input type=\"hidden\" name=\"_wpcf7_locale\" value=\"en_US\" \/><input type=\"hidden\" name=\"_wpcf7_unit_tag\" value=\"wpcf7-f11704-o1\" \/><input type=\"hidden\" name=\"_wpcf7_container_post\" value=\"0\" \/><input type=\"hidden\" name=\"_wpcf7_posted_data_hash\" value=\"\" \/>\n<\/fieldset>\n<p><label> Nom<br \/>\n<span class=\"wpcf7-form-control-wrap\" data-name=\"your-name\"><input size=\"40\" maxlength=\"400\" class=\"wpcf7-form-control wpcf7-text wpcf7-validates-as-required\" autocomplete=\"name\" aria-required=\"true\" aria-invalid=\"false\" value=\"\" type=\"text\" name=\"your-name\" \/><\/span> <\/label>\n<\/p>\n<p><label> Courriel<br \/>\n<span class=\"wpcf7-form-control-wrap\" data-name=\"your-email\"><input size=\"40\" maxlength=\"400\" class=\"wpcf7-form-control wpcf7-email wpcf7-validates-as-required wpcf7-text wpcf7-validates-as-email\" autocomplete=\"email\" aria-required=\"true\" aria-invalid=\"false\" value=\"\" type=\"email\" name=\"your-email\" \/><\/span> <\/label>\n<\/p>\n<p><label> Sujet<br \/>\n<span class=\"wpcf7-form-control-wrap\" data-name=\"your-subject\"><input size=\"40\" maxlength=\"400\" class=\"wpcf7-form-control wpcf7-text wpcf7-validates-as-required\" aria-required=\"true\" aria-invalid=\"false\" value=\"\" type=\"text\" name=\"your-subject\" \/><\/span> <\/label>\n<\/p>\n<p><label> Message<br \/>\n<span class=\"wpcf7-form-control-wrap\" data-name=\"your-message\"><textarea cols=\"40\" rows=\"10\" maxlength=\"2000\" class=\"wpcf7-form-control wpcf7-textarea wpcf7-validates-as-required\" aria-required=\"true\" aria-invalid=\"false\" name=\"your-message\"><\/textarea><\/span> <\/label>\n<\/p>\n<p><input class=\"wpcf7-form-control wpcf7-submit has-spinner\" type=\"submit\" value=\"Soumettre\" \/>\n<\/p><div class=\"wpcf7-response-output\" aria-hidden=\"true\"><\/div>\n<input type=\"hidden\" name=\"trp-form-language\" value=\"fr\"\/><\/form>\n<\/div>\n\n<\/div>","protected":false},"excerpt":{"rendered":"<p>DailyAI est g\u00e9r\u00e9 par Intelliquence Ltd. Notre adresse est 34-37 Liverpool Street, Londres, EC2M 7PP. Pour toute question d'ordre g\u00e9n\u00e9ral, veuillez nous envoyer un courriel \u00e0 l'adresse contact@dailyai.com. Pour les demandes de kits m\u00e9dias et les opportunit\u00e9s de partenariat, envoyez-nous un courriel \u00e0 partnerships@dailyai.com. Si vous vous \u00eates abonn\u00e9 \u00e0 notre lettre d'information et que vous ne la recevez pas, v\u00e9rifiez votre filtre anti-spam et mettez newsletter@dailyai.com sur liste blanche pour vous assurer que nos mises \u00e0 jour parviennent bien \u00e0 votre bo\u00eete de r\u00e9ception. \u00c9crivez-nous : DailyAI est fi\u00e8rement g\u00e9r\u00e9 par Intelliquence Ltd. Nos bureaux sont situ\u00e9s \u00e0 l'adresse suivante 34-37 Liverpool Street, Londres, EC2M 7PP. Restez en contact avec DailyAI pour conna\u00eetre les derni\u00e8res mises \u00e0 jour en mati\u00e8re d'intelligence artificielle.<\/p>","protected":false},"author":1,"featured_media":0,"parent":0,"menu_order":0,"comment_status":"closed","ping_status":"closed","template":"","meta":{"footnotes":""},"class_list":["post-208","page","type-page","status-publish","hentry"],"yoast_head":"<!-- This site is optimized with the Yoast SEO plugin v27.3 - https:\/\/yoast.com\/product\/yoast-seo-wordpress\/ -->\n<title>Contact | DailyAI<\/title>\n<meta name=\"robots\" content=\"index, follow, max-snippet:-1, max-image-preview:large, max-video-preview:-1\" \/>\n<link rel=\"canonical\" href=\"https:\/\/dailyai.com\/fr\/contact\/\" \/>\n<meta property=\"og:locale\" content=\"fr_FR\" \/>\n<meta property=\"og:type\" content=\"article\" \/>\n<meta property=\"og:title\" content=\"Contact | DailyAI\" \/>\n<meta property=\"og:description\" content=\"DailyAI is operated by Intelliquence Ltd. Our address is 34-37 Liverpool Street, London, EC2M 7PP. For general inquiries, please email us at contact@dailyai.com. For media kit requests and partnership opportunities, email us at partnerships@dailyai.com. If you\u2019ve subscribed to our newsletter and are not receiving it, please check your spam filter and whitelist newsletter@dailyai.com to ensure our updates reach your inbox. Write to Us: DailyAI is proudly operated by Intelliquence Ltd. Our office is located at: 34-37 Liverpool Street, London, EC2M 7PP. Stay connected with DailyAI for the latest updates in artificial intelligence.\" \/>\n<meta property=\"og:url\" content=\"https:\/\/dailyai.com\/fr\/contact\/\" \/>\n<meta property=\"og:site_name\" content=\"DailyAI\" \/>\n<meta property=\"article:modified_time\" content=\"2024-05-30T00:33:08+00:00\" \/>\n<meta name=\"twitter:card\" content=\"summary_large_image\" \/>\n<meta name=\"twitter:site\" content=\"@DailyAIOfficial\" \/>\n<meta name=\"twitter:label1\" content=\"Dur\u00e9e de lecture estim\u00e9e\" \/>\n\t<meta name=\"twitter:data1\" content=\"1 minute\" \/>\n<script type=\"application\/ld+json\" class=\"yoast-schema-graph\">{\"@context\":\"https:\\\/\\\/schema.org\",\"@graph\":[{\"@type\":[\"WebPage\",\"ContactPage\"],\"@id\":\"https:\\\/\\\/dailyai.com\\\/contact\\\/\",\"url\":\"https:\\\/\\\/dailyai.com\\\/contact\\\/\",\"name\":\"Contact | DailyAI\",\"isPartOf\":{\"@id\":\"https:\\\/\\\/dailyai.com\\\/#website\"},\"datePublished\":\"2019-01-14T14:31:38+00:00\",\"dateModified\":\"2024-05-30T00:33:08+00:00\",\"breadcrumb\":{\"@id\":\"https:\\\/\\\/dailyai.com\\\/contact\\\/#breadcrumb\"},\"inLanguage\":\"fr-FR\",\"potentialAction\":[{\"@type\":\"ReadAction\",\"target\":[\"https:\\\/\\\/dailyai.com\\\/contact\\\/\"]}]},{\"@type\":\"BreadcrumbList\",\"@id\":\"https:\\\/\\\/dailyai.com\\\/contact\\\/#breadcrumb\",\"itemListElement\":[{\"@type\":\"ListItem\",\"position\":1,\"name\":\"Home\",\"item\":\"https:\\\/\\\/dailyai.com\\\/\"},{\"@type\":\"ListItem\",\"position\":2,\"name\":\"Contact\"}]},{\"@type\":\"WebSite\",\"@id\":\"https:\\\/\\\/dailyai.com\\\/#website\",\"url\":\"https:\\\/\\\/dailyai.com\\\/\",\"name\":\"DailyAI\",\"description\":\"Your Daily Dose of AI News\",\"publisher\":{\"@id\":\"https:\\\/\\\/dailyai.com\\\/#organization\"},\"potentialAction\":[{\"@type\":\"SearchAction\",\"target\":{\"@type\":\"EntryPoint\",\"urlTemplate\":\"https:\\\/\\\/dailyai.com\\\/?s={search_term_string}\"},\"query-input\":{\"@type\":\"PropertyValueSpecification\",\"valueRequired\":true,\"valueName\":\"search_term_string\"}}],\"inLanguage\":\"fr-FR\"},{\"@type\":\"Organization\",\"@id\":\"https:\\\/\\\/dailyai.com\\\/#organization\",\"name\":\"DailyAI\",\"url\":\"https:\\\/\\\/dailyai.com\\\/\",\"logo\":{\"@type\":\"ImageObject\",\"inLanguage\":\"fr-FR\",\"@id\":\"https:\\\/\\\/dailyai.com\\\/#\\\/schema\\\/logo\\\/image\\\/\",\"url\":\"https:\\\/\\\/dailyai.com\\\/wp-content\\\/uploads\\\/2023\\\/06\\\/Daily-Ai_TL_colour.png\",\"contentUrl\":\"https:\\\/\\\/dailyai.com\\\/wp-content\\\/uploads\\\/2023\\\/06\\\/Daily-Ai_TL_colour.png\",\"width\":4501,\"height\":934,\"caption\":\"DailyAI\"},\"image\":{\"@id\":\"https:\\\/\\\/dailyai.com\\\/#\\\/schema\\\/logo\\\/image\\\/\"},\"sameAs\":[\"https:\\\/\\\/x.com\\\/DailyAIOfficial\",\"https:\\\/\\\/www.linkedin.com\\\/company\\\/dailyaiofficial\\\/\",\"https:\\\/\\\/www.youtube.com\\\/@DailyAIOfficial\"]}]}<\/script>\n<!-- \/ Yoast SEO plugin. -->","yoast_head_json":{"title":"Contact : DailyAI","robots":{"index":"index","follow":"follow","max-snippet":"max-snippet:-1","max-image-preview":"max-image-preview:large","max-video-preview":"max-video-preview:-1"},"canonical":"https:\/\/dailyai.com\/fr\/contact\/","og_locale":"fr_FR","og_type":"article","og_title":"Contact | DailyAI","og_description":"DailyAI is operated by Intelliquence Ltd. Our address is 34-37 Liverpool Street, London, EC2M 7PP. For general inquiries, please email us at contact@dailyai.com. For media kit requests and partnership opportunities, email us at partnerships@dailyai.com. If you\u2019ve subscribed to our newsletter and are not receiving it, please check your spam filter and whitelist newsletter@dailyai.com to ensure our updates reach your inbox. Write to Us: DailyAI is proudly operated by Intelliquence Ltd. Our office is located at: 34-37 Liverpool Street, London, EC2M 7PP. Stay connected with DailyAI for the latest updates in artificial intelligence.","og_url":"https:\/\/dailyai.com\/fr\/contact\/","og_site_name":"DailyAI","article_modified_time":"2024-05-30T00:33:08+00:00","twitter_card":"summary_large_image","twitter_site":"@DailyAIOfficial","twitter_misc":{"Dur\u00e9e de lecture estim\u00e9e":"1 minute"},"schema":{"@context":"https:\/\/schema.org","@graph":[{"@type":["WebPage","ContactPage"],"@id":"https:\/\/dailyai.com\/contact\/","url":"https:\/\/dailyai.com\/contact\/","name":"Contact : DailyAI","isPartOf":{"@id":"https:\/\/dailyai.com\/#website"},"datePublished":"2019-01-14T14:31:38+00:00","dateModified":"2024-05-30T00:33:08+00:00","breadcrumb":{"@id":"https:\/\/dailyai.com\/contact\/#breadcrumb"},"inLanguage":"fr-FR","potentialAction":[{"@type":"ReadAction","target":["https:\/\/dailyai.com\/contact\/"]}]},{"@type":"BreadcrumbList","@id":"https:\/\/dailyai.com\/contact\/#breadcrumb","itemListElement":[{"@type":"ListItem","position":1,"name":"Home","item":"https:\/\/dailyai.com\/"},{"@type":"ListItem","position":2,"name":"Contact"}]},{"@type":"WebSite","@id":"https:\/\/dailyai.com\/#website","url":"https:\/\/dailyai.com\/","name":"DailyAI","description":"Votre dose quotidienne de nouvelles sur l'IA","publisher":{"@id":"https:\/\/dailyai.com\/#organization"},"potentialAction":[{"@type":"SearchAction","target":{"@type":"EntryPoint","urlTemplate":"https:\/\/dailyai.com\/?s={search_term_string}"},"query-input":{"@type":"PropertyValueSpecification","valueRequired":true,"valueName":"search_term_string"}}],"inLanguage":"fr-FR"},{"@type":"Organization","@id":"https:\/\/dailyai.com\/#organization","name":"DailyAI","url":"https:\/\/dailyai.com\/","logo":{"@type":"ImageObject","inLanguage":"fr-FR","@id":"https:\/\/dailyai.com\/#\/schema\/logo\/image\/","url":"https:\/\/dailyai.com\/wp-content\/uploads\/2023\/06\/Daily-Ai_TL_colour.png","contentUrl":"https:\/\/dailyai.com\/wp-content\/uploads\/2023\/06\/Daily-Ai_TL_colour.png","width":4501,"height":934,"caption":"DailyAI"},"image":{"@id":"https:\/\/dailyai.com\/#\/schema\/logo\/image\/"},"sameAs":["https:\/\/x.com\/DailyAIOfficial","https:\/\/www.linkedin.com\/company\/dailyaiofficial\/","https:\/\/www.youtube.com\/@DailyAIOfficial"]}]}},"_links":{"self":[{"href":"https:\/\/dailyai.com\/fr\/wp-json\/wp\/v2\/pages\/208","targetHints":{"allow":["GET"]}}],"collection":[{"href":"https:\/\/dailyai.com\/fr\/wp-json\/wp\/v2\/pages"}],"about":[{"href":"https:\/\/dailyai.com\/fr\/wp-json\/wp\/v2\/types\/page"}],"author":[{"embeddable":true,"href":"https:\/\/dailyai.com\/fr\/wp-json\/wp\/v2\/users\/1"}],"replies":[{"embeddable":true,"href":"https:\/\/dailyai.com\/fr\/wp-json\/wp\/v2\/comments?post=208"}],"version-history":[{"count":27,"href":"https:\/\/dailyai.com\/fr\/wp-json\/wp\/v2\/pages\/208\/revisions"}],"predecessor-version":[{"id":12658,"href":"https:\/\/dailyai.com\/fr\/wp-json\/wp\/v2\/pages\/208\/revisions\/12658"}],"wp:attachment":[{"href":"https:\/\/dailyai.com\/fr\/wp-json\/wp\/v2\/media?parent=208"}],"curies":[{"name":"wp","href":"https:\/\/api.w.org\/{rel}","templated":true}]}}