{"id":12600,"date":"2024-05-27T21:18:23","date_gmt":"2024-05-27T21:18:23","guid":{"rendered":"https:\/\/dailyai.com\/?page_id=12600"},"modified":"2024-05-27T21:18:23","modified_gmt":"2024-05-27T21:18:23","slug":"careers","status":"publish","type":"page","link":"https:\/\/dailyai.com\/fr\/about\/careers\/","title":{"rendered":"Carri\u00e8res"},"content":{"rendered":"<h2>Carri\u00e8res \u00e0 DailyAI<\/h2>\n<h3>Participez \u00e0 notre mission de simplification de l'IA<\/h3>\n<p>Bienvenue sur DailyAI, o\u00f9 nous simplifions le monde complexe de l'intelligence artificielle. Notre mission est de fournir des informations claires et attrayantes \u00e0 tout le monde, des novices de l'IA aux experts confirm\u00e9s. Si l'IA vous passionne et que vous souhaitez avoir un impact r\u00e9el, nous vous invitons \u00e0 d\u00e9couvrir nos opportunit\u00e9s de carri\u00e8re.<\/p>\n<h3>Pourquoi travailler chez DailyAI ?<\/h3>\n<p>DailyAI offre une plateforme unique pour contribuer \u00e0 l'\u00e9volution rapide de l'industrie de l'IA. Notre contenu englobe les nouvelles, les affaires courantes, les interviews, les opinions, les revues de produits et les biblioth\u00e8ques d'aide, ce qui donne \u00e0 notre \u00e9quipe une vision holistique du paysage de l'IA. Voici pourquoi vous devriez envisager de nous rejoindre :<\/p>\n<ul>\n<li><strong>Environnement innovant<\/strong>: En tant qu'initiative d'Intelliquence, une soci\u00e9t\u00e9 de m\u00e9dias num\u00e9riques avant-gardiste bas\u00e9e \u00e0 Londres, nous encourageons une culture de l'innovation et de l'apprentissage continu.<\/li>\n<li><strong>\u00c9quipe d'experts<\/strong>: Travailler aux c\u00f4t\u00e9s d'experts de l'industrie qui se consacrent au d\u00e9cryptage et \u00e0 la d\u00e9mystification de l'IA.<\/li>\n<li><strong>Contenu dynamique<\/strong>: Faire partie d'une \u00e9quipe qui cr\u00e9e un contenu diversifi\u00e9 et attrayant, rendant l'IA accessible \u00e0 tous.<\/li>\n<li><strong>Travail flexible<\/strong>: Nous comprenons l'importance de l'\u00e9quilibre entre vie professionnelle et vie priv\u00e9e et proposons des modalit\u00e9s de travail flexibles pour r\u00e9pondre aux besoins et aux modes de vie diversifi\u00e9s de nos employ\u00e9s.<\/li>\n<\/ul>\n<h3>Nos valeurs<\/h3>\n<p>Chez DailyAI, nos valeurs nous guident dans la r\u00e9alisation de cette mission et fa\u00e7onnent notre culture d'entreprise. Voici quelques-unes de nos valeurs fondamentales :<\/p>\n<ul>\n<li><strong>Int\u00e9grit\u00e9 :<\/strong> Nous donnons la priorit\u00e9 \u00e0 la v\u00e9racit\u00e9 et \u00e0 l'exactitude dans tout notre travail, garantissant ainsi un contenu fiable et digne de confiance. Nous croyons qu'il faut toujours faire ce qu'il faut.<\/li>\n<li><strong>\u00c9quit\u00e9 et impartialit\u00e9 :<\/strong> Nous nous engageons \u00e0 fournir des informations \u00e9quilibr\u00e9es, \u00e0 pr\u00e9senter des perspectives diverses et \u00e0 \u00e9liminer les pr\u00e9jug\u00e9s afin de maintenir une position objective.<\/li>\n<li><strong>Transparence :<\/strong> L'ouverture et l'honn\u00eatet\u00e9 sont au c\u0153ur de nos activit\u00e9s. Nous indiquons clairement nos sources et maintenons l'ind\u00e9pendance \u00e9ditoriale.<\/li>\n<li><strong>Responsabilit\u00e9 :<\/strong> Nous assumons la responsabilit\u00e9 de notre contenu et de nos actions, en recherchant activement un retour d'information afin d'am\u00e9liorer nos pratiques et de maintenir des normes \u00e9lev\u00e9es.<\/li>\n<li><strong>Respect :<\/strong> Nous favorisons un lieu de travail respectueux et inclusif o\u00f9 la diversit\u00e9 des points de vue est encourag\u00e9e et o\u00f9 chaque membre de l'\u00e9quipe est valoris\u00e9.<\/li>\n<li><strong>Inclusion et diversit\u00e9 :<\/strong> Nous c\u00e9l\u00e9brons la diversit\u00e9 et nous nous engageons \u00e0 assurer l'\u00e9galit\u00e9 des chances pour tous, en garantissant un environnement accueillant et favorable.<\/li>\n<\/ul>\n<p>En rejoignant DailyAI, vous ferez partie d'une \u00e9quipe qui valorise l'int\u00e9grit\u00e9, le respect et l'innovation. Ensemble, nous rendons la compr\u00e9hension de l'IA accessible \u00e0 tous.<\/p>\n<p>Pour de plus amples informations, veuillez vous r\u00e9f\u00e9rer \u00e0 notre <a href=\"https:\/\/chatgpt.com\/#\" target=\"_new\" rel=\"noreferrer noopener\">Code de d\u00e9ontologie<\/a>.<\/p>\n<h3>Opportunit\u00e9s actuelles<\/h3>\n<p>Nous sommes toujours \u00e0 la recherche de personnes talentueuses qui partagent notre passion pour l'IA. Nos postes \u00e0 pourvoir sont les suivants :<\/p>\n<ul>\n<li><strong>R\u00e9dacteur de contenu AI<\/strong>: Cr\u00e9er des articles, des interviews et des articles d'opinion captivants sur les derni\u00e8res nouveaut\u00e9s en mati\u00e8re d'IA.<\/li>\n<\/ul>\n<h3>Comment postuler<\/h3>\n<p>Si vous \u00eates enthousiaste \u00e0 l'id\u00e9e de travailler avec nous, nous aimerions avoir de vos nouvelles. Envoyez votre CV et une lettre de motivation d\u00e9taillant votre exp\u00e9rience et les raisons pour lesquelles vous souhaitez rejoindre DailyAI \u00e0 <a href=\"mailto:contact@dailyai.com\">contact@dailyai.com<\/a>.<\/p>","protected":false},"excerpt":{"rendered":"<p>Carri\u00e8res \u00e0 DailyAI Participez \u00e0 notre mission de simplification de l'IA Bienvenue \u00e0 DailyAI, o\u00f9 nous simplifions le monde complexe de l'intelligence artificielle. Notre mission est de fournir des informations claires et attrayantes \u00e0 tout le monde, des novices de l'IA aux experts confirm\u00e9s. Si l'IA vous passionne et que vous souhaitez avoir un impact r\u00e9el, nous vous invitons \u00e0 d\u00e9couvrir nos opportunit\u00e9s de carri\u00e8re. Pourquoi travailler chez DailyAI ? Chez DailyAI, nous offrons une plateforme unique pour contribuer \u00e0 l'\u00e9volution rapide de l'industrie de l'IA. Notre contenu englobe les nouvelles, les affaires courantes, les entrevues, les opinions, les revues de produits et les biblioth\u00e8ques d'aide, ce qui donne \u00e0 notre \u00e9quipe une vue d'ensemble du paysage de l'IA. Voici pourquoi<\/p>","protected":false},"author":1,"featured_media":0,"parent":207,"menu_order":0,"comment_status":"closed","ping_status":"closed","template":"","meta":{"footnotes":""},"class_list":["post-12600","page","type-page","status-publish","hentry"],"yoast_head":"<!-- This site is optimized with the Yoast SEO plugin v27.3 - https:\/\/yoast.com\/product\/yoast-seo-wordpress\/ -->\n<title>Careers | DailyAI<\/title>\n<meta name=\"robots\" content=\"index, follow, max-snippet:-1, max-image-preview:large, max-video-preview:-1\" \/>\n<link rel=\"canonical\" href=\"https:\/\/dailyai.com\/fr\/about\/careers\/\" \/>\n<meta property=\"og:locale\" content=\"fr_FR\" \/>\n<meta property=\"og:type\" content=\"article\" \/>\n<meta property=\"og:title\" content=\"Careers | DailyAI\" \/>\n<meta property=\"og:description\" content=\"Careers at DailyAI Join Our Mission to Simplify AI Welcome to DailyAI, where we simplify the complex world of Artificial Intelligence. Our mission is to provide clear, engaging insights to everyone, from AI novices to established experts. If you&#8217;re passionate about AI and want to make a real impact, we invite you to explore our career opportunities. Why Work at DailyAI? At DailyAI, we offer a unique platform to contribute to the rapidly evolving AI industry. Our content spans news, current affairs, interviews, opinions, product reviews, and prompt libraries, giving our team a holistic view of AI&#8217;s landscape. Here\u2019s why\" \/>\n<meta property=\"og:url\" content=\"https:\/\/dailyai.com\/fr\/about\/careers\/\" \/>\n<meta property=\"og:site_name\" content=\"DailyAI\" \/>\n<meta name=\"twitter:card\" content=\"summary_large_image\" \/>\n<meta name=\"twitter:site\" content=\"@DailyAIOfficial\" \/>\n<meta name=\"twitter:label1\" content=\"Dur\u00e9e de lecture estim\u00e9e\" \/>\n\t<meta name=\"twitter:data1\" content=\"2 minutes\" \/>\n<script type=\"application\/ld+json\" class=\"yoast-schema-graph\">{\"@context\":\"https:\\\/\\\/schema.org\",\"@graph\":[{\"@type\":\"Article\",\"@id\":\"https:\\\/\\\/dailyai.com\\\/about\\\/careers\\\/#article\",\"isPartOf\":{\"@id\":\"https:\\\/\\\/dailyai.com\\\/about\\\/careers\\\/\"},\"author\":{\"name\":\"DailyAI\",\"@id\":\"https:\\\/\\\/dailyai.com\\\/#\\\/schema\\\/person\\\/5238bb16667080993f51f7fba82ad6c6\"},\"headline\":\"Careers\",\"datePublished\":\"2024-05-27T21:18:23+00:00\",\"mainEntityOfPage\":{\"@id\":\"https:\\\/\\\/dailyai.com\\\/about\\\/careers\\\/\"},\"wordCount\":442,\"publisher\":{\"@id\":\"https:\\\/\\\/dailyai.com\\\/#organization\"},\"inLanguage\":\"fr-FR\"},{\"@type\":\"WebPage\",\"@id\":\"https:\\\/\\\/dailyai.com\\\/about\\\/careers\\\/\",\"url\":\"https:\\\/\\\/dailyai.com\\\/about\\\/careers\\\/\",\"name\":\"Careers | DailyAI\",\"isPartOf\":{\"@id\":\"https:\\\/\\\/dailyai.com\\\/#website\"},\"datePublished\":\"2024-05-27T21:18:23+00:00\",\"breadcrumb\":{\"@id\":\"https:\\\/\\\/dailyai.com\\\/about\\\/careers\\\/#breadcrumb\"},\"inLanguage\":\"fr-FR\",\"potentialAction\":[{\"@type\":\"ReadAction\",\"target\":[\"https:\\\/\\\/dailyai.com\\\/about\\\/careers\\\/\"]}]},{\"@type\":\"BreadcrumbList\",\"@id\":\"https:\\\/\\\/dailyai.com\\\/about\\\/careers\\\/#breadcrumb\",\"itemListElement\":[{\"@type\":\"ListItem\",\"position\":1,\"name\":\"Home\",\"item\":\"https:\\\/\\\/dailyai.com\\\/\"},{\"@type\":\"ListItem\",\"position\":2,\"name\":\"About\",\"item\":\"https:\\\/\\\/dailyai.com\\\/about\\\/\"},{\"@type\":\"ListItem\",\"position\":3,\"name\":\"Careers\"}]},{\"@type\":\"WebSite\",\"@id\":\"https:\\\/\\\/dailyai.com\\\/#website\",\"url\":\"https:\\\/\\\/dailyai.com\\\/\",\"name\":\"DailyAI\",\"description\":\"Your Daily Dose of AI News\",\"publisher\":{\"@id\":\"https:\\\/\\\/dailyai.com\\\/#organization\"},\"potentialAction\":[{\"@type\":\"SearchAction\",\"target\":{\"@type\":\"EntryPoint\",\"urlTemplate\":\"https:\\\/\\\/dailyai.com\\\/?s={search_term_string}\"},\"query-input\":{\"@type\":\"PropertyValueSpecification\",\"valueRequired\":true,\"valueName\":\"search_term_string\"}}],\"inLanguage\":\"fr-FR\"},{\"@type\":\"Organization\",\"@id\":\"https:\\\/\\\/dailyai.com\\\/#organization\",\"name\":\"DailyAI\",\"url\":\"https:\\\/\\\/dailyai.com\\\/\",\"logo\":{\"@type\":\"ImageObject\",\"inLanguage\":\"fr-FR\",\"@id\":\"https:\\\/\\\/dailyai.com\\\/#\\\/schema\\\/logo\\\/image\\\/\",\"url\":\"https:\\\/\\\/dailyai.com\\\/wp-content\\\/uploads\\\/2023\\\/06\\\/Daily-Ai_TL_colour.png\",\"contentUrl\":\"https:\\\/\\\/dailyai.com\\\/wp-content\\\/uploads\\\/2023\\\/06\\\/Daily-Ai_TL_colour.png\",\"width\":4501,\"height\":934,\"caption\":\"DailyAI\"},\"image\":{\"@id\":\"https:\\\/\\\/dailyai.com\\\/#\\\/schema\\\/logo\\\/image\\\/\"},\"sameAs\":[\"https:\\\/\\\/x.com\\\/DailyAIOfficial\",\"https:\\\/\\\/www.linkedin.com\\\/company\\\/dailyaiofficial\\\/\",\"https:\\\/\\\/www.youtube.com\\\/@DailyAIOfficial\"]},{\"@type\":\"Person\",\"@id\":\"https:\\\/\\\/dailyai.com\\\/#\\\/schema\\\/person\\\/5238bb16667080993f51f7fba82ad6c6\",\"name\":\"DailyAI\",\"image\":{\"@type\":\"ImageObject\",\"inLanguage\":\"fr-FR\",\"@id\":\"https:\\\/\\\/secure.gravatar.com\\\/avatar\\\/c6af4019f5ca26871821f9d810a73765e1e0ff69f4f973af5fe81683959b2a2c?s=96&d=robohash&r=g\",\"url\":\"https:\\\/\\\/secure.gravatar.com\\\/avatar\\\/c6af4019f5ca26871821f9d810a73765e1e0ff69f4f973af5fe81683959b2a2c?s=96&d=robohash&r=g\",\"contentUrl\":\"https:\\\/\\\/secure.gravatar.com\\\/avatar\\\/c6af4019f5ca26871821f9d810a73765e1e0ff69f4f973af5fe81683959b2a2c?s=96&d=robohash&r=g\",\"caption\":\"DailyAI\"},\"description\":\"Your go-to destination for all things AI. We are dedicated to providing easy to understand and accessible news, updates, reviews, and features on the ever-evolving AI industry. Stay informed as we unravel the latest advancements, breakthroughs, and trends shaping the world of AI.\",\"sameAs\":[\"https:\\\/\\\/dailyai.com\"],\"url\":\"https:\\\/\\\/dailyai.com\\\/fr\\\/author\\\/atech\\\/\"}]}<\/script>\n<!-- \/ Yoast SEO plugin. -->","yoast_head_json":{"title":"Carri\u00e8res - DailyAI","robots":{"index":"index","follow":"follow","max-snippet":"max-snippet:-1","max-image-preview":"max-image-preview:large","max-video-preview":"max-video-preview:-1"},"canonical":"https:\/\/dailyai.com\/fr\/about\/careers\/","og_locale":"fr_FR","og_type":"article","og_title":"Careers | DailyAI","og_description":"Careers at DailyAI Join Our Mission to Simplify AI Welcome to DailyAI, where we simplify the complex world of Artificial Intelligence. Our mission is to provide clear, engaging insights to everyone, from AI novices to established experts. If you&#8217;re passionate about AI and want to make a real impact, we invite you to explore our career opportunities. Why Work at DailyAI? At DailyAI, we offer a unique platform to contribute to the rapidly evolving AI industry. Our content spans news, current affairs, interviews, opinions, product reviews, and prompt libraries, giving our team a holistic view of AI&#8217;s landscape. Here\u2019s why","og_url":"https:\/\/dailyai.com\/fr\/about\/careers\/","og_site_name":"DailyAI","twitter_card":"summary_large_image","twitter_site":"@DailyAIOfficial","twitter_misc":{"Dur\u00e9e de lecture estim\u00e9e":"2 minutes"},"schema":{"@context":"https:\/\/schema.org","@graph":[{"@type":"Article","@id":"https:\/\/dailyai.com\/about\/careers\/#article","isPartOf":{"@id":"https:\/\/dailyai.com\/about\/careers\/"},"author":{"name":"DailyAI","@id":"https:\/\/dailyai.com\/#\/schema\/person\/5238bb16667080993f51f7fba82ad6c6"},"headline":"Careers","datePublished":"2024-05-27T21:18:23+00:00","mainEntityOfPage":{"@id":"https:\/\/dailyai.com\/about\/careers\/"},"wordCount":442,"publisher":{"@id":"https:\/\/dailyai.com\/#organization"},"inLanguage":"fr-FR"},{"@type":"WebPage","@id":"https:\/\/dailyai.com\/about\/careers\/","url":"https:\/\/dailyai.com\/about\/careers\/","name":"Carri\u00e8res - DailyAI","isPartOf":{"@id":"https:\/\/dailyai.com\/#website"},"datePublished":"2024-05-27T21:18:23+00:00","breadcrumb":{"@id":"https:\/\/dailyai.com\/about\/careers\/#breadcrumb"},"inLanguage":"fr-FR","potentialAction":[{"@type":"ReadAction","target":["https:\/\/dailyai.com\/about\/careers\/"]}]},{"@type":"BreadcrumbList","@id":"https:\/\/dailyai.com\/about\/careers\/#breadcrumb","itemListElement":[{"@type":"ListItem","position":1,"name":"Home","item":"https:\/\/dailyai.com\/"},{"@type":"ListItem","position":2,"name":"About","item":"https:\/\/dailyai.com\/about\/"},{"@type":"ListItem","position":3,"name":"Careers"}]},{"@type":"WebSite","@id":"https:\/\/dailyai.com\/#website","url":"https:\/\/dailyai.com\/","name":"DailyAI","description":"Votre dose quotidienne de nouvelles sur l'IA","publisher":{"@id":"https:\/\/dailyai.com\/#organization"},"potentialAction":[{"@type":"SearchAction","target":{"@type":"EntryPoint","urlTemplate":"https:\/\/dailyai.com\/?s={search_term_string}"},"query-input":{"@type":"PropertyValueSpecification","valueRequired":true,"valueName":"search_term_string"}}],"inLanguage":"fr-FR"},{"@type":"Organization","@id":"https:\/\/dailyai.com\/#organization","name":"DailyAI","url":"https:\/\/dailyai.com\/","logo":{"@type":"ImageObject","inLanguage":"fr-FR","@id":"https:\/\/dailyai.com\/#\/schema\/logo\/image\/","url":"https:\/\/dailyai.com\/wp-content\/uploads\/2023\/06\/Daily-Ai_TL_colour.png","contentUrl":"https:\/\/dailyai.com\/wp-content\/uploads\/2023\/06\/Daily-Ai_TL_colour.png","width":4501,"height":934,"caption":"DailyAI"},"image":{"@id":"https:\/\/dailyai.com\/#\/schema\/logo\/image\/"},"sameAs":["https:\/\/x.com\/DailyAIOfficial","https:\/\/www.linkedin.com\/company\/dailyaiofficial\/","https:\/\/www.youtube.com\/@DailyAIOfficial"]},{"@type":"Person","@id":"https:\/\/dailyai.com\/#\/schema\/person\/5238bb16667080993f51f7fba82ad6c6","name":"DailyAI","image":{"@type":"ImageObject","inLanguage":"fr-FR","@id":"https:\/\/secure.gravatar.com\/avatar\/c6af4019f5ca26871821f9d810a73765e1e0ff69f4f973af5fe81683959b2a2c?s=96&d=robohash&r=g","url":"https:\/\/secure.gravatar.com\/avatar\/c6af4019f5ca26871821f9d810a73765e1e0ff69f4f973af5fe81683959b2a2c?s=96&d=robohash&r=g","contentUrl":"https:\/\/secure.gravatar.com\/avatar\/c6af4019f5ca26871821f9d810a73765e1e0ff69f4f973af5fe81683959b2a2c?s=96&d=robohash&r=g","caption":"DailyAI"},"description":"Votre destination privil\u00e9gi\u00e9e pour tout ce qui concerne l'IA. Nous nous engageons \u00e0 fournir des informations, des mises \u00e0 jour, des analyses et des reportages faciles \u00e0 comprendre et accessibles sur l'industrie de l'IA en constante \u00e9volution. Restez inform\u00e9 en d\u00e9couvrant les derni\u00e8res avanc\u00e9es, perc\u00e9es et tendances qui fa\u00e7onnent le monde de l'IA.","sameAs":["https:\/\/dailyai.com"],"url":"https:\/\/dailyai.com\/fr\/author\/atech\/"}]}},"_links":{"self":[{"href":"https:\/\/dailyai.com\/fr\/wp-json\/wp\/v2\/pages\/12600","targetHints":{"allow":["GET"]}}],"collection":[{"href":"https:\/\/dailyai.com\/fr\/wp-json\/wp\/v2\/pages"}],"about":[{"href":"https:\/\/dailyai.com\/fr\/wp-json\/wp\/v2\/types\/page"}],"author":[{"embeddable":true,"href":"https:\/\/dailyai.com\/fr\/wp-json\/wp\/v2\/users\/1"}],"replies":[{"embeddable":true,"href":"https:\/\/dailyai.com\/fr\/wp-json\/wp\/v2\/comments?post=12600"}],"version-history":[{"count":1,"href":"https:\/\/dailyai.com\/fr\/wp-json\/wp\/v2\/pages\/12600\/revisions"}],"predecessor-version":[{"id":12601,"href":"https:\/\/dailyai.com\/fr\/wp-json\/wp\/v2\/pages\/12600\/revisions\/12601"}],"up":[{"embeddable":true,"href":"https:\/\/dailyai.com\/fr\/wp-json\/wp\/v2\/pages\/207"}],"wp:attachment":[{"href":"https:\/\/dailyai.com\/fr\/wp-json\/wp\/v2\/media?parent=12600"}],"curies":[{"name":"wp","href":"https:\/\/api.w.org\/{rel}","templated":true}]}}