{"id":12597,"date":"2024-05-27T21:18:42","date_gmt":"2024-05-27T21:18:42","guid":{"rendered":"https:\/\/dailyai.com\/?page_id=12597"},"modified":"2024-05-27T21:18:42","modified_gmt":"2024-05-27T21:18:42","slug":"code-of-ethics","status":"publish","type":"page","link":"https:\/\/dailyai.com\/fr\/about\/code-of-ethics\/","title":{"rendered":"Code de d\u00e9ontologie"},"content":{"rendered":"<p style=\"text-align: left;\"><em><span style=\"font-weight: 400;\">Derni\u00e8re mise \u00e0 jour : 27\/05\/2024<\/span><\/em><\/p>\n<p>Chez DailyAI, notre mission est de simplifier le monde de l'intelligence artificielle (IA) en fournissant des informations claires et attrayantes. En tant que site d'information sur l'IA, nous nous engageons \u00e0 respecter les normes les plus strictes en mati\u00e8re d'int\u00e9grit\u00e9, d'exactitude et de responsabilit\u00e9. Ce code de d\u00e9ontologie d\u00e9crit les principes et les lignes directrices qui r\u00e9gissent la cr\u00e9ation de contenu, les processus \u00e9ditoriaux et les interactions avec notre public.<\/p>\n<h3>Principes fondamentaux<\/h3>\n<h4>1. <strong>Pr\u00e9cision et v\u00e9racit\u00e9<\/strong><\/h4>\n<ul>\n<li><strong>V\u00e9rification des faits :<\/strong> Nous accordons une grande importance \u00e0 l'exactitude de tous nos contenus. Chaque article, interview et critique fait l'objet d'une v\u00e9rification rigoureuse des faits afin de garantir la fiabilit\u00e9 et la v\u00e9racit\u00e9 des informations.<\/li>\n<li><strong>Corrections :<\/strong> Si des erreurs sont identifi\u00e9es, nous les corrigeons rapidement et fournissons des explications transparentes sur les corrections.<\/li>\n<\/ul>\n<h4>2. <strong>Impartialit\u00e9 et \u00e9quit\u00e9<\/strong><\/h4>\n<ul>\n<li><strong>Des rapports \u00e9quilibr\u00e9s :<\/strong> Nous nous effor\u00e7ons de pr\u00e9senter une vision \u00e9quilibr\u00e9e des d\u00e9veloppements de l'IA, en veillant \u00e0 ce que les diff\u00e9rents points de vue soient repr\u00e9sent\u00e9s \u00e9quitablement.<\/li>\n<li><strong>\u00c9viter les pr\u00e9jug\u00e9s :<\/strong> Nous nous effor\u00e7ons activement d'\u00e9liminer tout parti pris dans nos reportages, en nous concentrant uniquement sur des informations factuelles et impartiales.<\/li>\n<\/ul>\n<h4>3. <strong>Transparence<\/strong><\/h4>\n<ul>\n<li><strong>Sources et r\u00e9f\u00e9rences :<\/strong> Nous attribuons clairement toutes les sources et r\u00e9f\u00e9rences utilis\u00e9es dans notre contenu, ce qui permet aux lecteurs d'avoir acc\u00e8s \u00e0 des informations originales.<\/li>\n<li><strong>Ind\u00e9pendance \u00e9ditoriale :<\/strong> Nous maintenons une ind\u00e9pendance \u00e9ditoriale vis-\u00e0-vis de notre soci\u00e9t\u00e9 m\u00e8re, Intelliquence, et de toute influence ext\u00e9rieure, ce qui garantit l'objectivit\u00e9 et l'impartialit\u00e9 de notre contenu.<\/li>\n<\/ul>\n<h4>4. <strong>Int\u00e9grit\u00e9 et responsabilit\u00e9<\/strong><\/h4>\n<ul>\n<li><strong>Conflit d'int\u00e9r\u00eats :<\/strong> Nous divulguons tout conflit d'int\u00e9r\u00eats potentiel et veillons \u00e0 ce que nos rapports ne soient pas influenc\u00e9s par des consid\u00e9rations personnelles ou financi\u00e8res.<\/li>\n<li><strong>Responsabilit\u00e9 :<\/strong> Nous nous tenons responsables de notre contenu et de nos actions, et nous invitons nos lecteurs \u00e0 nous faire part de leurs commentaires afin d'am\u00e9liorer nos pratiques.<\/li>\n<\/ul>\n<h4>5. <strong>Respect et sensibilit\u00e9<\/strong><\/h4>\n<ul>\n<li><strong>Dialogue respectueux :<\/strong> Nous encourageons le dialogue respectueux et la diversit\u00e9 des points de vue, en favorisant une communaut\u00e9 o\u00f9 toutes les voix peuvent \u00eatre entendues.<\/li>\n<li><strong>Sensibilit\u00e9 \u00e0 l'impact :<\/strong> Nous sommes conscients de l'impact que notre contenu peut avoir sur les individus, les organisations et la soci\u00e9t\u00e9, et nous nous effor\u00e7ons d'\u00e9viter tout pr\u00e9judice.<\/li>\n<\/ul>\n<h4>6. <strong>Vie priv\u00e9e et s\u00e9curit\u00e9<\/strong><\/h4>\n<ul>\n<li><strong>Protection des donn\u00e9es :<\/strong> Nous respectons la vie priv\u00e9e de nos lecteurs et de nos sources, en adh\u00e9rant \u00e0 des politiques strictes de protection des donn\u00e9es afin de sauvegarder les informations personnelles. Pour plus de d\u00e9tails, veuillez consulter notre <a href=\"https:\/\/dailyai.com\/privacy-policy\/\">Politique de confidentialit\u00e9<\/a>.<\/li>\n<\/ul>\n<h3>Lignes directrices sur le contenu<\/h3>\n<h4>1. <strong>Nouvelles et affaires courantes<\/strong><\/h4>\n<ul>\n<li><strong>Opportunit\u00e9 et pertinence :<\/strong> Notre couverture de l'actualit\u00e9 est opportune, pertinente et bas\u00e9e sur des faits v\u00e9rifiables.<\/li>\n<li><strong>Couverture compl\u00e8te :<\/strong> Nous couvrons un large \u00e9ventail de sujets au sein de l'industrie de l'IA, en fournissant des informations compl\u00e8tes sur les tendances et les d\u00e9veloppements actuels.<\/li>\n<\/ul>\n<h4>2. <strong>Interviews et opinions<\/strong><\/h4>\n<ul>\n<li><strong>Diverses perspectives :<\/strong> Nous proposons des entretiens avec un large \u00e9ventail d'experts et de parties prenantes, pr\u00e9sentant un large \u00e9ventail d'opinions.<\/li>\n<li><strong>Distinction claire :<\/strong> Nous distinguons clairement les articles d'opinion des reportages factuels, afin que les lecteurs puissent facilement faire la diff\u00e9rence entre les deux.<\/li>\n<\/ul>\n<h4>3. <strong>Commentaires sur les produits<\/strong><\/h4>\n<ul>\n<li><strong>\u00c9valuations objectives :<\/strong> Nos avis sur les produits sont bas\u00e9s sur des \u00e9valuations approfondies et impartiales.<\/li>\n<li><strong>Divulgation :<\/strong> Nous divulguons toute affiliation ou parrainage li\u00e9 aux produits que nous \u00e9valuons.<\/li>\n<\/ul>\n<h4>4. <strong>Biblioth\u00e8ques et contenus \u00e9ducatifs<\/strong><\/h4>\n<ul>\n<li><strong>Valeur \u00e9ducative :<\/strong> Nos biblioth\u00e8ques d'aide et notre contenu \u00e9ducatif sont con\u00e7us pour \u00eatre informatifs et utiles, afin d'aider les lecteurs \u00e0 comprendre et \u00e0 utiliser efficacement les outils d'IA.<\/li>\n<li><strong>Pr\u00e9cision :<\/strong> Nous veillons \u00e0 ce que tout le mat\u00e9riel p\u00e9dagogique soit exact, actualis\u00e9 et fond\u00e9 sur des sources cr\u00e9dibles.<\/li>\n<\/ul>\n<h3>Engagement communautaire<\/h3>\n<h4>1. <strong>Retour d'information et interaction<\/strong><\/h4>\n<ul>\n<li><strong>Canaux ouverts :<\/strong> Nous encourageons nos lecteurs \u00e0 nous faire part de leurs r\u00e9flexions, de leurs pr\u00e9occupations et de leurs suggestions par le biais de divers moyens tels que le courrier \u00e9lectronique, les m\u00e9dias sociaux et les formulaires de contact.<\/li>\n<li><strong>Engagement r\u00e9actif :<\/strong> Nous r\u00e9pondons aux commentaires et aux demandes de renseignements de mani\u00e8re rapide et respectueuse, en favorisant une communaut\u00e9 positive et interactive sur toutes les plateformes.<\/li>\n<\/ul>\n<h4>2. <strong>Normes communautaires<\/strong><\/h4>\n<ul>\n<li><strong>Interaction respectueuse :<\/strong> Nous appliquons des normes communautaires qui favorisent une interaction respectueuse et interdisent le harc\u00e8lement, les discours haineux et autres comportements pr\u00e9judiciables dans toutes les formes de communication, y compris les m\u00e9dias sociaux et le courrier \u00e9lectronique.<\/li>\n<li><strong>Mod\u00e9ration :<\/strong> Nous mod\u00e9rons activement les commentaires, les discussions et les autres \u00e9l\u00e9ments interactifs afin de garantir un environnement s\u00fbr et accueillant pour tous les lecteurs.<\/li>\n<\/ul>\n<h3>Engagements suppl\u00e9mentaires<\/h3>\n<h4>1. <strong>Inclusion et diversit\u00e9<\/strong><\/h4>\n<ul>\n<li><strong>Engagement en faveur de la diversit\u00e9 :<\/strong> Nous nous engageons \u00e0 promouvoir la diversit\u00e9 dans notre contenu et sur notre lieu de travail. Nous cherchons activement \u00e0 repr\u00e9senter une vari\u00e9t\u00e9 de voix et de perspectives dans la communaut\u00e9 de l'IA.<\/li>\n<li><strong>L'\u00e9galit\u00e9 des chances :<\/strong> Nous garantissons l'\u00e9galit\u00e9 des chances pour tous les collaborateurs et le personnel, ind\u00e9pendamment du sexe, de la race, de l'origine ethnique, de l'orientation sexuelle ou du handicap.<\/li>\n<\/ul>\n<h4>2. <strong>Accessibilit\u00e9<\/strong><\/h4>\n<ul>\n<li><strong>Contenu accessible :<\/strong> Nous nous effor\u00e7ons de rendre notre site web et son contenu accessibles \u00e0 tous les utilisateurs, y compris les personnes handicap\u00e9es. Cela implique de respecter les normes d'accessibilit\u00e9 au web et de fournir des formats alternatifs dans la mesure du possible.<\/li>\n<li><strong>Conception conviviale :<\/strong> Nous am\u00e9liorons continuellement la conception de notre site web pour qu'il soit convivial et navigable pour tout le monde.<\/li>\n<\/ul>\n<h4>3. <strong>R\u00e9vision et mises \u00e0 jour r\u00e9guli\u00e8res<\/strong><\/h4>\n<ul>\n<li><strong>Am\u00e9lioration continue :<\/strong> Nous r\u00e9visons et mettons r\u00e9guli\u00e8rement \u00e0 jour notre code de d\u00e9ontologie afin de refl\u00e9ter l'\u00e9volution des normes et des meilleures pratiques. Le retour d'information de nos lecteurs et des parties prenantes est un \u00e9l\u00e9ment essentiel de ce processus.<\/li>\n<li><strong>Transparence dans les changements :<\/strong> Toute modification importante du code de d\u00e9ontologie sera communiqu\u00e9e de mani\u00e8re transparente \u00e0 nos lecteurs et contributeurs.<\/li>\n<\/ul>\n<h3>Conclusion<\/h3>\n<p>Au DailyAI, nous nous engageons \u00e0 respecter ces normes \u00e9thiques dans toutes nos activit\u00e9s. En adh\u00e9rant \u00e0 ce code de d\u00e9ontologie, nous visons \u00e0 \u00e9tablir et \u00e0 maintenir la confiance de nos lecteurs, en leur fournissant des informations pr\u00e9cieuses et fiables sur le monde de l'IA. Ensemble, nous pouvons faire de la compr\u00e9hension de l'IA une opportunit\u00e9 pour tous.<\/p>\n<p>Pour toute question ou pr\u00e9occupation concernant le pr\u00e9sent code de d\u00e9ontologie, veuillez nous contacter \u00e0 l'adresse suivante <a href=\"mailto:contact@dailyai.com\">contact@dailyai.com<\/a>.<\/p>","protected":false},"excerpt":{"rendered":"<p>Derni\u00e8re mise \u00e0 jour : 27\/05\/2024 Chez DailyAI, notre mission est de simplifier le monde de l'intelligence artificielle (IA) en fournissant des informations claires et int\u00e9ressantes. En tant que site d'information sur l'IA, nous nous engageons \u00e0 respecter les normes les plus strictes en mati\u00e8re d'int\u00e9grit\u00e9, d'exactitude et de responsabilit\u00e9. Le pr\u00e9sent code de d\u00e9ontologie d\u00e9crit les principes et les lignes directrices qui r\u00e9gissent la cr\u00e9ation de contenu, les processus \u00e9ditoriaux et les interactions avec notre public. Principes fondamentaux 1. Exactitude et v\u00e9racit\u00e9 V\u00e9rification des faits : Nous accordons la priorit\u00e9 \u00e0 l'exactitude de tous nos contenus. Chaque article, interview et analyse fait l'objet d'une v\u00e9rification rigoureuse des faits afin de garantir la fiabilit\u00e9 et la v\u00e9racit\u00e9 des informations. Corrections : Si des erreurs sont identifi\u00e9es, nous les corrigeons rapidement<\/p>","protected":false},"author":1,"featured_media":0,"parent":207,"menu_order":0,"comment_status":"closed","ping_status":"closed","template":"","meta":{"footnotes":""},"class_list":["post-12597","page","type-page","status-publish","hentry"],"yoast_head":"<!-- This site is optimized with the Yoast SEO plugin v27.4 - https:\/\/yoast.com\/product\/yoast-seo-wordpress\/ -->\n<title>Code of Ethics | DailyAI<\/title>\n<meta name=\"robots\" content=\"index, follow, max-snippet:-1, max-image-preview:large, max-video-preview:-1\" \/>\n<link rel=\"canonical\" href=\"https:\/\/dailyai.com\/fr\/about\/code-of-ethics\/\" \/>\n<meta property=\"og:locale\" content=\"fr_FR\" \/>\n<meta property=\"og:type\" content=\"article\" \/>\n<meta property=\"og:title\" content=\"Code of Ethics | DailyAI\" \/>\n<meta property=\"og:description\" content=\"Last updated: 27\/05\/2024 At DailyAI, our mission is to simplify the world of Artificial Intelligence (AI) by providing clear and engaging insights. As an AI news site, we are committed to maintaining the highest standards of integrity, accuracy, and responsibility. This Code of Ethics outlines the principles and guidelines that govern our content creation, editorial processes, and interactions with our audience. Core Principles 1. Accuracy and Truthfulness Fact-Checking: We prioritize accuracy in all our content. Every article, interview, and review undergoes rigorous fact-checking to ensure the information is reliable and truthful. Corrections: If errors are identified, we promptly correct them\" \/>\n<meta property=\"og:url\" content=\"https:\/\/dailyai.com\/fr\/about\/code-of-ethics\/\" \/>\n<meta property=\"og:site_name\" content=\"DailyAI\" \/>\n<meta name=\"twitter:card\" content=\"summary_large_image\" \/>\n<meta name=\"twitter:site\" content=\"@DailyAIOfficial\" \/>\n<meta name=\"twitter:label1\" content=\"Dur\u00e9e de lecture estim\u00e9e\" \/>\n\t<meta name=\"twitter:data1\" content=\"4 minutes\" \/>\n<script type=\"application\/ld+json\" class=\"yoast-schema-graph\">{\"@context\":\"https:\\\/\\\/schema.org\",\"@graph\":[{\"@type\":\"Article\",\"@id\":\"https:\\\/\\\/dailyai.com\\\/about\\\/code-of-ethics\\\/#article\",\"isPartOf\":{\"@id\":\"https:\\\/\\\/dailyai.com\\\/about\\\/code-of-ethics\\\/\"},\"author\":{\"name\":\"DailyAI\",\"@id\":\"https:\\\/\\\/dailyai.com\\\/#\\\/schema\\\/person\\\/5238bb16667080993f51f7fba82ad6c6\"},\"headline\":\"Code of Ethics\",\"datePublished\":\"2024-05-27T21:18:42+00:00\",\"mainEntityOfPage\":{\"@id\":\"https:\\\/\\\/dailyai.com\\\/about\\\/code-of-ethics\\\/\"},\"wordCount\":810,\"publisher\":{\"@id\":\"https:\\\/\\\/dailyai.com\\\/#organization\"},\"inLanguage\":\"fr-FR\"},{\"@type\":\"WebPage\",\"@id\":\"https:\\\/\\\/dailyai.com\\\/about\\\/code-of-ethics\\\/\",\"url\":\"https:\\\/\\\/dailyai.com\\\/about\\\/code-of-ethics\\\/\",\"name\":\"Code of Ethics | DailyAI\",\"isPartOf\":{\"@id\":\"https:\\\/\\\/dailyai.com\\\/#website\"},\"datePublished\":\"2024-05-27T21:18:42+00:00\",\"breadcrumb\":{\"@id\":\"https:\\\/\\\/dailyai.com\\\/about\\\/code-of-ethics\\\/#breadcrumb\"},\"inLanguage\":\"fr-FR\",\"potentialAction\":[{\"@type\":\"ReadAction\",\"target\":[\"https:\\\/\\\/dailyai.com\\\/about\\\/code-of-ethics\\\/\"]}]},{\"@type\":\"BreadcrumbList\",\"@id\":\"https:\\\/\\\/dailyai.com\\\/about\\\/code-of-ethics\\\/#breadcrumb\",\"itemListElement\":[{\"@type\":\"ListItem\",\"position\":1,\"name\":\"Home\",\"item\":\"https:\\\/\\\/dailyai.com\\\/\"},{\"@type\":\"ListItem\",\"position\":2,\"name\":\"About\",\"item\":\"https:\\\/\\\/dailyai.com\\\/about\\\/\"},{\"@type\":\"ListItem\",\"position\":3,\"name\":\"Code of Ethics\"}]},{\"@type\":\"WebSite\",\"@id\":\"https:\\\/\\\/dailyai.com\\\/#website\",\"url\":\"https:\\\/\\\/dailyai.com\\\/\",\"name\":\"DailyAI\",\"description\":\"Your Daily Dose of AI News\",\"publisher\":{\"@id\":\"https:\\\/\\\/dailyai.com\\\/#organization\"},\"potentialAction\":[{\"@type\":\"SearchAction\",\"target\":{\"@type\":\"EntryPoint\",\"urlTemplate\":\"https:\\\/\\\/dailyai.com\\\/?s={search_term_string}\"},\"query-input\":{\"@type\":\"PropertyValueSpecification\",\"valueRequired\":true,\"valueName\":\"search_term_string\"}}],\"inLanguage\":\"fr-FR\"},{\"@type\":\"Organization\",\"@id\":\"https:\\\/\\\/dailyai.com\\\/#organization\",\"name\":\"DailyAI\",\"url\":\"https:\\\/\\\/dailyai.com\\\/\",\"logo\":{\"@type\":\"ImageObject\",\"inLanguage\":\"fr-FR\",\"@id\":\"https:\\\/\\\/dailyai.com\\\/#\\\/schema\\\/logo\\\/image\\\/\",\"url\":\"https:\\\/\\\/dailyai.com\\\/wp-content\\\/uploads\\\/2023\\\/06\\\/Daily-Ai_TL_colour.png\",\"contentUrl\":\"https:\\\/\\\/dailyai.com\\\/wp-content\\\/uploads\\\/2023\\\/06\\\/Daily-Ai_TL_colour.png\",\"width\":4501,\"height\":934,\"caption\":\"DailyAI\"},\"image\":{\"@id\":\"https:\\\/\\\/dailyai.com\\\/#\\\/schema\\\/logo\\\/image\\\/\"},\"sameAs\":[\"https:\\\/\\\/x.com\\\/DailyAIOfficial\",\"https:\\\/\\\/www.linkedin.com\\\/company\\\/dailyaiofficial\\\/\",\"https:\\\/\\\/www.youtube.com\\\/@DailyAIOfficial\"]},{\"@type\":\"Person\",\"@id\":\"https:\\\/\\\/dailyai.com\\\/#\\\/schema\\\/person\\\/5238bb16667080993f51f7fba82ad6c6\",\"name\":\"DailyAI\",\"image\":{\"@type\":\"ImageObject\",\"inLanguage\":\"fr-FR\",\"@id\":\"https:\\\/\\\/secure.gravatar.com\\\/avatar\\\/c6af4019f5ca26871821f9d810a73765e1e0ff69f4f973af5fe81683959b2a2c?s=96&d=robohash&r=g\",\"url\":\"https:\\\/\\\/secure.gravatar.com\\\/avatar\\\/c6af4019f5ca26871821f9d810a73765e1e0ff69f4f973af5fe81683959b2a2c?s=96&d=robohash&r=g\",\"contentUrl\":\"https:\\\/\\\/secure.gravatar.com\\\/avatar\\\/c6af4019f5ca26871821f9d810a73765e1e0ff69f4f973af5fe81683959b2a2c?s=96&d=robohash&r=g\",\"caption\":\"DailyAI\"},\"description\":\"Your go-to destination for all things AI. We are dedicated to providing easy to understand and accessible news, updates, reviews, and features on the ever-evolving AI industry. Stay informed as we unravel the latest advancements, breakthroughs, and trends shaping the world of AI.\",\"sameAs\":[\"https:\\\/\\\/dailyai.com\"],\"url\":\"https:\\\/\\\/dailyai.com\\\/fr\\\/author\\\/atech\\\/\"}]}<\/script>\n<!-- \/ Yoast SEO plugin. -->","yoast_head_json":{"title":"Code d'\u00e9thique | DailyAI","robots":{"index":"index","follow":"follow","max-snippet":"max-snippet:-1","max-image-preview":"max-image-preview:large","max-video-preview":"max-video-preview:-1"},"canonical":"https:\/\/dailyai.com\/fr\/about\/code-of-ethics\/","og_locale":"fr_FR","og_type":"article","og_title":"Code of Ethics | DailyAI","og_description":"Last updated: 27\/05\/2024 At DailyAI, our mission is to simplify the world of Artificial Intelligence (AI) by providing clear and engaging insights. As an AI news site, we are committed to maintaining the highest standards of integrity, accuracy, and responsibility. This Code of Ethics outlines the principles and guidelines that govern our content creation, editorial processes, and interactions with our audience. Core Principles 1. Accuracy and Truthfulness Fact-Checking: We prioritize accuracy in all our content. Every article, interview, and review undergoes rigorous fact-checking to ensure the information is reliable and truthful. Corrections: If errors are identified, we promptly correct them","og_url":"https:\/\/dailyai.com\/fr\/about\/code-of-ethics\/","og_site_name":"DailyAI","twitter_card":"summary_large_image","twitter_site":"@DailyAIOfficial","twitter_misc":{"Dur\u00e9e de lecture estim\u00e9e":"4 minutes"},"schema":{"@context":"https:\/\/schema.org","@graph":[{"@type":"Article","@id":"https:\/\/dailyai.com\/about\/code-of-ethics\/#article","isPartOf":{"@id":"https:\/\/dailyai.com\/about\/code-of-ethics\/"},"author":{"name":"DailyAI","@id":"https:\/\/dailyai.com\/#\/schema\/person\/5238bb16667080993f51f7fba82ad6c6"},"headline":"Code of Ethics","datePublished":"2024-05-27T21:18:42+00:00","mainEntityOfPage":{"@id":"https:\/\/dailyai.com\/about\/code-of-ethics\/"},"wordCount":810,"publisher":{"@id":"https:\/\/dailyai.com\/#organization"},"inLanguage":"fr-FR"},{"@type":"WebPage","@id":"https:\/\/dailyai.com\/about\/code-of-ethics\/","url":"https:\/\/dailyai.com\/about\/code-of-ethics\/","name":"Code d'\u00e9thique | DailyAI","isPartOf":{"@id":"https:\/\/dailyai.com\/#website"},"datePublished":"2024-05-27T21:18:42+00:00","breadcrumb":{"@id":"https:\/\/dailyai.com\/about\/code-of-ethics\/#breadcrumb"},"inLanguage":"fr-FR","potentialAction":[{"@type":"ReadAction","target":["https:\/\/dailyai.com\/about\/code-of-ethics\/"]}]},{"@type":"BreadcrumbList","@id":"https:\/\/dailyai.com\/about\/code-of-ethics\/#breadcrumb","itemListElement":[{"@type":"ListItem","position":1,"name":"Home","item":"https:\/\/dailyai.com\/"},{"@type":"ListItem","position":2,"name":"About","item":"https:\/\/dailyai.com\/about\/"},{"@type":"ListItem","position":3,"name":"Code of Ethics"}]},{"@type":"WebSite","@id":"https:\/\/dailyai.com\/#website","url":"https:\/\/dailyai.com\/","name":"DailyAI","description":"Votre dose quotidienne de nouvelles sur l'IA","publisher":{"@id":"https:\/\/dailyai.com\/#organization"},"potentialAction":[{"@type":"SearchAction","target":{"@type":"EntryPoint","urlTemplate":"https:\/\/dailyai.com\/?s={search_term_string}"},"query-input":{"@type":"PropertyValueSpecification","valueRequired":true,"valueName":"search_term_string"}}],"inLanguage":"fr-FR"},{"@type":"Organization","@id":"https:\/\/dailyai.com\/#organization","name":"DailyAI","url":"https:\/\/dailyai.com\/","logo":{"@type":"ImageObject","inLanguage":"fr-FR","@id":"https:\/\/dailyai.com\/#\/schema\/logo\/image\/","url":"https:\/\/dailyai.com\/wp-content\/uploads\/2023\/06\/Daily-Ai_TL_colour.png","contentUrl":"https:\/\/dailyai.com\/wp-content\/uploads\/2023\/06\/Daily-Ai_TL_colour.png","width":4501,"height":934,"caption":"DailyAI"},"image":{"@id":"https:\/\/dailyai.com\/#\/schema\/logo\/image\/"},"sameAs":["https:\/\/x.com\/DailyAIOfficial","https:\/\/www.linkedin.com\/company\/dailyaiofficial\/","https:\/\/www.youtube.com\/@DailyAIOfficial"]},{"@type":"Person","@id":"https:\/\/dailyai.com\/#\/schema\/person\/5238bb16667080993f51f7fba82ad6c6","name":"DailyAI","image":{"@type":"ImageObject","inLanguage":"fr-FR","@id":"https:\/\/secure.gravatar.com\/avatar\/c6af4019f5ca26871821f9d810a73765e1e0ff69f4f973af5fe81683959b2a2c?s=96&d=robohash&r=g","url":"https:\/\/secure.gravatar.com\/avatar\/c6af4019f5ca26871821f9d810a73765e1e0ff69f4f973af5fe81683959b2a2c?s=96&d=robohash&r=g","contentUrl":"https:\/\/secure.gravatar.com\/avatar\/c6af4019f5ca26871821f9d810a73765e1e0ff69f4f973af5fe81683959b2a2c?s=96&d=robohash&r=g","caption":"DailyAI"},"description":"Votre destination privil\u00e9gi\u00e9e pour tout ce qui concerne l'IA. Nous nous engageons \u00e0 fournir des informations, des mises \u00e0 jour, des analyses et des reportages faciles \u00e0 comprendre et accessibles sur l'industrie de l'IA en constante \u00e9volution. Restez inform\u00e9 en d\u00e9couvrant les derni\u00e8res avanc\u00e9es, perc\u00e9es et tendances qui fa\u00e7onnent le monde de l'IA.","sameAs":["https:\/\/dailyai.com"],"url":"https:\/\/dailyai.com\/fr\/author\/atech\/"}]}},"_links":{"self":[{"href":"https:\/\/dailyai.com\/fr\/wp-json\/wp\/v2\/pages\/12597","targetHints":{"allow":["GET"]}}],"collection":[{"href":"https:\/\/dailyai.com\/fr\/wp-json\/wp\/v2\/pages"}],"about":[{"href":"https:\/\/dailyai.com\/fr\/wp-json\/wp\/v2\/types\/page"}],"author":[{"embeddable":true,"href":"https:\/\/dailyai.com\/fr\/wp-json\/wp\/v2\/users\/1"}],"replies":[{"embeddable":true,"href":"https:\/\/dailyai.com\/fr\/wp-json\/wp\/v2\/comments?post=12597"}],"version-history":[{"count":2,"href":"https:\/\/dailyai.com\/fr\/wp-json\/wp\/v2\/pages\/12597\/revisions"}],"predecessor-version":[{"id":12599,"href":"https:\/\/dailyai.com\/fr\/wp-json\/wp\/v2\/pages\/12597\/revisions\/12599"}],"up":[{"embeddable":true,"href":"https:\/\/dailyai.com\/fr\/wp-json\/wp\/v2\/pages\/207"}],"wp:attachment":[{"href":"https:\/\/dailyai.com\/fr\/wp-json\/wp\/v2\/media?parent=12597"}],"curies":[{"name":"wp","href":"https:\/\/api.w.org\/{rel}","templated":true}]}}