{"id":12465,"date":"2024-05-27T21:18:26","date_gmt":"2024-05-27T21:18:26","guid":{"rendered":"https:\/\/dailyai.com\/?page_id=12465"},"modified":"2024-05-27T21:18:26","modified_gmt":"2024-05-27T21:18:26","slug":"editorial-policy","status":"publish","type":"page","link":"https:\/\/dailyai.com\/fr\/about\/editorial-policy\/","title":{"rendered":"Politique \u00e9ditoriale"},"content":{"rendered":"<p>Derni\u00e8re mise \u00e0 jour : 21\/05\/2024<\/p>\n<p>&nbsp;<\/p>\n<h3 style=\"font-size: 1em;\">La politique \u00e9ditoriale de DailyAI s'applique \u00e0 l'ensemble de notre contenu.<\/h2>\n<ol>\n<li style=\"font-weight: 400;\" aria-level=\"1\"><span style=\"font-weight: 400;\">Des reportages objectifs : Notre site d'information s'engage \u00e0 fournir des informations objectives, pr\u00e9cises et impartiales sur les technologies de l'intelligence artificielle (IA) et leurs impacts. Nous nous effor\u00e7ons de pr\u00e9senter les informations de mani\u00e8re juste et \u00e9quilibr\u00e9e, en \u00e9vitant le sensationnalisme et la partialit\u00e9.<\/span><\/li>\n<li style=\"font-weight: 400;\" aria-level=\"1\"><span style=\"font-weight: 400;\">La transparence : Nous donnons la priorit\u00e9 \u00e0 la transparence dans notre processus d'information. Nous divulguons les sources d'information, fournissons un contexte pour les sujets complexes et faisons une distinction claire entre les reportages factuels et les articles d'opinion. Des corrections et des mises \u00e0 jour sont rapidement publi\u00e9es lorsque des erreurs sont identifi\u00e9es.<\/span><\/li>\n<li style=\"font-weight: 400;\" aria-level=\"1\"><span style=\"font-weight: 400;\">Consid\u00e9rations \u00e9thiques : Nous reconnaissons les implications \u00e9thiques des technologies de l'IA et leurs impacts soci\u00e9taux potentiels. Nos rapports prennent en compte des questions telles que la confidentialit\u00e9 des donn\u00e9es, les biais algorithmiques, l'automatisation des emplois et le d\u00e9veloppement \u00e9thique de l'IA. Nous visons \u00e0 favoriser des discussions \u00e9clair\u00e9es sur ces sujets tout en respectant les normes \u00e9thiques dans nos propres pratiques.<\/span><\/li>\n<li style=\"font-weight: 400;\" aria-level=\"1\"><span style=\"font-weight: 400;\">Analyse d'experts : Nous consultons des experts dans le domaine de l'intelligence artificielle, notamment des chercheurs, des universitaires, des professionnels de l'industrie et des \u00e9thiciens, afin de fournir des analyses et des points de vue \u00e9clair\u00e9s sur les d\u00e9veloppements li\u00e9s \u00e0 l'IA. Nous nous effor\u00e7ons de pr\u00e9senter des perspectives et des opinions diverses afin d'enrichir notre couverture.<\/span><\/li>\n<li style=\"font-weight: 400;\" aria-level=\"1\"><span style=\"font-weight: 400;\">Contenu \u00e9ducatif : En plus des reportages, nous proposons un contenu \u00e9ducatif pour aider notre public \u00e0 comprendre les concepts, la terminologie et les applications de l'IA. Il s'agit d'articles explicatifs, de guides et d'entretiens avec des experts pour d\u00e9mystifier des sujets complexes et promouvoir la culture num\u00e9rique.<\/span><\/li>\n<li style=\"font-weight: 400;\" aria-level=\"1\"><span style=\"font-weight: 400;\">Innovation et impact : Nous mettons en lumi\u00e8re les innovations en mati\u00e8re de recherche, de d\u00e9veloppement et de mise en \u0153uvre de l'IA dans divers secteurs, notamment les soins de sant\u00e9, la finance, les transports et l'\u00e9ducation. Nos rapports mettent l'accent sur les effets positifs potentiels des technologies de l'IA tout en reconnaissant et en examinant de mani\u00e8re critique les risques et les d\u00e9fis potentiels.<\/span><\/li>\n<li style=\"font-weight: 400;\" aria-level=\"1\"><span style=\"font-weight: 400;\">Perspective mondiale : Nous couvrons l'actualit\u00e9 et les d\u00e9veloppements li\u00e9s \u00e0 l'IA d'un point de vue mondial, en reconnaissant la diversit\u00e9 des applications et des implications des technologies de l'IA dans diff\u00e9rentes r\u00e9gions et cultures. Nous nous effor\u00e7ons d'\u00e9viter les pr\u00e9jug\u00e9s culturels et veillons \u00e0 ce que nos reportages soient pertinents et accessibles \u00e0 un public mondial.<\/span><\/li>\n<li style=\"font-weight: 400;\" aria-level=\"1\"><span style=\"font-weight: 400;\">Engagement de la communaut\u00e9 : Nous encourageons l'engagement de la communaut\u00e9 et le dialogue sur les sujets li\u00e9s \u00e0 l'IA par le biais de sections de commentaires, de canaux de m\u00e9dias sociaux et de fonctions interactives. Nous appr\u00e9cions les commentaires de notre public et cherchons activement \u00e0 int\u00e9grer leurs points de vue et leurs pr\u00e9occupations dans nos rapports.<\/span><\/li>\n<li style=\"font-weight: 400;\" aria-level=\"1\"><span style=\"font-weight: 400;\">Ind\u00e9pendance \u00e9ditoriale : Notre \u00e9quipe \u00e9ditoriale travaille de mani\u00e8re ind\u00e9pendante et autonome, sans subir d'influence indue ou de parti pris de la part des annonceurs, des sponsors ou des parties prenantes externes. Nous conservons un contr\u00f4le \u00e9ditorial sur les d\u00e9cisions relatives au contenu afin de garantir l'int\u00e9grit\u00e9 et la cr\u00e9dibilit\u00e9 de nos reportages.<\/span><\/li>\n<li style=\"font-weight: 400;\" aria-level=\"1\"><span style=\"font-weight: 400;\">Am\u00e9lioration continue : Nous nous engageons \u00e0 am\u00e9liorer en permanence nos pratiques et nos normes \u00e9ditoriales. Nous examinons et \u00e9valuons r\u00e9guli\u00e8rement notre couverture, nos politiques et nos proc\u00e9dures afin de respecter les normes les plus \u00e9lev\u00e9es en mati\u00e8re d'int\u00e9grit\u00e9 journalistique et de professionnalisme dans nos reportages sur l'intelligence artificielle.<\/span><\/li>\n<\/ol>\n<p><span style=\"font-weight: 400;\">En adh\u00e9rant \u00e0 ces politiques \u00e9ditoriales, nous visons \u00e0 fournir \u00e0 notre public une couverture fiable, perspicace et stimulante de l'intelligence artificielle qui informe, \u00e9duque et donne aux individus les moyens de naviguer dans les complexit\u00e9s de ce domaine en \u00e9volution rapide.<\/span><\/p>\n<p><b>Comment puis-je contacter l'\u00e9quipe \u00e9ditoriale ?<\/b><\/p>\n<p><span style=\"font-weight: 400;\">Si vous avez d'autres questions sur notre processus \u00e9ditorial, ou toute autre question \u00e0 poser \u00e0 l'\u00e9quipe, n'h\u00e9sitez pas \u00e0 nous contacter. <\/span><a href=\"\/fr\/contact\/\"><span style=\"font-weight: 400;\">nous contacter<\/span><\/a><span style=\"font-weight: 400;\"> et nous vous r\u00e9pondrons dans les plus brefs d\u00e9lais.<\/span><\/p>\n<p>&nbsp;<\/p>","protected":false},"excerpt":{"rendered":"<p>Derni\u00e8re mise \u00e0 jour : 21\/05\/2024 La politique \u00e9ditoriale de DailyAI s'applique \u00e0 l'ensemble de notre contenu. Reportage objectif : Notre site d'information s'engage \u00e0 fournir des informations objectives, pr\u00e9cises et impartiales sur les technologies de l'intelligence artificielle (IA) et leurs impacts. Nous nous effor\u00e7ons de pr\u00e9senter l'information de mani\u00e8re juste et \u00e9quilibr\u00e9e, en \u00e9vitant le sensationnalisme et la partialit\u00e9. Transparence : Nous donnons la priorit\u00e9 \u00e0 la transparence dans notre processus d'information. Nous divulguons les sources d'information, fournissons un contexte pour les sujets complexes et \u00e9tablissons une distinction claire entre les reportages factuels et les articles d'opinion. Des corrections et des mises \u00e0 jour sont rapidement publi\u00e9es lorsque des erreurs sont identifi\u00e9es. Consid\u00e9rations \u00e9thiques : Nous reconnaissons les implications \u00e9thiques des technologies de l'IA et<\/p>","protected":false},"author":1,"featured_media":0,"parent":207,"menu_order":0,"comment_status":"closed","ping_status":"closed","template":"","meta":{"footnotes":""},"class_list":["post-12465","page","type-page","status-publish","hentry"],"yoast_head":"<!-- This site is optimized with the Yoast SEO plugin v27.4 - https:\/\/yoast.com\/product\/yoast-seo-wordpress\/ -->\n<title>Editorial Policy | DailyAI<\/title>\n<meta name=\"robots\" content=\"index, follow, max-snippet:-1, max-image-preview:large, max-video-preview:-1\" \/>\n<link rel=\"canonical\" href=\"https:\/\/dailyai.com\/fr\/about\/editorial-policy\/\" \/>\n<meta property=\"og:locale\" content=\"fr_FR\" \/>\n<meta property=\"og:type\" content=\"article\" \/>\n<meta property=\"og:title\" content=\"Editorial Policy | DailyAI\" \/>\n<meta property=\"og:description\" content=\"Last updated: 21\/05\/2024 &nbsp; The Editorial Policy of DailyAI applies to all of our content. Objective Reporting: Our news website is committed to providing objective, accurate, and impartial reporting on artificial intelligence (AI) technologies and their impacts. We strive to present information in a fair and balanced manner, avoiding sensationalism or bias. Transparency: We prioritize transparency in our reporting process. We disclose sources of information, provide context for complex topics, and clearly differentiate between factual reporting and opinion pieces. Corrections and updates are promptly issued when errors are identified. Ethical Considerations: We recognize the ethical implications of AI technologies and\" \/>\n<meta property=\"og:url\" content=\"https:\/\/dailyai.com\/fr\/about\/editorial-policy\/\" \/>\n<meta property=\"og:site_name\" content=\"DailyAI\" \/>\n<meta name=\"twitter:card\" content=\"summary_large_image\" \/>\n<meta name=\"twitter:site\" content=\"@DailyAIOfficial\" \/>\n<meta name=\"twitter:label1\" content=\"Dur\u00e9e de lecture estim\u00e9e\" \/>\n\t<meta name=\"twitter:data1\" content=\"3 minutes\" \/>\n<script type=\"application\/ld+json\" class=\"yoast-schema-graph\">{\"@context\":\"https:\\\/\\\/schema.org\",\"@graph\":[{\"@type\":\"Article\",\"@id\":\"https:\\\/\\\/dailyai.com\\\/about\\\/editorial-policy\\\/#article\",\"isPartOf\":{\"@id\":\"https:\\\/\\\/dailyai.com\\\/about\\\/editorial-policy\\\/\"},\"author\":{\"name\":\"DailyAI\",\"@id\":\"https:\\\/\\\/dailyai.com\\\/#\\\/schema\\\/person\\\/5238bb16667080993f51f7fba82ad6c6\"},\"headline\":\"Editorial Policy\",\"datePublished\":\"2024-05-27T21:18:26+00:00\",\"mainEntityOfPage\":{\"@id\":\"https:\\\/\\\/dailyai.com\\\/about\\\/editorial-policy\\\/\"},\"wordCount\":497,\"publisher\":{\"@id\":\"https:\\\/\\\/dailyai.com\\\/#organization\"},\"inLanguage\":\"fr-FR\"},{\"@type\":\"WebPage\",\"@id\":\"https:\\\/\\\/dailyai.com\\\/about\\\/editorial-policy\\\/\",\"url\":\"https:\\\/\\\/dailyai.com\\\/about\\\/editorial-policy\\\/\",\"name\":\"Editorial Policy | DailyAI\",\"isPartOf\":{\"@id\":\"https:\\\/\\\/dailyai.com\\\/#website\"},\"datePublished\":\"2024-05-27T21:18:26+00:00\",\"breadcrumb\":{\"@id\":\"https:\\\/\\\/dailyai.com\\\/about\\\/editorial-policy\\\/#breadcrumb\"},\"inLanguage\":\"fr-FR\",\"potentialAction\":[{\"@type\":\"ReadAction\",\"target\":[\"https:\\\/\\\/dailyai.com\\\/about\\\/editorial-policy\\\/\"]}]},{\"@type\":\"BreadcrumbList\",\"@id\":\"https:\\\/\\\/dailyai.com\\\/about\\\/editorial-policy\\\/#breadcrumb\",\"itemListElement\":[{\"@type\":\"ListItem\",\"position\":1,\"name\":\"Home\",\"item\":\"https:\\\/\\\/dailyai.com\\\/\"},{\"@type\":\"ListItem\",\"position\":2,\"name\":\"About\",\"item\":\"https:\\\/\\\/dailyai.com\\\/about\\\/\"},{\"@type\":\"ListItem\",\"position\":3,\"name\":\"Editorial Policy\"}]},{\"@type\":\"WebSite\",\"@id\":\"https:\\\/\\\/dailyai.com\\\/#website\",\"url\":\"https:\\\/\\\/dailyai.com\\\/\",\"name\":\"DailyAI\",\"description\":\"Your Daily Dose of AI News\",\"publisher\":{\"@id\":\"https:\\\/\\\/dailyai.com\\\/#organization\"},\"potentialAction\":[{\"@type\":\"SearchAction\",\"target\":{\"@type\":\"EntryPoint\",\"urlTemplate\":\"https:\\\/\\\/dailyai.com\\\/?s={search_term_string}\"},\"query-input\":{\"@type\":\"PropertyValueSpecification\",\"valueRequired\":true,\"valueName\":\"search_term_string\"}}],\"inLanguage\":\"fr-FR\"},{\"@type\":\"Organization\",\"@id\":\"https:\\\/\\\/dailyai.com\\\/#organization\",\"name\":\"DailyAI\",\"url\":\"https:\\\/\\\/dailyai.com\\\/\",\"logo\":{\"@type\":\"ImageObject\",\"inLanguage\":\"fr-FR\",\"@id\":\"https:\\\/\\\/dailyai.com\\\/#\\\/schema\\\/logo\\\/image\\\/\",\"url\":\"https:\\\/\\\/dailyai.com\\\/wp-content\\\/uploads\\\/2023\\\/06\\\/Daily-Ai_TL_colour.png\",\"contentUrl\":\"https:\\\/\\\/dailyai.com\\\/wp-content\\\/uploads\\\/2023\\\/06\\\/Daily-Ai_TL_colour.png\",\"width\":4501,\"height\":934,\"caption\":\"DailyAI\"},\"image\":{\"@id\":\"https:\\\/\\\/dailyai.com\\\/#\\\/schema\\\/logo\\\/image\\\/\"},\"sameAs\":[\"https:\\\/\\\/x.com\\\/DailyAIOfficial\",\"https:\\\/\\\/www.linkedin.com\\\/company\\\/dailyaiofficial\\\/\",\"https:\\\/\\\/www.youtube.com\\\/@DailyAIOfficial\"]},{\"@type\":\"Person\",\"@id\":\"https:\\\/\\\/dailyai.com\\\/#\\\/schema\\\/person\\\/5238bb16667080993f51f7fba82ad6c6\",\"name\":\"DailyAI\",\"image\":{\"@type\":\"ImageObject\",\"inLanguage\":\"fr-FR\",\"@id\":\"https:\\\/\\\/secure.gravatar.com\\\/avatar\\\/c6af4019f5ca26871821f9d810a73765e1e0ff69f4f973af5fe81683959b2a2c?s=96&d=robohash&r=g\",\"url\":\"https:\\\/\\\/secure.gravatar.com\\\/avatar\\\/c6af4019f5ca26871821f9d810a73765e1e0ff69f4f973af5fe81683959b2a2c?s=96&d=robohash&r=g\",\"contentUrl\":\"https:\\\/\\\/secure.gravatar.com\\\/avatar\\\/c6af4019f5ca26871821f9d810a73765e1e0ff69f4f973af5fe81683959b2a2c?s=96&d=robohash&r=g\",\"caption\":\"DailyAI\"},\"description\":\"Your go-to destination for all things AI. We are dedicated to providing easy to understand and accessible news, updates, reviews, and features on the ever-evolving AI industry. Stay informed as we unravel the latest advancements, breakthroughs, and trends shaping the world of AI.\",\"sameAs\":[\"https:\\\/\\\/dailyai.com\"],\"url\":\"https:\\\/\\\/dailyai.com\\\/fr\\\/author\\\/atech\\\/\"}]}<\/script>\n<!-- \/ Yoast SEO plugin. -->","yoast_head_json":{"title":"Politique \u00e9ditoriale | DailyAI","robots":{"index":"index","follow":"follow","max-snippet":"max-snippet:-1","max-image-preview":"max-image-preview:large","max-video-preview":"max-video-preview:-1"},"canonical":"https:\/\/dailyai.com\/fr\/about\/editorial-policy\/","og_locale":"fr_FR","og_type":"article","og_title":"Editorial Policy | DailyAI","og_description":"Last updated: 21\/05\/2024 &nbsp; The Editorial Policy of DailyAI applies to all of our content. Objective Reporting: Our news website is committed to providing objective, accurate, and impartial reporting on artificial intelligence (AI) technologies and their impacts. We strive to present information in a fair and balanced manner, avoiding sensationalism or bias. Transparency: We prioritize transparency in our reporting process. We disclose sources of information, provide context for complex topics, and clearly differentiate between factual reporting and opinion pieces. Corrections and updates are promptly issued when errors are identified. Ethical Considerations: We recognize the ethical implications of AI technologies and","og_url":"https:\/\/dailyai.com\/fr\/about\/editorial-policy\/","og_site_name":"DailyAI","twitter_card":"summary_large_image","twitter_site":"@DailyAIOfficial","twitter_misc":{"Dur\u00e9e de lecture estim\u00e9e":"3 minutes"},"schema":{"@context":"https:\/\/schema.org","@graph":[{"@type":"Article","@id":"https:\/\/dailyai.com\/about\/editorial-policy\/#article","isPartOf":{"@id":"https:\/\/dailyai.com\/about\/editorial-policy\/"},"author":{"name":"DailyAI","@id":"https:\/\/dailyai.com\/#\/schema\/person\/5238bb16667080993f51f7fba82ad6c6"},"headline":"Editorial Policy","datePublished":"2024-05-27T21:18:26+00:00","mainEntityOfPage":{"@id":"https:\/\/dailyai.com\/about\/editorial-policy\/"},"wordCount":497,"publisher":{"@id":"https:\/\/dailyai.com\/#organization"},"inLanguage":"fr-FR"},{"@type":"WebPage","@id":"https:\/\/dailyai.com\/about\/editorial-policy\/","url":"https:\/\/dailyai.com\/about\/editorial-policy\/","name":"Politique \u00e9ditoriale | DailyAI","isPartOf":{"@id":"https:\/\/dailyai.com\/#website"},"datePublished":"2024-05-27T21:18:26+00:00","breadcrumb":{"@id":"https:\/\/dailyai.com\/about\/editorial-policy\/#breadcrumb"},"inLanguage":"fr-FR","potentialAction":[{"@type":"ReadAction","target":["https:\/\/dailyai.com\/about\/editorial-policy\/"]}]},{"@type":"BreadcrumbList","@id":"https:\/\/dailyai.com\/about\/editorial-policy\/#breadcrumb","itemListElement":[{"@type":"ListItem","position":1,"name":"Home","item":"https:\/\/dailyai.com\/"},{"@type":"ListItem","position":2,"name":"About","item":"https:\/\/dailyai.com\/about\/"},{"@type":"ListItem","position":3,"name":"Editorial Policy"}]},{"@type":"WebSite","@id":"https:\/\/dailyai.com\/#website","url":"https:\/\/dailyai.com\/","name":"DailyAI","description":"Votre dose quotidienne de nouvelles sur l'IA","publisher":{"@id":"https:\/\/dailyai.com\/#organization"},"potentialAction":[{"@type":"SearchAction","target":{"@type":"EntryPoint","urlTemplate":"https:\/\/dailyai.com\/?s={search_term_string}"},"query-input":{"@type":"PropertyValueSpecification","valueRequired":true,"valueName":"search_term_string"}}],"inLanguage":"fr-FR"},{"@type":"Organization","@id":"https:\/\/dailyai.com\/#organization","name":"DailyAI","url":"https:\/\/dailyai.com\/","logo":{"@type":"ImageObject","inLanguage":"fr-FR","@id":"https:\/\/dailyai.com\/#\/schema\/logo\/image\/","url":"https:\/\/dailyai.com\/wp-content\/uploads\/2023\/06\/Daily-Ai_TL_colour.png","contentUrl":"https:\/\/dailyai.com\/wp-content\/uploads\/2023\/06\/Daily-Ai_TL_colour.png","width":4501,"height":934,"caption":"DailyAI"},"image":{"@id":"https:\/\/dailyai.com\/#\/schema\/logo\/image\/"},"sameAs":["https:\/\/x.com\/DailyAIOfficial","https:\/\/www.linkedin.com\/company\/dailyaiofficial\/","https:\/\/www.youtube.com\/@DailyAIOfficial"]},{"@type":"Person","@id":"https:\/\/dailyai.com\/#\/schema\/person\/5238bb16667080993f51f7fba82ad6c6","name":"DailyAI","image":{"@type":"ImageObject","inLanguage":"fr-FR","@id":"https:\/\/secure.gravatar.com\/avatar\/c6af4019f5ca26871821f9d810a73765e1e0ff69f4f973af5fe81683959b2a2c?s=96&d=robohash&r=g","url":"https:\/\/secure.gravatar.com\/avatar\/c6af4019f5ca26871821f9d810a73765e1e0ff69f4f973af5fe81683959b2a2c?s=96&d=robohash&r=g","contentUrl":"https:\/\/secure.gravatar.com\/avatar\/c6af4019f5ca26871821f9d810a73765e1e0ff69f4f973af5fe81683959b2a2c?s=96&d=robohash&r=g","caption":"DailyAI"},"description":"Votre destination privil\u00e9gi\u00e9e pour tout ce qui concerne l'IA. Nous nous engageons \u00e0 fournir des informations, des mises \u00e0 jour, des analyses et des reportages faciles \u00e0 comprendre et accessibles sur l'industrie de l'IA en constante \u00e9volution. Restez inform\u00e9 en d\u00e9couvrant les derni\u00e8res avanc\u00e9es, perc\u00e9es et tendances qui fa\u00e7onnent le monde de l'IA.","sameAs":["https:\/\/dailyai.com"],"url":"https:\/\/dailyai.com\/fr\/author\/atech\/"}]}},"_links":{"self":[{"href":"https:\/\/dailyai.com\/fr\/wp-json\/wp\/v2\/pages\/12465","targetHints":{"allow":["GET"]}}],"collection":[{"href":"https:\/\/dailyai.com\/fr\/wp-json\/wp\/v2\/pages"}],"about":[{"href":"https:\/\/dailyai.com\/fr\/wp-json\/wp\/v2\/types\/page"}],"author":[{"embeddable":true,"href":"https:\/\/dailyai.com\/fr\/wp-json\/wp\/v2\/users\/1"}],"replies":[{"embeddable":true,"href":"https:\/\/dailyai.com\/fr\/wp-json\/wp\/v2\/comments?post=12465"}],"version-history":[{"count":3,"href":"https:\/\/dailyai.com\/fr\/wp-json\/wp\/v2\/pages\/12465\/revisions"}],"predecessor-version":[{"id":12468,"href":"https:\/\/dailyai.com\/fr\/wp-json\/wp\/v2\/pages\/12465\/revisions\/12468"}],"up":[{"embeddable":true,"href":"https:\/\/dailyai.com\/fr\/wp-json\/wp\/v2\/pages\/207"}],"wp:attachment":[{"href":"https:\/\/dailyai.com\/fr\/wp-json\/wp\/v2\/media?parent=12465"}],"curies":[{"name":"wp","href":"https:\/\/api.w.org\/{rel}","templated":true}]}}