{"id":207,"date":"2019-01-14T14:31:22","date_gmt":"2019-01-14T14:31:22","guid":{"rendered":"https:\/\/theissue.fuelthemes.net\/issue-18\/?page_id=207"},"modified":"2024-03-28T00:06:52","modified_gmt":"2024-03-28T00:06:52","slug":"about","status":"publish","type":"page","link":"https:\/\/dailyai.com\/es\/about\/","title":{"rendered":"Acerca de"},"content":{"rendered":"<div class=\"dai_pgConfer\">\n<center><\/p>\n<h5>Bienvenido a <span style=\"color: #f75454;\">DailyAI<\/span>. Estamos aqu\u00ed para simplificar el mundo de la Inteligencia Artificial, proporcionando informaci\u00f3n clara y atractiva, tanto si eres nuevo en la IA como si ya eres un experto.<\/h5>\n<p>Nuestro amplio contenido ofrece una visi\u00f3n hol\u00edstica de la industria de la IA. Noticias, actualidad, entrevistas, opiniones, rese\u00f1as de productos, bibliotecas de consulta y mucho m\u00e1s.<\/p>\n<p>Lanzada en 2023, somos una iniciativa de Intelliquence, una empresa de medios digitales con visi\u00f3n de futuro con sede en Londres.<\/p>\n<p>\u00bfNuestro objetivo? Hacer que comprender la IA no sea un reto, sino una oportunidad para todos.<\/p>\n<p>Creemos que hay que descifrar las complejidades de la IA y presentarlas de forma accesible y comprensible para todos.<\/p>\n<p><strong>\u00danase a nosotros para descubrir el mundo din\u00e1mico y en constante evoluci\u00f3n de la IA.<\/strong><br \/>\n<\/center>\n<\/div>","protected":false},"excerpt":{"rendered":"<p>Bienvenido a DailyAI. Estamos aqu\u00ed para simplificar el mundo de la Inteligencia Artificial, proporcionando ideas claras y atractivas, tanto si eres nuevo en la IA como si eres un experto establecido. Nuestro amplio contenido proporciona una visi\u00f3n hol\u00edstica de la industria de la IA. Abarcamos noticias, temas de actualidad, entrevistas, opiniones, rese\u00f1as de productos, bibliotecas de consulta y mucho m\u00e1s. Lanzada en 2023, somos una iniciativa de Intelliquence, una empresa de medios digitales con visi\u00f3n de futuro con sede en Londres. \u00bfNuestro objetivo? Hacer que entender la IA no sea un reto, sino una oportunidad para todos. Creemos en descifrar las complejidades de la IA y presentarlas de una manera accesible y comprensible para todos.<\/p>","protected":false},"author":1,"featured_media":0,"parent":0,"menu_order":0,"comment_status":"closed","ping_status":"closed","template":"","meta":{"footnotes":""},"class_list":["post-207","page","type-page","status-publish","hentry"],"yoast_head":"<!-- This site is optimized with the Yoast SEO plugin v27.3 - https:\/\/yoast.com\/product\/yoast-seo-wordpress\/ -->\n<title>About | DailyAI<\/title>\n<meta name=\"robots\" content=\"index, follow, max-snippet:-1, max-image-preview:large, max-video-preview:-1\" \/>\n<link rel=\"canonical\" href=\"https:\/\/dailyai.com\/es\/about\/\" \/>\n<meta property=\"og:locale\" content=\"es_ES\" \/>\n<meta property=\"og:type\" content=\"article\" \/>\n<meta property=\"og:title\" content=\"About | DailyAI\" \/>\n<meta property=\"og:description\" content=\"Welcome to DailyAI. We&#8217;re here to simplify the world of Artificial Intelligence, providing insights that are clear and engaging, whether you&#8217;re new to AI or an established expert. Our wide-ranging content provides a holistic view of the AI industry. Spanning news, current affairs, interviews, opinions, product reviews, prompt libraries and much more. Launched in 2023, we&#8217;re an initiative by Intelliquence, a forward-thinking digital media company based in London. Our goal? To make understanding AI not a challenge, but an opportunity for all. We believe in decoding the complexities of AI and presenting it in an accessible and relatable manner for\" \/>\n<meta property=\"og:url\" content=\"https:\/\/dailyai.com\/es\/about\/\" \/>\n<meta property=\"og:site_name\" content=\"DailyAI\" \/>\n<meta property=\"article:modified_time\" content=\"2024-03-28T00:06:52+00:00\" \/>\n<meta name=\"twitter:card\" content=\"summary_large_image\" \/>\n<meta name=\"twitter:site\" content=\"@DailyAIOfficial\" \/>\n<meta name=\"twitter:label1\" content=\"Tiempo de lectura\" \/>\n\t<meta name=\"twitter:data1\" content=\"1 minuto\" \/>\n<script type=\"application\/ld+json\" class=\"yoast-schema-graph\">{\"@context\":\"https:\\\/\\\/schema.org\",\"@graph\":[{\"@type\":[\"WebPage\",\"AboutPage\"],\"@id\":\"https:\\\/\\\/dailyai.com\\\/about\\\/\",\"url\":\"https:\\\/\\\/dailyai.com\\\/about\\\/\",\"name\":\"About | DailyAI\",\"isPartOf\":{\"@id\":\"https:\\\/\\\/dailyai.com\\\/#website\"},\"datePublished\":\"2019-01-14T14:31:22+00:00\",\"dateModified\":\"2024-03-28T00:06:52+00:00\",\"breadcrumb\":{\"@id\":\"https:\\\/\\\/dailyai.com\\\/about\\\/#breadcrumb\"},\"inLanguage\":\"es\",\"potentialAction\":[{\"@type\":\"ReadAction\",\"target\":[\"https:\\\/\\\/dailyai.com\\\/about\\\/\"]}]},{\"@type\":\"BreadcrumbList\",\"@id\":\"https:\\\/\\\/dailyai.com\\\/about\\\/#breadcrumb\",\"itemListElement\":[{\"@type\":\"ListItem\",\"position\":1,\"name\":\"Home\",\"item\":\"https:\\\/\\\/dailyai.com\\\/\"},{\"@type\":\"ListItem\",\"position\":2,\"name\":\"About\"}]},{\"@type\":\"WebSite\",\"@id\":\"https:\\\/\\\/dailyai.com\\\/#website\",\"url\":\"https:\\\/\\\/dailyai.com\\\/\",\"name\":\"DailyAI\",\"description\":\"Your Daily Dose of AI News\",\"publisher\":{\"@id\":\"https:\\\/\\\/dailyai.com\\\/#organization\"},\"potentialAction\":[{\"@type\":\"SearchAction\",\"target\":{\"@type\":\"EntryPoint\",\"urlTemplate\":\"https:\\\/\\\/dailyai.com\\\/?s={search_term_string}\"},\"query-input\":{\"@type\":\"PropertyValueSpecification\",\"valueRequired\":true,\"valueName\":\"search_term_string\"}}],\"inLanguage\":\"es\"},{\"@type\":\"Organization\",\"@id\":\"https:\\\/\\\/dailyai.com\\\/#organization\",\"name\":\"DailyAI\",\"url\":\"https:\\\/\\\/dailyai.com\\\/\",\"logo\":{\"@type\":\"ImageObject\",\"inLanguage\":\"es\",\"@id\":\"https:\\\/\\\/dailyai.com\\\/#\\\/schema\\\/logo\\\/image\\\/\",\"url\":\"https:\\\/\\\/dailyai.com\\\/wp-content\\\/uploads\\\/2023\\\/06\\\/Daily-Ai_TL_colour.png\",\"contentUrl\":\"https:\\\/\\\/dailyai.com\\\/wp-content\\\/uploads\\\/2023\\\/06\\\/Daily-Ai_TL_colour.png\",\"width\":4501,\"height\":934,\"caption\":\"DailyAI\"},\"image\":{\"@id\":\"https:\\\/\\\/dailyai.com\\\/#\\\/schema\\\/logo\\\/image\\\/\"},\"sameAs\":[\"https:\\\/\\\/x.com\\\/DailyAIOfficial\",\"https:\\\/\\\/www.linkedin.com\\\/company\\\/dailyaiofficial\\\/\",\"https:\\\/\\\/www.youtube.com\\\/@DailyAIOfficial\"]}]}<\/script>\n<!-- \/ Yoast SEO plugin. -->","yoast_head_json":{"title":"Acerca de | DailyAI","robots":{"index":"index","follow":"follow","max-snippet":"max-snippet:-1","max-image-preview":"max-image-preview:large","max-video-preview":"max-video-preview:-1"},"canonical":"https:\/\/dailyai.com\/es\/about\/","og_locale":"es_ES","og_type":"article","og_title":"About | DailyAI","og_description":"Welcome to DailyAI. We&#8217;re here to simplify the world of Artificial Intelligence, providing insights that are clear and engaging, whether you&#8217;re new to AI or an established expert. Our wide-ranging content provides a holistic view of the AI industry. Spanning news, current affairs, interviews, opinions, product reviews, prompt libraries and much more. Launched in 2023, we&#8217;re an initiative by Intelliquence, a forward-thinking digital media company based in London. Our goal? To make understanding AI not a challenge, but an opportunity for all. We believe in decoding the complexities of AI and presenting it in an accessible and relatable manner for","og_url":"https:\/\/dailyai.com\/es\/about\/","og_site_name":"DailyAI","article_modified_time":"2024-03-28T00:06:52+00:00","twitter_card":"summary_large_image","twitter_site":"@DailyAIOfficial","twitter_misc":{"Tiempo de lectura":"1 minuto"},"schema":{"@context":"https:\/\/schema.org","@graph":[{"@type":["WebPage","AboutPage"],"@id":"https:\/\/dailyai.com\/about\/","url":"https:\/\/dailyai.com\/about\/","name":"Acerca de | DailyAI","isPartOf":{"@id":"https:\/\/dailyai.com\/#website"},"datePublished":"2019-01-14T14:31:22+00:00","dateModified":"2024-03-28T00:06:52+00:00","breadcrumb":{"@id":"https:\/\/dailyai.com\/about\/#breadcrumb"},"inLanguage":"es","potentialAction":[{"@type":"ReadAction","target":["https:\/\/dailyai.com\/about\/"]}]},{"@type":"BreadcrumbList","@id":"https:\/\/dailyai.com\/about\/#breadcrumb","itemListElement":[{"@type":"ListItem","position":1,"name":"Home","item":"https:\/\/dailyai.com\/"},{"@type":"ListItem","position":2,"name":"About"}]},{"@type":"WebSite","@id":"https:\/\/dailyai.com\/#website","url":"https:\/\/dailyai.com\/","name":"DailyAI","description":"Su dosis diaria de noticias sobre IA","publisher":{"@id":"https:\/\/dailyai.com\/#organization"},"potentialAction":[{"@type":"SearchAction","target":{"@type":"EntryPoint","urlTemplate":"https:\/\/dailyai.com\/?s={search_term_string}"},"query-input":{"@type":"PropertyValueSpecification","valueRequired":true,"valueName":"search_term_string"}}],"inLanguage":"es"},{"@type":"Organization","@id":"https:\/\/dailyai.com\/#organization","name":"DailyAI","url":"https:\/\/dailyai.com\/","logo":{"@type":"ImageObject","inLanguage":"es","@id":"https:\/\/dailyai.com\/#\/schema\/logo\/image\/","url":"https:\/\/dailyai.com\/wp-content\/uploads\/2023\/06\/Daily-Ai_TL_colour.png","contentUrl":"https:\/\/dailyai.com\/wp-content\/uploads\/2023\/06\/Daily-Ai_TL_colour.png","width":4501,"height":934,"caption":"DailyAI"},"image":{"@id":"https:\/\/dailyai.com\/#\/schema\/logo\/image\/"},"sameAs":["https:\/\/x.com\/DailyAIOfficial","https:\/\/www.linkedin.com\/company\/dailyaiofficial\/","https:\/\/www.youtube.com\/@DailyAIOfficial"]}]}},"_links":{"self":[{"href":"https:\/\/dailyai.com\/es\/wp-json\/wp\/v2\/pages\/207","targetHints":{"allow":["GET"]}}],"collection":[{"href":"https:\/\/dailyai.com\/es\/wp-json\/wp\/v2\/pages"}],"about":[{"href":"https:\/\/dailyai.com\/es\/wp-json\/wp\/v2\/types\/page"}],"author":[{"embeddable":true,"href":"https:\/\/dailyai.com\/es\/wp-json\/wp\/v2\/users\/1"}],"replies":[{"embeddable":true,"href":"https:\/\/dailyai.com\/es\/wp-json\/wp\/v2\/comments?post=207"}],"version-history":[{"count":16,"href":"https:\/\/dailyai.com\/es\/wp-json\/wp\/v2\/pages\/207\/revisions"}],"predecessor-version":[{"id":11055,"href":"https:\/\/dailyai.com\/es\/wp-json\/wp\/v2\/pages\/207\/revisions\/11055"}],"wp:attachment":[{"href":"https:\/\/dailyai.com\/es\/wp-json\/wp\/v2\/media?parent=207"}],"curies":[{"name":"wp","href":"https:\/\/api.w.org\/{rel}","templated":true}]}}