{"id":12600,"date":"2024-05-27T21:18:23","date_gmt":"2024-05-27T21:18:23","guid":{"rendered":"https:\/\/dailyai.com\/?page_id=12600"},"modified":"2024-05-27T21:18:23","modified_gmt":"2024-05-27T21:18:23","slug":"careers","status":"publish","type":"page","link":"https:\/\/dailyai.com\/es\/about\/careers\/","title":{"rendered":"Carreras profesionales"},"content":{"rendered":"<h2>Empleo en DailyAI<\/h2>\n<h3>\u00danase a nuestra misi\u00f3n de simplificar la IA<\/h3>\n<p>Bienvenido a DailyAI, donde simplificamos el complejo mundo de la Inteligencia Artificial. Nuestra misi\u00f3n es ofrecer una visi\u00f3n clara y atractiva a todo el mundo, desde los principiantes en IA hasta los expertos consolidados. Si te apasiona la IA y quieres tener un impacto real, te invitamos a explorar nuestras oportunidades profesionales.<\/p>\n<h3>\u00bfPor qu\u00e9 trabajar en DailyAI?<\/h3>\n<p>En DailyAI, ofrecemos una plataforma \u00fanica para contribuir a la r\u00e1pida evoluci\u00f3n de la industria de la IA. Nuestro contenido abarca noticias, temas de actualidad, entrevistas, opiniones, rese\u00f1as de productos y bibliotecas de pron\u00f3sticos, lo que proporciona a nuestro equipo una visi\u00f3n hol\u00edstica del panorama de la IA. He aqu\u00ed por qu\u00e9 deber\u00eda considerar unirse a nosotros:<\/p>\n<ul>\n<li><strong>Entorno innovador<\/strong>: Como iniciativa de Intelliquence, una empresa de medios digitales con visi\u00f3n de futuro con sede en Londres, fomentamos una cultura de innovaci\u00f3n y aprendizaje continuo.<\/li>\n<li><strong>Equipo de expertos<\/strong>: Trabaje junto a expertos del sector dedicados a descifrar y desmitificar la IA.<\/li>\n<li><strong>Contenido din\u00e1mico<\/strong>: Forme parte de un equipo que crea contenidos diversos y atractivos, poniendo la IA al alcance de todos.<\/li>\n<li><strong>Trabajo flexible<\/strong>: Entendemos la importancia de la conciliaci\u00f3n de la vida laboral y familiar y ofrecemos modalidades de trabajo flexibles para apoyar las diversas necesidades y estilos de vida de nuestros empleados.<\/li>\n<\/ul>\n<h3>Nuestros valores<\/h3>\n<p>En DailyAI, nuestros valores nos gu\u00edan en la consecuci\u00f3n de esta misi\u00f3n y conforman la cultura de nuestro lugar de trabajo. Estos son algunos de nuestros valores fundamentales:<\/p>\n<ul>\n<li><strong>Integridad:<\/strong> Damos prioridad a la veracidad y la precisi\u00f3n en todo nuestro trabajo, garantizando un contenido fiable y digno de confianza. Creemos en hacer lo correcto, siempre.<\/li>\n<li><strong>Equidad e imparcialidad:<\/strong> Estamos comprometidos con la informaci\u00f3n equilibrada, la presentaci\u00f3n de perspectivas diversas y la eliminaci\u00f3n de prejuicios para mantener una postura objetiva.<\/li>\n<li><strong>Transparencia:<\/strong> La franqueza y la honestidad est\u00e1n en el centro de nuestras operaciones. Atribuimos claramente nuestras fuentes y mantenemos la independencia editorial.<\/li>\n<li><strong>Rendici\u00f3n de cuentas:<\/strong> Asumimos la responsabilidad de nuestros contenidos y acciones, y buscamos activamente comentarios para mejorar nuestras pr\u00e1cticas y mantener un alto nivel de calidad.<\/li>\n<li><strong>Respeto:<\/strong> Promovemos un lugar de trabajo respetuoso e integrador en el que se fomentan puntos de vista diversos y se valora a todos los miembros del equipo.<\/li>\n<li><strong>Inclusi\u00f3n y diversidad:<\/strong> Celebramos la diversidad y estamos comprometidos con la igualdad de oportunidades para todos, garantizando un entorno acogedor y solidario.<\/li>\n<\/ul>\n<p>Al unirse a DailyAI, formar\u00e1 parte de un equipo que valora la integridad, el respeto y la innovaci\u00f3n. Juntos, hacemos que entender la IA sea accesible para todos.<\/p>\n<p>Para obtener informaci\u00f3n m\u00e1s detallada, consulte nuestro <a href=\"https:\/\/chatgpt.com\/#\" target=\"_new\" rel=\"noreferrer noopener\">C\u00f3digo \u00e9tico<\/a>.<\/p>\n<h3>Oportunidades actuales<\/h3>\n<p>Siempre estamos buscando personas con talento que compartan nuestra pasi\u00f3n por la IA. Nuestras vacantes actuales incluyen:<\/p>\n<ul>\n<li><strong>Redactor de contenidos de AI<\/strong>: Crea art\u00edculos atractivos, entrevistas y art\u00edculos de opini\u00f3n sobre lo \u00faltimo en IA.<\/li>\n<\/ul>\n<h3>C\u00f3mo solicitarlo<\/h3>\n<p>Si le entusiasma la oportunidad de trabajar con nosotros, nos encantar\u00eda saber de usted. Env\u00eda tu curr\u00edculum y una carta de presentaci\u00f3n detallando tu experiencia y por qu\u00e9 quieres unirte a DailyAI a <a href=\"mailto:contact@dailyai.com\">contact@dailyai.com<\/a>.<\/p>","protected":false},"excerpt":{"rendered":"<p>Carreras en DailyAI \u00danete a nuestra misi\u00f3n de simplificar la IA Bienvenido a DailyAI, donde simplificamos el complejo mundo de la Inteligencia Artificial. Nuestra misi\u00f3n es ofrecer una visi\u00f3n clara y atractiva a todo el mundo, desde los principiantes en IA hasta los expertos consolidados. Si le apasiona la IA y quiere tener un impacto real, le invitamos a explorar nuestras oportunidades profesionales. \u00bfPor qu\u00e9 trabajar en DailyAI? En DailyAI, ofrecemos una plataforma \u00fanica para contribuir a la r\u00e1pida evoluci\u00f3n de la industria de la IA. Nuestro contenido abarca noticias, temas de actualidad, entrevistas, opiniones, rese\u00f1as de productos y bibliotecas de pron\u00f3sticos, lo que proporciona a nuestro equipo una visi\u00f3n hol\u00edstica del panorama de la IA. He aqu\u00ed por qu\u00e9<\/p>","protected":false},"author":1,"featured_media":0,"parent":207,"menu_order":0,"comment_status":"closed","ping_status":"closed","template":"","meta":{"footnotes":""},"class_list":["post-12600","page","type-page","status-publish","hentry"],"yoast_head":"<!-- This site is optimized with the Yoast SEO plugin v27.3 - https:\/\/yoast.com\/product\/yoast-seo-wordpress\/ -->\n<title>Careers | DailyAI<\/title>\n<meta name=\"robots\" content=\"index, follow, max-snippet:-1, max-image-preview:large, max-video-preview:-1\" \/>\n<link rel=\"canonical\" href=\"https:\/\/dailyai.com\/es\/about\/careers\/\" \/>\n<meta property=\"og:locale\" content=\"es_ES\" \/>\n<meta property=\"og:type\" content=\"article\" \/>\n<meta property=\"og:title\" content=\"Careers | DailyAI\" \/>\n<meta property=\"og:description\" content=\"Careers at DailyAI Join Our Mission to Simplify AI Welcome to DailyAI, where we simplify the complex world of Artificial Intelligence. Our mission is to provide clear, engaging insights to everyone, from AI novices to established experts. If you&#8217;re passionate about AI and want to make a real impact, we invite you to explore our career opportunities. Why Work at DailyAI? At DailyAI, we offer a unique platform to contribute to the rapidly evolving AI industry. Our content spans news, current affairs, interviews, opinions, product reviews, and prompt libraries, giving our team a holistic view of AI&#8217;s landscape. Here\u2019s why\" \/>\n<meta property=\"og:url\" content=\"https:\/\/dailyai.com\/es\/about\/careers\/\" \/>\n<meta property=\"og:site_name\" content=\"DailyAI\" \/>\n<meta name=\"twitter:card\" content=\"summary_large_image\" \/>\n<meta name=\"twitter:site\" content=\"@DailyAIOfficial\" \/>\n<meta name=\"twitter:label1\" content=\"Tiempo de lectura\" \/>\n\t<meta name=\"twitter:data1\" content=\"2 minutos\" \/>\n<script type=\"application\/ld+json\" class=\"yoast-schema-graph\">{\"@context\":\"https:\\\/\\\/schema.org\",\"@graph\":[{\"@type\":\"Article\",\"@id\":\"https:\\\/\\\/dailyai.com\\\/about\\\/careers\\\/#article\",\"isPartOf\":{\"@id\":\"https:\\\/\\\/dailyai.com\\\/about\\\/careers\\\/\"},\"author\":{\"name\":\"DailyAI\",\"@id\":\"https:\\\/\\\/dailyai.com\\\/#\\\/schema\\\/person\\\/5238bb16667080993f51f7fba82ad6c6\"},\"headline\":\"Careers\",\"datePublished\":\"2024-05-27T21:18:23+00:00\",\"mainEntityOfPage\":{\"@id\":\"https:\\\/\\\/dailyai.com\\\/about\\\/careers\\\/\"},\"wordCount\":442,\"publisher\":{\"@id\":\"https:\\\/\\\/dailyai.com\\\/#organization\"},\"inLanguage\":\"es\"},{\"@type\":\"WebPage\",\"@id\":\"https:\\\/\\\/dailyai.com\\\/about\\\/careers\\\/\",\"url\":\"https:\\\/\\\/dailyai.com\\\/about\\\/careers\\\/\",\"name\":\"Careers | DailyAI\",\"isPartOf\":{\"@id\":\"https:\\\/\\\/dailyai.com\\\/#website\"},\"datePublished\":\"2024-05-27T21:18:23+00:00\",\"breadcrumb\":{\"@id\":\"https:\\\/\\\/dailyai.com\\\/about\\\/careers\\\/#breadcrumb\"},\"inLanguage\":\"es\",\"potentialAction\":[{\"@type\":\"ReadAction\",\"target\":[\"https:\\\/\\\/dailyai.com\\\/about\\\/careers\\\/\"]}]},{\"@type\":\"BreadcrumbList\",\"@id\":\"https:\\\/\\\/dailyai.com\\\/about\\\/careers\\\/#breadcrumb\",\"itemListElement\":[{\"@type\":\"ListItem\",\"position\":1,\"name\":\"Home\",\"item\":\"https:\\\/\\\/dailyai.com\\\/\"},{\"@type\":\"ListItem\",\"position\":2,\"name\":\"About\",\"item\":\"https:\\\/\\\/dailyai.com\\\/about\\\/\"},{\"@type\":\"ListItem\",\"position\":3,\"name\":\"Careers\"}]},{\"@type\":\"WebSite\",\"@id\":\"https:\\\/\\\/dailyai.com\\\/#website\",\"url\":\"https:\\\/\\\/dailyai.com\\\/\",\"name\":\"DailyAI\",\"description\":\"Your Daily Dose of AI News\",\"publisher\":{\"@id\":\"https:\\\/\\\/dailyai.com\\\/#organization\"},\"potentialAction\":[{\"@type\":\"SearchAction\",\"target\":{\"@type\":\"EntryPoint\",\"urlTemplate\":\"https:\\\/\\\/dailyai.com\\\/?s={search_term_string}\"},\"query-input\":{\"@type\":\"PropertyValueSpecification\",\"valueRequired\":true,\"valueName\":\"search_term_string\"}}],\"inLanguage\":\"es\"},{\"@type\":\"Organization\",\"@id\":\"https:\\\/\\\/dailyai.com\\\/#organization\",\"name\":\"DailyAI\",\"url\":\"https:\\\/\\\/dailyai.com\\\/\",\"logo\":{\"@type\":\"ImageObject\",\"inLanguage\":\"es\",\"@id\":\"https:\\\/\\\/dailyai.com\\\/#\\\/schema\\\/logo\\\/image\\\/\",\"url\":\"https:\\\/\\\/dailyai.com\\\/wp-content\\\/uploads\\\/2023\\\/06\\\/Daily-Ai_TL_colour.png\",\"contentUrl\":\"https:\\\/\\\/dailyai.com\\\/wp-content\\\/uploads\\\/2023\\\/06\\\/Daily-Ai_TL_colour.png\",\"width\":4501,\"height\":934,\"caption\":\"DailyAI\"},\"image\":{\"@id\":\"https:\\\/\\\/dailyai.com\\\/#\\\/schema\\\/logo\\\/image\\\/\"},\"sameAs\":[\"https:\\\/\\\/x.com\\\/DailyAIOfficial\",\"https:\\\/\\\/www.linkedin.com\\\/company\\\/dailyaiofficial\\\/\",\"https:\\\/\\\/www.youtube.com\\\/@DailyAIOfficial\"]},{\"@type\":\"Person\",\"@id\":\"https:\\\/\\\/dailyai.com\\\/#\\\/schema\\\/person\\\/5238bb16667080993f51f7fba82ad6c6\",\"name\":\"DailyAI\",\"image\":{\"@type\":\"ImageObject\",\"inLanguage\":\"es\",\"@id\":\"https:\\\/\\\/secure.gravatar.com\\\/avatar\\\/c6af4019f5ca26871821f9d810a73765e1e0ff69f4f973af5fe81683959b2a2c?s=96&d=robohash&r=g\",\"url\":\"https:\\\/\\\/secure.gravatar.com\\\/avatar\\\/c6af4019f5ca26871821f9d810a73765e1e0ff69f4f973af5fe81683959b2a2c?s=96&d=robohash&r=g\",\"contentUrl\":\"https:\\\/\\\/secure.gravatar.com\\\/avatar\\\/c6af4019f5ca26871821f9d810a73765e1e0ff69f4f973af5fe81683959b2a2c?s=96&d=robohash&r=g\",\"caption\":\"DailyAI\"},\"description\":\"Your go-to destination for all things AI. We are dedicated to providing easy to understand and accessible news, updates, reviews, and features on the ever-evolving AI industry. Stay informed as we unravel the latest advancements, breakthroughs, and trends shaping the world of AI.\",\"sameAs\":[\"https:\\\/\\\/dailyai.com\"],\"url\":\"https:\\\/\\\/dailyai.com\\\/es\\\/author\\\/atech\\\/\"}]}<\/script>\n<!-- \/ Yoast SEO plugin. -->","yoast_head_json":{"title":"Empleo | DailyAI","robots":{"index":"index","follow":"follow","max-snippet":"max-snippet:-1","max-image-preview":"max-image-preview:large","max-video-preview":"max-video-preview:-1"},"canonical":"https:\/\/dailyai.com\/es\/about\/careers\/","og_locale":"es_ES","og_type":"article","og_title":"Careers | DailyAI","og_description":"Careers at DailyAI Join Our Mission to Simplify AI Welcome to DailyAI, where we simplify the complex world of Artificial Intelligence. Our mission is to provide clear, engaging insights to everyone, from AI novices to established experts. If you&#8217;re passionate about AI and want to make a real impact, we invite you to explore our career opportunities. Why Work at DailyAI? At DailyAI, we offer a unique platform to contribute to the rapidly evolving AI industry. Our content spans news, current affairs, interviews, opinions, product reviews, and prompt libraries, giving our team a holistic view of AI&#8217;s landscape. Here\u2019s why","og_url":"https:\/\/dailyai.com\/es\/about\/careers\/","og_site_name":"DailyAI","twitter_card":"summary_large_image","twitter_site":"@DailyAIOfficial","twitter_misc":{"Tiempo de lectura":"2 minutos"},"schema":{"@context":"https:\/\/schema.org","@graph":[{"@type":"Article","@id":"https:\/\/dailyai.com\/about\/careers\/#article","isPartOf":{"@id":"https:\/\/dailyai.com\/about\/careers\/"},"author":{"name":"DailyAI","@id":"https:\/\/dailyai.com\/#\/schema\/person\/5238bb16667080993f51f7fba82ad6c6"},"headline":"Careers","datePublished":"2024-05-27T21:18:23+00:00","mainEntityOfPage":{"@id":"https:\/\/dailyai.com\/about\/careers\/"},"wordCount":442,"publisher":{"@id":"https:\/\/dailyai.com\/#organization"},"inLanguage":"es"},{"@type":"WebPage","@id":"https:\/\/dailyai.com\/about\/careers\/","url":"https:\/\/dailyai.com\/about\/careers\/","name":"Empleo | DailyAI","isPartOf":{"@id":"https:\/\/dailyai.com\/#website"},"datePublished":"2024-05-27T21:18:23+00:00","breadcrumb":{"@id":"https:\/\/dailyai.com\/about\/careers\/#breadcrumb"},"inLanguage":"es","potentialAction":[{"@type":"ReadAction","target":["https:\/\/dailyai.com\/about\/careers\/"]}]},{"@type":"BreadcrumbList","@id":"https:\/\/dailyai.com\/about\/careers\/#breadcrumb","itemListElement":[{"@type":"ListItem","position":1,"name":"Home","item":"https:\/\/dailyai.com\/"},{"@type":"ListItem","position":2,"name":"About","item":"https:\/\/dailyai.com\/about\/"},{"@type":"ListItem","position":3,"name":"Careers"}]},{"@type":"WebSite","@id":"https:\/\/dailyai.com\/#website","url":"https:\/\/dailyai.com\/","name":"DailyAI","description":"Su dosis diaria de noticias sobre IA","publisher":{"@id":"https:\/\/dailyai.com\/#organization"},"potentialAction":[{"@type":"SearchAction","target":{"@type":"EntryPoint","urlTemplate":"https:\/\/dailyai.com\/?s={search_term_string}"},"query-input":{"@type":"PropertyValueSpecification","valueRequired":true,"valueName":"search_term_string"}}],"inLanguage":"es"},{"@type":"Organization","@id":"https:\/\/dailyai.com\/#organization","name":"DailyAI","url":"https:\/\/dailyai.com\/","logo":{"@type":"ImageObject","inLanguage":"es","@id":"https:\/\/dailyai.com\/#\/schema\/logo\/image\/","url":"https:\/\/dailyai.com\/wp-content\/uploads\/2023\/06\/Daily-Ai_TL_colour.png","contentUrl":"https:\/\/dailyai.com\/wp-content\/uploads\/2023\/06\/Daily-Ai_TL_colour.png","width":4501,"height":934,"caption":"DailyAI"},"image":{"@id":"https:\/\/dailyai.com\/#\/schema\/logo\/image\/"},"sameAs":["https:\/\/x.com\/DailyAIOfficial","https:\/\/www.linkedin.com\/company\/dailyaiofficial\/","https:\/\/www.youtube.com\/@DailyAIOfficial"]},{"@type":"Person","@id":"https:\/\/dailyai.com\/#\/schema\/person\/5238bb16667080993f51f7fba82ad6c6","name":"DailyAI","image":{"@type":"ImageObject","inLanguage":"es","@id":"https:\/\/secure.gravatar.com\/avatar\/c6af4019f5ca26871821f9d810a73765e1e0ff69f4f973af5fe81683959b2a2c?s=96&d=robohash&r=g","url":"https:\/\/secure.gravatar.com\/avatar\/c6af4019f5ca26871821f9d810a73765e1e0ff69f4f973af5fe81683959b2a2c?s=96&d=robohash&r=g","contentUrl":"https:\/\/secure.gravatar.com\/avatar\/c6af4019f5ca26871821f9d810a73765e1e0ff69f4f973af5fe81683959b2a2c?s=96&d=robohash&r=g","caption":"DailyAI"},"description":"Su destino para todo lo relacionado con la IA. Nos dedicamos a ofrecer noticias, actualizaciones, rese\u00f1as y art\u00edculos accesibles y f\u00e1ciles de entender sobre el sector de la IA, en constante evoluci\u00f3n. Mant\u00e9ngase informado mientras desentra\u00f1amos los \u00faltimos avances, descubrimientos y tendencias que dan forma al mundo de la IA.","sameAs":["https:\/\/dailyai.com"],"url":"https:\/\/dailyai.com\/es\/author\/atech\/"}]}},"_links":{"self":[{"href":"https:\/\/dailyai.com\/es\/wp-json\/wp\/v2\/pages\/12600","targetHints":{"allow":["GET"]}}],"collection":[{"href":"https:\/\/dailyai.com\/es\/wp-json\/wp\/v2\/pages"}],"about":[{"href":"https:\/\/dailyai.com\/es\/wp-json\/wp\/v2\/types\/page"}],"author":[{"embeddable":true,"href":"https:\/\/dailyai.com\/es\/wp-json\/wp\/v2\/users\/1"}],"replies":[{"embeddable":true,"href":"https:\/\/dailyai.com\/es\/wp-json\/wp\/v2\/comments?post=12600"}],"version-history":[{"count":1,"href":"https:\/\/dailyai.com\/es\/wp-json\/wp\/v2\/pages\/12600\/revisions"}],"predecessor-version":[{"id":12601,"href":"https:\/\/dailyai.com\/es\/wp-json\/wp\/v2\/pages\/12600\/revisions\/12601"}],"up":[{"embeddable":true,"href":"https:\/\/dailyai.com\/es\/wp-json\/wp\/v2\/pages\/207"}],"wp:attachment":[{"href":"https:\/\/dailyai.com\/es\/wp-json\/wp\/v2\/media?parent=12600"}],"curies":[{"name":"wp","href":"https:\/\/api.w.org\/{rel}","templated":true}]}}