{"id":12597,"date":"2024-05-27T21:18:42","date_gmt":"2024-05-27T21:18:42","guid":{"rendered":"https:\/\/dailyai.com\/?page_id=12597"},"modified":"2024-05-27T21:18:42","modified_gmt":"2024-05-27T21:18:42","slug":"code-of-ethics","status":"publish","type":"page","link":"https:\/\/dailyai.com\/es\/about\/code-of-ethics\/","title":{"rendered":"C\u00f3digo \u00e9tico"},"content":{"rendered":"<p style=\"text-align: left;\"><em><span style=\"font-weight: 400;\">\u00daltima actualizaci\u00f3n: 27\/05\/2024<\/span><\/em><\/p>\n<p>En DailyAI, nuestra misi\u00f3n es simplificar el mundo de la Inteligencia Artificial (IA) proporcionando ideas claras y atractivas. Como sitio de noticias sobre IA, estamos comprometidos a mantener los m\u00e1s altos est\u00e1ndares de integridad, precisi\u00f3n y responsabilidad. Este C\u00f3digo \u00c9tico describe los principios y directrices que rigen la creaci\u00f3n de contenidos, los procesos editoriales y las interacciones con nuestra audiencia.<\/p>\n<h3>Principios b\u00e1sicos<\/h3>\n<h4>1. <strong>Precisi\u00f3n y veracidad<\/strong><\/h4>\n<ul>\n<li><strong>Comprobaci\u00f3n de hechos:<\/strong> Damos prioridad a la precisi\u00f3n en todos nuestros contenidos. Todos los art\u00edculos, entrevistas y rese\u00f1as se someten a rigurosas comprobaciones para garantizar la fiabilidad y veracidad de la informaci\u00f3n.<\/li>\n<li><strong>Correcciones:<\/strong> Si se detectan errores, los corregimos r\u00e1pidamente y damos explicaciones transparentes de las correcciones.<\/li>\n<\/ul>\n<h4>2. <strong>Imparcialidad y equidad<\/strong><\/h4>\n<ul>\n<li><strong>Informes equilibrados:<\/strong> Nos esforzamos por presentar una visi\u00f3n equilibrada de los avances de la IA, garantizando que las diversas perspectivas est\u00e9n representadas de forma equitativa.<\/li>\n<li><strong>Evitar los prejuicios:<\/strong> Trabajamos activamente para eliminar cualquier sesgo en nuestros reportajes, centr\u00e1ndonos \u00fanicamente en informaci\u00f3n objetiva e imparcial.<\/li>\n<\/ul>\n<h4>3. <strong>Transparencia<\/strong><\/h4>\n<ul>\n<li><strong>Fuentes y referencias:<\/strong> Atribuimos claramente todas las fuentes y referencias utilizadas en nuestros contenidos, facilitando a los lectores el acceso a la informaci\u00f3n original.<\/li>\n<li><strong>Independencia editorial:<\/strong> Mantenemos la independencia editorial de nuestra empresa matriz, Intelliquence, y de cualquier influencia externa, garantizando que nuestro contenido siga siendo objetivo e imparcial.<\/li>\n<\/ul>\n<h4>4. <strong>Integridad y responsabilidad<\/strong><\/h4>\n<ul>\n<li><strong>Conflicto de intereses:<\/strong> Revelamos cualquier posible conflicto de intereses y nos aseguramos de que nuestros informes no se vean influidos por consideraciones personales o financieras.<\/li>\n<li><strong>Rendici\u00f3n de cuentas:<\/strong> Nos hacemos responsables de nuestros contenidos y acciones, y agradecemos los comentarios de nuestros lectores para mejorar nuestras pr\u00e1cticas.<\/li>\n<\/ul>\n<h4>5. <strong>Respeto y sensibilidad<\/strong><\/h4>\n<ul>\n<li><strong>Di\u00e1logo respetuoso:<\/strong> Fomentamos el di\u00e1logo respetuoso y la diversidad de puntos de vista, promoviendo una comunidad en la que todas las voces puedan ser escuchadas.<\/li>\n<li><strong>Sensibilidad al impacto:<\/strong> Somos conscientes del impacto que nuestros contenidos pueden tener en las personas, las organizaciones y la sociedad, y nos esforzamos por evitar da\u00f1os.<\/li>\n<\/ul>\n<h4>6. <strong>Privacidad y seguridad<\/strong><\/h4>\n<ul>\n<li><strong>Protecci\u00f3n de datos:<\/strong> Respetamos la privacidad de nuestros lectores y fuentes, y nos atenemos a estrictas pol\u00edticas de protecci\u00f3n de datos para salvaguardar la informaci\u00f3n personal. Para m\u00e1s informaci\u00f3n, consulte nuestra <a href=\"https:\/\/dailyai.com\/privacy-policy\/\">Pol\u00edtica de privacidad<\/a>.<\/li>\n<\/ul>\n<h3>Directrices sobre contenidos<\/h3>\n<h4>1. <strong>Noticias y actualidad<\/strong><\/h4>\n<ul>\n<li><strong>Oportuna y pertinente:<\/strong> Nuestra cobertura informativa es oportuna, pertinente y se basa en hechos verificables.<\/li>\n<li><strong>Cobertura total:<\/strong> Cubrimos una amplia gama de temas dentro de la industria de la IA, proporcionando una visi\u00f3n completa de las tendencias y desarrollos actuales.<\/li>\n<\/ul>\n<h4>2. <strong>Entrevistas y opiniones<\/strong><\/h4>\n<ul>\n<li><strong>Perspectivas diversas:<\/strong> Entrevistamos a un amplio abanico de expertos y partes interesadas.<\/li>\n<li><strong>Distinci\u00f3n clara:<\/strong> Distinguimos claramente entre art\u00edculos de opini\u00f3n e informaci\u00f3n objetiva, para que los lectores puedan distinguir f\u00e1cilmente entre ambos.<\/li>\n<\/ul>\n<h4>3. <strong>Rese\u00f1as de productos<\/strong><\/h4>\n<ul>\n<li><strong>Evaluaciones objetivas:<\/strong> Nuestras rese\u00f1as de productos se basan en evaluaciones exhaustivas y valoraciones imparciales.<\/li>\n<li><strong>Divulgaci\u00f3n:<\/strong> Revelamos cualquier afiliaci\u00f3n o patrocinio relacionado con los productos que rese\u00f1amos.<\/li>\n<\/ul>\n<h4>4. <strong>Bibliotecas y contenidos educativos<\/strong><\/h4>\n<ul>\n<li><strong>Valor educativo:<\/strong> Nuestras bibliotecas de consulta y contenidos educativos est\u00e1n dise\u00f1ados para ser informativos y \u00fatiles, ayudando a los lectores a comprender y utilizar las herramientas de IA con eficacia.<\/li>\n<li><strong>Precisi\u00f3n:<\/strong> Nos aseguramos de que todos los materiales educativos sean precisos, est\u00e9n actualizados y se basen en fuentes cre\u00edbles.<\/li>\n<\/ul>\n<h3>Participaci\u00f3n comunitaria<\/h3>\n<h4>1. <strong>Feedback e interacci\u00f3n<\/strong><\/h4>\n<ul>\n<li><strong>Canales abiertos:<\/strong> Mantenemos abiertos canales de retroalimentaci\u00f3n, animando a nuestros lectores a compartir sus opiniones, preocupaciones y sugerencias a trav\u00e9s de diversos medios como el correo electr\u00f3nico, las redes sociales y los formularios de contacto.<\/li>\n<li><strong>Compromiso receptivo:<\/strong> Respondemos a los comentarios y consultas de forma oportuna y respetuosa, fomentando una comunidad positiva e interactiva en todas las plataformas.<\/li>\n<\/ul>\n<h4>2. <strong>Normas comunitarias<\/strong><\/h4>\n<ul>\n<li><strong>Interacci\u00f3n respetuosa:<\/strong> Aplicamos normas comunitarias que promueven una interacci\u00f3n respetuosa y proh\u00edben el acoso, la incitaci\u00f3n al odio y otros comportamientos perjudiciales en todas las formas de comunicaci\u00f3n, incluidas las redes sociales y el correo electr\u00f3nico.<\/li>\n<li><strong>Moderaci\u00f3n:<\/strong> Moderamos activamente los comentarios, debates y otros elementos interactivos para garantizar un entorno seguro y acogedor para todos los lectores.<\/li>\n<\/ul>\n<h3>Compromisos adicionales<\/h3>\n<h4>1. <strong>Inclusi\u00f3n y diversidad<\/strong><\/h4>\n<ul>\n<li><strong>Compromiso con la diversidad:<\/strong> Nos comprometemos a promover la diversidad en nuestros contenidos y en nuestro lugar de trabajo. Buscamos activamente representar una variedad de voces y perspectivas en la comunidad de AI.<\/li>\n<li><strong>Igualdad de oportunidades:<\/strong> Garantizamos la igualdad de oportunidades para todos los colaboradores y el personal, independientemente de su sexo, raza, etnia, orientaci\u00f3n sexual o discapacidad.<\/li>\n<\/ul>\n<h4>2. <strong>Accesibilidad<\/strong><\/h4>\n<ul>\n<li><strong>Contenido accesible:<\/strong> Nos esforzamos por que nuestro sitio web y sus contenidos sean accesibles a todos los usuarios, incluidos los discapacitados. Para ello, cumplimos las normas de accesibilidad y ofrecemos formatos alternativos siempre que es posible.<\/li>\n<li><strong>Dise\u00f1o f\u00e1cil de usar:<\/strong> Mejoramos continuamente el dise\u00f1o de nuestra web para que sea f\u00e1cil de usar y navegable para todos.<\/li>\n<\/ul>\n<h4>3. <strong>Revisiones y actualizaciones peri\u00f3dicas<\/strong><\/h4>\n<ul>\n<li><strong>Mejora continua:<\/strong> Revisamos y actualizamos peri\u00f3dicamente nuestro C\u00f3digo \u00c9tico para reflejar la evoluci\u00f3n de las normas y las mejores pr\u00e1cticas. Los comentarios de nuestros lectores y partes interesadas son una parte crucial de este proceso.<\/li>\n<li><strong>Transparencia en los cambios:<\/strong> Cualquier cambio significativo en el C\u00f3digo \u00c9tico se comunicar\u00e1 de forma transparente a nuestros lectores y colaboradores.<\/li>\n<\/ul>\n<h3>Conclusi\u00f3n<\/h3>\n<p>En DailyAI, nos dedicamos a mantener estas normas \u00e9ticas en todos nuestros esfuerzos. Al adherirnos a este C\u00f3digo \u00c9tico, nuestro objetivo es construir y mantener la confianza de nuestros lectores, proporcion\u00e1ndoles informaci\u00f3n valiosa y fiable sobre el mundo de la IA. Juntos, podemos hacer que la comprensi\u00f3n de la IA sea una oportunidad para todos.<\/p>\n<p>Para cualquier pregunta o duda relacionada con este C\u00f3digo \u00c9tico, p\u00f3ngase en contacto con nosotros en <a href=\"mailto:contact@dailyai.com\">contact@dailyai.com<\/a>.<\/p>","protected":false},"excerpt":{"rendered":"<p>\u00daltima actualizaci\u00f3n: 27\/05\/2024 En DailyAI, nuestra misi\u00f3n es simplificar el mundo de la Inteligencia Artificial (IA) proporcionando informaci\u00f3n clara y atractiva. Como sitio de noticias sobre IA, nos comprometemos a mantener los m\u00e1s altos est\u00e1ndares de integridad, precisi\u00f3n y responsabilidad. Este C\u00f3digo \u00c9tico describe los principios y directrices que rigen la creaci\u00f3n de contenidos, los procesos editoriales y las interacciones con nuestra audiencia. Principios b\u00e1sicos Exactitud y veracidad Comprobaci\u00f3n de los hechos: Damos prioridad a la exactitud en todos nuestros contenidos. Todos los art\u00edculos, entrevistas y rese\u00f1as se someten a rigurosas comprobaciones para garantizar la fiabilidad y veracidad de la informaci\u00f3n. Correcciones: Si se detectan errores, los corregimos de inmediato.<\/p>","protected":false},"author":1,"featured_media":0,"parent":207,"menu_order":0,"comment_status":"closed","ping_status":"closed","template":"","meta":{"footnotes":""},"class_list":["post-12597","page","type-page","status-publish","hentry"],"yoast_head":"<!-- This site is optimized with the Yoast SEO plugin v27.3 - https:\/\/yoast.com\/product\/yoast-seo-wordpress\/ -->\n<title>Code of Ethics | DailyAI<\/title>\n<meta name=\"robots\" content=\"index, follow, max-snippet:-1, max-image-preview:large, max-video-preview:-1\" \/>\n<link rel=\"canonical\" href=\"https:\/\/dailyai.com\/es\/about\/code-of-ethics\/\" \/>\n<meta property=\"og:locale\" content=\"es_ES\" \/>\n<meta property=\"og:type\" content=\"article\" \/>\n<meta property=\"og:title\" content=\"Code of Ethics | DailyAI\" \/>\n<meta property=\"og:description\" content=\"Last updated: 27\/05\/2024 At DailyAI, our mission is to simplify the world of Artificial Intelligence (AI) by providing clear and engaging insights. As an AI news site, we are committed to maintaining the highest standards of integrity, accuracy, and responsibility. This Code of Ethics outlines the principles and guidelines that govern our content creation, editorial processes, and interactions with our audience. Core Principles 1. Accuracy and Truthfulness Fact-Checking: We prioritize accuracy in all our content. Every article, interview, and review undergoes rigorous fact-checking to ensure the information is reliable and truthful. Corrections: If errors are identified, we promptly correct them\" \/>\n<meta property=\"og:url\" content=\"https:\/\/dailyai.com\/es\/about\/code-of-ethics\/\" \/>\n<meta property=\"og:site_name\" content=\"DailyAI\" \/>\n<meta name=\"twitter:card\" content=\"summary_large_image\" \/>\n<meta name=\"twitter:site\" content=\"@DailyAIOfficial\" \/>\n<meta name=\"twitter:label1\" content=\"Tiempo de lectura\" \/>\n\t<meta name=\"twitter:data1\" content=\"4 minutos\" \/>\n<script type=\"application\/ld+json\" class=\"yoast-schema-graph\">{\"@context\":\"https:\\\/\\\/schema.org\",\"@graph\":[{\"@type\":\"Article\",\"@id\":\"https:\\\/\\\/dailyai.com\\\/about\\\/code-of-ethics\\\/#article\",\"isPartOf\":{\"@id\":\"https:\\\/\\\/dailyai.com\\\/about\\\/code-of-ethics\\\/\"},\"author\":{\"name\":\"DailyAI\",\"@id\":\"https:\\\/\\\/dailyai.com\\\/#\\\/schema\\\/person\\\/5238bb16667080993f51f7fba82ad6c6\"},\"headline\":\"Code of Ethics\",\"datePublished\":\"2024-05-27T21:18:42+00:00\",\"mainEntityOfPage\":{\"@id\":\"https:\\\/\\\/dailyai.com\\\/about\\\/code-of-ethics\\\/\"},\"wordCount\":810,\"publisher\":{\"@id\":\"https:\\\/\\\/dailyai.com\\\/#organization\"},\"inLanguage\":\"es\"},{\"@type\":\"WebPage\",\"@id\":\"https:\\\/\\\/dailyai.com\\\/about\\\/code-of-ethics\\\/\",\"url\":\"https:\\\/\\\/dailyai.com\\\/about\\\/code-of-ethics\\\/\",\"name\":\"Code of Ethics | DailyAI\",\"isPartOf\":{\"@id\":\"https:\\\/\\\/dailyai.com\\\/#website\"},\"datePublished\":\"2024-05-27T21:18:42+00:00\",\"breadcrumb\":{\"@id\":\"https:\\\/\\\/dailyai.com\\\/about\\\/code-of-ethics\\\/#breadcrumb\"},\"inLanguage\":\"es\",\"potentialAction\":[{\"@type\":\"ReadAction\",\"target\":[\"https:\\\/\\\/dailyai.com\\\/about\\\/code-of-ethics\\\/\"]}]},{\"@type\":\"BreadcrumbList\",\"@id\":\"https:\\\/\\\/dailyai.com\\\/about\\\/code-of-ethics\\\/#breadcrumb\",\"itemListElement\":[{\"@type\":\"ListItem\",\"position\":1,\"name\":\"Home\",\"item\":\"https:\\\/\\\/dailyai.com\\\/\"},{\"@type\":\"ListItem\",\"position\":2,\"name\":\"About\",\"item\":\"https:\\\/\\\/dailyai.com\\\/about\\\/\"},{\"@type\":\"ListItem\",\"position\":3,\"name\":\"Code of Ethics\"}]},{\"@type\":\"WebSite\",\"@id\":\"https:\\\/\\\/dailyai.com\\\/#website\",\"url\":\"https:\\\/\\\/dailyai.com\\\/\",\"name\":\"DailyAI\",\"description\":\"Your Daily Dose of AI News\",\"publisher\":{\"@id\":\"https:\\\/\\\/dailyai.com\\\/#organization\"},\"potentialAction\":[{\"@type\":\"SearchAction\",\"target\":{\"@type\":\"EntryPoint\",\"urlTemplate\":\"https:\\\/\\\/dailyai.com\\\/?s={search_term_string}\"},\"query-input\":{\"@type\":\"PropertyValueSpecification\",\"valueRequired\":true,\"valueName\":\"search_term_string\"}}],\"inLanguage\":\"es\"},{\"@type\":\"Organization\",\"@id\":\"https:\\\/\\\/dailyai.com\\\/#organization\",\"name\":\"DailyAI\",\"url\":\"https:\\\/\\\/dailyai.com\\\/\",\"logo\":{\"@type\":\"ImageObject\",\"inLanguage\":\"es\",\"@id\":\"https:\\\/\\\/dailyai.com\\\/#\\\/schema\\\/logo\\\/image\\\/\",\"url\":\"https:\\\/\\\/dailyai.com\\\/wp-content\\\/uploads\\\/2023\\\/06\\\/Daily-Ai_TL_colour.png\",\"contentUrl\":\"https:\\\/\\\/dailyai.com\\\/wp-content\\\/uploads\\\/2023\\\/06\\\/Daily-Ai_TL_colour.png\",\"width\":4501,\"height\":934,\"caption\":\"DailyAI\"},\"image\":{\"@id\":\"https:\\\/\\\/dailyai.com\\\/#\\\/schema\\\/logo\\\/image\\\/\"},\"sameAs\":[\"https:\\\/\\\/x.com\\\/DailyAIOfficial\",\"https:\\\/\\\/www.linkedin.com\\\/company\\\/dailyaiofficial\\\/\",\"https:\\\/\\\/www.youtube.com\\\/@DailyAIOfficial\"]},{\"@type\":\"Person\",\"@id\":\"https:\\\/\\\/dailyai.com\\\/#\\\/schema\\\/person\\\/5238bb16667080993f51f7fba82ad6c6\",\"name\":\"DailyAI\",\"image\":{\"@type\":\"ImageObject\",\"inLanguage\":\"es\",\"@id\":\"https:\\\/\\\/secure.gravatar.com\\\/avatar\\\/c6af4019f5ca26871821f9d810a73765e1e0ff69f4f973af5fe81683959b2a2c?s=96&d=robohash&r=g\",\"url\":\"https:\\\/\\\/secure.gravatar.com\\\/avatar\\\/c6af4019f5ca26871821f9d810a73765e1e0ff69f4f973af5fe81683959b2a2c?s=96&d=robohash&r=g\",\"contentUrl\":\"https:\\\/\\\/secure.gravatar.com\\\/avatar\\\/c6af4019f5ca26871821f9d810a73765e1e0ff69f4f973af5fe81683959b2a2c?s=96&d=robohash&r=g\",\"caption\":\"DailyAI\"},\"description\":\"Your go-to destination for all things AI. We are dedicated to providing easy to understand and accessible news, updates, reviews, and features on the ever-evolving AI industry. Stay informed as we unravel the latest advancements, breakthroughs, and trends shaping the world of AI.\",\"sameAs\":[\"https:\\\/\\\/dailyai.com\"],\"url\":\"https:\\\/\\\/dailyai.com\\\/es\\\/author\\\/atech\\\/\"}]}<\/script>\n<!-- \/ Yoast SEO plugin. -->","yoast_head_json":{"title":"C\u00f3digo \u00e9tico | DailyAI","robots":{"index":"index","follow":"follow","max-snippet":"max-snippet:-1","max-image-preview":"max-image-preview:large","max-video-preview":"max-video-preview:-1"},"canonical":"https:\/\/dailyai.com\/es\/about\/code-of-ethics\/","og_locale":"es_ES","og_type":"article","og_title":"Code of Ethics | DailyAI","og_description":"Last updated: 27\/05\/2024 At DailyAI, our mission is to simplify the world of Artificial Intelligence (AI) by providing clear and engaging insights. As an AI news site, we are committed to maintaining the highest standards of integrity, accuracy, and responsibility. This Code of Ethics outlines the principles and guidelines that govern our content creation, editorial processes, and interactions with our audience. Core Principles 1. Accuracy and Truthfulness Fact-Checking: We prioritize accuracy in all our content. Every article, interview, and review undergoes rigorous fact-checking to ensure the information is reliable and truthful. Corrections: If errors are identified, we promptly correct them","og_url":"https:\/\/dailyai.com\/es\/about\/code-of-ethics\/","og_site_name":"DailyAI","twitter_card":"summary_large_image","twitter_site":"@DailyAIOfficial","twitter_misc":{"Tiempo de lectura":"4 minutos"},"schema":{"@context":"https:\/\/schema.org","@graph":[{"@type":"Article","@id":"https:\/\/dailyai.com\/about\/code-of-ethics\/#article","isPartOf":{"@id":"https:\/\/dailyai.com\/about\/code-of-ethics\/"},"author":{"name":"DailyAI","@id":"https:\/\/dailyai.com\/#\/schema\/person\/5238bb16667080993f51f7fba82ad6c6"},"headline":"Code of Ethics","datePublished":"2024-05-27T21:18:42+00:00","mainEntityOfPage":{"@id":"https:\/\/dailyai.com\/about\/code-of-ethics\/"},"wordCount":810,"publisher":{"@id":"https:\/\/dailyai.com\/#organization"},"inLanguage":"es"},{"@type":"WebPage","@id":"https:\/\/dailyai.com\/about\/code-of-ethics\/","url":"https:\/\/dailyai.com\/about\/code-of-ethics\/","name":"C\u00f3digo \u00e9tico | DailyAI","isPartOf":{"@id":"https:\/\/dailyai.com\/#website"},"datePublished":"2024-05-27T21:18:42+00:00","breadcrumb":{"@id":"https:\/\/dailyai.com\/about\/code-of-ethics\/#breadcrumb"},"inLanguage":"es","potentialAction":[{"@type":"ReadAction","target":["https:\/\/dailyai.com\/about\/code-of-ethics\/"]}]},{"@type":"BreadcrumbList","@id":"https:\/\/dailyai.com\/about\/code-of-ethics\/#breadcrumb","itemListElement":[{"@type":"ListItem","position":1,"name":"Home","item":"https:\/\/dailyai.com\/"},{"@type":"ListItem","position":2,"name":"About","item":"https:\/\/dailyai.com\/about\/"},{"@type":"ListItem","position":3,"name":"Code of Ethics"}]},{"@type":"WebSite","@id":"https:\/\/dailyai.com\/#website","url":"https:\/\/dailyai.com\/","name":"DailyAI","description":"Su dosis diaria de noticias sobre IA","publisher":{"@id":"https:\/\/dailyai.com\/#organization"},"potentialAction":[{"@type":"SearchAction","target":{"@type":"EntryPoint","urlTemplate":"https:\/\/dailyai.com\/?s={search_term_string}"},"query-input":{"@type":"PropertyValueSpecification","valueRequired":true,"valueName":"search_term_string"}}],"inLanguage":"es"},{"@type":"Organization","@id":"https:\/\/dailyai.com\/#organization","name":"DailyAI","url":"https:\/\/dailyai.com\/","logo":{"@type":"ImageObject","inLanguage":"es","@id":"https:\/\/dailyai.com\/#\/schema\/logo\/image\/","url":"https:\/\/dailyai.com\/wp-content\/uploads\/2023\/06\/Daily-Ai_TL_colour.png","contentUrl":"https:\/\/dailyai.com\/wp-content\/uploads\/2023\/06\/Daily-Ai_TL_colour.png","width":4501,"height":934,"caption":"DailyAI"},"image":{"@id":"https:\/\/dailyai.com\/#\/schema\/logo\/image\/"},"sameAs":["https:\/\/x.com\/DailyAIOfficial","https:\/\/www.linkedin.com\/company\/dailyaiofficial\/","https:\/\/www.youtube.com\/@DailyAIOfficial"]},{"@type":"Person","@id":"https:\/\/dailyai.com\/#\/schema\/person\/5238bb16667080993f51f7fba82ad6c6","name":"DailyAI","image":{"@type":"ImageObject","inLanguage":"es","@id":"https:\/\/secure.gravatar.com\/avatar\/c6af4019f5ca26871821f9d810a73765e1e0ff69f4f973af5fe81683959b2a2c?s=96&d=robohash&r=g","url":"https:\/\/secure.gravatar.com\/avatar\/c6af4019f5ca26871821f9d810a73765e1e0ff69f4f973af5fe81683959b2a2c?s=96&d=robohash&r=g","contentUrl":"https:\/\/secure.gravatar.com\/avatar\/c6af4019f5ca26871821f9d810a73765e1e0ff69f4f973af5fe81683959b2a2c?s=96&d=robohash&r=g","caption":"DailyAI"},"description":"Su destino para todo lo relacionado con la IA. Nos dedicamos a ofrecer noticias, actualizaciones, rese\u00f1as y art\u00edculos accesibles y f\u00e1ciles de entender sobre el sector de la IA, en constante evoluci\u00f3n. Mant\u00e9ngase informado mientras desentra\u00f1amos los \u00faltimos avances, descubrimientos y tendencias que dan forma al mundo de la IA.","sameAs":["https:\/\/dailyai.com"],"url":"https:\/\/dailyai.com\/es\/author\/atech\/"}]}},"_links":{"self":[{"href":"https:\/\/dailyai.com\/es\/wp-json\/wp\/v2\/pages\/12597","targetHints":{"allow":["GET"]}}],"collection":[{"href":"https:\/\/dailyai.com\/es\/wp-json\/wp\/v2\/pages"}],"about":[{"href":"https:\/\/dailyai.com\/es\/wp-json\/wp\/v2\/types\/page"}],"author":[{"embeddable":true,"href":"https:\/\/dailyai.com\/es\/wp-json\/wp\/v2\/users\/1"}],"replies":[{"embeddable":true,"href":"https:\/\/dailyai.com\/es\/wp-json\/wp\/v2\/comments?post=12597"}],"version-history":[{"count":2,"href":"https:\/\/dailyai.com\/es\/wp-json\/wp\/v2\/pages\/12597\/revisions"}],"predecessor-version":[{"id":12599,"href":"https:\/\/dailyai.com\/es\/wp-json\/wp\/v2\/pages\/12597\/revisions\/12599"}],"up":[{"embeddable":true,"href":"https:\/\/dailyai.com\/es\/wp-json\/wp\/v2\/pages\/207"}],"wp:attachment":[{"href":"https:\/\/dailyai.com\/es\/wp-json\/wp\/v2\/media?parent=12597"}],"curies":[{"name":"wp","href":"https:\/\/api.w.org\/{rel}","templated":true}]}}