{"id":12465,"date":"2024-05-27T21:18:26","date_gmt":"2024-05-27T21:18:26","guid":{"rendered":"https:\/\/dailyai.com\/?page_id=12465"},"modified":"2024-05-27T21:18:26","modified_gmt":"2024-05-27T21:18:26","slug":"editorial-policy","status":"publish","type":"page","link":"https:\/\/dailyai.com\/es\/about\/editorial-policy\/","title":{"rendered":"Pol\u00edtica editorial"},"content":{"rendered":"<p>\u00daltima actualizaci\u00f3n: 21\/05\/2024<\/p>\n<p>&nbsp;<\/p>\n<h3 style=\"font-size: 1em;\">La pol\u00edtica editorial de DailyAI se aplica a todos nuestros contenidos.<\/h2>\n<ol>\n<li style=\"font-weight: 400;\" aria-level=\"1\"><span style=\"font-weight: 400;\">Informaci\u00f3n objetiva: Nuestro sitio web de noticias se compromete a ofrecer informaci\u00f3n objetiva, precisa e imparcial sobre las tecnolog\u00edas de inteligencia artificial (IA) y sus repercusiones. Nos esforzamos por presentar la informaci\u00f3n de forma justa y equilibrada, evitando el sensacionalismo o la parcialidad.<\/span><\/li>\n<li style=\"font-weight: 400;\" aria-level=\"1\"><span style=\"font-weight: 400;\">Transparencia: Damos prioridad a la transparencia en nuestro proceso informativo. Revelamos las fuentes de informaci\u00f3n, proporcionamos contexto para temas complejos y diferenciamos claramente entre informaci\u00f3n objetiva y art\u00edculos de opini\u00f3n. Las correcciones y actualizaciones se publican con prontitud cuando se detectan errores.<\/span><\/li>\n<li style=\"font-weight: 400;\" aria-level=\"1\"><span style=\"font-weight: 400;\">Consideraciones \u00e9ticas: Reconocemos las implicaciones \u00e9ticas de las tecnolog\u00edas de IA y sus posibles impactos sociales. Nuestros informes tienen en cuenta cuestiones como la privacidad de los datos, el sesgo algor\u00edtmico, la automatizaci\u00f3n de puestos de trabajo y el desarrollo \u00e9tico de la IA. Nuestro objetivo es fomentar debates informados sobre estos temas, respetando al mismo tiempo las normas \u00e9ticas en nuestras propias pr\u00e1cticas.<\/span><\/li>\n<li style=\"font-weight: 400;\" aria-level=\"1\"><span style=\"font-weight: 400;\">An\u00e1lisis de expertos: Consultamos a expertos en el campo de la inteligencia artificial, incluidos investigadores, acad\u00e9micos, profesionales de la industria y expertos en \u00e9tica, para proporcionar an\u00e1lisis informados y perspectivas sobre los avances relacionados con la IA. Nos esforzamos por presentar perspectivas y opiniones diversas para enriquecer nuestra cobertura.<\/span><\/li>\n<li style=\"font-weight: 400;\" aria-level=\"1\"><span style=\"font-weight: 400;\">Contenidos educativos: Adem\u00e1s de las noticias, ofrecemos contenidos educativos para ayudar a nuestra audiencia a entender los conceptos, la terminolog\u00eda y las aplicaciones de la IA. Esto incluye art\u00edculos explicativos, gu\u00edas y entrevistas con expertos para desmitificar temas complejos y promover la alfabetizaci\u00f3n digital.<\/span><\/li>\n<li style=\"font-weight: 400;\" aria-level=\"1\"><span style=\"font-weight: 400;\">Innovaci\u00f3n e impacto: Destacamos las innovaciones en la investigaci\u00f3n, el desarrollo y la aplicaci\u00f3n de la IA en diversos sectores, como la sanidad, las finanzas, el transporte y la educaci\u00f3n. Nuestros informes se centran en las posibles repercusiones positivas de las tecnolog\u00edas de IA, al tiempo que reconocen y examinan cr\u00edticamente los posibles riesgos y desaf\u00edos.<\/span><\/li>\n<li style=\"font-weight: 400;\" aria-level=\"1\"><span style=\"font-weight: 400;\">Perspectiva global: Cubrimos las noticias y los avances relacionados con la IA desde una perspectiva global, reconociendo las diversas aplicaciones e implicaciones de las tecnolog\u00edas de IA en diferentes regiones y culturas. Nos esforzamos por evitar sesgos culturales y garantizar que nuestros reportajes sean relevantes y accesibles para un p\u00fablico mundial.<\/span><\/li>\n<li style=\"font-weight: 400;\" aria-level=\"1\"><span style=\"font-weight: 400;\">Participaci\u00f3n de la comunidad: Fomentamos la participaci\u00f3n de la comunidad y el di\u00e1logo sobre temas relacionados con la IA a trav\u00e9s de secciones de comentarios, canales de redes sociales y funciones interactivas. Valoramos las opiniones de nuestro p\u00fablico y tratamos activamente de incorporar sus puntos de vista y preocupaciones a nuestros informes.<\/span><\/li>\n<li style=\"font-weight: 400;\" aria-level=\"1\"><span style=\"font-weight: 400;\">Independencia editorial: Nuestro equipo editorial trabaja con independencia y autonom\u00eda, libre de influencias indebidas o prejuicios de anunciantes, patrocinadores o partes interesadas externas. Mantenemos el control editorial sobre las decisiones de contenido para garantizar la integridad y credibilidad de nuestra informaci\u00f3n.<\/span><\/li>\n<li style=\"font-weight: 400;\" aria-level=\"1\"><span style=\"font-weight: 400;\">Mejora continua: Estamos comprometidos con la mejora continua de nuestras pr\u00e1cticas y normas editoriales. Revisamos y evaluamos peri\u00f3dicamente nuestra cobertura, pol\u00edticas y procedimientos para mantener los m\u00e1s altos niveles de integridad period\u00edstica y profesionalidad en nuestros reportajes sobre inteligencia artificial.<\/span><\/li>\n<\/ol>\n<p><span style=\"font-weight: 400;\">Con la adhesi\u00f3n a estas pol\u00edticas editoriales, pretendemos ofrecer a nuestra audiencia una cobertura fiable, perspicaz y sugerente de la inteligencia artificial que informe, eduque y capacite a las personas para navegar por las complejidades de este campo en r\u00e1pida evoluci\u00f3n.<\/span><\/p>\n<p><b>\u00bfC\u00f3mo puedo ponerme en contacto con el equipo editorial?<\/b><\/p>\n<p><span style=\"font-weight: 400;\">Si tiene m\u00e1s preguntas sobre nuestro proceso editorial, o cualquier otra consulta para el equipo, puede dirigirse a <\/span><a href=\"\/es\/contact\/\"><span style=\"font-weight: 400;\">Contacto<\/span><\/a><span style=\"font-weight: 400;\"> y nos pondremos en contacto con usted lo antes posible.<\/span><\/p>\n<p>&nbsp;<\/p>","protected":false},"excerpt":{"rendered":"<p>\u00daltima actualizaci\u00f3n: 21\/05\/2024 La Pol\u00edtica Editorial de DailyAI se aplica a todos nuestros contenidos. Informaci\u00f3n objetiva: Nuestro sitio web de noticias se compromete a ofrecer informaci\u00f3n objetiva, precisa e imparcial sobre las tecnolog\u00edas de inteligencia artificial (IA) y sus repercusiones. Nos esforzamos por presentar la informaci\u00f3n de manera justa y equilibrada, evitando el sensacionalismo o la parcialidad. Transparencia: Damos prioridad a la transparencia en nuestro proceso informativo. Revelamos las fuentes de informaci\u00f3n, proporcionamos contexto para temas complejos y diferenciamos claramente entre informaci\u00f3n objetiva y art\u00edculos de opini\u00f3n. Las correcciones y actualizaciones se publican r\u00e1pidamente cuando se detectan errores. Consideraciones \u00e9ticas: Reconocemos las implicaciones \u00e9ticas de las tecnolog\u00edas de IA y<\/p>","protected":false},"author":1,"featured_media":0,"parent":207,"menu_order":0,"comment_status":"closed","ping_status":"closed","template":"","meta":{"footnotes":""},"class_list":["post-12465","page","type-page","status-publish","hentry"],"yoast_head":"<!-- This site is optimized with the Yoast SEO plugin v27.3 - https:\/\/yoast.com\/product\/yoast-seo-wordpress\/ -->\n<title>Editorial Policy | DailyAI<\/title>\n<meta name=\"robots\" content=\"index, follow, max-snippet:-1, max-image-preview:large, max-video-preview:-1\" \/>\n<link rel=\"canonical\" href=\"https:\/\/dailyai.com\/es\/about\/editorial-policy\/\" \/>\n<meta property=\"og:locale\" content=\"es_ES\" \/>\n<meta property=\"og:type\" content=\"article\" \/>\n<meta property=\"og:title\" content=\"Editorial Policy | DailyAI\" \/>\n<meta property=\"og:description\" content=\"Last updated: 21\/05\/2024 &nbsp; The Editorial Policy of DailyAI applies to all of our content. Objective Reporting: Our news website is committed to providing objective, accurate, and impartial reporting on artificial intelligence (AI) technologies and their impacts. We strive to present information in a fair and balanced manner, avoiding sensationalism or bias. Transparency: We prioritize transparency in our reporting process. We disclose sources of information, provide context for complex topics, and clearly differentiate between factual reporting and opinion pieces. Corrections and updates are promptly issued when errors are identified. Ethical Considerations: We recognize the ethical implications of AI technologies and\" \/>\n<meta property=\"og:url\" content=\"https:\/\/dailyai.com\/es\/about\/editorial-policy\/\" \/>\n<meta property=\"og:site_name\" content=\"DailyAI\" \/>\n<meta name=\"twitter:card\" content=\"summary_large_image\" \/>\n<meta name=\"twitter:site\" content=\"@DailyAIOfficial\" \/>\n<meta name=\"twitter:label1\" content=\"Tiempo de lectura\" \/>\n\t<meta name=\"twitter:data1\" content=\"3 minutos\" \/>\n<script type=\"application\/ld+json\" class=\"yoast-schema-graph\">{\"@context\":\"https:\\\/\\\/schema.org\",\"@graph\":[{\"@type\":\"Article\",\"@id\":\"https:\\\/\\\/dailyai.com\\\/about\\\/editorial-policy\\\/#article\",\"isPartOf\":{\"@id\":\"https:\\\/\\\/dailyai.com\\\/about\\\/editorial-policy\\\/\"},\"author\":{\"name\":\"DailyAI\",\"@id\":\"https:\\\/\\\/dailyai.com\\\/#\\\/schema\\\/person\\\/5238bb16667080993f51f7fba82ad6c6\"},\"headline\":\"Editorial Policy\",\"datePublished\":\"2024-05-27T21:18:26+00:00\",\"mainEntityOfPage\":{\"@id\":\"https:\\\/\\\/dailyai.com\\\/about\\\/editorial-policy\\\/\"},\"wordCount\":497,\"publisher\":{\"@id\":\"https:\\\/\\\/dailyai.com\\\/#organization\"},\"inLanguage\":\"es\"},{\"@type\":\"WebPage\",\"@id\":\"https:\\\/\\\/dailyai.com\\\/about\\\/editorial-policy\\\/\",\"url\":\"https:\\\/\\\/dailyai.com\\\/about\\\/editorial-policy\\\/\",\"name\":\"Editorial Policy | DailyAI\",\"isPartOf\":{\"@id\":\"https:\\\/\\\/dailyai.com\\\/#website\"},\"datePublished\":\"2024-05-27T21:18:26+00:00\",\"breadcrumb\":{\"@id\":\"https:\\\/\\\/dailyai.com\\\/about\\\/editorial-policy\\\/#breadcrumb\"},\"inLanguage\":\"es\",\"potentialAction\":[{\"@type\":\"ReadAction\",\"target\":[\"https:\\\/\\\/dailyai.com\\\/about\\\/editorial-policy\\\/\"]}]},{\"@type\":\"BreadcrumbList\",\"@id\":\"https:\\\/\\\/dailyai.com\\\/about\\\/editorial-policy\\\/#breadcrumb\",\"itemListElement\":[{\"@type\":\"ListItem\",\"position\":1,\"name\":\"Home\",\"item\":\"https:\\\/\\\/dailyai.com\\\/\"},{\"@type\":\"ListItem\",\"position\":2,\"name\":\"About\",\"item\":\"https:\\\/\\\/dailyai.com\\\/about\\\/\"},{\"@type\":\"ListItem\",\"position\":3,\"name\":\"Editorial Policy\"}]},{\"@type\":\"WebSite\",\"@id\":\"https:\\\/\\\/dailyai.com\\\/#website\",\"url\":\"https:\\\/\\\/dailyai.com\\\/\",\"name\":\"DailyAI\",\"description\":\"Your Daily Dose of AI News\",\"publisher\":{\"@id\":\"https:\\\/\\\/dailyai.com\\\/#organization\"},\"potentialAction\":[{\"@type\":\"SearchAction\",\"target\":{\"@type\":\"EntryPoint\",\"urlTemplate\":\"https:\\\/\\\/dailyai.com\\\/?s={search_term_string}\"},\"query-input\":{\"@type\":\"PropertyValueSpecification\",\"valueRequired\":true,\"valueName\":\"search_term_string\"}}],\"inLanguage\":\"es\"},{\"@type\":\"Organization\",\"@id\":\"https:\\\/\\\/dailyai.com\\\/#organization\",\"name\":\"DailyAI\",\"url\":\"https:\\\/\\\/dailyai.com\\\/\",\"logo\":{\"@type\":\"ImageObject\",\"inLanguage\":\"es\",\"@id\":\"https:\\\/\\\/dailyai.com\\\/#\\\/schema\\\/logo\\\/image\\\/\",\"url\":\"https:\\\/\\\/dailyai.com\\\/wp-content\\\/uploads\\\/2023\\\/06\\\/Daily-Ai_TL_colour.png\",\"contentUrl\":\"https:\\\/\\\/dailyai.com\\\/wp-content\\\/uploads\\\/2023\\\/06\\\/Daily-Ai_TL_colour.png\",\"width\":4501,\"height\":934,\"caption\":\"DailyAI\"},\"image\":{\"@id\":\"https:\\\/\\\/dailyai.com\\\/#\\\/schema\\\/logo\\\/image\\\/\"},\"sameAs\":[\"https:\\\/\\\/x.com\\\/DailyAIOfficial\",\"https:\\\/\\\/www.linkedin.com\\\/company\\\/dailyaiofficial\\\/\",\"https:\\\/\\\/www.youtube.com\\\/@DailyAIOfficial\"]},{\"@type\":\"Person\",\"@id\":\"https:\\\/\\\/dailyai.com\\\/#\\\/schema\\\/person\\\/5238bb16667080993f51f7fba82ad6c6\",\"name\":\"DailyAI\",\"image\":{\"@type\":\"ImageObject\",\"inLanguage\":\"es\",\"@id\":\"https:\\\/\\\/secure.gravatar.com\\\/avatar\\\/c6af4019f5ca26871821f9d810a73765e1e0ff69f4f973af5fe81683959b2a2c?s=96&d=robohash&r=g\",\"url\":\"https:\\\/\\\/secure.gravatar.com\\\/avatar\\\/c6af4019f5ca26871821f9d810a73765e1e0ff69f4f973af5fe81683959b2a2c?s=96&d=robohash&r=g\",\"contentUrl\":\"https:\\\/\\\/secure.gravatar.com\\\/avatar\\\/c6af4019f5ca26871821f9d810a73765e1e0ff69f4f973af5fe81683959b2a2c?s=96&d=robohash&r=g\",\"caption\":\"DailyAI\"},\"description\":\"Your go-to destination for all things AI. We are dedicated to providing easy to understand and accessible news, updates, reviews, and features on the ever-evolving AI industry. Stay informed as we unravel the latest advancements, breakthroughs, and trends shaping the world of AI.\",\"sameAs\":[\"https:\\\/\\\/dailyai.com\"],\"url\":\"https:\\\/\\\/dailyai.com\\\/es\\\/author\\\/atech\\\/\"}]}<\/script>\n<!-- \/ Yoast SEO plugin. -->","yoast_head_json":{"title":"Pol\u00edtica editorial | DailyAI","robots":{"index":"index","follow":"follow","max-snippet":"max-snippet:-1","max-image-preview":"max-image-preview:large","max-video-preview":"max-video-preview:-1"},"canonical":"https:\/\/dailyai.com\/es\/about\/editorial-policy\/","og_locale":"es_ES","og_type":"article","og_title":"Editorial Policy | DailyAI","og_description":"Last updated: 21\/05\/2024 &nbsp; The Editorial Policy of DailyAI applies to all of our content. Objective Reporting: Our news website is committed to providing objective, accurate, and impartial reporting on artificial intelligence (AI) technologies and their impacts. We strive to present information in a fair and balanced manner, avoiding sensationalism or bias. Transparency: We prioritize transparency in our reporting process. We disclose sources of information, provide context for complex topics, and clearly differentiate between factual reporting and opinion pieces. Corrections and updates are promptly issued when errors are identified. Ethical Considerations: We recognize the ethical implications of AI technologies and","og_url":"https:\/\/dailyai.com\/es\/about\/editorial-policy\/","og_site_name":"DailyAI","twitter_card":"summary_large_image","twitter_site":"@DailyAIOfficial","twitter_misc":{"Tiempo de lectura":"3 minutos"},"schema":{"@context":"https:\/\/schema.org","@graph":[{"@type":"Article","@id":"https:\/\/dailyai.com\/about\/editorial-policy\/#article","isPartOf":{"@id":"https:\/\/dailyai.com\/about\/editorial-policy\/"},"author":{"name":"DailyAI","@id":"https:\/\/dailyai.com\/#\/schema\/person\/5238bb16667080993f51f7fba82ad6c6"},"headline":"Editorial Policy","datePublished":"2024-05-27T21:18:26+00:00","mainEntityOfPage":{"@id":"https:\/\/dailyai.com\/about\/editorial-policy\/"},"wordCount":497,"publisher":{"@id":"https:\/\/dailyai.com\/#organization"},"inLanguage":"es"},{"@type":"WebPage","@id":"https:\/\/dailyai.com\/about\/editorial-policy\/","url":"https:\/\/dailyai.com\/about\/editorial-policy\/","name":"Pol\u00edtica editorial | DailyAI","isPartOf":{"@id":"https:\/\/dailyai.com\/#website"},"datePublished":"2024-05-27T21:18:26+00:00","breadcrumb":{"@id":"https:\/\/dailyai.com\/about\/editorial-policy\/#breadcrumb"},"inLanguage":"es","potentialAction":[{"@type":"ReadAction","target":["https:\/\/dailyai.com\/about\/editorial-policy\/"]}]},{"@type":"BreadcrumbList","@id":"https:\/\/dailyai.com\/about\/editorial-policy\/#breadcrumb","itemListElement":[{"@type":"ListItem","position":1,"name":"Home","item":"https:\/\/dailyai.com\/"},{"@type":"ListItem","position":2,"name":"About","item":"https:\/\/dailyai.com\/about\/"},{"@type":"ListItem","position":3,"name":"Editorial Policy"}]},{"@type":"WebSite","@id":"https:\/\/dailyai.com\/#website","url":"https:\/\/dailyai.com\/","name":"DailyAI","description":"Su dosis diaria de noticias sobre IA","publisher":{"@id":"https:\/\/dailyai.com\/#organization"},"potentialAction":[{"@type":"SearchAction","target":{"@type":"EntryPoint","urlTemplate":"https:\/\/dailyai.com\/?s={search_term_string}"},"query-input":{"@type":"PropertyValueSpecification","valueRequired":true,"valueName":"search_term_string"}}],"inLanguage":"es"},{"@type":"Organization","@id":"https:\/\/dailyai.com\/#organization","name":"DailyAI","url":"https:\/\/dailyai.com\/","logo":{"@type":"ImageObject","inLanguage":"es","@id":"https:\/\/dailyai.com\/#\/schema\/logo\/image\/","url":"https:\/\/dailyai.com\/wp-content\/uploads\/2023\/06\/Daily-Ai_TL_colour.png","contentUrl":"https:\/\/dailyai.com\/wp-content\/uploads\/2023\/06\/Daily-Ai_TL_colour.png","width":4501,"height":934,"caption":"DailyAI"},"image":{"@id":"https:\/\/dailyai.com\/#\/schema\/logo\/image\/"},"sameAs":["https:\/\/x.com\/DailyAIOfficial","https:\/\/www.linkedin.com\/company\/dailyaiofficial\/","https:\/\/www.youtube.com\/@DailyAIOfficial"]},{"@type":"Person","@id":"https:\/\/dailyai.com\/#\/schema\/person\/5238bb16667080993f51f7fba82ad6c6","name":"DailyAI","image":{"@type":"ImageObject","inLanguage":"es","@id":"https:\/\/secure.gravatar.com\/avatar\/c6af4019f5ca26871821f9d810a73765e1e0ff69f4f973af5fe81683959b2a2c?s=96&d=robohash&r=g","url":"https:\/\/secure.gravatar.com\/avatar\/c6af4019f5ca26871821f9d810a73765e1e0ff69f4f973af5fe81683959b2a2c?s=96&d=robohash&r=g","contentUrl":"https:\/\/secure.gravatar.com\/avatar\/c6af4019f5ca26871821f9d810a73765e1e0ff69f4f973af5fe81683959b2a2c?s=96&d=robohash&r=g","caption":"DailyAI"},"description":"Su destino para todo lo relacionado con la IA. Nos dedicamos a ofrecer noticias, actualizaciones, rese\u00f1as y art\u00edculos accesibles y f\u00e1ciles de entender sobre el sector de la IA, en constante evoluci\u00f3n. Mant\u00e9ngase informado mientras desentra\u00f1amos los \u00faltimos avances, descubrimientos y tendencias que dan forma al mundo de la IA.","sameAs":["https:\/\/dailyai.com"],"url":"https:\/\/dailyai.com\/es\/author\/atech\/"}]}},"_links":{"self":[{"href":"https:\/\/dailyai.com\/es\/wp-json\/wp\/v2\/pages\/12465","targetHints":{"allow":["GET"]}}],"collection":[{"href":"https:\/\/dailyai.com\/es\/wp-json\/wp\/v2\/pages"}],"about":[{"href":"https:\/\/dailyai.com\/es\/wp-json\/wp\/v2\/types\/page"}],"author":[{"embeddable":true,"href":"https:\/\/dailyai.com\/es\/wp-json\/wp\/v2\/users\/1"}],"replies":[{"embeddable":true,"href":"https:\/\/dailyai.com\/es\/wp-json\/wp\/v2\/comments?post=12465"}],"version-history":[{"count":3,"href":"https:\/\/dailyai.com\/es\/wp-json\/wp\/v2\/pages\/12465\/revisions"}],"predecessor-version":[{"id":12468,"href":"https:\/\/dailyai.com\/es\/wp-json\/wp\/v2\/pages\/12465\/revisions\/12468"}],"up":[{"embeddable":true,"href":"https:\/\/dailyai.com\/es\/wp-json\/wp\/v2\/pages\/207"}],"wp:attachment":[{"href":"https:\/\/dailyai.com\/es\/wp-json\/wp\/v2\/media?parent=12465"}],"curies":[{"name":"wp","href":"https:\/\/api.w.org\/{rel}","templated":true}]}}