{"id":12600,"date":"2024-05-27T21:18:23","date_gmt":"2024-05-27T21:18:23","guid":{"rendered":"https:\/\/dailyai.com\/?page_id=12600"},"modified":"2024-05-27T21:18:23","modified_gmt":"2024-05-27T21:18:23","slug":"careers","status":"publish","type":"page","link":"https:\/\/dailyai.com\/de\/about\/careers\/","title":{"rendered":"Karriere"},"content":{"rendered":"<h2>Karriere bei DailyAI<\/h2>\n<h3>Schlie\u00dfen Sie sich unserer Mission zur Vereinfachung von AI an<\/h3>\n<p>Willkommen bei DailyAI, wo wir die komplexe Welt der K\u00fcnstlichen Intelligenz vereinfachen. Unser Ziel ist es, jedem - vom KI-Neuling bis zum ausgewiesenen Experten - klare, ansprechende Einblicke zu bieten. Wenn Sie sich f\u00fcr k\u00fcnstliche Intelligenz begeistern und etwas bewirken wollen, laden wir Sie ein, unsere Karrierem\u00f6glichkeiten zu erkunden.<\/p>\n<h3>Warum bei DailyAI arbeiten?<\/h3>\n<p>DailyAI bietet eine einzigartige Plattform, um einen Beitrag zur sich schnell entwickelnden KI-Branche zu leisten. Unsere Inhalte umfassen Nachrichten, aktuelle Themen, Interviews, Meinungen, Produktbesprechungen und Prompt-Bibliotheken, die unserem Team einen ganzheitlichen Blick auf die KI-Landschaft erm\u00f6glichen. Hier ist der Grund, warum Sie sich f\u00fcr eine Mitarbeit bei uns entscheiden sollten:<\/p>\n<ul>\n<li><strong>Innovatives Umfeld<\/strong>: Als Initiative von Intelliquence, einem zukunftsorientierten digitalen Medienunternehmen mit Sitz in London, f\u00f6rdern wir eine Kultur der Innovation und des kontinuierlichen Lernens.<\/li>\n<li><strong>Experten-Team<\/strong>: Arbeiten Sie mit Branchenexperten zusammen, die sich der Entschl\u00fcsselung und Entmystifizierung von KI widmen.<\/li>\n<li><strong>Dynamischer Inhalt<\/strong>: Arbeiten Sie in einem Team, das vielf\u00e4ltige und ansprechende Inhalte erstellt und KI f\u00fcr alle zug\u00e4nglich macht.<\/li>\n<li><strong>Flexibles Arbeiten<\/strong>: Wir sind uns der Bedeutung einer ausgewogenen Work-Life-Balance bewusst und bieten flexible Arbeitsregelungen, um den unterschiedlichen Bed\u00fcrfnissen und Lebensstilen unserer Mitarbeiter gerecht zu werden.<\/li>\n<\/ul>\n<h3>Unsere Werte<\/h3>\n<p>Bei DailyAI leiten uns unsere Werte beim Erreichen dieser Mission und pr\u00e4gen unsere Arbeitsplatzkultur. Hier sind einige unserer Kernwerte:<\/p>\n<ul>\n<li><strong>Integrit\u00e4t:<\/strong> Wir legen bei unserer Arbeit gr\u00f6\u00dften Wert auf Wahrhaftigkeit und Genauigkeit, um zuverl\u00e4ssige und vertrauensw\u00fcrdige Inhalte zu gew\u00e4hrleisten. Wir glauben daran, immer das Richtige zu tun.<\/li>\n<li><strong>Fairness und Unparteilichkeit:<\/strong> Wir verpflichten uns zu einer ausgewogenen Berichterstattung, zur Darstellung verschiedener Perspektiven und zur Beseitigung von Vorurteilen, um eine objektive Haltung zu wahren.<\/li>\n<li><strong>Transparenz:<\/strong> Offenheit und Ehrlichkeit sind das Herzst\u00fcck unserer Arbeit. Wir geben unsere Quellen eindeutig an und wahren die redaktionelle Unabh\u00e4ngigkeit.<\/li>\n<li><strong>Rechenschaftspflicht:<\/strong> Wir \u00fcbernehmen die Verantwortung f\u00fcr unsere Inhalte und Handlungen und suchen aktiv nach Feedback, um unsere Praktiken zu verbessern und hohe Standards zu wahren.<\/li>\n<li><strong>Respekt:<\/strong> Wir f\u00f6rdern ein respektvolles und integratives Arbeitsumfeld, in dem unterschiedliche Standpunkte gef\u00f6rdert werden und jedes Teammitglied gesch\u00e4tzt wird.<\/li>\n<li><strong>Eingliederung und Vielfalt:<\/strong> Wir sch\u00e4tzen die Vielfalt und setzen uns f\u00fcr Chancengleichheit f\u00fcr alle ein, um ein einladendes und unterst\u00fctzendes Umfeld zu schaffen.<\/li>\n<\/ul>\n<p>Wenn Sie sich DailyAI anschlie\u00dfen, werden Sie Teil eines Teams, das Integrit\u00e4t, Respekt und Innovation sch\u00e4tzt. Gemeinsam machen wir das Verst\u00e4ndnis von KI f\u00fcr jeden zug\u00e4nglich.<\/p>\n<p>Ausf\u00fchrlichere Informationen finden Sie in unserer <a href=\"https:\/\/chatgpt.com\/#\" target=\"_new\" rel=\"noreferrer noopener\">Ethischer Kodex<\/a>.<\/p>\n<h3>Aktuelle Gelegenheiten<\/h3>\n<p>Wir sind immer auf der Suche nach talentierten Mitarbeitern, die unsere Leidenschaft f\u00fcr KI teilen. Unsere aktuellen Stellenangebote umfassen:<\/p>\n<ul>\n<li><strong>AI-Inhaltsverfasser<\/strong>: Erstellen Sie ansprechende Artikel, Interviews und Meinungsbeitr\u00e4ge \u00fcber die neuesten Entwicklungen im Bereich der k\u00fcnstlichen Intelligenz.<\/li>\n<\/ul>\n<h3>Wie man sich bewirbt<\/h3>\n<p>Wenn Sie von der M\u00f6glichkeit, mit uns zu arbeiten, begeistert sind, w\u00fcrden wir uns freuen, von Ihnen zu h\u00f6ren. Schicken Sie Ihren Lebenslauf und ein Anschreiben, in dem Sie Ihre Erfahrung beschreiben und erl\u00e4utern, warum Sie bei DailyAI arbeiten m\u00f6chten, an <a href=\"mailto:contact@dailyai.com\">contact@dailyai.com<\/a>.<\/p>","protected":false},"excerpt":{"rendered":"<p>Karrieren bei DailyAI Schlie\u00dfen Sie sich unserer Mission an, KI zu vereinfachen. Willkommen bei DailyAI, wo wir die komplexe Welt der K\u00fcnstlichen Intelligenz vereinfachen. Unser Ziel ist es, jedem - vom KI-Neuling bis zum ausgewiesenen Experten - klare und ansprechende Einblicke zu bieten. Wenn Sie sich f\u00fcr K\u00fcnstliche Intelligenz begeistern und etwas bewirken wollen, laden wir Sie ein, unsere Karrierem\u00f6glichkeiten zu erkunden. Warum bei DailyAI arbeiten? DailyAI bietet eine einzigartige Plattform, um einen Beitrag zur sich schnell entwickelnden KI-Branche zu leisten. Unsere Inhalte umfassen Nachrichten, aktuelle Themen, Interviews, Meinungen, Produktbesprechungen und Souffleusen, die unserem Team einen ganzheitlichen Blick auf die KI-Landschaft erm\u00f6glichen. Hier ist der Grund<\/p>","protected":false},"author":1,"featured_media":0,"parent":207,"menu_order":0,"comment_status":"closed","ping_status":"closed","template":"","meta":{"footnotes":""},"class_list":["post-12600","page","type-page","status-publish","hentry"],"yoast_head":"<!-- This site is optimized with the Yoast SEO plugin v27.3 - https:\/\/yoast.com\/product\/yoast-seo-wordpress\/ -->\n<title>Careers | DailyAI<\/title>\n<meta name=\"robots\" content=\"index, follow, max-snippet:-1, max-image-preview:large, max-video-preview:-1\" \/>\n<link rel=\"canonical\" href=\"https:\/\/dailyai.com\/de\/about\/careers\/\" \/>\n<meta property=\"og:locale\" content=\"de_DE\" \/>\n<meta property=\"og:type\" content=\"article\" \/>\n<meta property=\"og:title\" content=\"Careers | DailyAI\" \/>\n<meta property=\"og:description\" content=\"Careers at DailyAI Join Our Mission to Simplify AI Welcome to DailyAI, where we simplify the complex world of Artificial Intelligence. Our mission is to provide clear, engaging insights to everyone, from AI novices to established experts. If you&#8217;re passionate about AI and want to make a real impact, we invite you to explore our career opportunities. Why Work at DailyAI? At DailyAI, we offer a unique platform to contribute to the rapidly evolving AI industry. Our content spans news, current affairs, interviews, opinions, product reviews, and prompt libraries, giving our team a holistic view of AI&#8217;s landscape. Here\u2019s why\" \/>\n<meta property=\"og:url\" content=\"https:\/\/dailyai.com\/de\/about\/careers\/\" \/>\n<meta property=\"og:site_name\" content=\"DailyAI\" \/>\n<meta name=\"twitter:card\" content=\"summary_large_image\" \/>\n<meta name=\"twitter:site\" content=\"@DailyAIOfficial\" \/>\n<meta name=\"twitter:label1\" content=\"Gesch\u00e4tzte Lesezeit\" \/>\n\t<meta name=\"twitter:data1\" content=\"2\u00a0Minuten\" \/>\n<script type=\"application\/ld+json\" class=\"yoast-schema-graph\">{\"@context\":\"https:\\\/\\\/schema.org\",\"@graph\":[{\"@type\":\"Article\",\"@id\":\"https:\\\/\\\/dailyai.com\\\/about\\\/careers\\\/#article\",\"isPartOf\":{\"@id\":\"https:\\\/\\\/dailyai.com\\\/about\\\/careers\\\/\"},\"author\":{\"name\":\"DailyAI\",\"@id\":\"https:\\\/\\\/dailyai.com\\\/#\\\/schema\\\/person\\\/5238bb16667080993f51f7fba82ad6c6\"},\"headline\":\"Careers\",\"datePublished\":\"2024-05-27T21:18:23+00:00\",\"mainEntityOfPage\":{\"@id\":\"https:\\\/\\\/dailyai.com\\\/about\\\/careers\\\/\"},\"wordCount\":442,\"publisher\":{\"@id\":\"https:\\\/\\\/dailyai.com\\\/#organization\"},\"inLanguage\":\"de\"},{\"@type\":\"WebPage\",\"@id\":\"https:\\\/\\\/dailyai.com\\\/about\\\/careers\\\/\",\"url\":\"https:\\\/\\\/dailyai.com\\\/about\\\/careers\\\/\",\"name\":\"Careers | DailyAI\",\"isPartOf\":{\"@id\":\"https:\\\/\\\/dailyai.com\\\/#website\"},\"datePublished\":\"2024-05-27T21:18:23+00:00\",\"breadcrumb\":{\"@id\":\"https:\\\/\\\/dailyai.com\\\/about\\\/careers\\\/#breadcrumb\"},\"inLanguage\":\"de\",\"potentialAction\":[{\"@type\":\"ReadAction\",\"target\":[\"https:\\\/\\\/dailyai.com\\\/about\\\/careers\\\/\"]}]},{\"@type\":\"BreadcrumbList\",\"@id\":\"https:\\\/\\\/dailyai.com\\\/about\\\/careers\\\/#breadcrumb\",\"itemListElement\":[{\"@type\":\"ListItem\",\"position\":1,\"name\":\"Home\",\"item\":\"https:\\\/\\\/dailyai.com\\\/\"},{\"@type\":\"ListItem\",\"position\":2,\"name\":\"About\",\"item\":\"https:\\\/\\\/dailyai.com\\\/about\\\/\"},{\"@type\":\"ListItem\",\"position\":3,\"name\":\"Careers\"}]},{\"@type\":\"WebSite\",\"@id\":\"https:\\\/\\\/dailyai.com\\\/#website\",\"url\":\"https:\\\/\\\/dailyai.com\\\/\",\"name\":\"DailyAI\",\"description\":\"Your Daily Dose of AI News\",\"publisher\":{\"@id\":\"https:\\\/\\\/dailyai.com\\\/#organization\"},\"potentialAction\":[{\"@type\":\"SearchAction\",\"target\":{\"@type\":\"EntryPoint\",\"urlTemplate\":\"https:\\\/\\\/dailyai.com\\\/?s={search_term_string}\"},\"query-input\":{\"@type\":\"PropertyValueSpecification\",\"valueRequired\":true,\"valueName\":\"search_term_string\"}}],\"inLanguage\":\"de\"},{\"@type\":\"Organization\",\"@id\":\"https:\\\/\\\/dailyai.com\\\/#organization\",\"name\":\"DailyAI\",\"url\":\"https:\\\/\\\/dailyai.com\\\/\",\"logo\":{\"@type\":\"ImageObject\",\"inLanguage\":\"de\",\"@id\":\"https:\\\/\\\/dailyai.com\\\/#\\\/schema\\\/logo\\\/image\\\/\",\"url\":\"https:\\\/\\\/dailyai.com\\\/wp-content\\\/uploads\\\/2023\\\/06\\\/Daily-Ai_TL_colour.png\",\"contentUrl\":\"https:\\\/\\\/dailyai.com\\\/wp-content\\\/uploads\\\/2023\\\/06\\\/Daily-Ai_TL_colour.png\",\"width\":4501,\"height\":934,\"caption\":\"DailyAI\"},\"image\":{\"@id\":\"https:\\\/\\\/dailyai.com\\\/#\\\/schema\\\/logo\\\/image\\\/\"},\"sameAs\":[\"https:\\\/\\\/x.com\\\/DailyAIOfficial\",\"https:\\\/\\\/www.linkedin.com\\\/company\\\/dailyaiofficial\\\/\",\"https:\\\/\\\/www.youtube.com\\\/@DailyAIOfficial\"]},{\"@type\":\"Person\",\"@id\":\"https:\\\/\\\/dailyai.com\\\/#\\\/schema\\\/person\\\/5238bb16667080993f51f7fba82ad6c6\",\"name\":\"DailyAI\",\"image\":{\"@type\":\"ImageObject\",\"inLanguage\":\"de\",\"@id\":\"https:\\\/\\\/secure.gravatar.com\\\/avatar\\\/c6af4019f5ca26871821f9d810a73765e1e0ff69f4f973af5fe81683959b2a2c?s=96&d=robohash&r=g\",\"url\":\"https:\\\/\\\/secure.gravatar.com\\\/avatar\\\/c6af4019f5ca26871821f9d810a73765e1e0ff69f4f973af5fe81683959b2a2c?s=96&d=robohash&r=g\",\"contentUrl\":\"https:\\\/\\\/secure.gravatar.com\\\/avatar\\\/c6af4019f5ca26871821f9d810a73765e1e0ff69f4f973af5fe81683959b2a2c?s=96&d=robohash&r=g\",\"caption\":\"DailyAI\"},\"description\":\"Your go-to destination for all things AI. We are dedicated to providing easy to understand and accessible news, updates, reviews, and features on the ever-evolving AI industry. Stay informed as we unravel the latest advancements, breakthroughs, and trends shaping the world of AI.\",\"sameAs\":[\"https:\\\/\\\/dailyai.com\"],\"url\":\"https:\\\/\\\/dailyai.com\\\/de\\\/author\\\/atech\\\/\"}]}<\/script>\n<!-- \/ Yoast SEO plugin. -->","yoast_head_json":{"title":"Karriere | DailyAI","robots":{"index":"index","follow":"follow","max-snippet":"max-snippet:-1","max-image-preview":"max-image-preview:large","max-video-preview":"max-video-preview:-1"},"canonical":"https:\/\/dailyai.com\/de\/about\/careers\/","og_locale":"de_DE","og_type":"article","og_title":"Careers | DailyAI","og_description":"Careers at DailyAI Join Our Mission to Simplify AI Welcome to DailyAI, where we simplify the complex world of Artificial Intelligence. Our mission is to provide clear, engaging insights to everyone, from AI novices to established experts. If you&#8217;re passionate about AI and want to make a real impact, we invite you to explore our career opportunities. Why Work at DailyAI? At DailyAI, we offer a unique platform to contribute to the rapidly evolving AI industry. Our content spans news, current affairs, interviews, opinions, product reviews, and prompt libraries, giving our team a holistic view of AI&#8217;s landscape. Here\u2019s why","og_url":"https:\/\/dailyai.com\/de\/about\/careers\/","og_site_name":"DailyAI","twitter_card":"summary_large_image","twitter_site":"@DailyAIOfficial","twitter_misc":{"Gesch\u00e4tzte Lesezeit":"2\u00a0Minuten"},"schema":{"@context":"https:\/\/schema.org","@graph":[{"@type":"Article","@id":"https:\/\/dailyai.com\/about\/careers\/#article","isPartOf":{"@id":"https:\/\/dailyai.com\/about\/careers\/"},"author":{"name":"DailyAI","@id":"https:\/\/dailyai.com\/#\/schema\/person\/5238bb16667080993f51f7fba82ad6c6"},"headline":"Careers","datePublished":"2024-05-27T21:18:23+00:00","mainEntityOfPage":{"@id":"https:\/\/dailyai.com\/about\/careers\/"},"wordCount":442,"publisher":{"@id":"https:\/\/dailyai.com\/#organization"},"inLanguage":"de"},{"@type":"WebPage","@id":"https:\/\/dailyai.com\/about\/careers\/","url":"https:\/\/dailyai.com\/about\/careers\/","name":"Karriere | DailyAI","isPartOf":{"@id":"https:\/\/dailyai.com\/#website"},"datePublished":"2024-05-27T21:18:23+00:00","breadcrumb":{"@id":"https:\/\/dailyai.com\/about\/careers\/#breadcrumb"},"inLanguage":"de","potentialAction":[{"@type":"ReadAction","target":["https:\/\/dailyai.com\/about\/careers\/"]}]},{"@type":"BreadcrumbList","@id":"https:\/\/dailyai.com\/about\/careers\/#breadcrumb","itemListElement":[{"@type":"ListItem","position":1,"name":"Home","item":"https:\/\/dailyai.com\/"},{"@type":"ListItem","position":2,"name":"About","item":"https:\/\/dailyai.com\/about\/"},{"@type":"ListItem","position":3,"name":"Careers"}]},{"@type":"WebSite","@id":"https:\/\/dailyai.com\/#website","url":"https:\/\/dailyai.com\/","name":"DailyAI","description":"Ihre t\u00e4gliche Dosis an AI-Nachrichten","publisher":{"@id":"https:\/\/dailyai.com\/#organization"},"potentialAction":[{"@type":"SearchAction","target":{"@type":"EntryPoint","urlTemplate":"https:\/\/dailyai.com\/?s={search_term_string}"},"query-input":{"@type":"PropertyValueSpecification","valueRequired":true,"valueName":"search_term_string"}}],"inLanguage":"de"},{"@type":"Organization","@id":"https:\/\/dailyai.com\/#organization","name":"DailyAI","url":"https:\/\/dailyai.com\/","logo":{"@type":"ImageObject","inLanguage":"de","@id":"https:\/\/dailyai.com\/#\/schema\/logo\/image\/","url":"https:\/\/dailyai.com\/wp-content\/uploads\/2023\/06\/Daily-Ai_TL_colour.png","contentUrl":"https:\/\/dailyai.com\/wp-content\/uploads\/2023\/06\/Daily-Ai_TL_colour.png","width":4501,"height":934,"caption":"DailyAI"},"image":{"@id":"https:\/\/dailyai.com\/#\/schema\/logo\/image\/"},"sameAs":["https:\/\/x.com\/DailyAIOfficial","https:\/\/www.linkedin.com\/company\/dailyaiofficial\/","https:\/\/www.youtube.com\/@DailyAIOfficial"]},{"@type":"Person","@id":"https:\/\/dailyai.com\/#\/schema\/person\/5238bb16667080993f51f7fba82ad6c6","name":"DailyAI","image":{"@type":"ImageObject","inLanguage":"de","@id":"https:\/\/secure.gravatar.com\/avatar\/c6af4019f5ca26871821f9d810a73765e1e0ff69f4f973af5fe81683959b2a2c?s=96&d=robohash&r=g","url":"https:\/\/secure.gravatar.com\/avatar\/c6af4019f5ca26871821f9d810a73765e1e0ff69f4f973af5fe81683959b2a2c?s=96&d=robohash&r=g","contentUrl":"https:\/\/secure.gravatar.com\/avatar\/c6af4019f5ca26871821f9d810a73765e1e0ff69f4f973af5fe81683959b2a2c?s=96&d=robohash&r=g","caption":"DailyAI"},"description":"Ihre erste Anlaufstelle f\u00fcr alles, was mit KI zu tun hat. Wir haben es uns zur Aufgabe gemacht, leicht verst\u00e4ndliche und zug\u00e4ngliche Nachrichten, Updates, Rezensionen und Features \u00fcber die sich st\u00e4ndig weiterentwickelnde KI-Branche bereitzustellen. Bleiben Sie auf dem Laufenden, wenn wir die neuesten Fortschritte, Durchbr\u00fcche und Trends in der Welt der KI aufdecken.","sameAs":["https:\/\/dailyai.com"],"url":"https:\/\/dailyai.com\/de\/author\/atech\/"}]}},"_links":{"self":[{"href":"https:\/\/dailyai.com\/de\/wp-json\/wp\/v2\/pages\/12600","targetHints":{"allow":["GET"]}}],"collection":[{"href":"https:\/\/dailyai.com\/de\/wp-json\/wp\/v2\/pages"}],"about":[{"href":"https:\/\/dailyai.com\/de\/wp-json\/wp\/v2\/types\/page"}],"author":[{"embeddable":true,"href":"https:\/\/dailyai.com\/de\/wp-json\/wp\/v2\/users\/1"}],"replies":[{"embeddable":true,"href":"https:\/\/dailyai.com\/de\/wp-json\/wp\/v2\/comments?post=12600"}],"version-history":[{"count":1,"href":"https:\/\/dailyai.com\/de\/wp-json\/wp\/v2\/pages\/12600\/revisions"}],"predecessor-version":[{"id":12601,"href":"https:\/\/dailyai.com\/de\/wp-json\/wp\/v2\/pages\/12600\/revisions\/12601"}],"up":[{"embeddable":true,"href":"https:\/\/dailyai.com\/de\/wp-json\/wp\/v2\/pages\/207"}],"wp:attachment":[{"href":"https:\/\/dailyai.com\/de\/wp-json\/wp\/v2\/media?parent=12600"}],"curies":[{"name":"wp","href":"https:\/\/api.w.org\/{rel}","templated":true}]}}