{"id":12597,"date":"2024-05-27T21:18:42","date_gmt":"2024-05-27T21:18:42","guid":{"rendered":"https:\/\/dailyai.com\/?page_id=12597"},"modified":"2024-05-27T21:18:42","modified_gmt":"2024-05-27T21:18:42","slug":"code-of-ethics","status":"publish","type":"page","link":"https:\/\/dailyai.com\/de\/about\/code-of-ethics\/","title":{"rendered":"Ethischer Kodex"},"content":{"rendered":"<p style=\"text-align: left;\"><em><span style=\"font-weight: 400;\">Zuletzt aktualisiert: 27\/05\/2024<\/span><\/em><\/p>\n<p>DailyAI hat es sich zur Aufgabe gemacht, die Welt der K\u00fcnstlichen Intelligenz (KI) zu vereinfachen, indem wir klare und ansprechende Einblicke bieten. Als KI-Nachrichtenseite verpflichten wir uns, die h\u00f6chsten Standards f\u00fcr Integrit\u00e4t, Genauigkeit und Verantwortung einzuhalten. Dieser Ethikkodex umrei\u00dft die Prinzipien und Richtlinien, die unsere Inhaltserstellung, unsere redaktionellen Prozesse und die Interaktion mit unserem Publikum bestimmen.<\/p>\n<h3>Grundprinzipien<\/h3>\n<h4>1. <strong>Genauigkeit und Wahrhaftigkeit<\/strong><\/h4>\n<ul>\n<li><strong>Fakten\u00fcberpr\u00fcfung:<\/strong> Wir legen bei allen unseren Inhalten Wert auf Genauigkeit. Jeder Artikel, jedes Interview und jeder Bericht wird einer strengen Faktenpr\u00fcfung unterzogen, um sicherzustellen, dass die Informationen zuverl\u00e4ssig und wahrheitsgem\u00e4\u00df sind.<\/li>\n<li><strong>Korrekturen:<\/strong> Wenn wir Fehler feststellen, korrigieren wir diese umgehend und geben transparente Erkl\u00e4rungen f\u00fcr die Korrekturen.<\/li>\n<\/ul>\n<h4>2. <strong>Unparteilichkeit und Fairness<\/strong><\/h4>\n<ul>\n<li><strong>Ausgewogene Berichterstattung:<\/strong> Wir bem\u00fchen uns um eine ausgewogene Darstellung der KI-Entwicklungen und stellen sicher, dass die verschiedenen Perspektiven angemessen ber\u00fccksichtigt werden.<\/li>\n<li><strong>Vermeidung von Voreingenommenheit:<\/strong> Wir arbeiten aktiv daran, jegliche Voreingenommenheit in unserer Berichterstattung zu beseitigen und konzentrieren uns ausschlie\u00dflich auf sachliche und unvoreingenommene Informationen.<\/li>\n<\/ul>\n<h4>3. <strong>Transparenz<\/strong><\/h4>\n<ul>\n<li><strong>Quellen und Referenzen:<\/strong> Wir geben alle in unseren Inhalten verwendeten Quellen und Verweise eindeutig an, so dass die Leser Zugang zu den Originalinformationen haben.<\/li>\n<li><strong>Redaktionelle Unabh\u00e4ngigkeit:<\/strong> Wir wahren die redaktionelle Unabh\u00e4ngigkeit von unserer Muttergesellschaft Intelliquence und allen externen Einfl\u00fcssen, um sicherzustellen, dass unsere Inhalte objektiv und unvoreingenommen bleiben.<\/li>\n<\/ul>\n<h4>4. <strong>Integrit\u00e4t und Verantwortlichkeit<\/strong><\/h4>\n<ul>\n<li><strong>Interessenkonflikt:<\/strong> Wir legen alle potenziellen Interessenkonflikte offen und stellen sicher, dass unsere Berichterstattung nicht von pers\u00f6nlichen oder finanziellen Erw\u00e4gungen beeinflusst wird.<\/li>\n<li><strong>Rechenschaftspflicht:<\/strong> Wir sind f\u00fcr unsere Inhalte und Handlungen verantwortlich und freuen uns \u00fcber das Feedback unserer Leser, um unsere Praktiken zu verbessern.<\/li>\n<\/ul>\n<h4>5. <strong>Respekt und Einf\u00fchlungsverm\u00f6gen<\/strong><\/h4>\n<ul>\n<li><strong>Respektvoller Dialog:<\/strong> Wir f\u00f6rdern einen respektvollen Dialog und unterschiedliche Standpunkte, um eine Gemeinschaft zu schaffen, in der alle Stimmen geh\u00f6rt werden k\u00f6nnen.<\/li>\n<li><strong>Empfindlichkeit gegen\u00fcber Auswirkungen:<\/strong> Wir sind uns der Auswirkungen bewusst, die unsere Inhalte auf Einzelpersonen, Organisationen und die Gesellschaft haben k\u00f6nnen, und wir bem\u00fchen uns, Schaden zu vermeiden.<\/li>\n<\/ul>\n<h4>6. <strong>Datenschutz und Sicherheit<\/strong><\/h4>\n<ul>\n<li><strong>Datenschutz:<\/strong> Wir respektieren die Privatsph\u00e4re unserer Leser und Quellen und halten uns an strenge Datenschutzrichtlinien zum Schutz personenbezogener Daten. Weitere Einzelheiten finden Sie in unserer <a href=\"https:\/\/dailyai.com\/privacy-policy\/\">Datenschutzbestimmungen<\/a>.<\/li>\n<\/ul>\n<h3>Inhaltliche Leitlinien<\/h3>\n<h4>1. <strong>Nachrichten und aktuelles Geschehen<\/strong><\/h4>\n<ul>\n<li><strong>Rechtzeitig und sachdienlich:<\/strong> Unsere Berichterstattung ist zeitnah, relevant und basiert auf \u00fcberpr\u00fcfbaren Fakten.<\/li>\n<li><strong>Umfassender Versicherungsschutz:<\/strong> Wir decken ein breites Spektrum von Themen innerhalb der KI-Branche ab und bieten umfassende Einblicke in aktuelle Trends und Entwicklungen.<\/li>\n<\/ul>\n<h4>2. <strong>Interviews und Stellungnahmen<\/strong><\/h4>\n<ul>\n<li><strong>Vielf\u00e4ltige Perspektiven:<\/strong> Wir bringen Interviews mit einer Vielzahl von Experten und Interessenvertretern, die ein breites Spektrum von Meinungen pr\u00e4sentieren.<\/li>\n<li><strong>Klare Unterscheidung:<\/strong> Wir unterscheiden klar zwischen Meinungsbeitr\u00e4gen und sachlicher Berichterstattung, damit die Leserinnen und Leser leicht zwischen den beiden unterscheiden k\u00f6nnen.<\/li>\n<\/ul>\n<h4>3. <strong>Produktbewertungen<\/strong><\/h4>\n<ul>\n<li><strong>Objektive Beurteilungen:<\/strong> Unsere Produktbewertungen beruhen auf gr\u00fcndlichen Evaluierungen und unvoreingenommenen Beurteilungen.<\/li>\n<li><strong>Offenlegung:<\/strong> Wir legen alle Zugeh\u00f6rigkeiten oder Sponsorings im Zusammenhang mit den von uns getesteten Produkten offen.<\/li>\n<\/ul>\n<h4>4. <strong>Prompt-Bibliotheken und Bildungsinhalte<\/strong><\/h4>\n<ul>\n<li><strong>P\u00e4dagogischer Wert:<\/strong> Unsere Prompt-Bibliotheken und Bildungsinhalte sind informativ und n\u00fctzlich und helfen den Lesern, KI-Tools zu verstehen und effektiv zu nutzen.<\/li>\n<li><strong>Genauigkeit:<\/strong> Wir stellen sicher, dass alle Bildungsmaterialien korrekt und aktuell sind und auf glaubw\u00fcrdigen Quellen beruhen.<\/li>\n<\/ul>\n<h3>Gemeinschaftliches Engagement<\/h3>\n<h4>1. <strong>Feedback und Interaktion<\/strong><\/h4>\n<ul>\n<li><strong>Offene Kan\u00e4le:<\/strong> Wir pflegen offene Kan\u00e4le f\u00fcr Feedback und ermutigen unsere Leser, ihre Gedanken, Bedenken und Vorschl\u00e4ge \u00fcber verschiedene Kan\u00e4le wie E-Mail, soziale Medien und Kontaktformulare mitzuteilen.<\/li>\n<li><strong>Responsives Engagement:<\/strong> Wir reagieren zeitnah und respektvoll auf Feedback und Anfragen und f\u00f6rdern eine positive und interaktive Gemeinschaft auf allen Plattformen.<\/li>\n<\/ul>\n<h4>2. <strong>Gemeinschaftsstandards<\/strong><\/h4>\n<ul>\n<li><strong>Respektvolle Interaktion:<\/strong> Wir setzen Gemeinschaftsstandards durch, die einen respektvollen Umgang f\u00f6rdern und Bel\u00e4stigungen, Hassreden und andere sch\u00e4dliche Verhaltensweisen in allen Kommunikationsformen, einschlie\u00dflich sozialer Medien und E-Mail, verbieten.<\/li>\n<li><strong>Moderation:<\/strong> Wir moderieren aktiv Kommentare, Diskussionen und andere interaktive Elemente, um eine sichere und einladende Umgebung f\u00fcr alle Leser zu gew\u00e4hrleisten.<\/li>\n<\/ul>\n<h3>Zus\u00e4tzliche Mittelbindungen<\/h3>\n<h4>1. <strong>Eingliederung und Vielfalt<\/strong><\/h4>\n<ul>\n<li><strong>Engagement f\u00fcr Vielfalt:<\/strong> Wir setzen uns f\u00fcr die F\u00f6rderung der Vielfalt in unseren Inhalten und am Arbeitsplatz ein. Wir bem\u00fchen uns aktiv darum, eine Vielzahl von Stimmen und Perspektiven in der KI-Gemeinschaft zu vertreten.<\/li>\n<li><strong>Chancengleichheit:<\/strong> Wir gew\u00e4hrleisten Chancengleichheit f\u00fcr alle Mitwirkenden und Mitarbeiter, unabh\u00e4ngig von Geschlecht, Rasse, ethnischer Herkunft, sexueller Orientierung oder Behinderung.<\/li>\n<\/ul>\n<h4>2. <strong>Erreichbarkeit<\/strong><\/h4>\n<ul>\n<li><strong>Zug\u00e4nglicher Inhalt:<\/strong> Wir bem\u00fchen uns, unsere Website und ihre Inhalte allen Nutzern, einschlie\u00dflich Menschen mit Behinderungen, zug\u00e4nglich zu machen. Dazu geh\u00f6rt auch die Einhaltung von Standards f\u00fcr die Barrierefreiheit im Internet und die Bereitstellung alternativer Formate, wo dies m\u00f6glich ist.<\/li>\n<li><strong>Benutzerfreundliches Design:<\/strong> Wir verbessern st\u00e4ndig das Design unserer Website, um sicherzustellen, dass sie benutzerfreundlich und f\u00fcr jedermann navigierbar ist.<\/li>\n<\/ul>\n<h4>3. <strong>Regelm\u00e4\u00dfige \u00dcberpr\u00fcfung und Aktualisierung<\/strong><\/h4>\n<ul>\n<li><strong>Kontinuierliche Verbesserung:<\/strong> Wir \u00fcberpr\u00fcfen und aktualisieren unseren Ethikkodex regelm\u00e4\u00dfig, um den sich entwickelnden Standards und bew\u00e4hrten Verfahren Rechnung zu tragen. Das Feedback unserer Leser und Stakeholder ist ein wichtiger Bestandteil dieses Prozesses.<\/li>\n<li><strong>Transparenz bei \u00c4nderungen:<\/strong> Alle wesentlichen \u00c4nderungen des Ethik-Kodexes werden unseren Lesern und Mitwirkenden in transparenter Weise mitgeteilt.<\/li>\n<\/ul>\n<h3>Schlussfolgerung<\/h3>\n<p>Wir von DailyAI verpflichten uns, diese ethischen Standards bei all unseren Bem\u00fchungen einzuhalten. Durch die Einhaltung dieses Ethikkodexes wollen wir das Vertrauen unserer Leser aufbauen und erhalten und ihnen wertvolle und zuverl\u00e4ssige Einblicke in die Welt der KI bieten. Gemeinsam k\u00f6nnen wir das Verst\u00e4ndnis von KI zu einer Chance f\u00fcr alle machen.<\/p>\n<p>Wenn Sie Fragen oder Bedenken bez\u00fcglich dieses Ethikkodexes haben, wenden Sie sich bitte an uns <a href=\"mailto:contact@dailyai.com\">contact@dailyai.com<\/a>.<\/p>","protected":false},"excerpt":{"rendered":"<p>Zuletzt aktualisiert am: 27\/05\/2024 DailyAI hat es sich zur Aufgabe gemacht, die Welt der K\u00fcnstlichen Intelligenz (KI) zu vereinfachen, indem wir klare und ansprechende Einblicke bieten. Als KI-Nachrichtenseite verpflichten wir uns, die h\u00f6chsten Standards f\u00fcr Integrit\u00e4t, Genauigkeit und Verantwortung einzuhalten. Dieser Ethikkodex umrei\u00dft die Prinzipien und Richtlinien, die unsere Inhaltserstellung, unsere redaktionellen Prozesse und die Interaktion mit unserem Publikum regeln. Grundprinzipien 1. Korrektheit und Wahrhaftigkeit Fakten\u00fcberpr\u00fcfung: Wir legen bei allen unseren Inhalten Wert auf Genauigkeit. Jeder Artikel, jedes Interview und jeder Bericht wird einer strengen Faktenpr\u00fcfung unterzogen, um sicherzustellen, dass die Informationen zuverl\u00e4ssig und wahrheitsgem\u00e4\u00df sind. Korrekturen: Wenn wir Fehler feststellen, korrigieren wir sie umgehend.<\/p>","protected":false},"author":1,"featured_media":0,"parent":207,"menu_order":0,"comment_status":"closed","ping_status":"closed","template":"","meta":{"footnotes":""},"class_list":["post-12597","page","type-page","status-publish","hentry"],"yoast_head":"<!-- This site is optimized with the Yoast SEO plugin v27.3 - https:\/\/yoast.com\/product\/yoast-seo-wordpress\/ -->\n<title>Code of Ethics | DailyAI<\/title>\n<meta name=\"robots\" content=\"index, follow, max-snippet:-1, max-image-preview:large, max-video-preview:-1\" \/>\n<link rel=\"canonical\" href=\"https:\/\/dailyai.com\/de\/about\/code-of-ethics\/\" \/>\n<meta property=\"og:locale\" content=\"de_DE\" \/>\n<meta property=\"og:type\" content=\"article\" \/>\n<meta property=\"og:title\" content=\"Code of Ethics | DailyAI\" \/>\n<meta property=\"og:description\" content=\"Last updated: 27\/05\/2024 At DailyAI, our mission is to simplify the world of Artificial Intelligence (AI) by providing clear and engaging insights. As an AI news site, we are committed to maintaining the highest standards of integrity, accuracy, and responsibility. This Code of Ethics outlines the principles and guidelines that govern our content creation, editorial processes, and interactions with our audience. Core Principles 1. Accuracy and Truthfulness Fact-Checking: We prioritize accuracy in all our content. Every article, interview, and review undergoes rigorous fact-checking to ensure the information is reliable and truthful. Corrections: If errors are identified, we promptly correct them\" \/>\n<meta property=\"og:url\" content=\"https:\/\/dailyai.com\/de\/about\/code-of-ethics\/\" \/>\n<meta property=\"og:site_name\" content=\"DailyAI\" \/>\n<meta name=\"twitter:card\" content=\"summary_large_image\" \/>\n<meta name=\"twitter:site\" content=\"@DailyAIOfficial\" \/>\n<meta name=\"twitter:label1\" content=\"Gesch\u00e4tzte Lesezeit\" \/>\n\t<meta name=\"twitter:data1\" content=\"4\u00a0Minuten\" \/>\n<script type=\"application\/ld+json\" class=\"yoast-schema-graph\">{\"@context\":\"https:\\\/\\\/schema.org\",\"@graph\":[{\"@type\":\"Article\",\"@id\":\"https:\\\/\\\/dailyai.com\\\/about\\\/code-of-ethics\\\/#article\",\"isPartOf\":{\"@id\":\"https:\\\/\\\/dailyai.com\\\/about\\\/code-of-ethics\\\/\"},\"author\":{\"name\":\"DailyAI\",\"@id\":\"https:\\\/\\\/dailyai.com\\\/#\\\/schema\\\/person\\\/5238bb16667080993f51f7fba82ad6c6\"},\"headline\":\"Code of Ethics\",\"datePublished\":\"2024-05-27T21:18:42+00:00\",\"mainEntityOfPage\":{\"@id\":\"https:\\\/\\\/dailyai.com\\\/about\\\/code-of-ethics\\\/\"},\"wordCount\":810,\"publisher\":{\"@id\":\"https:\\\/\\\/dailyai.com\\\/#organization\"},\"inLanguage\":\"de\"},{\"@type\":\"WebPage\",\"@id\":\"https:\\\/\\\/dailyai.com\\\/about\\\/code-of-ethics\\\/\",\"url\":\"https:\\\/\\\/dailyai.com\\\/about\\\/code-of-ethics\\\/\",\"name\":\"Code of Ethics | DailyAI\",\"isPartOf\":{\"@id\":\"https:\\\/\\\/dailyai.com\\\/#website\"},\"datePublished\":\"2024-05-27T21:18:42+00:00\",\"breadcrumb\":{\"@id\":\"https:\\\/\\\/dailyai.com\\\/about\\\/code-of-ethics\\\/#breadcrumb\"},\"inLanguage\":\"de\",\"potentialAction\":[{\"@type\":\"ReadAction\",\"target\":[\"https:\\\/\\\/dailyai.com\\\/about\\\/code-of-ethics\\\/\"]}]},{\"@type\":\"BreadcrumbList\",\"@id\":\"https:\\\/\\\/dailyai.com\\\/about\\\/code-of-ethics\\\/#breadcrumb\",\"itemListElement\":[{\"@type\":\"ListItem\",\"position\":1,\"name\":\"Home\",\"item\":\"https:\\\/\\\/dailyai.com\\\/\"},{\"@type\":\"ListItem\",\"position\":2,\"name\":\"About\",\"item\":\"https:\\\/\\\/dailyai.com\\\/about\\\/\"},{\"@type\":\"ListItem\",\"position\":3,\"name\":\"Code of Ethics\"}]},{\"@type\":\"WebSite\",\"@id\":\"https:\\\/\\\/dailyai.com\\\/#website\",\"url\":\"https:\\\/\\\/dailyai.com\\\/\",\"name\":\"DailyAI\",\"description\":\"Your Daily Dose of AI News\",\"publisher\":{\"@id\":\"https:\\\/\\\/dailyai.com\\\/#organization\"},\"potentialAction\":[{\"@type\":\"SearchAction\",\"target\":{\"@type\":\"EntryPoint\",\"urlTemplate\":\"https:\\\/\\\/dailyai.com\\\/?s={search_term_string}\"},\"query-input\":{\"@type\":\"PropertyValueSpecification\",\"valueRequired\":true,\"valueName\":\"search_term_string\"}}],\"inLanguage\":\"de\"},{\"@type\":\"Organization\",\"@id\":\"https:\\\/\\\/dailyai.com\\\/#organization\",\"name\":\"DailyAI\",\"url\":\"https:\\\/\\\/dailyai.com\\\/\",\"logo\":{\"@type\":\"ImageObject\",\"inLanguage\":\"de\",\"@id\":\"https:\\\/\\\/dailyai.com\\\/#\\\/schema\\\/logo\\\/image\\\/\",\"url\":\"https:\\\/\\\/dailyai.com\\\/wp-content\\\/uploads\\\/2023\\\/06\\\/Daily-Ai_TL_colour.png\",\"contentUrl\":\"https:\\\/\\\/dailyai.com\\\/wp-content\\\/uploads\\\/2023\\\/06\\\/Daily-Ai_TL_colour.png\",\"width\":4501,\"height\":934,\"caption\":\"DailyAI\"},\"image\":{\"@id\":\"https:\\\/\\\/dailyai.com\\\/#\\\/schema\\\/logo\\\/image\\\/\"},\"sameAs\":[\"https:\\\/\\\/x.com\\\/DailyAIOfficial\",\"https:\\\/\\\/www.linkedin.com\\\/company\\\/dailyaiofficial\\\/\",\"https:\\\/\\\/www.youtube.com\\\/@DailyAIOfficial\"]},{\"@type\":\"Person\",\"@id\":\"https:\\\/\\\/dailyai.com\\\/#\\\/schema\\\/person\\\/5238bb16667080993f51f7fba82ad6c6\",\"name\":\"DailyAI\",\"image\":{\"@type\":\"ImageObject\",\"inLanguage\":\"de\",\"@id\":\"https:\\\/\\\/secure.gravatar.com\\\/avatar\\\/c6af4019f5ca26871821f9d810a73765e1e0ff69f4f973af5fe81683959b2a2c?s=96&d=robohash&r=g\",\"url\":\"https:\\\/\\\/secure.gravatar.com\\\/avatar\\\/c6af4019f5ca26871821f9d810a73765e1e0ff69f4f973af5fe81683959b2a2c?s=96&d=robohash&r=g\",\"contentUrl\":\"https:\\\/\\\/secure.gravatar.com\\\/avatar\\\/c6af4019f5ca26871821f9d810a73765e1e0ff69f4f973af5fe81683959b2a2c?s=96&d=robohash&r=g\",\"caption\":\"DailyAI\"},\"description\":\"Your go-to destination for all things AI. We are dedicated to providing easy to understand and accessible news, updates, reviews, and features on the ever-evolving AI industry. Stay informed as we unravel the latest advancements, breakthroughs, and trends shaping the world of AI.\",\"sameAs\":[\"https:\\\/\\\/dailyai.com\"],\"url\":\"https:\\\/\\\/dailyai.com\\\/de\\\/author\\\/atech\\\/\"}]}<\/script>\n<!-- \/ Yoast SEO plugin. -->","yoast_head_json":{"title":"Ehrenkodex | DailyAI","robots":{"index":"index","follow":"follow","max-snippet":"max-snippet:-1","max-image-preview":"max-image-preview:large","max-video-preview":"max-video-preview:-1"},"canonical":"https:\/\/dailyai.com\/de\/about\/code-of-ethics\/","og_locale":"de_DE","og_type":"article","og_title":"Code of Ethics | DailyAI","og_description":"Last updated: 27\/05\/2024 At DailyAI, our mission is to simplify the world of Artificial Intelligence (AI) by providing clear and engaging insights. As an AI news site, we are committed to maintaining the highest standards of integrity, accuracy, and responsibility. This Code of Ethics outlines the principles and guidelines that govern our content creation, editorial processes, and interactions with our audience. Core Principles 1. Accuracy and Truthfulness Fact-Checking: We prioritize accuracy in all our content. Every article, interview, and review undergoes rigorous fact-checking to ensure the information is reliable and truthful. Corrections: If errors are identified, we promptly correct them","og_url":"https:\/\/dailyai.com\/de\/about\/code-of-ethics\/","og_site_name":"DailyAI","twitter_card":"summary_large_image","twitter_site":"@DailyAIOfficial","twitter_misc":{"Gesch\u00e4tzte Lesezeit":"4\u00a0Minuten"},"schema":{"@context":"https:\/\/schema.org","@graph":[{"@type":"Article","@id":"https:\/\/dailyai.com\/about\/code-of-ethics\/#article","isPartOf":{"@id":"https:\/\/dailyai.com\/about\/code-of-ethics\/"},"author":{"name":"DailyAI","@id":"https:\/\/dailyai.com\/#\/schema\/person\/5238bb16667080993f51f7fba82ad6c6"},"headline":"Code of Ethics","datePublished":"2024-05-27T21:18:42+00:00","mainEntityOfPage":{"@id":"https:\/\/dailyai.com\/about\/code-of-ethics\/"},"wordCount":810,"publisher":{"@id":"https:\/\/dailyai.com\/#organization"},"inLanguage":"de"},{"@type":"WebPage","@id":"https:\/\/dailyai.com\/about\/code-of-ethics\/","url":"https:\/\/dailyai.com\/about\/code-of-ethics\/","name":"Ehrenkodex | DailyAI","isPartOf":{"@id":"https:\/\/dailyai.com\/#website"},"datePublished":"2024-05-27T21:18:42+00:00","breadcrumb":{"@id":"https:\/\/dailyai.com\/about\/code-of-ethics\/#breadcrumb"},"inLanguage":"de","potentialAction":[{"@type":"ReadAction","target":["https:\/\/dailyai.com\/about\/code-of-ethics\/"]}]},{"@type":"BreadcrumbList","@id":"https:\/\/dailyai.com\/about\/code-of-ethics\/#breadcrumb","itemListElement":[{"@type":"ListItem","position":1,"name":"Home","item":"https:\/\/dailyai.com\/"},{"@type":"ListItem","position":2,"name":"About","item":"https:\/\/dailyai.com\/about\/"},{"@type":"ListItem","position":3,"name":"Code of Ethics"}]},{"@type":"WebSite","@id":"https:\/\/dailyai.com\/#website","url":"https:\/\/dailyai.com\/","name":"DailyAI","description":"Ihre t\u00e4gliche Dosis an AI-Nachrichten","publisher":{"@id":"https:\/\/dailyai.com\/#organization"},"potentialAction":[{"@type":"SearchAction","target":{"@type":"EntryPoint","urlTemplate":"https:\/\/dailyai.com\/?s={search_term_string}"},"query-input":{"@type":"PropertyValueSpecification","valueRequired":true,"valueName":"search_term_string"}}],"inLanguage":"de"},{"@type":"Organization","@id":"https:\/\/dailyai.com\/#organization","name":"DailyAI","url":"https:\/\/dailyai.com\/","logo":{"@type":"ImageObject","inLanguage":"de","@id":"https:\/\/dailyai.com\/#\/schema\/logo\/image\/","url":"https:\/\/dailyai.com\/wp-content\/uploads\/2023\/06\/Daily-Ai_TL_colour.png","contentUrl":"https:\/\/dailyai.com\/wp-content\/uploads\/2023\/06\/Daily-Ai_TL_colour.png","width":4501,"height":934,"caption":"DailyAI"},"image":{"@id":"https:\/\/dailyai.com\/#\/schema\/logo\/image\/"},"sameAs":["https:\/\/x.com\/DailyAIOfficial","https:\/\/www.linkedin.com\/company\/dailyaiofficial\/","https:\/\/www.youtube.com\/@DailyAIOfficial"]},{"@type":"Person","@id":"https:\/\/dailyai.com\/#\/schema\/person\/5238bb16667080993f51f7fba82ad6c6","name":"DailyAI","image":{"@type":"ImageObject","inLanguage":"de","@id":"https:\/\/secure.gravatar.com\/avatar\/c6af4019f5ca26871821f9d810a73765e1e0ff69f4f973af5fe81683959b2a2c?s=96&d=robohash&r=g","url":"https:\/\/secure.gravatar.com\/avatar\/c6af4019f5ca26871821f9d810a73765e1e0ff69f4f973af5fe81683959b2a2c?s=96&d=robohash&r=g","contentUrl":"https:\/\/secure.gravatar.com\/avatar\/c6af4019f5ca26871821f9d810a73765e1e0ff69f4f973af5fe81683959b2a2c?s=96&d=robohash&r=g","caption":"DailyAI"},"description":"Ihre erste Anlaufstelle f\u00fcr alles, was mit KI zu tun hat. Wir haben es uns zur Aufgabe gemacht, leicht verst\u00e4ndliche und zug\u00e4ngliche Nachrichten, Updates, Rezensionen und Features \u00fcber die sich st\u00e4ndig weiterentwickelnde KI-Branche bereitzustellen. Bleiben Sie auf dem Laufenden, wenn wir die neuesten Fortschritte, Durchbr\u00fcche und Trends in der Welt der KI aufdecken.","sameAs":["https:\/\/dailyai.com"],"url":"https:\/\/dailyai.com\/de\/author\/atech\/"}]}},"_links":{"self":[{"href":"https:\/\/dailyai.com\/de\/wp-json\/wp\/v2\/pages\/12597","targetHints":{"allow":["GET"]}}],"collection":[{"href":"https:\/\/dailyai.com\/de\/wp-json\/wp\/v2\/pages"}],"about":[{"href":"https:\/\/dailyai.com\/de\/wp-json\/wp\/v2\/types\/page"}],"author":[{"embeddable":true,"href":"https:\/\/dailyai.com\/de\/wp-json\/wp\/v2\/users\/1"}],"replies":[{"embeddable":true,"href":"https:\/\/dailyai.com\/de\/wp-json\/wp\/v2\/comments?post=12597"}],"version-history":[{"count":2,"href":"https:\/\/dailyai.com\/de\/wp-json\/wp\/v2\/pages\/12597\/revisions"}],"predecessor-version":[{"id":12599,"href":"https:\/\/dailyai.com\/de\/wp-json\/wp\/v2\/pages\/12597\/revisions\/12599"}],"up":[{"embeddable":true,"href":"https:\/\/dailyai.com\/de\/wp-json\/wp\/v2\/pages\/207"}],"wp:attachment":[{"href":"https:\/\/dailyai.com\/de\/wp-json\/wp\/v2\/media?parent=12597"}],"curies":[{"name":"wp","href":"https:\/\/api.w.org\/{rel}","templated":true}]}}