{"id":12465,"date":"2024-05-27T21:18:26","date_gmt":"2024-05-27T21:18:26","guid":{"rendered":"https:\/\/dailyai.com\/?page_id=12465"},"modified":"2024-05-27T21:18:26","modified_gmt":"2024-05-27T21:18:26","slug":"editorial-policy","status":"publish","type":"page","link":"https:\/\/dailyai.com\/de\/about\/editorial-policy\/","title":{"rendered":"Redaktionelle Politik"},"content":{"rendered":"<p>Zuletzt aktualisiert: 21\/05\/2024<\/p>\n<p>&nbsp;<\/p>\n<h3 style=\"font-size: 1em;\">Die Redaktionspolitik von DailyAI gilt f\u00fcr alle unsere Inhalte.<\/h2>\n<ol>\n<li style=\"font-weight: 400;\" aria-level=\"1\"><span style=\"font-weight: 400;\">Objektive Berichterstattung: Unsere Nachrichten-Website hat sich verpflichtet, objektiv, genau und unparteiisch \u00fcber Technologien der k\u00fcnstlichen Intelligenz (KI) und deren Auswirkungen zu berichten. Wir bem\u00fchen uns um eine faire und ausgewogene Darstellung der Informationen und vermeiden Sensationslust und Voreingenommenheit.<\/span><\/li>\n<li style=\"font-weight: 400;\" aria-level=\"1\"><span style=\"font-weight: 400;\">Transparenz: Wir legen Wert auf Transparenz in unserer Berichterstattung. Wir legen die Informationsquellen offen, stellen den Kontext komplexer Themen dar und unterscheiden klar zwischen sachlicher Berichterstattung und Meinungsbeitr\u00e4gen. Wenn wir Fehler feststellen, werden diese umgehend korrigiert und aktualisiert.<\/span><\/li>\n<li style=\"font-weight: 400;\" aria-level=\"1\"><span style=\"font-weight: 400;\">Ethische Erw\u00e4gungen: Wir erkennen die ethischen Implikationen von KI-Technologien und ihre potenziellen gesellschaftlichen Auswirkungen an. Unsere Berichterstattung ber\u00fccksichtigt Themen wie Datenschutz, algorithmische Verzerrungen, Automatisierung von Arbeitspl\u00e4tzen und ethische KI-Entwicklung. Wir m\u00f6chten informierte Diskussionen zu diesen Themen f\u00f6rdern und gleichzeitig ethische Standards in unserer eigenen Praxis einhalten.<\/span><\/li>\n<li style=\"font-weight: 400;\" aria-level=\"1\"><span style=\"font-weight: 400;\">Experten-Analyse: Wir konsultieren Experten auf dem Gebiet der k\u00fcnstlichen Intelligenz, darunter Forscher, Akademiker, Branchenexperten und Ethiker, um fundierte Analysen und Einblicke in KI-bezogene Entwicklungen zu geben. Wir bem\u00fchen uns, verschiedene Perspektiven und Meinungen zu pr\u00e4sentieren, um unsere Berichterstattung zu bereichern.<\/span><\/li>\n<li style=\"font-weight: 400;\" aria-level=\"1\"><span style=\"font-weight: 400;\">Lehrreiche Inhalte: Zus\u00e4tzlich zur Nachrichtenberichterstattung bieten wir Bildungsinhalte an, die unserem Publikum helfen, KI-Konzepte, Terminologie und Anwendungen zu verstehen. Dazu geh\u00f6ren erkl\u00e4rende Artikel, Leitf\u00e4den und Interviews mit Experten, um komplexe Themen zu entmystifizieren und die digitale Kompetenz zu f\u00f6rdern.<\/span><\/li>\n<li style=\"font-weight: 400;\" aria-level=\"1\"><span style=\"font-weight: 400;\">Innovation und Auswirkungen: Wir beleuchten Innovationen in der KI-Forschung, -Entwicklung und -Implementierung in verschiedenen Sektoren, darunter Gesundheitswesen, Finanzen, Verkehr und Bildung. Unsere Berichterstattung konzentriert sich auf die potenziellen positiven Auswirkungen von KI-Technologien, wobei wir auch potenzielle Risiken und Herausforderungen anerkennen und kritisch untersuchen.<\/span><\/li>\n<li style=\"font-weight: 400;\" aria-level=\"1\"><span style=\"font-weight: 400;\">Globale Perspektive: Wir berichten \u00fcber KI-bezogene Nachrichten und Entwicklungen aus einer globalen Perspektive und erkennen die vielf\u00e4ltigen Anwendungen und Auswirkungen von KI-Technologien in verschiedenen Regionen und Kulturen an. Wir bem\u00fchen uns, kulturelle Vorurteile zu vermeiden und sicherzustellen, dass unsere Berichterstattung f\u00fcr ein weltweites Publikum relevant und zug\u00e4nglich ist.<\/span><\/li>\n<li style=\"font-weight: 400;\" aria-level=\"1\"><span style=\"font-weight: 400;\">Engagement der Gemeinschaft: Wir f\u00f6rdern das Engagement der Community und den Dialog \u00fcber KI-Themen durch Kommentarbereiche, Social-Media-Kan\u00e4le und interaktive Funktionen. Wir sch\u00e4tzen das Feedback unseres Publikums und versuchen aktiv, ihre Perspektiven und Bedenken in unsere Berichterstattung einzubeziehen.<\/span><\/li>\n<li style=\"font-weight: 400;\" aria-level=\"1\"><span style=\"font-weight: 400;\">Redaktionelle Unabh\u00e4ngigkeit: Unser Redaktionsteam arbeitet unabh\u00e4ngig und eigenst\u00e4ndig, frei von unzul\u00e4ssiger Beeinflussung oder Voreingenommenheit durch Werbekunden, Sponsoren oder externe Interessengruppen. Wir behalten die redaktionelle Kontrolle \u00fcber inhaltliche Entscheidungen, um die Integrit\u00e4t und Glaubw\u00fcrdigkeit unserer Berichterstattung zu gew\u00e4hrleisten.<\/span><\/li>\n<li style=\"font-weight: 400;\" aria-level=\"1\"><span style=\"font-weight: 400;\">Kontinuierliche Verbesserung: Wir verpflichten uns zur kontinuierlichen Verbesserung unserer redaktionellen Praktiken und Standards. Wir \u00fcberpr\u00fcfen und bewerten regelm\u00e4\u00dfig unsere Berichterstattung, Richtlinien und Verfahren, um die h\u00f6chsten Standards journalistischer Integrit\u00e4t und Professionalit\u00e4t in unserer Berichterstattung \u00fcber k\u00fcnstliche Intelligenz aufrechtzuerhalten.<\/span><\/li>\n<\/ol>\n<p><span style=\"font-weight: 400;\">Durch die Einhaltung dieser redaktionellen Richtlinien m\u00f6chten wir unserem Publikum zuverl\u00e4ssige, aufschlussreiche und zum Nachdenken anregende Berichte \u00fcber k\u00fcnstliche Intelligenz bieten, die informieren, aufkl\u00e4ren und den Einzelnen bef\u00e4higen, sich in der Komplexit\u00e4t dieses sich schnell entwickelnden Bereichs zurechtzufinden.<\/span><\/p>\n<p><b>Wie kann ich die Redaktion kontaktieren?<\/b><\/p>\n<p><span style=\"font-weight: 400;\">Wenn Sie weitere Fragen zu unserem Redaktionsprozess oder andere Fragen an das Team haben, dann wenden Sie sich bitte an <\/span><a href=\"\/de\/contact\/\"><span style=\"font-weight: 400;\">kontaktieren Sie uns<\/span><\/a><span style=\"font-weight: 400;\"> und wir werden uns so schnell wie m\u00f6glich bei Ihnen melden.<\/span><\/p>\n<p>&nbsp;<\/p>","protected":false},"excerpt":{"rendered":"<p>Zuletzt aktualisiert: 21\/05\/2024 Die Redaktionspolitik von DailyAI gilt f\u00fcr alle unsere Inhalte. Objektive Berichterstattung: Unsere Nachrichten-Website verpflichtet sich zu einer objektiven, genauen und unparteiischen Berichterstattung \u00fcber Technologien der k\u00fcnstlichen Intelligenz (KI) und deren Auswirkungen. Wir bem\u00fchen uns um eine faire und ausgewogene Darstellung von Informationen und vermeiden Sensationslust und Voreingenommenheit. Transparenz: Wir legen Wert auf Transparenz in unserer Berichterstattung. Wir legen die Informationsquellen offen, stellen den Kontext komplexer Themen dar und unterscheiden klar zwischen sachlicher Berichterstattung und Meinungsbeitr\u00e4gen. Wenn wir Fehler feststellen, werden diese umgehend korrigiert und aktualisiert. Ethische Erw\u00e4gungen: Wir erkennen die ethischen Implikationen von KI-Technologien an und<\/p>","protected":false},"author":1,"featured_media":0,"parent":207,"menu_order":0,"comment_status":"closed","ping_status":"closed","template":"","meta":{"footnotes":""},"class_list":["post-12465","page","type-page","status-publish","hentry"],"yoast_head":"<!-- This site is optimized with the Yoast SEO plugin v27.3 - https:\/\/yoast.com\/product\/yoast-seo-wordpress\/ -->\n<title>Editorial Policy | DailyAI<\/title>\n<meta name=\"robots\" content=\"index, follow, max-snippet:-1, max-image-preview:large, max-video-preview:-1\" \/>\n<link rel=\"canonical\" href=\"https:\/\/dailyai.com\/de\/about\/editorial-policy\/\" \/>\n<meta property=\"og:locale\" content=\"de_DE\" \/>\n<meta property=\"og:type\" content=\"article\" \/>\n<meta property=\"og:title\" content=\"Editorial Policy | DailyAI\" \/>\n<meta property=\"og:description\" content=\"Last updated: 21\/05\/2024 &nbsp; The Editorial Policy of DailyAI applies to all of our content. Objective Reporting: Our news website is committed to providing objective, accurate, and impartial reporting on artificial intelligence (AI) technologies and their impacts. We strive to present information in a fair and balanced manner, avoiding sensationalism or bias. Transparency: We prioritize transparency in our reporting process. We disclose sources of information, provide context for complex topics, and clearly differentiate between factual reporting and opinion pieces. Corrections and updates are promptly issued when errors are identified. Ethical Considerations: We recognize the ethical implications of AI technologies and\" \/>\n<meta property=\"og:url\" content=\"https:\/\/dailyai.com\/de\/about\/editorial-policy\/\" \/>\n<meta property=\"og:site_name\" content=\"DailyAI\" \/>\n<meta name=\"twitter:card\" content=\"summary_large_image\" \/>\n<meta name=\"twitter:site\" content=\"@DailyAIOfficial\" \/>\n<meta name=\"twitter:label1\" content=\"Gesch\u00e4tzte Lesezeit\" \/>\n\t<meta name=\"twitter:data1\" content=\"3\u00a0Minuten\" \/>\n<script type=\"application\/ld+json\" class=\"yoast-schema-graph\">{\"@context\":\"https:\\\/\\\/schema.org\",\"@graph\":[{\"@type\":\"Article\",\"@id\":\"https:\\\/\\\/dailyai.com\\\/about\\\/editorial-policy\\\/#article\",\"isPartOf\":{\"@id\":\"https:\\\/\\\/dailyai.com\\\/about\\\/editorial-policy\\\/\"},\"author\":{\"name\":\"DailyAI\",\"@id\":\"https:\\\/\\\/dailyai.com\\\/#\\\/schema\\\/person\\\/5238bb16667080993f51f7fba82ad6c6\"},\"headline\":\"Editorial Policy\",\"datePublished\":\"2024-05-27T21:18:26+00:00\",\"mainEntityOfPage\":{\"@id\":\"https:\\\/\\\/dailyai.com\\\/about\\\/editorial-policy\\\/\"},\"wordCount\":497,\"publisher\":{\"@id\":\"https:\\\/\\\/dailyai.com\\\/#organization\"},\"inLanguage\":\"de\"},{\"@type\":\"WebPage\",\"@id\":\"https:\\\/\\\/dailyai.com\\\/about\\\/editorial-policy\\\/\",\"url\":\"https:\\\/\\\/dailyai.com\\\/about\\\/editorial-policy\\\/\",\"name\":\"Editorial Policy | DailyAI\",\"isPartOf\":{\"@id\":\"https:\\\/\\\/dailyai.com\\\/#website\"},\"datePublished\":\"2024-05-27T21:18:26+00:00\",\"breadcrumb\":{\"@id\":\"https:\\\/\\\/dailyai.com\\\/about\\\/editorial-policy\\\/#breadcrumb\"},\"inLanguage\":\"de\",\"potentialAction\":[{\"@type\":\"ReadAction\",\"target\":[\"https:\\\/\\\/dailyai.com\\\/about\\\/editorial-policy\\\/\"]}]},{\"@type\":\"BreadcrumbList\",\"@id\":\"https:\\\/\\\/dailyai.com\\\/about\\\/editorial-policy\\\/#breadcrumb\",\"itemListElement\":[{\"@type\":\"ListItem\",\"position\":1,\"name\":\"Home\",\"item\":\"https:\\\/\\\/dailyai.com\\\/\"},{\"@type\":\"ListItem\",\"position\":2,\"name\":\"About\",\"item\":\"https:\\\/\\\/dailyai.com\\\/about\\\/\"},{\"@type\":\"ListItem\",\"position\":3,\"name\":\"Editorial Policy\"}]},{\"@type\":\"WebSite\",\"@id\":\"https:\\\/\\\/dailyai.com\\\/#website\",\"url\":\"https:\\\/\\\/dailyai.com\\\/\",\"name\":\"DailyAI\",\"description\":\"Your Daily Dose of AI News\",\"publisher\":{\"@id\":\"https:\\\/\\\/dailyai.com\\\/#organization\"},\"potentialAction\":[{\"@type\":\"SearchAction\",\"target\":{\"@type\":\"EntryPoint\",\"urlTemplate\":\"https:\\\/\\\/dailyai.com\\\/?s={search_term_string}\"},\"query-input\":{\"@type\":\"PropertyValueSpecification\",\"valueRequired\":true,\"valueName\":\"search_term_string\"}}],\"inLanguage\":\"de\"},{\"@type\":\"Organization\",\"@id\":\"https:\\\/\\\/dailyai.com\\\/#organization\",\"name\":\"DailyAI\",\"url\":\"https:\\\/\\\/dailyai.com\\\/\",\"logo\":{\"@type\":\"ImageObject\",\"inLanguage\":\"de\",\"@id\":\"https:\\\/\\\/dailyai.com\\\/#\\\/schema\\\/logo\\\/image\\\/\",\"url\":\"https:\\\/\\\/dailyai.com\\\/wp-content\\\/uploads\\\/2023\\\/06\\\/Daily-Ai_TL_colour.png\",\"contentUrl\":\"https:\\\/\\\/dailyai.com\\\/wp-content\\\/uploads\\\/2023\\\/06\\\/Daily-Ai_TL_colour.png\",\"width\":4501,\"height\":934,\"caption\":\"DailyAI\"},\"image\":{\"@id\":\"https:\\\/\\\/dailyai.com\\\/#\\\/schema\\\/logo\\\/image\\\/\"},\"sameAs\":[\"https:\\\/\\\/x.com\\\/DailyAIOfficial\",\"https:\\\/\\\/www.linkedin.com\\\/company\\\/dailyaiofficial\\\/\",\"https:\\\/\\\/www.youtube.com\\\/@DailyAIOfficial\"]},{\"@type\":\"Person\",\"@id\":\"https:\\\/\\\/dailyai.com\\\/#\\\/schema\\\/person\\\/5238bb16667080993f51f7fba82ad6c6\",\"name\":\"DailyAI\",\"image\":{\"@type\":\"ImageObject\",\"inLanguage\":\"de\",\"@id\":\"https:\\\/\\\/secure.gravatar.com\\\/avatar\\\/c6af4019f5ca26871821f9d810a73765e1e0ff69f4f973af5fe81683959b2a2c?s=96&d=robohash&r=g\",\"url\":\"https:\\\/\\\/secure.gravatar.com\\\/avatar\\\/c6af4019f5ca26871821f9d810a73765e1e0ff69f4f973af5fe81683959b2a2c?s=96&d=robohash&r=g\",\"contentUrl\":\"https:\\\/\\\/secure.gravatar.com\\\/avatar\\\/c6af4019f5ca26871821f9d810a73765e1e0ff69f4f973af5fe81683959b2a2c?s=96&d=robohash&r=g\",\"caption\":\"DailyAI\"},\"description\":\"Your go-to destination for all things AI. We are dedicated to providing easy to understand and accessible news, updates, reviews, and features on the ever-evolving AI industry. Stay informed as we unravel the latest advancements, breakthroughs, and trends shaping the world of AI.\",\"sameAs\":[\"https:\\\/\\\/dailyai.com\"],\"url\":\"https:\\\/\\\/dailyai.com\\\/de\\\/author\\\/atech\\\/\"}]}<\/script>\n<!-- \/ Yoast SEO plugin. -->","yoast_head_json":{"title":"Redaktionspolitik | DailyAI","robots":{"index":"index","follow":"follow","max-snippet":"max-snippet:-1","max-image-preview":"max-image-preview:large","max-video-preview":"max-video-preview:-1"},"canonical":"https:\/\/dailyai.com\/de\/about\/editorial-policy\/","og_locale":"de_DE","og_type":"article","og_title":"Editorial Policy | DailyAI","og_description":"Last updated: 21\/05\/2024 &nbsp; The Editorial Policy of DailyAI applies to all of our content. Objective Reporting: Our news website is committed to providing objective, accurate, and impartial reporting on artificial intelligence (AI) technologies and their impacts. We strive to present information in a fair and balanced manner, avoiding sensationalism or bias. Transparency: We prioritize transparency in our reporting process. We disclose sources of information, provide context for complex topics, and clearly differentiate between factual reporting and opinion pieces. Corrections and updates are promptly issued when errors are identified. Ethical Considerations: We recognize the ethical implications of AI technologies and","og_url":"https:\/\/dailyai.com\/de\/about\/editorial-policy\/","og_site_name":"DailyAI","twitter_card":"summary_large_image","twitter_site":"@DailyAIOfficial","twitter_misc":{"Gesch\u00e4tzte Lesezeit":"3\u00a0Minuten"},"schema":{"@context":"https:\/\/schema.org","@graph":[{"@type":"Article","@id":"https:\/\/dailyai.com\/about\/editorial-policy\/#article","isPartOf":{"@id":"https:\/\/dailyai.com\/about\/editorial-policy\/"},"author":{"name":"DailyAI","@id":"https:\/\/dailyai.com\/#\/schema\/person\/5238bb16667080993f51f7fba82ad6c6"},"headline":"Editorial Policy","datePublished":"2024-05-27T21:18:26+00:00","mainEntityOfPage":{"@id":"https:\/\/dailyai.com\/about\/editorial-policy\/"},"wordCount":497,"publisher":{"@id":"https:\/\/dailyai.com\/#organization"},"inLanguage":"de"},{"@type":"WebPage","@id":"https:\/\/dailyai.com\/about\/editorial-policy\/","url":"https:\/\/dailyai.com\/about\/editorial-policy\/","name":"Redaktionspolitik | DailyAI","isPartOf":{"@id":"https:\/\/dailyai.com\/#website"},"datePublished":"2024-05-27T21:18:26+00:00","breadcrumb":{"@id":"https:\/\/dailyai.com\/about\/editorial-policy\/#breadcrumb"},"inLanguage":"de","potentialAction":[{"@type":"ReadAction","target":["https:\/\/dailyai.com\/about\/editorial-policy\/"]}]},{"@type":"BreadcrumbList","@id":"https:\/\/dailyai.com\/about\/editorial-policy\/#breadcrumb","itemListElement":[{"@type":"ListItem","position":1,"name":"Home","item":"https:\/\/dailyai.com\/"},{"@type":"ListItem","position":2,"name":"About","item":"https:\/\/dailyai.com\/about\/"},{"@type":"ListItem","position":3,"name":"Editorial Policy"}]},{"@type":"WebSite","@id":"https:\/\/dailyai.com\/#website","url":"https:\/\/dailyai.com\/","name":"DailyAI","description":"Ihre t\u00e4gliche Dosis an AI-Nachrichten","publisher":{"@id":"https:\/\/dailyai.com\/#organization"},"potentialAction":[{"@type":"SearchAction","target":{"@type":"EntryPoint","urlTemplate":"https:\/\/dailyai.com\/?s={search_term_string}"},"query-input":{"@type":"PropertyValueSpecification","valueRequired":true,"valueName":"search_term_string"}}],"inLanguage":"de"},{"@type":"Organization","@id":"https:\/\/dailyai.com\/#organization","name":"DailyAI","url":"https:\/\/dailyai.com\/","logo":{"@type":"ImageObject","inLanguage":"de","@id":"https:\/\/dailyai.com\/#\/schema\/logo\/image\/","url":"https:\/\/dailyai.com\/wp-content\/uploads\/2023\/06\/Daily-Ai_TL_colour.png","contentUrl":"https:\/\/dailyai.com\/wp-content\/uploads\/2023\/06\/Daily-Ai_TL_colour.png","width":4501,"height":934,"caption":"DailyAI"},"image":{"@id":"https:\/\/dailyai.com\/#\/schema\/logo\/image\/"},"sameAs":["https:\/\/x.com\/DailyAIOfficial","https:\/\/www.linkedin.com\/company\/dailyaiofficial\/","https:\/\/www.youtube.com\/@DailyAIOfficial"]},{"@type":"Person","@id":"https:\/\/dailyai.com\/#\/schema\/person\/5238bb16667080993f51f7fba82ad6c6","name":"DailyAI","image":{"@type":"ImageObject","inLanguage":"de","@id":"https:\/\/secure.gravatar.com\/avatar\/c6af4019f5ca26871821f9d810a73765e1e0ff69f4f973af5fe81683959b2a2c?s=96&d=robohash&r=g","url":"https:\/\/secure.gravatar.com\/avatar\/c6af4019f5ca26871821f9d810a73765e1e0ff69f4f973af5fe81683959b2a2c?s=96&d=robohash&r=g","contentUrl":"https:\/\/secure.gravatar.com\/avatar\/c6af4019f5ca26871821f9d810a73765e1e0ff69f4f973af5fe81683959b2a2c?s=96&d=robohash&r=g","caption":"DailyAI"},"description":"Ihre erste Anlaufstelle f\u00fcr alles, was mit KI zu tun hat. Wir haben es uns zur Aufgabe gemacht, leicht verst\u00e4ndliche und zug\u00e4ngliche Nachrichten, Updates, Rezensionen und Features \u00fcber die sich st\u00e4ndig weiterentwickelnde KI-Branche bereitzustellen. Bleiben Sie auf dem Laufenden, wenn wir die neuesten Fortschritte, Durchbr\u00fcche und Trends in der Welt der KI aufdecken.","sameAs":["https:\/\/dailyai.com"],"url":"https:\/\/dailyai.com\/de\/author\/atech\/"}]}},"_links":{"self":[{"href":"https:\/\/dailyai.com\/de\/wp-json\/wp\/v2\/pages\/12465","targetHints":{"allow":["GET"]}}],"collection":[{"href":"https:\/\/dailyai.com\/de\/wp-json\/wp\/v2\/pages"}],"about":[{"href":"https:\/\/dailyai.com\/de\/wp-json\/wp\/v2\/types\/page"}],"author":[{"embeddable":true,"href":"https:\/\/dailyai.com\/de\/wp-json\/wp\/v2\/users\/1"}],"replies":[{"embeddable":true,"href":"https:\/\/dailyai.com\/de\/wp-json\/wp\/v2\/comments?post=12465"}],"version-history":[{"count":3,"href":"https:\/\/dailyai.com\/de\/wp-json\/wp\/v2\/pages\/12465\/revisions"}],"predecessor-version":[{"id":12468,"href":"https:\/\/dailyai.com\/de\/wp-json\/wp\/v2\/pages\/12465\/revisions\/12468"}],"up":[{"embeddable":true,"href":"https:\/\/dailyai.com\/de\/wp-json\/wp\/v2\/pages\/207"}],"wp:attachment":[{"href":"https:\/\/dailyai.com\/de\/wp-json\/wp\/v2\/media?parent=12465"}],"curies":[{"name":"wp","href":"https:\/\/api.w.org\/{rel}","templated":true}]}}