{"id":208,"date":"2019-01-14T14:31:38","date_gmt":"2019-01-14T14:31:38","guid":{"rendered":"https:\/\/theissue.fuelthemes.net\/issue-18\/?page_id=208"},"modified":"2024-05-30T00:33:08","modified_gmt":"2024-05-30T00:33:08","slug":"contact","status":"publish","type":"page","link":"https:\/\/dailyai.com\/da\/contact\/","title":{"rendered":"Kontakt"},"content":{"rendered":"<div class=\"dai_pgConfer\">\n<p class=\"dai_contact\"><b>DailyAI<\/b> drives af <b>Intelliquence Ltd.<\/p>\n<p><\/b> <\/p>\n<p class=\"dai_contact\"><a href=\"https:\/\/www.google.com\/maps\/place\/34-37+Liverpool+St,+London+EC2M+7PP\/data=!4m2!3m1!1s0x48761cb28363855d:0xc200cc4856a95a7f?sa=X&#038;ved=1t:242&#038;ictx=111\">Vores adresse er 34-37 Liverpool Street, London, EC2M 7PP.<\/a><\/p>\n<p class=\"dai_contact\">For generelle foresp\u00f8rgsler, send os en e-mail p\u00e5 <a href=\"mailto:contact@dailyai.com\" style=\"font-weight: bold;\">contact@dailyai.com<\/a>.<br \/>\nFor anmodninger om mediekit og partnerskabsmuligheder, send os en e-mail p\u00e5 <a href=\"mailto:partnerships@dailyai.com\" style=\"font-weight: bold;\">partnerships@dailyai.com<\/a>.<br \/>\nHvis du har tilmeldt dig vores nyhedsbrev og ikke modtager det, skal du tjekke dit spamfilter og din whitelist. <a href=\"mailto:newsletter@dailyai.com\" style=\"font-weight: bold;\">newsletter@dailyai.com<\/a> for at sikre, at vores opdateringer n\u00e5r din indbakke.<\/p>\n<p class=\"dai_contact\"><b>Skriv til os:<\/b><br \/>\n<b>DailyAI<\/b> drives med stolthed af <b>Intelliquence Ltd.<\/b><br \/>\nVores kontor er placeret p\u00e5:<br \/>\n<a href=\"https:\/\/www.google.com\/maps\/place\/34-37+Liverpool+St,+London+EC2M+7PP\/data=!4m2!3m1!1s0x48761cb28363855d:0xc200cc4856a95a7f?sa=X&#038;ved=1t:242&#038;ictx=111\">Liverpool Street 34-37,<br \/>\nLondon, EC2M 7PP.<\/a><br \/>\nHold kontakten med DailyAI for at f\u00e5 de seneste opdateringer inden for kunstig intelligens.\n<\/p>\n\n<div class=\"wpcf7 no-js\" id=\"wpcf7-f11704-o1\" lang=\"en-US\" dir=\"ltr\" data-wpcf7-id=\"11704\">\n<div class=\"screen-reader-response\"><p role=\"status\" aria-live=\"polite\" aria-atomic=\"true\"><\/p> <ul><\/ul><\/div>\n<form action=\"\/da\/wp-json\/wp\/v2\/pages\/208#wpcf7-f11704-o1\" method=\"post\" class=\"wpcf7-form init\" aria-label=\"Kontaktformular\" novalidate=\"novalidate\" data-status=\"init\" data-trp-original-action=\"\/da\/wp-json\/wp\/v2\/pages\/208#wpcf7-f11704-o1\">\n<fieldset class=\"hidden-fields-container\"><input type=\"hidden\" name=\"_wpcf7\" value=\"11704\" \/><input type=\"hidden\" name=\"_wpcf7_version\" value=\"6.1.5\" \/><input type=\"hidden\" name=\"_wpcf7_locale\" value=\"en_US\" \/><input type=\"hidden\" name=\"_wpcf7_unit_tag\" value=\"wpcf7-f11704-o1\" \/><input type=\"hidden\" name=\"_wpcf7_container_post\" value=\"0\" \/><input type=\"hidden\" name=\"_wpcf7_posted_data_hash\" value=\"\" \/>\n<\/fieldset>\n<p><label> Navn<br \/>\n<span class=\"wpcf7-form-control-wrap\" data-name=\"your-name\"><input size=\"40\" maxlength=\"400\" class=\"wpcf7-form-control wpcf7-text wpcf7-validates-as-required\" autocomplete=\"name\" aria-required=\"true\" aria-invalid=\"false\" value=\"\" type=\"text\" name=\"your-name\" \/><\/span> <\/label>\n<\/p>\n<p><label> E-mail<br \/>\n<span class=\"wpcf7-form-control-wrap\" data-name=\"your-email\"><input size=\"40\" maxlength=\"400\" class=\"wpcf7-form-control wpcf7-email wpcf7-validates-as-required wpcf7-text wpcf7-validates-as-email\" autocomplete=\"email\" aria-required=\"true\" aria-invalid=\"false\" value=\"\" type=\"email\" name=\"your-email\" \/><\/span> <\/label>\n<\/p>\n<p><label> Emne<br \/>\n<span class=\"wpcf7-form-control-wrap\" data-name=\"your-subject\"><input size=\"40\" maxlength=\"400\" class=\"wpcf7-form-control wpcf7-text wpcf7-validates-as-required\" aria-required=\"true\" aria-invalid=\"false\" value=\"\" type=\"text\" name=\"your-subject\" \/><\/span> <\/label>\n<\/p>\n<p><label> Besked<br \/>\n<span class=\"wpcf7-form-control-wrap\" data-name=\"your-message\"><textarea cols=\"40\" rows=\"10\" maxlength=\"2000\" class=\"wpcf7-form-control wpcf7-textarea wpcf7-validates-as-required\" aria-required=\"true\" aria-invalid=\"false\" name=\"your-message\"><\/textarea><\/span> <\/label>\n<\/p>\n<p><input class=\"wpcf7-form-control wpcf7-submit has-spinner\" type=\"submit\" value=\"Indsend\" \/>\n<\/p><div class=\"wpcf7-response-output\" aria-hidden=\"true\"><\/div>\n<input type=\"hidden\" name=\"trp-form-language\" value=\"da\"\/><\/form>\n<\/div>\n\n<\/div>","protected":false},"excerpt":{"rendered":"<p>DailyAI drives af Intelliquence Ltd. Vores adresse er 34-37 Liverpool Street, London, EC2M 7PP. For generelle foresp\u00f8rgsler, send os en e-mail p\u00e5 contact@dailyai.com. For anmodninger om mediekit og partnerskabsmuligheder, send os en e-mail p\u00e5 partnerships@dailyai.com. Hvis du har tilmeldt dig vores nyhedsbrev og ikke modtager det, skal du tjekke dit spamfilter og whiteliste newsletter@dailyai.com for at sikre, at vores opdateringer n\u00e5r frem til din indbakke. Skriv til os: DailyAI drives med stolthed af Intelliquence Ltd. Vores kontor ligger p\u00e5: 34-37 Liverpool Street, London, EC2M 7PP. Hold kontakten med DailyAI for at f\u00e5 de seneste opdateringer inden for kunstig intelligens.<\/p>","protected":false},"author":1,"featured_media":0,"parent":0,"menu_order":0,"comment_status":"closed","ping_status":"closed","template":"","meta":{"footnotes":""},"class_list":["post-208","page","type-page","status-publish","hentry"],"yoast_head":"<!-- This site is optimized with the Yoast SEO plugin v27.3 - https:\/\/yoast.com\/product\/yoast-seo-wordpress\/ -->\n<title>Contact | DailyAI<\/title>\n<meta name=\"robots\" content=\"index, follow, max-snippet:-1, max-image-preview:large, max-video-preview:-1\" \/>\n<link rel=\"canonical\" href=\"https:\/\/dailyai.com\/da\/contact\/\" \/>\n<meta property=\"og:locale\" content=\"da_DK\" \/>\n<meta property=\"og:type\" content=\"article\" \/>\n<meta property=\"og:title\" content=\"Contact | DailyAI\" \/>\n<meta property=\"og:description\" content=\"DailyAI is operated by Intelliquence Ltd. Our address is 34-37 Liverpool Street, London, EC2M 7PP. For general inquiries, please email us at contact@dailyai.com. For media kit requests and partnership opportunities, email us at partnerships@dailyai.com. If you\u2019ve subscribed to our newsletter and are not receiving it, please check your spam filter and whitelist newsletter@dailyai.com to ensure our updates reach your inbox. Write to Us: DailyAI is proudly operated by Intelliquence Ltd. Our office is located at: 34-37 Liverpool Street, London, EC2M 7PP. Stay connected with DailyAI for the latest updates in artificial intelligence.\" \/>\n<meta property=\"og:url\" content=\"https:\/\/dailyai.com\/da\/contact\/\" \/>\n<meta property=\"og:site_name\" content=\"DailyAI\" \/>\n<meta property=\"article:modified_time\" content=\"2024-05-30T00:33:08+00:00\" \/>\n<meta name=\"twitter:card\" content=\"summary_large_image\" \/>\n<meta name=\"twitter:site\" content=\"@DailyAIOfficial\" \/>\n<meta name=\"twitter:label1\" content=\"Estimeret l\u00e6setid\" \/>\n\t<meta name=\"twitter:data1\" content=\"1 minut\" \/>\n<script type=\"application\/ld+json\" class=\"yoast-schema-graph\">{\"@context\":\"https:\\\/\\\/schema.org\",\"@graph\":[{\"@type\":[\"WebPage\",\"ContactPage\"],\"@id\":\"https:\\\/\\\/dailyai.com\\\/contact\\\/\",\"url\":\"https:\\\/\\\/dailyai.com\\\/contact\\\/\",\"name\":\"Contact | DailyAI\",\"isPartOf\":{\"@id\":\"https:\\\/\\\/dailyai.com\\\/#website\"},\"datePublished\":\"2019-01-14T14:31:38+00:00\",\"dateModified\":\"2024-05-30T00:33:08+00:00\",\"breadcrumb\":{\"@id\":\"https:\\\/\\\/dailyai.com\\\/contact\\\/#breadcrumb\"},\"inLanguage\":\"da-DK\",\"potentialAction\":[{\"@type\":\"ReadAction\",\"target\":[\"https:\\\/\\\/dailyai.com\\\/contact\\\/\"]}]},{\"@type\":\"BreadcrumbList\",\"@id\":\"https:\\\/\\\/dailyai.com\\\/contact\\\/#breadcrumb\",\"itemListElement\":[{\"@type\":\"ListItem\",\"position\":1,\"name\":\"Home\",\"item\":\"https:\\\/\\\/dailyai.com\\\/\"},{\"@type\":\"ListItem\",\"position\":2,\"name\":\"Contact\"}]},{\"@type\":\"WebSite\",\"@id\":\"https:\\\/\\\/dailyai.com\\\/#website\",\"url\":\"https:\\\/\\\/dailyai.com\\\/\",\"name\":\"DailyAI\",\"description\":\"Your Daily Dose of AI News\",\"publisher\":{\"@id\":\"https:\\\/\\\/dailyai.com\\\/#organization\"},\"potentialAction\":[{\"@type\":\"SearchAction\",\"target\":{\"@type\":\"EntryPoint\",\"urlTemplate\":\"https:\\\/\\\/dailyai.com\\\/?s={search_term_string}\"},\"query-input\":{\"@type\":\"PropertyValueSpecification\",\"valueRequired\":true,\"valueName\":\"search_term_string\"}}],\"inLanguage\":\"da-DK\"},{\"@type\":\"Organization\",\"@id\":\"https:\\\/\\\/dailyai.com\\\/#organization\",\"name\":\"DailyAI\",\"url\":\"https:\\\/\\\/dailyai.com\\\/\",\"logo\":{\"@type\":\"ImageObject\",\"inLanguage\":\"da-DK\",\"@id\":\"https:\\\/\\\/dailyai.com\\\/#\\\/schema\\\/logo\\\/image\\\/\",\"url\":\"https:\\\/\\\/dailyai.com\\\/wp-content\\\/uploads\\\/2023\\\/06\\\/Daily-Ai_TL_colour.png\",\"contentUrl\":\"https:\\\/\\\/dailyai.com\\\/wp-content\\\/uploads\\\/2023\\\/06\\\/Daily-Ai_TL_colour.png\",\"width\":4501,\"height\":934,\"caption\":\"DailyAI\"},\"image\":{\"@id\":\"https:\\\/\\\/dailyai.com\\\/#\\\/schema\\\/logo\\\/image\\\/\"},\"sameAs\":[\"https:\\\/\\\/x.com\\\/DailyAIOfficial\",\"https:\\\/\\\/www.linkedin.com\\\/company\\\/dailyaiofficial\\\/\",\"https:\\\/\\\/www.youtube.com\\\/@DailyAIOfficial\"]}]}<\/script>\n<!-- \/ Yoast SEO plugin. -->","yoast_head_json":{"title":"Kontakt | DailyAI","robots":{"index":"index","follow":"follow","max-snippet":"max-snippet:-1","max-image-preview":"max-image-preview:large","max-video-preview":"max-video-preview:-1"},"canonical":"https:\/\/dailyai.com\/da\/contact\/","og_locale":"da_DK","og_type":"article","og_title":"Contact | DailyAI","og_description":"DailyAI is operated by Intelliquence Ltd. Our address is 34-37 Liverpool Street, London, EC2M 7PP. For general inquiries, please email us at contact@dailyai.com. For media kit requests and partnership opportunities, email us at partnerships@dailyai.com. If you\u2019ve subscribed to our newsletter and are not receiving it, please check your spam filter and whitelist newsletter@dailyai.com to ensure our updates reach your inbox. Write to Us: DailyAI is proudly operated by Intelliquence Ltd. Our office is located at: 34-37 Liverpool Street, London, EC2M 7PP. Stay connected with DailyAI for the latest updates in artificial intelligence.","og_url":"https:\/\/dailyai.com\/da\/contact\/","og_site_name":"DailyAI","article_modified_time":"2024-05-30T00:33:08+00:00","twitter_card":"summary_large_image","twitter_site":"@DailyAIOfficial","twitter_misc":{"Estimeret l\u00e6setid":"1 minut"},"schema":{"@context":"https:\/\/schema.org","@graph":[{"@type":["WebPage","ContactPage"],"@id":"https:\/\/dailyai.com\/contact\/","url":"https:\/\/dailyai.com\/contact\/","name":"Kontakt | DailyAI","isPartOf":{"@id":"https:\/\/dailyai.com\/#website"},"datePublished":"2019-01-14T14:31:38+00:00","dateModified":"2024-05-30T00:33:08+00:00","breadcrumb":{"@id":"https:\/\/dailyai.com\/contact\/#breadcrumb"},"inLanguage":"da-DK","potentialAction":[{"@type":"ReadAction","target":["https:\/\/dailyai.com\/contact\/"]}]},{"@type":"BreadcrumbList","@id":"https:\/\/dailyai.com\/contact\/#breadcrumb","itemListElement":[{"@type":"ListItem","position":1,"name":"Home","item":"https:\/\/dailyai.com\/"},{"@type":"ListItem","position":2,"name":"Contact"}]},{"@type":"WebSite","@id":"https:\/\/dailyai.com\/#website","url":"https:\/\/dailyai.com\/","name":"DailyAI","description":"Din daglige dosis af AI-nyheder","publisher":{"@id":"https:\/\/dailyai.com\/#organization"},"potentialAction":[{"@type":"SearchAction","target":{"@type":"EntryPoint","urlTemplate":"https:\/\/dailyai.com\/?s={search_term_string}"},"query-input":{"@type":"PropertyValueSpecification","valueRequired":true,"valueName":"search_term_string"}}],"inLanguage":"da-DK"},{"@type":"Organization","@id":"https:\/\/dailyai.com\/#organization","name":"DailyAI","url":"https:\/\/dailyai.com\/","logo":{"@type":"ImageObject","inLanguage":"da-DK","@id":"https:\/\/dailyai.com\/#\/schema\/logo\/image\/","url":"https:\/\/dailyai.com\/wp-content\/uploads\/2023\/06\/Daily-Ai_TL_colour.png","contentUrl":"https:\/\/dailyai.com\/wp-content\/uploads\/2023\/06\/Daily-Ai_TL_colour.png","width":4501,"height":934,"caption":"DailyAI"},"image":{"@id":"https:\/\/dailyai.com\/#\/schema\/logo\/image\/"},"sameAs":["https:\/\/x.com\/DailyAIOfficial","https:\/\/www.linkedin.com\/company\/dailyaiofficial\/","https:\/\/www.youtube.com\/@DailyAIOfficial"]}]}},"_links":{"self":[{"href":"https:\/\/dailyai.com\/da\/wp-json\/wp\/v2\/pages\/208","targetHints":{"allow":["GET"]}}],"collection":[{"href":"https:\/\/dailyai.com\/da\/wp-json\/wp\/v2\/pages"}],"about":[{"href":"https:\/\/dailyai.com\/da\/wp-json\/wp\/v2\/types\/page"}],"author":[{"embeddable":true,"href":"https:\/\/dailyai.com\/da\/wp-json\/wp\/v2\/users\/1"}],"replies":[{"embeddable":true,"href":"https:\/\/dailyai.com\/da\/wp-json\/wp\/v2\/comments?post=208"}],"version-history":[{"count":27,"href":"https:\/\/dailyai.com\/da\/wp-json\/wp\/v2\/pages\/208\/revisions"}],"predecessor-version":[{"id":12658,"href":"https:\/\/dailyai.com\/da\/wp-json\/wp\/v2\/pages\/208\/revisions\/12658"}],"wp:attachment":[{"href":"https:\/\/dailyai.com\/da\/wp-json\/wp\/v2\/media?parent=208"}],"curies":[{"name":"wp","href":"https:\/\/api.w.org\/{rel}","templated":true}]}}