{"id":12600,"date":"2024-05-27T21:18:23","date_gmt":"2024-05-27T21:18:23","guid":{"rendered":"https:\/\/dailyai.com\/?page_id=12600"},"modified":"2024-05-27T21:18:23","modified_gmt":"2024-05-27T21:18:23","slug":"careers","status":"publish","type":"page","link":"https:\/\/dailyai.com\/da\/about\/careers\/","title":{"rendered":"Karriere"},"content":{"rendered":"<h2>Karriere hos DailyAI<\/h2>\n<h3>Deltag i vores mission om at forenkle AI<\/h3>\n<p>Velkommen til DailyAI, hvor vi forenkler den komplekse verden af kunstig intelligens. Vores mission er at give klar og engagerende indsigt til alle, fra AI-nybegyndere til etablerede eksperter. Hvis du br\u00e6nder for AI og \u00f8nsker at g\u00f8re en reel forskel, inviterer vi dig til at udforske vores karrieremuligheder.<\/p>\n<h3>Hvorfor arbejde hos DailyAI?<\/h3>\n<p>Hos DailyAI tilbyder vi en unik platform til at bidrage til den hurtigt udviklende AI-industri. Vores indhold sp\u00e6nder over nyheder, aktualiteter, interviews, meninger, produktanmeldelser og biblioteker, hvilket giver vores team et holistisk syn p\u00e5 AI's landskab. Her er grunden til, at du b\u00f8r overveje at blive en del af os:<\/p>\n<ul>\n<li><strong>Innovativt milj\u00f8<\/strong>: Som et initiativ fra Intelliquence, en fremadstormende digital medievirksomhed med base i London, fremmer vi en kultur af innovation og kontinuerlig l\u00e6ring.<\/li>\n<li><strong>Ekspert-team<\/strong>: Arbejd sammen med brancheeksperter, der er dedikeret til at afkode og afmystificere AI.<\/li>\n<li><strong>Dynamisk indhold<\/strong>: V\u00e6r en del af et team, der skaber mangfoldigt og engagerende indhold, som g\u00f8r AI tilg\u00e6ngelig for alle.<\/li>\n<li><strong>Fleksibelt arbejde<\/strong>: Vi forst\u00e5r vigtigheden af balance mellem arbejdsliv og privatliv og tilbyder fleksible arbejdsordninger for at st\u00f8tte vores medarbejderes forskellige behov og livsstile.<\/li>\n<\/ul>\n<h3>Vores v\u00e6rdier<\/h3>\n<p>Hos DailyAI guider vores v\u00e6rdier os til at n\u00e5 denne mission og forme vores arbejdspladskultur. Her er nogle af vores kernev\u00e6rdier:<\/p>\n<ul>\n<li><strong>Integritet:<\/strong> Vi prioriterer sandf\u00e6rdighed og n\u00f8jagtighed i alt vores arbejde for at sikre p\u00e5lideligt og trov\u00e6rdigt indhold. Vi tror p\u00e5 at g\u00f8re det rigtige, altid.<\/li>\n<li><strong>Retf\u00e6rdighed og upartiskhed:<\/strong> Vi er forpligtet til at rapportere afbalanceret, pr\u00e6sentere forskellige perspektiver og eliminere fordomme for at opretholde en objektiv holdning.<\/li>\n<li><strong>Gennemsigtighed:<\/strong> \u00c5benhed og \u00e6rlighed er kernen i vores arbejde. Vi angiver tydeligt vores kilder og opretholder redaktionel uafh\u00e6ngighed.<\/li>\n<li><strong>Ansvarlighed:<\/strong> Vi tager ansvar for vores indhold og handlinger og s\u00f8ger aktivt feedback for at forbedre vores praksis og opretholde h\u00f8je standarder.<\/li>\n<li><strong>Respekt:<\/strong> Vi fremmer en respektfuld og inkluderende arbejdsplads, hvor forskellige synspunkter opmuntres, og alle teammedlemmer v\u00e6rds\u00e6ttes.<\/li>\n<li><strong>Inklusion og mangfoldighed:<\/strong> Vi hylder mangfoldighed og er forpligtet til at skabe lige muligheder for alle og sikre et indbydende og st\u00f8ttende milj\u00f8.<\/li>\n<\/ul>\n<p>N\u00e5r du bliver en del af DailyAI, bliver du en del af et team, der v\u00e6rds\u00e6tter integritet, respekt og innovation. Sammen g\u00f8r vi forst\u00e5elsen af AI tilg\u00e6ngelig for alle.<\/p>\n<p>For mere detaljeret information, se venligst vores <a href=\"https:\/\/chatgpt.com\/#\" target=\"_new\" rel=\"noreferrer noopener\">Etisk kodeks<\/a>.<\/p>\n<h3>Aktuelle muligheder<\/h3>\n<p>Vi er altid p\u00e5 udkig efter talentfulde personer, der deler vores passion for AI. Vores nuv\u00e6rende \u00e5bninger inkluderer:<\/p>\n<ul>\n<li><strong>AI-indholdsforfatter<\/strong>: Skab engagerende artikler, interviews og debatindl\u00e6g om det nyeste inden for AI.<\/li>\n<\/ul>\n<h3>S\u00e5dan ans\u00f8ger du<\/h3>\n<p>Hvis du er begejstret for muligheden for at arbejde sammen med os, vil vi meget gerne h\u00f8re fra dig. Send dit CV og et f\u00f8lgebrev, der beskriver din erfaring, og hvorfor du vil arbejde for DailyAI, til <a href=\"mailto:contact@dailyai.com\">contact@dailyai.com<\/a>.<\/p>","protected":false},"excerpt":{"rendered":"<p>Karriere hos DailyAI Deltag i vores mission om at forenkle AI Velkommen til DailyAI, hvor vi forenkler den komplekse verden af kunstig intelligens. Vores mission er at give klar og engagerende indsigt til alle, fra AI-nybegyndere til etablerede eksperter. Hvis du br\u00e6nder for AI og \u00f8nsker at g\u00f8re en reel forskel, inviterer vi dig til at udforske vores karrieremuligheder. Hvorfor arbejde hos DailyAI? Hos DailyAI tilbyder vi en unik platform til at bidrage til den hurtigt udviklende AI-industri. Vores indhold sp\u00e6nder over nyheder, aktualiteter, interviews, meninger, produktanmeldelser og biblioteker, hvilket giver vores team et holistisk syn p\u00e5 AI's landskab. Her er hvorfor<\/p>","protected":false},"author":1,"featured_media":0,"parent":207,"menu_order":0,"comment_status":"closed","ping_status":"closed","template":"","meta":{"footnotes":""},"class_list":["post-12600","page","type-page","status-publish","hentry"],"yoast_head":"<!-- This site is optimized with the Yoast SEO plugin v27.3 - https:\/\/yoast.com\/product\/yoast-seo-wordpress\/ -->\n<title>Careers | DailyAI<\/title>\n<meta name=\"robots\" content=\"index, follow, max-snippet:-1, max-image-preview:large, max-video-preview:-1\" \/>\n<link rel=\"canonical\" href=\"https:\/\/dailyai.com\/da\/about\/careers\/\" \/>\n<meta property=\"og:locale\" content=\"da_DK\" \/>\n<meta property=\"og:type\" content=\"article\" \/>\n<meta property=\"og:title\" content=\"Careers | DailyAI\" \/>\n<meta property=\"og:description\" content=\"Careers at DailyAI Join Our Mission to Simplify AI Welcome to DailyAI, where we simplify the complex world of Artificial Intelligence. Our mission is to provide clear, engaging insights to everyone, from AI novices to established experts. If you&#8217;re passionate about AI and want to make a real impact, we invite you to explore our career opportunities. Why Work at DailyAI? At DailyAI, we offer a unique platform to contribute to the rapidly evolving AI industry. Our content spans news, current affairs, interviews, opinions, product reviews, and prompt libraries, giving our team a holistic view of AI&#8217;s landscape. Here\u2019s why\" \/>\n<meta property=\"og:url\" content=\"https:\/\/dailyai.com\/da\/about\/careers\/\" \/>\n<meta property=\"og:site_name\" content=\"DailyAI\" \/>\n<meta name=\"twitter:card\" content=\"summary_large_image\" \/>\n<meta name=\"twitter:site\" content=\"@DailyAIOfficial\" \/>\n<meta name=\"twitter:label1\" content=\"Estimeret l\u00e6setid\" \/>\n\t<meta name=\"twitter:data1\" content=\"2 minutter\" \/>\n<script type=\"application\/ld+json\" class=\"yoast-schema-graph\">{\"@context\":\"https:\\\/\\\/schema.org\",\"@graph\":[{\"@type\":\"Article\",\"@id\":\"https:\\\/\\\/dailyai.com\\\/about\\\/careers\\\/#article\",\"isPartOf\":{\"@id\":\"https:\\\/\\\/dailyai.com\\\/about\\\/careers\\\/\"},\"author\":{\"name\":\"DailyAI\",\"@id\":\"https:\\\/\\\/dailyai.com\\\/#\\\/schema\\\/person\\\/5238bb16667080993f51f7fba82ad6c6\"},\"headline\":\"Careers\",\"datePublished\":\"2024-05-27T21:18:23+00:00\",\"mainEntityOfPage\":{\"@id\":\"https:\\\/\\\/dailyai.com\\\/about\\\/careers\\\/\"},\"wordCount\":442,\"publisher\":{\"@id\":\"https:\\\/\\\/dailyai.com\\\/#organization\"},\"inLanguage\":\"da-DK\"},{\"@type\":\"WebPage\",\"@id\":\"https:\\\/\\\/dailyai.com\\\/about\\\/careers\\\/\",\"url\":\"https:\\\/\\\/dailyai.com\\\/about\\\/careers\\\/\",\"name\":\"Careers | DailyAI\",\"isPartOf\":{\"@id\":\"https:\\\/\\\/dailyai.com\\\/#website\"},\"datePublished\":\"2024-05-27T21:18:23+00:00\",\"breadcrumb\":{\"@id\":\"https:\\\/\\\/dailyai.com\\\/about\\\/careers\\\/#breadcrumb\"},\"inLanguage\":\"da-DK\",\"potentialAction\":[{\"@type\":\"ReadAction\",\"target\":[\"https:\\\/\\\/dailyai.com\\\/about\\\/careers\\\/\"]}]},{\"@type\":\"BreadcrumbList\",\"@id\":\"https:\\\/\\\/dailyai.com\\\/about\\\/careers\\\/#breadcrumb\",\"itemListElement\":[{\"@type\":\"ListItem\",\"position\":1,\"name\":\"Home\",\"item\":\"https:\\\/\\\/dailyai.com\\\/\"},{\"@type\":\"ListItem\",\"position\":2,\"name\":\"About\",\"item\":\"https:\\\/\\\/dailyai.com\\\/about\\\/\"},{\"@type\":\"ListItem\",\"position\":3,\"name\":\"Careers\"}]},{\"@type\":\"WebSite\",\"@id\":\"https:\\\/\\\/dailyai.com\\\/#website\",\"url\":\"https:\\\/\\\/dailyai.com\\\/\",\"name\":\"DailyAI\",\"description\":\"Your Daily Dose of AI News\",\"publisher\":{\"@id\":\"https:\\\/\\\/dailyai.com\\\/#organization\"},\"potentialAction\":[{\"@type\":\"SearchAction\",\"target\":{\"@type\":\"EntryPoint\",\"urlTemplate\":\"https:\\\/\\\/dailyai.com\\\/?s={search_term_string}\"},\"query-input\":{\"@type\":\"PropertyValueSpecification\",\"valueRequired\":true,\"valueName\":\"search_term_string\"}}],\"inLanguage\":\"da-DK\"},{\"@type\":\"Organization\",\"@id\":\"https:\\\/\\\/dailyai.com\\\/#organization\",\"name\":\"DailyAI\",\"url\":\"https:\\\/\\\/dailyai.com\\\/\",\"logo\":{\"@type\":\"ImageObject\",\"inLanguage\":\"da-DK\",\"@id\":\"https:\\\/\\\/dailyai.com\\\/#\\\/schema\\\/logo\\\/image\\\/\",\"url\":\"https:\\\/\\\/dailyai.com\\\/wp-content\\\/uploads\\\/2023\\\/06\\\/Daily-Ai_TL_colour.png\",\"contentUrl\":\"https:\\\/\\\/dailyai.com\\\/wp-content\\\/uploads\\\/2023\\\/06\\\/Daily-Ai_TL_colour.png\",\"width\":4501,\"height\":934,\"caption\":\"DailyAI\"},\"image\":{\"@id\":\"https:\\\/\\\/dailyai.com\\\/#\\\/schema\\\/logo\\\/image\\\/\"},\"sameAs\":[\"https:\\\/\\\/x.com\\\/DailyAIOfficial\",\"https:\\\/\\\/www.linkedin.com\\\/company\\\/dailyaiofficial\\\/\",\"https:\\\/\\\/www.youtube.com\\\/@DailyAIOfficial\"]},{\"@type\":\"Person\",\"@id\":\"https:\\\/\\\/dailyai.com\\\/#\\\/schema\\\/person\\\/5238bb16667080993f51f7fba82ad6c6\",\"name\":\"DailyAI\",\"image\":{\"@type\":\"ImageObject\",\"inLanguage\":\"da-DK\",\"@id\":\"https:\\\/\\\/secure.gravatar.com\\\/avatar\\\/c6af4019f5ca26871821f9d810a73765e1e0ff69f4f973af5fe81683959b2a2c?s=96&d=robohash&r=g\",\"url\":\"https:\\\/\\\/secure.gravatar.com\\\/avatar\\\/c6af4019f5ca26871821f9d810a73765e1e0ff69f4f973af5fe81683959b2a2c?s=96&d=robohash&r=g\",\"contentUrl\":\"https:\\\/\\\/secure.gravatar.com\\\/avatar\\\/c6af4019f5ca26871821f9d810a73765e1e0ff69f4f973af5fe81683959b2a2c?s=96&d=robohash&r=g\",\"caption\":\"DailyAI\"},\"description\":\"Your go-to destination for all things AI. We are dedicated to providing easy to understand and accessible news, updates, reviews, and features on the ever-evolving AI industry. Stay informed as we unravel the latest advancements, breakthroughs, and trends shaping the world of AI.\",\"sameAs\":[\"https:\\\/\\\/dailyai.com\"],\"url\":\"https:\\\/\\\/dailyai.com\\\/da\\\/author\\\/atech\\\/\"}]}<\/script>\n<!-- \/ Yoast SEO plugin. -->","yoast_head_json":{"title":"Karriere | DailyAI","robots":{"index":"index","follow":"follow","max-snippet":"max-snippet:-1","max-image-preview":"max-image-preview:large","max-video-preview":"max-video-preview:-1"},"canonical":"https:\/\/dailyai.com\/da\/about\/careers\/","og_locale":"da_DK","og_type":"article","og_title":"Careers | DailyAI","og_description":"Careers at DailyAI Join Our Mission to Simplify AI Welcome to DailyAI, where we simplify the complex world of Artificial Intelligence. Our mission is to provide clear, engaging insights to everyone, from AI novices to established experts. If you&#8217;re passionate about AI and want to make a real impact, we invite you to explore our career opportunities. Why Work at DailyAI? At DailyAI, we offer a unique platform to contribute to the rapidly evolving AI industry. Our content spans news, current affairs, interviews, opinions, product reviews, and prompt libraries, giving our team a holistic view of AI&#8217;s landscape. Here\u2019s why","og_url":"https:\/\/dailyai.com\/da\/about\/careers\/","og_site_name":"DailyAI","twitter_card":"summary_large_image","twitter_site":"@DailyAIOfficial","twitter_misc":{"Estimeret l\u00e6setid":"2 minutter"},"schema":{"@context":"https:\/\/schema.org","@graph":[{"@type":"Article","@id":"https:\/\/dailyai.com\/about\/careers\/#article","isPartOf":{"@id":"https:\/\/dailyai.com\/about\/careers\/"},"author":{"name":"DailyAI","@id":"https:\/\/dailyai.com\/#\/schema\/person\/5238bb16667080993f51f7fba82ad6c6"},"headline":"Careers","datePublished":"2024-05-27T21:18:23+00:00","mainEntityOfPage":{"@id":"https:\/\/dailyai.com\/about\/careers\/"},"wordCount":442,"publisher":{"@id":"https:\/\/dailyai.com\/#organization"},"inLanguage":"da-DK"},{"@type":"WebPage","@id":"https:\/\/dailyai.com\/about\/careers\/","url":"https:\/\/dailyai.com\/about\/careers\/","name":"Karriere | DailyAI","isPartOf":{"@id":"https:\/\/dailyai.com\/#website"},"datePublished":"2024-05-27T21:18:23+00:00","breadcrumb":{"@id":"https:\/\/dailyai.com\/about\/careers\/#breadcrumb"},"inLanguage":"da-DK","potentialAction":[{"@type":"ReadAction","target":["https:\/\/dailyai.com\/about\/careers\/"]}]},{"@type":"BreadcrumbList","@id":"https:\/\/dailyai.com\/about\/careers\/#breadcrumb","itemListElement":[{"@type":"ListItem","position":1,"name":"Home","item":"https:\/\/dailyai.com\/"},{"@type":"ListItem","position":2,"name":"About","item":"https:\/\/dailyai.com\/about\/"},{"@type":"ListItem","position":3,"name":"Careers"}]},{"@type":"WebSite","@id":"https:\/\/dailyai.com\/#website","url":"https:\/\/dailyai.com\/","name":"DailyAI","description":"Din daglige dosis af AI-nyheder","publisher":{"@id":"https:\/\/dailyai.com\/#organization"},"potentialAction":[{"@type":"SearchAction","target":{"@type":"EntryPoint","urlTemplate":"https:\/\/dailyai.com\/?s={search_term_string}"},"query-input":{"@type":"PropertyValueSpecification","valueRequired":true,"valueName":"search_term_string"}}],"inLanguage":"da-DK"},{"@type":"Organization","@id":"https:\/\/dailyai.com\/#organization","name":"DailyAI","url":"https:\/\/dailyai.com\/","logo":{"@type":"ImageObject","inLanguage":"da-DK","@id":"https:\/\/dailyai.com\/#\/schema\/logo\/image\/","url":"https:\/\/dailyai.com\/wp-content\/uploads\/2023\/06\/Daily-Ai_TL_colour.png","contentUrl":"https:\/\/dailyai.com\/wp-content\/uploads\/2023\/06\/Daily-Ai_TL_colour.png","width":4501,"height":934,"caption":"DailyAI"},"image":{"@id":"https:\/\/dailyai.com\/#\/schema\/logo\/image\/"},"sameAs":["https:\/\/x.com\/DailyAIOfficial","https:\/\/www.linkedin.com\/company\/dailyaiofficial\/","https:\/\/www.youtube.com\/@DailyAIOfficial"]},{"@type":"Person","@id":"https:\/\/dailyai.com\/#\/schema\/person\/5238bb16667080993f51f7fba82ad6c6","name":"DailyAI","image":{"@type":"ImageObject","inLanguage":"da-DK","@id":"https:\/\/secure.gravatar.com\/avatar\/c6af4019f5ca26871821f9d810a73765e1e0ff69f4f973af5fe81683959b2a2c?s=96&d=robohash&r=g","url":"https:\/\/secure.gravatar.com\/avatar\/c6af4019f5ca26871821f9d810a73765e1e0ff69f4f973af5fe81683959b2a2c?s=96&d=robohash&r=g","contentUrl":"https:\/\/secure.gravatar.com\/avatar\/c6af4019f5ca26871821f9d810a73765e1e0ff69f4f973af5fe81683959b2a2c?s=96&d=robohash&r=g","caption":"DailyAI"},"description":"Din go-to destination for alt, hvad der har med AI at g\u00f8re. Vi er dedikeret til at levere letforst\u00e5elige og tilg\u00e6ngelige nyheder, opdateringer, anmeldelser og features om den stadigt udviklende AI-industri. Hold dig informeret, n\u00e5r vi afsl\u00f8rer de seneste fremskridt, gennembrud og tendenser, der former AI-verdenen.","sameAs":["https:\/\/dailyai.com"],"url":"https:\/\/dailyai.com\/da\/author\/atech\/"}]}},"_links":{"self":[{"href":"https:\/\/dailyai.com\/da\/wp-json\/wp\/v2\/pages\/12600","targetHints":{"allow":["GET"]}}],"collection":[{"href":"https:\/\/dailyai.com\/da\/wp-json\/wp\/v2\/pages"}],"about":[{"href":"https:\/\/dailyai.com\/da\/wp-json\/wp\/v2\/types\/page"}],"author":[{"embeddable":true,"href":"https:\/\/dailyai.com\/da\/wp-json\/wp\/v2\/users\/1"}],"replies":[{"embeddable":true,"href":"https:\/\/dailyai.com\/da\/wp-json\/wp\/v2\/comments?post=12600"}],"version-history":[{"count":1,"href":"https:\/\/dailyai.com\/da\/wp-json\/wp\/v2\/pages\/12600\/revisions"}],"predecessor-version":[{"id":12601,"href":"https:\/\/dailyai.com\/da\/wp-json\/wp\/v2\/pages\/12600\/revisions\/12601"}],"up":[{"embeddable":true,"href":"https:\/\/dailyai.com\/da\/wp-json\/wp\/v2\/pages\/207"}],"wp:attachment":[{"href":"https:\/\/dailyai.com\/da\/wp-json\/wp\/v2\/media?parent=12600"}],"curies":[{"name":"wp","href":"https:\/\/api.w.org\/{rel}","templated":true}]}}