{"id":12597,"date":"2024-05-27T21:18:42","date_gmt":"2024-05-27T21:18:42","guid":{"rendered":"https:\/\/dailyai.com\/?page_id=12597"},"modified":"2024-05-27T21:18:42","modified_gmt":"2024-05-27T21:18:42","slug":"code-of-ethics","status":"publish","type":"page","link":"https:\/\/dailyai.com\/da\/about\/code-of-ethics\/","title":{"rendered":"Etisk kodeks"},"content":{"rendered":"<p style=\"text-align: left;\"><em><span style=\"font-weight: 400;\">Sidst opdateret: 27\/05\/2024<\/span><\/em><\/p>\n<p>Hos DailyAI er vores mission at forenkle verdenen af kunstig intelligens (AI) ved at give klar og engagerende indsigt. Som AI-nyhedssite er vi forpligtet til at opretholde de h\u00f8jeste standarder for integritet, n\u00f8jagtighed og ansvar. Dette etiske kodeks skitserer de principper og retningslinjer, der styrer vores indholdsskabelse, redaktionelle processer og interaktioner med vores publikum.<\/p>\n<h3>Centrale principper<\/h3>\n<h4>1. <strong>N\u00f8jagtighed og sandf\u00e6rdighed<\/strong><\/h4>\n<ul>\n<li><strong>Faktatjek:<\/strong> Vi prioriterer n\u00f8jagtighed i alt vores indhold. Hver artikel, hvert interview og hver anmeldelse gennemg\u00e5r en grundig faktatjek for at sikre, at oplysningerne er p\u00e5lidelige og sandf\u00e6rdige.<\/li>\n<li><strong>Rettelser:<\/strong> Hvis der opdages fejl, retter vi dem straks og giver gennemsigtige forklaringer p\u00e5 rettelserne.<\/li>\n<\/ul>\n<h4>2. <strong>Upartiskhed og retf\u00e6rdighed<\/strong><\/h4>\n<ul>\n<li><strong>Afbalanceret rapportering:<\/strong> Vi bestr\u00e6ber os p\u00e5 at pr\u00e6sentere et afbalanceret billede af AI-udviklingen og sikre, at forskellige perspektiver er retf\u00e6rdigt repr\u00e6senteret.<\/li>\n<li><strong>Undg\u00e5 forudindtagethed:<\/strong> Vi arbejder aktivt p\u00e5 at eliminere enhver form for forudindtagethed i vores rapportering og fokuserer udelukkende p\u00e5 faktuel og upartisk information.<\/li>\n<\/ul>\n<h4>3. <strong>Gennemsigtighed<\/strong><\/h4>\n<ul>\n<li><strong>Kilder og referencer:<\/strong> Vi angiver tydeligt alle kilder og referencer, der bruges i vores indhold, s\u00e5 l\u00e6serne f\u00e5r adgang til original information.<\/li>\n<li><strong>Redaktionel uafh\u00e6ngighed:<\/strong> Vi opretholder redaktionel uafh\u00e6ngighed af vores moderselskab, Intelliquence, og alle eksterne p\u00e5virkninger, hvilket sikrer, at vores indhold forbliver objektivt og upartisk.<\/li>\n<\/ul>\n<h4>4. <strong>Integritet og ansvarlighed<\/strong><\/h4>\n<ul>\n<li><strong>Interessekonflikt:<\/strong> Vi oplyser om eventuelle interessekonflikter og sikrer, at vores rapportering ikke er p\u00e5virket af personlige eller \u00f8konomiske hensyn.<\/li>\n<li><strong>Ansvarlighed:<\/strong> Vi holder os selv ansvarlige for vores indhold og handlinger, og vi tager gerne imod feedback fra vores l\u00e6sere, s\u00e5 vi kan forbedre vores praksis.<\/li>\n<\/ul>\n<h4>5. <strong>Respekt og f\u00f8lsomhed<\/strong><\/h4>\n<ul>\n<li><strong>Respektfuld dialog:<\/strong> Vi opfordrer til respektfuld dialog og forskellige synspunkter og fremmer et f\u00e6llesskab, hvor alle stemmer kan blive h\u00f8rt.<\/li>\n<li><strong>F\u00f8lsomhed over for p\u00e5virkning:<\/strong> Vi er opm\u00e6rksomme p\u00e5 den indvirkning, vores indhold kan have p\u00e5 enkeltpersoner, organisationer og samfundet, og vi bestr\u00e6ber os p\u00e5 at undg\u00e5 skade.<\/li>\n<\/ul>\n<h4>6. <strong>Privatliv og sikkerhed<\/strong><\/h4>\n<ul>\n<li><strong>Databeskyttelse:<\/strong> Vi respekterer vores l\u00e6seres og kilders privatliv og overholder strenge databeskyttelsespolitikker for at beskytte personlige oplysninger. For flere detaljer, se venligst vores <a href=\"https:\/\/dailyai.com\/privacy-policy\/\">Politik for beskyttelse af personlige oplysninger<\/a>.<\/li>\n<\/ul>\n<h3>Retningslinjer for indhold<\/h3>\n<h4>1. <strong>Nyheder og aktuelle sager<\/strong><\/h4>\n<ul>\n<li><strong>Rettidigt og relevant:<\/strong> Vores nyhedsd\u00e6kning er aktuel, relevant og baseret p\u00e5 verificerbare fakta.<\/li>\n<li><strong>Omfattende d\u00e6kning:<\/strong> Vi d\u00e6kker en bred vifte af emner inden for AI-industrien og giver omfattende indsigt i aktuelle tendenser og udviklinger.<\/li>\n<\/ul>\n<h4>2. <strong>Interviews og udtalelser<\/strong><\/h4>\n<ul>\n<li><strong>Forskellige perspektiver:<\/strong> Vi bringer interviews med en bred vifte af eksperter og interessenter, der pr\u00e6senterer et bredt spektrum af meninger.<\/li>\n<li><strong>Klar skelnen:<\/strong> Vi skelner klart mellem opinionsartikler og faktuel rapportering, s\u00e5 l\u00e6serne nemt kan skelne mellem de to.<\/li>\n<\/ul>\n<h4>3. <strong>Produktanmeldelser<\/strong><\/h4>\n<ul>\n<li><strong>Objektive vurderinger:<\/strong> Vores produktanmeldelser er baseret p\u00e5 grundige evalueringer og uvildige vurderinger.<\/li>\n<li><strong>Afsl\u00f8ring:<\/strong> Vi oplyser om eventuelle tilknytninger eller sponsorater i forbindelse med de produkter, vi anmelder.<\/li>\n<\/ul>\n<h4>4. <strong>Prompt-biblioteker og uddannelsesindhold<\/strong><\/h4>\n<ul>\n<li><strong>Uddannelsesm\u00e6ssig v\u00e6rdi:<\/strong> Vores prompt-biblioteker og uddannelsesindhold er designet til at v\u00e6re informativt og nyttigt og hj\u00e6lpe l\u00e6serne med at forst\u00e5 og bruge AI-v\u00e6rkt\u00f8jer effektivt.<\/li>\n<li><strong>N\u00f8jagtighed:<\/strong> Vi sikrer, at alt undervisningsmateriale er n\u00f8jagtigt, opdateret og baseret p\u00e5 trov\u00e6rdige kilder.<\/li>\n<\/ul>\n<h3>Engagement i samfundet<\/h3>\n<h4>1. <strong>Feedback og interaktion<\/strong><\/h4>\n<ul>\n<li><strong>\u00c5bne kanaler:<\/strong> Vi har \u00e5bne kanaler for feedback og opfordrer vores l\u00e6sere til at dele deres tanker, bekymringer og forslag p\u00e5 forskellige m\u00e5der, f.eks. via e-mail, sociale medier og kontaktformularer.<\/li>\n<li><strong>Responsivt engagement:<\/strong> Vi reagerer p\u00e5 feedback og foresp\u00f8rgsler p\u00e5 en rettidig og respektfuld m\u00e5de og fremmer et positivt og interaktivt f\u00e6llesskab p\u00e5 tv\u00e6rs af alle platforme.<\/li>\n<\/ul>\n<h4>2. <strong>F\u00e6llesskabsstandarder<\/strong><\/h4>\n<ul>\n<li><strong>Respektfuld interaktion:<\/strong> Vi h\u00e5ndh\u00e6ver f\u00e6llesskabsstandarder, der fremmer respektfuld interaktion og forbyder chikane, hadefuld tale og anden skadelig adf\u00e6rd i alle former for kommunikation, herunder sociale medier og e-mail.<\/li>\n<li><strong>Moderation:<\/strong> Vi modererer aktivt kommentarer, diskussioner og andre interaktive elementer for at sikre et sikkert og indbydende milj\u00f8 for alle l\u00e6sere.<\/li>\n<\/ul>\n<h3>Yderligere forpligtelser<\/h3>\n<h4>1. <strong>Rummelighed og mangfoldighed<\/strong><\/h4>\n<ul>\n<li><strong>Forpligtelse til mangfoldighed:<\/strong> Vi er forpligtet til at fremme mangfoldighed i vores indhold og p\u00e5 vores arbejdsplads. Vi s\u00f8ger aktivt at repr\u00e6sentere en r\u00e6kke forskellige stemmer og perspektiver i AI-f\u00e6llesskabet.<\/li>\n<li><strong>Lige muligheder:<\/strong> Vi sikrer lige muligheder for alle bidragydere og medarbejdere, uanset k\u00f8n, race, etnicitet, seksuel orientering eller handicap.<\/li>\n<\/ul>\n<h4>2. <strong>Tilg\u00e6ngelighed<\/strong><\/h4>\n<ul>\n<li><strong>Tilg\u00e6ngeligt indhold:<\/strong> Vi bestr\u00e6ber os p\u00e5 at g\u00f8re vores hjemmeside og indhold tilg\u00e6ngeligt for alle brugere, herunder handicappede. Dette omfatter overholdelse af standarder for webtilg\u00e6ngelighed og levering af alternative formater, hvor det er muligt.<\/li>\n<li><strong>Brugervenligt design:<\/strong> Vi forbedrer l\u00f8bende vores webdesign for at sikre, at det er brugervenligt og overskueligt for alle.<\/li>\n<\/ul>\n<h4>3. <strong>Regelm\u00e6ssig gennemgang og opdateringer<\/strong><\/h4>\n<ul>\n<li><strong>Kontinuerlig forbedring:<\/strong> Vi gennemg\u00e5r og opdaterer regelm\u00e6ssigt vores etiske regler for at afspejle nye standarder og bedste praksis. Feedback fra vores l\u00e6sere og interessenter er en afg\u00f8rende del af denne proces.<\/li>\n<li><strong>Gennemsigtighed i \u00e6ndringer:<\/strong> Alle v\u00e6sentlige \u00e6ndringer i det etiske regels\u00e6t vil blive kommunikeret \u00e5bent til vores l\u00e6sere og bidragydere.<\/li>\n<\/ul>\n<h3>Konklusion<\/h3>\n<p>P\u00e5 DailyAI er vi dedikerede til at opretholde disse etiske standarder i alle vores bestr\u00e6belser. Ved at overholde dette etiske regels\u00e6t vil vi opbygge og bevare vores l\u00e6seres tillid og give dem v\u00e6rdifuld og p\u00e5lidelig indsigt i AI-verdenen. Sammen kan vi g\u00f8re forst\u00e5elsen af AI til en mulighed for alle.<\/p>\n<p>Hvis du har sp\u00f8rgsm\u00e5l eller bekymringer vedr\u00f8rende dette etiske regels\u00e6t, bedes du kontakte os p\u00e5 <a href=\"mailto:contact@dailyai.com\">contact@dailyai.com<\/a>.<\/p>","protected":false},"excerpt":{"rendered":"<p>Sidst opdateret: 27\/05\/2024 Hos DailyAI er det vores mission at forenkle verdenen af kunstig intelligens (AI) ved at give klar og engagerende indsigt. Som AI-nyhedssite er vi forpligtet til at opretholde de h\u00f8jeste standarder for integritet, n\u00f8jagtighed og ansvar. Dette etiske kodeks skitserer de principper og retningslinjer, der styrer vores indholdsskabelse, redaktionelle processer og interaktioner med vores publikum. Kerneprincipper 1. N\u00f8jagtighed og sandf\u00e6rdighed Faktatjek: Vi prioriterer n\u00f8jagtighed i alt vores indhold. Hver artikel, hvert interview og hver anmeldelse gennemg\u00e5r et grundigt faktatjek for at sikre, at oplysningerne er p\u00e5lidelige og sandf\u00e6rdige. Rettelser: Hvis vi opdager fejl, retter vi dem straks.<\/p>","protected":false},"author":1,"featured_media":0,"parent":207,"menu_order":0,"comment_status":"closed","ping_status":"closed","template":"","meta":{"footnotes":""},"class_list":["post-12597","page","type-page","status-publish","hentry"],"yoast_head":"<!-- This site is optimized with the Yoast SEO plugin v27.3 - https:\/\/yoast.com\/product\/yoast-seo-wordpress\/ -->\n<title>Code of Ethics | DailyAI<\/title>\n<meta name=\"robots\" content=\"index, follow, max-snippet:-1, max-image-preview:large, max-video-preview:-1\" \/>\n<link rel=\"canonical\" href=\"https:\/\/dailyai.com\/da\/about\/code-of-ethics\/\" \/>\n<meta property=\"og:locale\" content=\"da_DK\" \/>\n<meta property=\"og:type\" content=\"article\" \/>\n<meta property=\"og:title\" content=\"Code of Ethics | DailyAI\" \/>\n<meta property=\"og:description\" content=\"Last updated: 27\/05\/2024 At DailyAI, our mission is to simplify the world of Artificial Intelligence (AI) by providing clear and engaging insights. As an AI news site, we are committed to maintaining the highest standards of integrity, accuracy, and responsibility. This Code of Ethics outlines the principles and guidelines that govern our content creation, editorial processes, and interactions with our audience. Core Principles 1. Accuracy and Truthfulness Fact-Checking: We prioritize accuracy in all our content. Every article, interview, and review undergoes rigorous fact-checking to ensure the information is reliable and truthful. Corrections: If errors are identified, we promptly correct them\" \/>\n<meta property=\"og:url\" content=\"https:\/\/dailyai.com\/da\/about\/code-of-ethics\/\" \/>\n<meta property=\"og:site_name\" content=\"DailyAI\" \/>\n<meta name=\"twitter:card\" content=\"summary_large_image\" \/>\n<meta name=\"twitter:site\" content=\"@DailyAIOfficial\" \/>\n<meta name=\"twitter:label1\" content=\"Estimeret l\u00e6setid\" \/>\n\t<meta name=\"twitter:data1\" content=\"4 minutter\" \/>\n<script type=\"application\/ld+json\" class=\"yoast-schema-graph\">{\"@context\":\"https:\\\/\\\/schema.org\",\"@graph\":[{\"@type\":\"Article\",\"@id\":\"https:\\\/\\\/dailyai.com\\\/about\\\/code-of-ethics\\\/#article\",\"isPartOf\":{\"@id\":\"https:\\\/\\\/dailyai.com\\\/about\\\/code-of-ethics\\\/\"},\"author\":{\"name\":\"DailyAI\",\"@id\":\"https:\\\/\\\/dailyai.com\\\/#\\\/schema\\\/person\\\/5238bb16667080993f51f7fba82ad6c6\"},\"headline\":\"Code of Ethics\",\"datePublished\":\"2024-05-27T21:18:42+00:00\",\"mainEntityOfPage\":{\"@id\":\"https:\\\/\\\/dailyai.com\\\/about\\\/code-of-ethics\\\/\"},\"wordCount\":810,\"publisher\":{\"@id\":\"https:\\\/\\\/dailyai.com\\\/#organization\"},\"inLanguage\":\"da-DK\"},{\"@type\":\"WebPage\",\"@id\":\"https:\\\/\\\/dailyai.com\\\/about\\\/code-of-ethics\\\/\",\"url\":\"https:\\\/\\\/dailyai.com\\\/about\\\/code-of-ethics\\\/\",\"name\":\"Code of Ethics | DailyAI\",\"isPartOf\":{\"@id\":\"https:\\\/\\\/dailyai.com\\\/#website\"},\"datePublished\":\"2024-05-27T21:18:42+00:00\",\"breadcrumb\":{\"@id\":\"https:\\\/\\\/dailyai.com\\\/about\\\/code-of-ethics\\\/#breadcrumb\"},\"inLanguage\":\"da-DK\",\"potentialAction\":[{\"@type\":\"ReadAction\",\"target\":[\"https:\\\/\\\/dailyai.com\\\/about\\\/code-of-ethics\\\/\"]}]},{\"@type\":\"BreadcrumbList\",\"@id\":\"https:\\\/\\\/dailyai.com\\\/about\\\/code-of-ethics\\\/#breadcrumb\",\"itemListElement\":[{\"@type\":\"ListItem\",\"position\":1,\"name\":\"Home\",\"item\":\"https:\\\/\\\/dailyai.com\\\/\"},{\"@type\":\"ListItem\",\"position\":2,\"name\":\"About\",\"item\":\"https:\\\/\\\/dailyai.com\\\/about\\\/\"},{\"@type\":\"ListItem\",\"position\":3,\"name\":\"Code of Ethics\"}]},{\"@type\":\"WebSite\",\"@id\":\"https:\\\/\\\/dailyai.com\\\/#website\",\"url\":\"https:\\\/\\\/dailyai.com\\\/\",\"name\":\"DailyAI\",\"description\":\"Your Daily Dose of AI News\",\"publisher\":{\"@id\":\"https:\\\/\\\/dailyai.com\\\/#organization\"},\"potentialAction\":[{\"@type\":\"SearchAction\",\"target\":{\"@type\":\"EntryPoint\",\"urlTemplate\":\"https:\\\/\\\/dailyai.com\\\/?s={search_term_string}\"},\"query-input\":{\"@type\":\"PropertyValueSpecification\",\"valueRequired\":true,\"valueName\":\"search_term_string\"}}],\"inLanguage\":\"da-DK\"},{\"@type\":\"Organization\",\"@id\":\"https:\\\/\\\/dailyai.com\\\/#organization\",\"name\":\"DailyAI\",\"url\":\"https:\\\/\\\/dailyai.com\\\/\",\"logo\":{\"@type\":\"ImageObject\",\"inLanguage\":\"da-DK\",\"@id\":\"https:\\\/\\\/dailyai.com\\\/#\\\/schema\\\/logo\\\/image\\\/\",\"url\":\"https:\\\/\\\/dailyai.com\\\/wp-content\\\/uploads\\\/2023\\\/06\\\/Daily-Ai_TL_colour.png\",\"contentUrl\":\"https:\\\/\\\/dailyai.com\\\/wp-content\\\/uploads\\\/2023\\\/06\\\/Daily-Ai_TL_colour.png\",\"width\":4501,\"height\":934,\"caption\":\"DailyAI\"},\"image\":{\"@id\":\"https:\\\/\\\/dailyai.com\\\/#\\\/schema\\\/logo\\\/image\\\/\"},\"sameAs\":[\"https:\\\/\\\/x.com\\\/DailyAIOfficial\",\"https:\\\/\\\/www.linkedin.com\\\/company\\\/dailyaiofficial\\\/\",\"https:\\\/\\\/www.youtube.com\\\/@DailyAIOfficial\"]},{\"@type\":\"Person\",\"@id\":\"https:\\\/\\\/dailyai.com\\\/#\\\/schema\\\/person\\\/5238bb16667080993f51f7fba82ad6c6\",\"name\":\"DailyAI\",\"image\":{\"@type\":\"ImageObject\",\"inLanguage\":\"da-DK\",\"@id\":\"https:\\\/\\\/secure.gravatar.com\\\/avatar\\\/c6af4019f5ca26871821f9d810a73765e1e0ff69f4f973af5fe81683959b2a2c?s=96&d=robohash&r=g\",\"url\":\"https:\\\/\\\/secure.gravatar.com\\\/avatar\\\/c6af4019f5ca26871821f9d810a73765e1e0ff69f4f973af5fe81683959b2a2c?s=96&d=robohash&r=g\",\"contentUrl\":\"https:\\\/\\\/secure.gravatar.com\\\/avatar\\\/c6af4019f5ca26871821f9d810a73765e1e0ff69f4f973af5fe81683959b2a2c?s=96&d=robohash&r=g\",\"caption\":\"DailyAI\"},\"description\":\"Your go-to destination for all things AI. We are dedicated to providing easy to understand and accessible news, updates, reviews, and features on the ever-evolving AI industry. Stay informed as we unravel the latest advancements, breakthroughs, and trends shaping the world of AI.\",\"sameAs\":[\"https:\\\/\\\/dailyai.com\"],\"url\":\"https:\\\/\\\/dailyai.com\\\/da\\\/author\\\/atech\\\/\"}]}<\/script>\n<!-- \/ Yoast SEO plugin. -->","yoast_head_json":{"title":"Etisk kodeks | DailyAI","robots":{"index":"index","follow":"follow","max-snippet":"max-snippet:-1","max-image-preview":"max-image-preview:large","max-video-preview":"max-video-preview:-1"},"canonical":"https:\/\/dailyai.com\/da\/about\/code-of-ethics\/","og_locale":"da_DK","og_type":"article","og_title":"Code of Ethics | DailyAI","og_description":"Last updated: 27\/05\/2024 At DailyAI, our mission is to simplify the world of Artificial Intelligence (AI) by providing clear and engaging insights. As an AI news site, we are committed to maintaining the highest standards of integrity, accuracy, and responsibility. This Code of Ethics outlines the principles and guidelines that govern our content creation, editorial processes, and interactions with our audience. Core Principles 1. Accuracy and Truthfulness Fact-Checking: We prioritize accuracy in all our content. Every article, interview, and review undergoes rigorous fact-checking to ensure the information is reliable and truthful. Corrections: If errors are identified, we promptly correct them","og_url":"https:\/\/dailyai.com\/da\/about\/code-of-ethics\/","og_site_name":"DailyAI","twitter_card":"summary_large_image","twitter_site":"@DailyAIOfficial","twitter_misc":{"Estimeret l\u00e6setid":"4 minutter"},"schema":{"@context":"https:\/\/schema.org","@graph":[{"@type":"Article","@id":"https:\/\/dailyai.com\/about\/code-of-ethics\/#article","isPartOf":{"@id":"https:\/\/dailyai.com\/about\/code-of-ethics\/"},"author":{"name":"DailyAI","@id":"https:\/\/dailyai.com\/#\/schema\/person\/5238bb16667080993f51f7fba82ad6c6"},"headline":"Code of Ethics","datePublished":"2024-05-27T21:18:42+00:00","mainEntityOfPage":{"@id":"https:\/\/dailyai.com\/about\/code-of-ethics\/"},"wordCount":810,"publisher":{"@id":"https:\/\/dailyai.com\/#organization"},"inLanguage":"da-DK"},{"@type":"WebPage","@id":"https:\/\/dailyai.com\/about\/code-of-ethics\/","url":"https:\/\/dailyai.com\/about\/code-of-ethics\/","name":"Etisk kodeks | DailyAI","isPartOf":{"@id":"https:\/\/dailyai.com\/#website"},"datePublished":"2024-05-27T21:18:42+00:00","breadcrumb":{"@id":"https:\/\/dailyai.com\/about\/code-of-ethics\/#breadcrumb"},"inLanguage":"da-DK","potentialAction":[{"@type":"ReadAction","target":["https:\/\/dailyai.com\/about\/code-of-ethics\/"]}]},{"@type":"BreadcrumbList","@id":"https:\/\/dailyai.com\/about\/code-of-ethics\/#breadcrumb","itemListElement":[{"@type":"ListItem","position":1,"name":"Home","item":"https:\/\/dailyai.com\/"},{"@type":"ListItem","position":2,"name":"About","item":"https:\/\/dailyai.com\/about\/"},{"@type":"ListItem","position":3,"name":"Code of Ethics"}]},{"@type":"WebSite","@id":"https:\/\/dailyai.com\/#website","url":"https:\/\/dailyai.com\/","name":"DailyAI","description":"Din daglige dosis af AI-nyheder","publisher":{"@id":"https:\/\/dailyai.com\/#organization"},"potentialAction":[{"@type":"SearchAction","target":{"@type":"EntryPoint","urlTemplate":"https:\/\/dailyai.com\/?s={search_term_string}"},"query-input":{"@type":"PropertyValueSpecification","valueRequired":true,"valueName":"search_term_string"}}],"inLanguage":"da-DK"},{"@type":"Organization","@id":"https:\/\/dailyai.com\/#organization","name":"DailyAI","url":"https:\/\/dailyai.com\/","logo":{"@type":"ImageObject","inLanguage":"da-DK","@id":"https:\/\/dailyai.com\/#\/schema\/logo\/image\/","url":"https:\/\/dailyai.com\/wp-content\/uploads\/2023\/06\/Daily-Ai_TL_colour.png","contentUrl":"https:\/\/dailyai.com\/wp-content\/uploads\/2023\/06\/Daily-Ai_TL_colour.png","width":4501,"height":934,"caption":"DailyAI"},"image":{"@id":"https:\/\/dailyai.com\/#\/schema\/logo\/image\/"},"sameAs":["https:\/\/x.com\/DailyAIOfficial","https:\/\/www.linkedin.com\/company\/dailyaiofficial\/","https:\/\/www.youtube.com\/@DailyAIOfficial"]},{"@type":"Person","@id":"https:\/\/dailyai.com\/#\/schema\/person\/5238bb16667080993f51f7fba82ad6c6","name":"DailyAI","image":{"@type":"ImageObject","inLanguage":"da-DK","@id":"https:\/\/secure.gravatar.com\/avatar\/c6af4019f5ca26871821f9d810a73765e1e0ff69f4f973af5fe81683959b2a2c?s=96&d=robohash&r=g","url":"https:\/\/secure.gravatar.com\/avatar\/c6af4019f5ca26871821f9d810a73765e1e0ff69f4f973af5fe81683959b2a2c?s=96&d=robohash&r=g","contentUrl":"https:\/\/secure.gravatar.com\/avatar\/c6af4019f5ca26871821f9d810a73765e1e0ff69f4f973af5fe81683959b2a2c?s=96&d=robohash&r=g","caption":"DailyAI"},"description":"Din go-to destination for alt, hvad der har med AI at g\u00f8re. Vi er dedikeret til at levere letforst\u00e5elige og tilg\u00e6ngelige nyheder, opdateringer, anmeldelser og features om den stadigt udviklende AI-industri. Hold dig informeret, n\u00e5r vi afsl\u00f8rer de seneste fremskridt, gennembrud og tendenser, der former AI-verdenen.","sameAs":["https:\/\/dailyai.com"],"url":"https:\/\/dailyai.com\/da\/author\/atech\/"}]}},"_links":{"self":[{"href":"https:\/\/dailyai.com\/da\/wp-json\/wp\/v2\/pages\/12597","targetHints":{"allow":["GET"]}}],"collection":[{"href":"https:\/\/dailyai.com\/da\/wp-json\/wp\/v2\/pages"}],"about":[{"href":"https:\/\/dailyai.com\/da\/wp-json\/wp\/v2\/types\/page"}],"author":[{"embeddable":true,"href":"https:\/\/dailyai.com\/da\/wp-json\/wp\/v2\/users\/1"}],"replies":[{"embeddable":true,"href":"https:\/\/dailyai.com\/da\/wp-json\/wp\/v2\/comments?post=12597"}],"version-history":[{"count":2,"href":"https:\/\/dailyai.com\/da\/wp-json\/wp\/v2\/pages\/12597\/revisions"}],"predecessor-version":[{"id":12599,"href":"https:\/\/dailyai.com\/da\/wp-json\/wp\/v2\/pages\/12597\/revisions\/12599"}],"up":[{"embeddable":true,"href":"https:\/\/dailyai.com\/da\/wp-json\/wp\/v2\/pages\/207"}],"wp:attachment":[{"href":"https:\/\/dailyai.com\/da\/wp-json\/wp\/v2\/media?parent=12597"}],"curies":[{"name":"wp","href":"https:\/\/api.w.org\/{rel}","templated":true}]}}