{"id":12465,"date":"2024-05-27T21:18:26","date_gmt":"2024-05-27T21:18:26","guid":{"rendered":"https:\/\/dailyai.com\/?page_id=12465"},"modified":"2024-05-27T21:18:26","modified_gmt":"2024-05-27T21:18:26","slug":"editorial-policy","status":"publish","type":"page","link":"https:\/\/dailyai.com\/da\/about\/editorial-policy\/","title":{"rendered":"Redaktionel politik"},"content":{"rendered":"<p>Sidst opdateret: 21\/05\/2024<\/p>\n<p>&nbsp;<\/p>\n<h3 style=\"font-size: 1em;\">DailyAI's redaktionelle politik g\u00e6lder for alt vores indhold.<\/h2>\n<ol>\n<li style=\"font-weight: 400;\" aria-level=\"1\"><span style=\"font-weight: 400;\">Objektiv rapportering: Vores nyhedswebsted er forpligtet til at levere objektiv, n\u00f8jagtig og upartisk rapportering om kunstig intelligens (AI)-teknologier og deres indvirkning. Vi bestr\u00e6ber os p\u00e5 at pr\u00e6sentere information p\u00e5 en fair og afbalanceret m\u00e5de og undg\u00e5 sensationalisme eller partiskhed.<\/span><\/li>\n<li style=\"font-weight: 400;\" aria-level=\"1\"><span style=\"font-weight: 400;\">Gennemsigtighed: Vi prioriterer gennemsigtighed i vores rapporteringsproces. Vi oplyser om informationskilder, giver kontekst til komplekse emner og skelner klart mellem faktuel rapportering og opinionsartikler. Vi udsender straks rettelser og opdateringer, n\u00e5r vi opdager fejl.<\/span><\/li>\n<li style=\"font-weight: 400;\" aria-level=\"1\"><span style=\"font-weight: 400;\">Etiske overvejelser: Vi anerkender de etiske konsekvenser af AI-teknologier og deres potentielle samfundsm\u00e6ssige indvirkning. Vores rapportering tager h\u00f8jde for sp\u00f8rgsm\u00e5l som databeskyttelse, algoritmisk bias, automatisering af jobs og etisk AI-udvikling. Vi tilstr\u00e6ber at fremme informerede diskussioner om disse emner, samtidig med at vi opretholder etiske standarder i vores egen praksis.<\/span><\/li>\n<li style=\"font-weight: 400;\" aria-level=\"1\"><span style=\"font-weight: 400;\">Ekspertanalyse: Vi r\u00e5df\u00f8rer os med eksperter inden for kunstig intelligens, herunder forskere, akademikere, branchefolk og etikere, for at give informerede analyser og indsigt i AI-relaterede udviklinger. Vi bestr\u00e6ber os p\u00e5 at pr\u00e6sentere forskellige perspektiver og meninger for at berige vores d\u00e6kning.<\/span><\/li>\n<li style=\"font-weight: 400;\" aria-level=\"1\"><span style=\"font-weight: 400;\">Uddannelsesm\u00e6ssigt indhold: Ud over nyhedsrapportering tilbyder vi uddannelsesindhold for at hj\u00e6lpe vores publikum med at forst\u00e5 AI-koncepter, -terminologi og -anvendelser. Det omfatter forklarende artikler, vejledninger og interviews med eksperter for at afmystificere komplekse emner og fremme digital dannelse.<\/span><\/li>\n<li style=\"font-weight: 400;\" aria-level=\"1\"><span style=\"font-weight: 400;\">Innovation og indflydelse: Vi fremh\u00e6ver innovationer inden for forskning, udvikling og implementering af kunstig intelligens p\u00e5 tv\u00e6rs af forskellige sektorer, herunder sundhedspleje, finans, transport og uddannelse. Vores rapportering fokuserer p\u00e5 de potentielle positive virkninger af AI-teknologier, samtidig med at vi anerkender og kritisk unders\u00f8ger potentielle risici og udfordringer.<\/span><\/li>\n<li style=\"font-weight: 400;\" aria-level=\"1\"><span style=\"font-weight: 400;\">Globalt perspektiv: Vi d\u00e6kker AI-relaterede nyheder og udviklinger fra et globalt perspektiv og anerkender de forskellige anvendelser og konsekvenser af AI-teknologier i forskellige regioner og kulturer. Vi bestr\u00e6ber os p\u00e5 at undg\u00e5 kulturelle fordomme og sikre, at vores rapportering er relevant og tilg\u00e6ngelig for et verdensomsp\u00e6ndende publikum.<\/span><\/li>\n<li style=\"font-weight: 400;\" aria-level=\"1\"><span style=\"font-weight: 400;\">Engagement i samfundet: Vi opfordrer til samfundsengagement og dialog om AI-relaterede emner gennem kommentarfelter, sociale mediekanaler og interaktive funktioner. Vi v\u00e6rds\u00e6tter feedback fra vores publikum og s\u00f8ger aktivt at indarbejde deres perspektiver og bekymringer i vores rapportering.<\/span><\/li>\n<li style=\"font-weight: 400;\" aria-level=\"1\"><span style=\"font-weight: 400;\">Redaktionel uafh\u00e6ngighed: Vores redaktionelle team arbejder uafh\u00e6ngigt og selvst\u00e6ndigt, uden un\u00f8dig indflydelse eller forudindtagethed fra annonc\u00f8rer, sponsorer eller eksterne interessenter. Vi opretholder redaktionel kontrol over indholdsbeslutninger for at sikre integriteten og trov\u00e6rdigheden af vores rapportering.<\/span><\/li>\n<li style=\"font-weight: 400;\" aria-level=\"1\"><span style=\"font-weight: 400;\">Kontinuerlig forbedring: Vi er forpligtet til l\u00f8bende at forbedre vores redaktionelle praksis og standarder. Vi gennemg\u00e5r og vurderer regelm\u00e6ssigt vores d\u00e6kning, politikker og procedurer for at opretholde de h\u00f8jeste standarder for journalistisk integritet og professionalisme i vores rapportering om kunstig intelligens.<\/span><\/li>\n<\/ol>\n<p><span style=\"font-weight: 400;\">Ved at overholde disse redaktionelle politikker sigter vi mod at give vores publikum en p\u00e5lidelig, indsigtsfuld og tankev\u00e6kkende d\u00e6kning af kunstig intelligens, der informerer, uddanner og giver enkeltpersoner mulighed for at navigere i kompleksiteten p\u00e5 dette felt i hurtig udvikling.<\/span><\/p>\n<p><b>Hvordan kan jeg kontakte redaktionen?<\/b><\/p>\n<p><span style=\"font-weight: 400;\">Hvis du har yderligere sp\u00f8rgsm\u00e5l om vores redaktionelle proces eller andre foresp\u00f8rgsler til teamet, kan du kontakte os p\u00e5 <\/span><a href=\"\/da\/contact\/\"><span style=\"font-weight: 400;\">kontakt os<\/span><\/a><span style=\"font-weight: 400;\"> og vi vender tilbage til dig s\u00e5 hurtigt som muligt.<\/span><\/p>\n<p>&nbsp;<\/p>","protected":false},"excerpt":{"rendered":"<p>Sidst opdateret: 21\/05\/2024 DailyAI's redaktionelle politik g\u00e6lder for alt vores indhold. Objektiv rapportering: Vores nyhedswebsted er forpligtet til at levere objektiv, n\u00f8jagtig og upartisk rapportering om kunstig intelligens (AI)-teknologier og deres indvirkning. Vi bestr\u00e6ber os p\u00e5 at pr\u00e6sentere information p\u00e5 en fair og afbalanceret m\u00e5de og undg\u00e5 sensationalisme eller partiskhed. Gennemsigtighed: Vi prioriterer gennemsigtighed i vores rapporteringsproces. Vi oplyser om informationskilder, giver kontekst til komplekse emner og skelner klart mellem faktuel rapportering og meningstilkendegivelser. Vi udsender straks rettelser og opdateringer, n\u00e5r vi opdager fejl. Etiske overvejelser: Vi anerkender de etiske implikationer af AI-teknologier og<\/p>","protected":false},"author":1,"featured_media":0,"parent":207,"menu_order":0,"comment_status":"closed","ping_status":"closed","template":"","meta":{"footnotes":""},"class_list":["post-12465","page","type-page","status-publish","hentry"],"yoast_head":"<!-- This site is optimized with the Yoast SEO plugin v27.3 - https:\/\/yoast.com\/product\/yoast-seo-wordpress\/ -->\n<title>Editorial Policy | DailyAI<\/title>\n<meta name=\"robots\" content=\"index, follow, max-snippet:-1, max-image-preview:large, max-video-preview:-1\" \/>\n<link rel=\"canonical\" href=\"https:\/\/dailyai.com\/da\/about\/editorial-policy\/\" \/>\n<meta property=\"og:locale\" content=\"da_DK\" \/>\n<meta property=\"og:type\" content=\"article\" \/>\n<meta property=\"og:title\" content=\"Editorial Policy | DailyAI\" \/>\n<meta property=\"og:description\" content=\"Last updated: 21\/05\/2024 &nbsp; The Editorial Policy of DailyAI applies to all of our content. Objective Reporting: Our news website is committed to providing objective, accurate, and impartial reporting on artificial intelligence (AI) technologies and their impacts. We strive to present information in a fair and balanced manner, avoiding sensationalism or bias. Transparency: We prioritize transparency in our reporting process. We disclose sources of information, provide context for complex topics, and clearly differentiate between factual reporting and opinion pieces. Corrections and updates are promptly issued when errors are identified. Ethical Considerations: We recognize the ethical implications of AI technologies and\" \/>\n<meta property=\"og:url\" content=\"https:\/\/dailyai.com\/da\/about\/editorial-policy\/\" \/>\n<meta property=\"og:site_name\" content=\"DailyAI\" \/>\n<meta name=\"twitter:card\" content=\"summary_large_image\" \/>\n<meta name=\"twitter:site\" content=\"@DailyAIOfficial\" \/>\n<meta name=\"twitter:label1\" content=\"Estimeret l\u00e6setid\" \/>\n\t<meta name=\"twitter:data1\" content=\"3 minutter\" \/>\n<script type=\"application\/ld+json\" class=\"yoast-schema-graph\">{\"@context\":\"https:\\\/\\\/schema.org\",\"@graph\":[{\"@type\":\"Article\",\"@id\":\"https:\\\/\\\/dailyai.com\\\/about\\\/editorial-policy\\\/#article\",\"isPartOf\":{\"@id\":\"https:\\\/\\\/dailyai.com\\\/about\\\/editorial-policy\\\/\"},\"author\":{\"name\":\"DailyAI\",\"@id\":\"https:\\\/\\\/dailyai.com\\\/#\\\/schema\\\/person\\\/5238bb16667080993f51f7fba82ad6c6\"},\"headline\":\"Editorial Policy\",\"datePublished\":\"2024-05-27T21:18:26+00:00\",\"mainEntityOfPage\":{\"@id\":\"https:\\\/\\\/dailyai.com\\\/about\\\/editorial-policy\\\/\"},\"wordCount\":497,\"publisher\":{\"@id\":\"https:\\\/\\\/dailyai.com\\\/#organization\"},\"inLanguage\":\"da-DK\"},{\"@type\":\"WebPage\",\"@id\":\"https:\\\/\\\/dailyai.com\\\/about\\\/editorial-policy\\\/\",\"url\":\"https:\\\/\\\/dailyai.com\\\/about\\\/editorial-policy\\\/\",\"name\":\"Editorial Policy | DailyAI\",\"isPartOf\":{\"@id\":\"https:\\\/\\\/dailyai.com\\\/#website\"},\"datePublished\":\"2024-05-27T21:18:26+00:00\",\"breadcrumb\":{\"@id\":\"https:\\\/\\\/dailyai.com\\\/about\\\/editorial-policy\\\/#breadcrumb\"},\"inLanguage\":\"da-DK\",\"potentialAction\":[{\"@type\":\"ReadAction\",\"target\":[\"https:\\\/\\\/dailyai.com\\\/about\\\/editorial-policy\\\/\"]}]},{\"@type\":\"BreadcrumbList\",\"@id\":\"https:\\\/\\\/dailyai.com\\\/about\\\/editorial-policy\\\/#breadcrumb\",\"itemListElement\":[{\"@type\":\"ListItem\",\"position\":1,\"name\":\"Home\",\"item\":\"https:\\\/\\\/dailyai.com\\\/\"},{\"@type\":\"ListItem\",\"position\":2,\"name\":\"About\",\"item\":\"https:\\\/\\\/dailyai.com\\\/about\\\/\"},{\"@type\":\"ListItem\",\"position\":3,\"name\":\"Editorial Policy\"}]},{\"@type\":\"WebSite\",\"@id\":\"https:\\\/\\\/dailyai.com\\\/#website\",\"url\":\"https:\\\/\\\/dailyai.com\\\/\",\"name\":\"DailyAI\",\"description\":\"Your Daily Dose of AI News\",\"publisher\":{\"@id\":\"https:\\\/\\\/dailyai.com\\\/#organization\"},\"potentialAction\":[{\"@type\":\"SearchAction\",\"target\":{\"@type\":\"EntryPoint\",\"urlTemplate\":\"https:\\\/\\\/dailyai.com\\\/?s={search_term_string}\"},\"query-input\":{\"@type\":\"PropertyValueSpecification\",\"valueRequired\":true,\"valueName\":\"search_term_string\"}}],\"inLanguage\":\"da-DK\"},{\"@type\":\"Organization\",\"@id\":\"https:\\\/\\\/dailyai.com\\\/#organization\",\"name\":\"DailyAI\",\"url\":\"https:\\\/\\\/dailyai.com\\\/\",\"logo\":{\"@type\":\"ImageObject\",\"inLanguage\":\"da-DK\",\"@id\":\"https:\\\/\\\/dailyai.com\\\/#\\\/schema\\\/logo\\\/image\\\/\",\"url\":\"https:\\\/\\\/dailyai.com\\\/wp-content\\\/uploads\\\/2023\\\/06\\\/Daily-Ai_TL_colour.png\",\"contentUrl\":\"https:\\\/\\\/dailyai.com\\\/wp-content\\\/uploads\\\/2023\\\/06\\\/Daily-Ai_TL_colour.png\",\"width\":4501,\"height\":934,\"caption\":\"DailyAI\"},\"image\":{\"@id\":\"https:\\\/\\\/dailyai.com\\\/#\\\/schema\\\/logo\\\/image\\\/\"},\"sameAs\":[\"https:\\\/\\\/x.com\\\/DailyAIOfficial\",\"https:\\\/\\\/www.linkedin.com\\\/company\\\/dailyaiofficial\\\/\",\"https:\\\/\\\/www.youtube.com\\\/@DailyAIOfficial\"]},{\"@type\":\"Person\",\"@id\":\"https:\\\/\\\/dailyai.com\\\/#\\\/schema\\\/person\\\/5238bb16667080993f51f7fba82ad6c6\",\"name\":\"DailyAI\",\"image\":{\"@type\":\"ImageObject\",\"inLanguage\":\"da-DK\",\"@id\":\"https:\\\/\\\/secure.gravatar.com\\\/avatar\\\/c6af4019f5ca26871821f9d810a73765e1e0ff69f4f973af5fe81683959b2a2c?s=96&d=robohash&r=g\",\"url\":\"https:\\\/\\\/secure.gravatar.com\\\/avatar\\\/c6af4019f5ca26871821f9d810a73765e1e0ff69f4f973af5fe81683959b2a2c?s=96&d=robohash&r=g\",\"contentUrl\":\"https:\\\/\\\/secure.gravatar.com\\\/avatar\\\/c6af4019f5ca26871821f9d810a73765e1e0ff69f4f973af5fe81683959b2a2c?s=96&d=robohash&r=g\",\"caption\":\"DailyAI\"},\"description\":\"Your go-to destination for all things AI. We are dedicated to providing easy to understand and accessible news, updates, reviews, and features on the ever-evolving AI industry. Stay informed as we unravel the latest advancements, breakthroughs, and trends shaping the world of AI.\",\"sameAs\":[\"https:\\\/\\\/dailyai.com\"],\"url\":\"https:\\\/\\\/dailyai.com\\\/da\\\/author\\\/atech\\\/\"}]}<\/script>\n<!-- \/ Yoast SEO plugin. -->","yoast_head_json":{"title":"Redaktionel politik | DailyAI","robots":{"index":"index","follow":"follow","max-snippet":"max-snippet:-1","max-image-preview":"max-image-preview:large","max-video-preview":"max-video-preview:-1"},"canonical":"https:\/\/dailyai.com\/da\/about\/editorial-policy\/","og_locale":"da_DK","og_type":"article","og_title":"Editorial Policy | DailyAI","og_description":"Last updated: 21\/05\/2024 &nbsp; The Editorial Policy of DailyAI applies to all of our content. Objective Reporting: Our news website is committed to providing objective, accurate, and impartial reporting on artificial intelligence (AI) technologies and their impacts. We strive to present information in a fair and balanced manner, avoiding sensationalism or bias. Transparency: We prioritize transparency in our reporting process. We disclose sources of information, provide context for complex topics, and clearly differentiate between factual reporting and opinion pieces. Corrections and updates are promptly issued when errors are identified. Ethical Considerations: We recognize the ethical implications of AI technologies and","og_url":"https:\/\/dailyai.com\/da\/about\/editorial-policy\/","og_site_name":"DailyAI","twitter_card":"summary_large_image","twitter_site":"@DailyAIOfficial","twitter_misc":{"Estimeret l\u00e6setid":"3 minutter"},"schema":{"@context":"https:\/\/schema.org","@graph":[{"@type":"Article","@id":"https:\/\/dailyai.com\/about\/editorial-policy\/#article","isPartOf":{"@id":"https:\/\/dailyai.com\/about\/editorial-policy\/"},"author":{"name":"DailyAI","@id":"https:\/\/dailyai.com\/#\/schema\/person\/5238bb16667080993f51f7fba82ad6c6"},"headline":"Editorial Policy","datePublished":"2024-05-27T21:18:26+00:00","mainEntityOfPage":{"@id":"https:\/\/dailyai.com\/about\/editorial-policy\/"},"wordCount":497,"publisher":{"@id":"https:\/\/dailyai.com\/#organization"},"inLanguage":"da-DK"},{"@type":"WebPage","@id":"https:\/\/dailyai.com\/about\/editorial-policy\/","url":"https:\/\/dailyai.com\/about\/editorial-policy\/","name":"Redaktionel politik | DailyAI","isPartOf":{"@id":"https:\/\/dailyai.com\/#website"},"datePublished":"2024-05-27T21:18:26+00:00","breadcrumb":{"@id":"https:\/\/dailyai.com\/about\/editorial-policy\/#breadcrumb"},"inLanguage":"da-DK","potentialAction":[{"@type":"ReadAction","target":["https:\/\/dailyai.com\/about\/editorial-policy\/"]}]},{"@type":"BreadcrumbList","@id":"https:\/\/dailyai.com\/about\/editorial-policy\/#breadcrumb","itemListElement":[{"@type":"ListItem","position":1,"name":"Home","item":"https:\/\/dailyai.com\/"},{"@type":"ListItem","position":2,"name":"About","item":"https:\/\/dailyai.com\/about\/"},{"@type":"ListItem","position":3,"name":"Editorial Policy"}]},{"@type":"WebSite","@id":"https:\/\/dailyai.com\/#website","url":"https:\/\/dailyai.com\/","name":"DailyAI","description":"Din daglige dosis af AI-nyheder","publisher":{"@id":"https:\/\/dailyai.com\/#organization"},"potentialAction":[{"@type":"SearchAction","target":{"@type":"EntryPoint","urlTemplate":"https:\/\/dailyai.com\/?s={search_term_string}"},"query-input":{"@type":"PropertyValueSpecification","valueRequired":true,"valueName":"search_term_string"}}],"inLanguage":"da-DK"},{"@type":"Organization","@id":"https:\/\/dailyai.com\/#organization","name":"DailyAI","url":"https:\/\/dailyai.com\/","logo":{"@type":"ImageObject","inLanguage":"da-DK","@id":"https:\/\/dailyai.com\/#\/schema\/logo\/image\/","url":"https:\/\/dailyai.com\/wp-content\/uploads\/2023\/06\/Daily-Ai_TL_colour.png","contentUrl":"https:\/\/dailyai.com\/wp-content\/uploads\/2023\/06\/Daily-Ai_TL_colour.png","width":4501,"height":934,"caption":"DailyAI"},"image":{"@id":"https:\/\/dailyai.com\/#\/schema\/logo\/image\/"},"sameAs":["https:\/\/x.com\/DailyAIOfficial","https:\/\/www.linkedin.com\/company\/dailyaiofficial\/","https:\/\/www.youtube.com\/@DailyAIOfficial"]},{"@type":"Person","@id":"https:\/\/dailyai.com\/#\/schema\/person\/5238bb16667080993f51f7fba82ad6c6","name":"DailyAI","image":{"@type":"ImageObject","inLanguage":"da-DK","@id":"https:\/\/secure.gravatar.com\/avatar\/c6af4019f5ca26871821f9d810a73765e1e0ff69f4f973af5fe81683959b2a2c?s=96&d=robohash&r=g","url":"https:\/\/secure.gravatar.com\/avatar\/c6af4019f5ca26871821f9d810a73765e1e0ff69f4f973af5fe81683959b2a2c?s=96&d=robohash&r=g","contentUrl":"https:\/\/secure.gravatar.com\/avatar\/c6af4019f5ca26871821f9d810a73765e1e0ff69f4f973af5fe81683959b2a2c?s=96&d=robohash&r=g","caption":"DailyAI"},"description":"Din go-to destination for alt, hvad der har med AI at g\u00f8re. Vi er dedikeret til at levere letforst\u00e5elige og tilg\u00e6ngelige nyheder, opdateringer, anmeldelser og features om den stadigt udviklende AI-industri. Hold dig informeret, n\u00e5r vi afsl\u00f8rer de seneste fremskridt, gennembrud og tendenser, der former AI-verdenen.","sameAs":["https:\/\/dailyai.com"],"url":"https:\/\/dailyai.com\/da\/author\/atech\/"}]}},"_links":{"self":[{"href":"https:\/\/dailyai.com\/da\/wp-json\/wp\/v2\/pages\/12465","targetHints":{"allow":["GET"]}}],"collection":[{"href":"https:\/\/dailyai.com\/da\/wp-json\/wp\/v2\/pages"}],"about":[{"href":"https:\/\/dailyai.com\/da\/wp-json\/wp\/v2\/types\/page"}],"author":[{"embeddable":true,"href":"https:\/\/dailyai.com\/da\/wp-json\/wp\/v2\/users\/1"}],"replies":[{"embeddable":true,"href":"https:\/\/dailyai.com\/da\/wp-json\/wp\/v2\/comments?post=12465"}],"version-history":[{"count":3,"href":"https:\/\/dailyai.com\/da\/wp-json\/wp\/v2\/pages\/12465\/revisions"}],"predecessor-version":[{"id":12468,"href":"https:\/\/dailyai.com\/da\/wp-json\/wp\/v2\/pages\/12465\/revisions\/12468"}],"up":[{"embeddable":true,"href":"https:\/\/dailyai.com\/da\/wp-json\/wp\/v2\/pages\/207"}],"wp:attachment":[{"href":"https:\/\/dailyai.com\/da\/wp-json\/wp\/v2\/media?parent=12465"}],"curies":[{"name":"wp","href":"https:\/\/api.w.org\/{rel}","templated":true}]}}